{"id":10125,"date":"2020-08-10T12:21:26","date_gmt":"2020-08-10T10:21:26","guid":{"rendered":"https:\/\/stiftsgardenrattvik.se\/?page_id=10125"},"modified":"2021-03-30T10:36:35","modified_gmt":"2021-03-30T08:36:35","slug":"hjalp-stiftsgarden","status":"publish","type":"page","link":"https:\/\/www1.stiftsgardenrattvik.se\/?page_id=10125","title":{"rendered":"Hj\u00e4lp Stiftsg\u00e5rden"},"content":{"rendered":"<p>[av_one_full first min_height=&#8221; vertical_alignment=&#8221; space=&#8221; custom_margin=&#8221; margin=&#8217;0px&#8217; padding=&#8217;0px&#8217; border=&#8221; border_color=&#8221; radius=&#8217;0px&#8217; background_color=&#8221; src=&#8221; background_position=&#8217;top left&#8217; background_repeat=&#8217;no-repeat&#8217; animation=&#8221;]<br \/>\n[av_textblock size=&#8221; font_color=&#8221; color=&#8221;]<\/p>\n<h1 style=\"text-align: center;\">Stiftsg\u00e5rden beh\u00f6vs \u2013 vi beh\u00f6ver hj\u00e4lp<\/h1>\n<p>[\/av_textblock]<br \/>\n[\/av_one_full]<\/p>\n<p>[av_hr class=&#8217;default&#8217; height=&#8217;50&#8217; shadow=&#8217;no-shadow&#8217; position=&#8217;center&#8217; custom_border=&#8217;av-border-thin&#8217; custom_width=&#8217;50px&#8217; custom_border_color=&#8221; custom_margin_top=&#8217;30px&#8217; custom_margin_bottom=&#8217;30px&#8217; icon_select=&#8217;yes&#8217; custom_icon_color=&#8221; icon=&#8217;ue808&#8242;]<\/p>\n<p>[av_one_full first min_height=&#8221; vertical_alignment=&#8221; space=&#8221; custom_margin=&#8221; margin=&#8217;0px&#8217; padding=&#8217;0px&#8217; border=&#8221; border_color=&#8221; radius=&#8217;0px&#8217; background_color=&#8221; src=&#8221; background_position=&#8217;top left&#8217; background_repeat=&#8217;no-repeat&#8217; animation=&#8221;]<br \/>\n[av_textblock size=&#8221; font_color=&#8221; color=&#8221;]<br \/>\nStiftsg\u00e5rden \u00e4r en viktig plats f\u00f6r m\u00e5nga och vi vet att m\u00e5nga bryr sig om oss i b\u00f6ner och annan omsorg.<br \/>\nNu i denna kris \u00e4r jag dock tvungen att skriva dessa rader med v\u00e4djan om ut\u00f6kad hj\u00e4lp.<\/p>\n<p>I mars tappade vi n\u00e4stan 90 % av v\u00e5ra int\u00e4kter och f\u00f6rs\u00f6kte snabbt st\u00e4lla om.<br \/>\nVi har gjort allt vi kunnat f\u00f6r att klara krisen och V\u00e4ster\u00e5s stift har tagit ansvar, dels genom att tidigarel\u00e4gga<br \/>\nutbetalning av v\u00e5rt verksamhetsbidrag och dels genom ett extra ekonomiskt tillskott.<\/p>\n<p>Men krisen \u00e4r inte \u00f6ver.<\/p>\n<p>Har du m\u00f6jlighet att sk\u00e4nka en g\u00e5va till Stiftsg\u00e5rden R\u00e4ttvik? Det kan ske anonymt eller offentligt med namn.<br \/>\nNedan hittar du Swish-nummer och <a href=\"https:\/\/stiftsgardenrattvik.se\/insamlingsresultat\/\"><strong>h\u00e4r<\/strong><\/a> kan du f\u00f6lja insamlingsresultat.<\/p>\n<p><strong>Swish 123 037 60 61<\/strong><\/p>\n<p><a href=\"https:\/\/stiftsgardenrattvik.se\/wp-content\/uploads\/2020\/08\/QR-kod.pdf\">Klicka h\u00e4r f\u00f6r att komma till QR-koden som \u00e4r kopplad till swishnumret ovan.<\/a><\/p>\n<p>Du som vill att ditt namn ska publiceras p\u00e5 hemsidan skriver meddelandet \u201doffentligt\u201d i din swish.<br \/>\nAlla \u00f6vriga summor kommer att klumpas ihop och redovisas anonymt.<\/p>\n<p>Om du f\u00f6redrar att anv\u00e4nda bankgiro kontakta Anna-Britta Backlund <a href=\"mailto:annabritta.backlund@svenskakyrkan.se\">annabritta.backlund@svenskakyrkan.se<\/a> f\u00f6r instruktioner.<\/p>\n<p>Tidigare i v\u00e5ras lades en hemsida upp till st\u00f6d f\u00f6r Stiftsg\u00e5rden. D\u00e4r publicerades minnen h\u00e4rifr\u00e5n.<br \/>\nDu kan l\u00e4sa dem h\u00e4r <a href=\"https:\/\/tackstg.se\/index.html\">https:\/\/tackstg.se\/index.html<\/a><\/p>\n<p><em>Pontus Gunnarsson<br \/>\n<\/em><em>F\u00f6rest\u00e5ndare<br \/>\n<\/em><em>Stiftsg\u00e5rden R\u00e4ttvik<\/em><br \/>\n[\/av_textblock]<br \/>\n[\/av_one_full]<\/p>\n","protected":false},"excerpt":{"rendered":"<p>[av_one_full first min_height=&#8221; vertical_alignment=&#8221; space=&#8221; custom_margin=&#8221; margin=&#8217;0px&#8217; padding=&#8217;0px&#8217; border=&#8221; border_color=&#8221; radius=&#8217;0px&#8217; background_color=&#8221; src=&#8221; background_position=&#8217;top left&#8217; background_repeat=&#8217;no-repeat&#8217; animation=&#8221;] [av_textblock size=&#8221; font_color=&#8221; color=&#8221;] Stiftsg\u00e5rden beh\u00f6vs \u2013 vi beh\u00f6ver hj\u00e4lp [\/av_textblock] [\/av_one_full] [av_hr class=&#8217;default&#8217; height=&#8217;50&#8217; shadow=&#8217;no-shadow&#8217; position=&#8217;center&#8217; custom_border=&#8217;av-border-thin&#8217; custom_width=&#8217;50px&#8217; custom_border_color=&#8221; custom_margin_top=&#8217;30px&#8217; custom_margin_bottom=&#8217;30px&#8217; icon_select=&#8217;yes&#8217; custom_icon_color=&#8221; icon=&#8217;ue808&#8242;] [av_one_full first min_height=&#8221; vertical_alignment=&#8221; space=&#8221; custom_margin=&#8221; margin=&#8217;0px&#8217; padding=&#8217;0px&#8217; border=&#8221; border_color=&#8221; radius=&#8217;0px&#8217; background_color=&#8221; src=&#8221; [&hellip;]<\/p>\n","protected":false},"author":1,"featured_media":0,"parent":0,"menu_order":0,"comment_status":"closed","ping_status":"closed","template":"","meta":{"footnotes":""},"class_list":["post-10125","page","type-page","status-publish","hentry"],"_links":{"self":[{"href":"https:\/\/www1.stiftsgardenrattvik.se\/index.php?rest_route=\/wp\/v2\/pages\/10125","targetHints":{"allow":["GET"]}}],"collection":[{"href":"https:\/\/www1.stiftsgardenrattvik.se\/index.php?rest_route=\/wp\/v2\/pages"}],"about":[{"href":"https:\/\/www1.stiftsgardenrattvik.se\/index.php?rest_route=\/wp\/v2\/types\/page"}],"author":[{"embeddable":true,"href":"https:\/\/www1.stiftsgardenrattvik.se\/index.php?rest_route=\/wp\/v2\/users\/1"}],"replies":[{"embeddable":true,"href":"https:\/\/www1.stiftsgardenrattvik.se\/index.php?rest_route=%2Fwp%2Fv2%2Fcomments&post=10125"}],"version-history":[{"count":11,"href":"https:\/\/www1.stiftsgardenrattvik.se\/index.php?rest_route=\/wp\/v2\/pages\/10125\/revisions"}],"predecessor-version":[{"id":10854,"href":"https:\/\/www1.stiftsgardenrattvik.se\/index.php?rest_route=\/wp\/v2\/pages\/10125\/revisions\/10854"}],"wp:attachment":[{"href":"https:\/\/www1.stiftsgardenrattvik.se\/index.php?rest_route=%2Fwp%2Fv2%2Fmedia&parent=10125"}],"curies":[{"name":"wp","href":"https:\/\/api.w.org\/{rel}","templated":true}]}}