{"id":10238,"date":"2020-09-07T15:11:27","date_gmt":"2020-09-07T13:11:27","guid":{"rendered":"https:\/\/stiftsgardenrattvik.se\/?page_id=10238"},"modified":"2022-05-08T17:39:35","modified_gmt":"2022-05-08T15:39:35","slug":"fika-fairtrade","status":"publish","type":"page","link":"https:\/\/www1.stiftsgardenrattvik.se\/?page_id=10238","title":{"rendered":"Fika fairtrade"},"content":{"rendered":"<p>[av_one_full first min_height=&#8221; vertical_alignment=&#8221; space=&#8221; custom_margin=&#8221; margin=&#8217;0px&#8217; padding=&#8217;0px&#8217; border=&#8221; border_color=&#8221; radius=&#8217;0px&#8217; background_color=&#8221; src=&#8221; background_position=&#8217;top left&#8217; background_repeat=&#8217;no-repeat&#8217; animation=&#8221;]<br \/>\n[av_textblock size=&#8221; font_color=&#8221; color=&#8221;]<\/p>\n<h1 style=\"text-align: center;\"><strong>Tillsammans g\u00f6r\u00a0 vi skillnad <\/strong><\/h1>\n<p>[\/av_textblock]<br \/>\n[\/av_one_full]<\/p>\n<p>[av_one_full first min_height=&#8221; vertical_alignment=&#8221; space=&#8221; custom_margin=&#8221; margin=&#8217;0px&#8217; padding=&#8217;0px&#8217; border=&#8221; border_color=&#8221; radius=&#8217;0px&#8217; background_color=&#8221; src=&#8221; background_position=&#8217;top left&#8217; background_repeat=&#8217;no-repeat&#8217; animation=&#8221;]<\/p>\n<p>[av_textblock size=&#8221; font_color=&#8221; color=&#8221;]<br \/>\n<strong>Tillsammans med dig g\u00f6r\u00a0Stiftsg\u00e5rden R\u00e4ttvik skillnad <\/strong><strong>den 6-9 maj 2022 \u00a0#fairtradechallenge<\/strong><\/p>\n<p>Stiftsg\u00e5rden R\u00e4ttvik serverar Fairtrade fika och Fair frukost. Kaffe, te, socker, chokladdryck och v\u00e5ra bananer \u00e4r m\u00e4rkta med Fairtrade och det g\u00f6r skillnad f\u00f6r odlare och klimatet. N\u00e4r du fikar eller \u00e4ter frukost hos oss den h\u00e4r veckan 9-15 maj 2022 s\u00e5 kan du f\u00e5 mer information om: Vad Fairtrade \u00e4r och vad det g\u00f6r f\u00f6r skillnad.<\/p>\n<p>Extra Fairtrade-fika blir det som dessert till lunchen p\u00e5 fredag.<\/p>\n<p>\u00c5rets stora fikautmaning \u00e4r h\u00e4r! Med Fairtrade Challenge vill vi synligg\u00f6ra m\u00e4nniskorna bakom de r\u00e5varor som m\u00e5nga av oss f\u00f6rknippar med\u00a0 fikapausen. Genom att fika Fairtrade uppm\u00e4rksammar vi i \u00e5r vikten av att odlarna f\u00e5r\u00a0 b\u00e4ttre m\u00f6jligheter att anpassa sig till klimatf\u00f6r\u00e4ndringarna. F\u00f6r det \u00e4r de m\u00e4nniskor som odlar kaffet, kakaon och bananerna vi fikar som har bidragit minst till det f\u00f6r\u00e4ndrade klimatet \u2013 samtidigt \u00e4r det de som drabbas h\u00e5rdast. F\u00f6r att odlarna ska ha en chans att anpassa sig till klimatutmaningarna beh\u00f6ver deras inkomster \u00f6ka och de m\u00e5ste f\u00e5 b\u00e4ttre m\u00f6jligheter att investera i ett mer h\u00e5llbart jordbruk. D\u00e4rf\u00f6r beh\u00f6vs Fairtrade! En h\u00e5llbar handel \u00e4r en f\u00f6ruts\u00e4ttning f\u00f6r att odlarna ska f\u00e5 \u00f6kad motst\u00e5ndskraft, kunna trygga sin framtida f\u00f6rs\u00f6rjning och forts\u00e4tta odla v\u00e4rldens mat. Det kan k\u00e4nnas tr\u00f6stl\u00f6st med utmaningar som klimatkrisen och fattigdomsbek\u00e4mpning. Men tillsammans kan vi f\u00f6r\u00e4ndra. Att fika schysst \u00e4r en bra b\u00f6rjan.<\/p>\n<p><strong>S\u00e4kra p\u00e5t\u00e5ren \u2013 fika Fairtrade!<\/strong><\/p>\n<p>De som odlar v\u00e5rt kaffe st\u00e5r inf\u00f6r sin st\u00f6rsta utmaning hittills. Klimatf\u00f6r\u00e4ndringarna har stor p\u00e5verkan p\u00e5 den globala jordbruksproduktionen. D\u00e4rmed hotas f\u00f6rs\u00f6rjningen f\u00f6r miljontals odlare v\u00e4rlden \u00f6ver.<\/p>\n<p>Att fika Fairtrade \u00e4r ett enkelt s\u00e4tt att bidra till att odlare f\u00e5r schyssta villkor och b\u00e4ttre m\u00f6jligheter att tackla klimatutmaningarna. Ju fler vi blir som fikar Fairtrade desto st\u00f6rre skillnad g\u00f6r vi f\u00f6r de m\u00e4nniskor som odlar r\u00e5varorna till v\u00e5rt fika.<\/p>\n<p>Fika Fairtrade \u2013 f\u00f6r odlarnas och klimatets skull!<\/p>\n<p>Du kan l\u00e4sa mer p\u00e5 fairtrade.se och fairtradechallange.se.<\/p>\n<div class=\"o9v6fnle cxmmr5t8 oygrvhab hcukyx3x c1et5uql ii04i59q\"><\/div>\n<p>[\/av_textblock]<\/p>\n<p>[\/av_one_full]<\/p>\n","protected":false},"excerpt":{"rendered":"<p>[av_one_full first min_height=&#8221; vertical_alignment=&#8221; space=&#8221; custom_margin=&#8221; margin=&#8217;0px&#8217; padding=&#8217;0px&#8217; border=&#8221; border_color=&#8221; radius=&#8217;0px&#8217; background_color=&#8221; src=&#8221; background_position=&#8217;top left&#8217; background_repeat=&#8217;no-repeat&#8217; animation=&#8221;] [av_textblock size=&#8221; font_color=&#8221; color=&#8221;] Tillsammans g\u00f6r\u00a0 vi skillnad [\/av_textblock] [\/av_one_full] [av_one_full first min_height=&#8221; vertical_alignment=&#8221; space=&#8221; custom_margin=&#8221; margin=&#8217;0px&#8217; padding=&#8217;0px&#8217; border=&#8221; border_color=&#8221; radius=&#8217;0px&#8217; background_color=&#8221; src=&#8221; background_position=&#8217;top left&#8217; background_repeat=&#8217;no-repeat&#8217; animation=&#8221;] [av_textblock size=&#8221; font_color=&#8221; color=&#8221;] Tillsammans med dig g\u00f6r\u00a0Stiftsg\u00e5rden R\u00e4ttvik skillnad den [&hellip;]<\/p>\n","protected":false},"author":1,"featured_media":0,"parent":0,"menu_order":0,"comment_status":"closed","ping_status":"closed","template":"","meta":{"footnotes":""},"class_list":["post-10238","page","type-page","status-publish","hentry"],"_links":{"self":[{"href":"https:\/\/www1.stiftsgardenrattvik.se\/index.php?rest_route=\/wp\/v2\/pages\/10238","targetHints":{"allow":["GET"]}}],"collection":[{"href":"https:\/\/www1.stiftsgardenrattvik.se\/index.php?rest_route=\/wp\/v2\/pages"}],"about":[{"href":"https:\/\/www1.stiftsgardenrattvik.se\/index.php?rest_route=\/wp\/v2\/types\/page"}],"author":[{"embeddable":true,"href":"https:\/\/www1.stiftsgardenrattvik.se\/index.php?rest_route=\/wp\/v2\/users\/1"}],"replies":[{"embeddable":true,"href":"https:\/\/www1.stiftsgardenrattvik.se\/index.php?rest_route=%2Fwp%2Fv2%2Fcomments&post=10238"}],"version-history":[{"count":8,"href":"https:\/\/www1.stiftsgardenrattvik.se\/index.php?rest_route=\/wp\/v2\/pages\/10238\/revisions"}],"predecessor-version":[{"id":11883,"href":"https:\/\/www1.stiftsgardenrattvik.se\/index.php?rest_route=\/wp\/v2\/pages\/10238\/revisions\/11883"}],"wp:attachment":[{"href":"https:\/\/www1.stiftsgardenrattvik.se\/index.php?rest_route=%2Fwp%2Fv2%2Fmedia&parent=10238"}],"curies":[{"name":"wp","href":"https:\/\/api.w.org\/{rel}","templated":true}]}}