{"id":10251,"date":"2020-09-08T10:12:56","date_gmt":"2020-09-08T08:12:56","guid":{"rendered":"https:\/\/stiftsgardenrattvik.se\/?page_id=10251"},"modified":"2020-09-10T17:06:58","modified_gmt":"2020-09-10T15:06:58","slug":"representantskapet-ht-20","status":"publish","type":"page","link":"https:\/\/www1.stiftsgardenrattvik.se\/?page_id=10251","title":{"rendered":"Representantskapet ht-20"},"content":{"rendered":"<p>[av_one_full first min_height=&#8221; vertical_alignment=&#8221; space=&#8221; custom_margin=&#8221; margin=&#8217;0px&#8217; padding=&#8217;0px&#8217; border=&#8221; border_color=&#8221; radius=&#8217;0px&#8217; background_color=&#8221; src=&#8221; background_position=&#8217;top left&#8217; background_repeat=&#8217;no-repeat&#8217; animation=&#8221;]<br \/>\n[av_textblock size=&#8221; font_color=&#8221; color=&#8221;]<\/p>\n<h1 style=\"text-align: center;\">Representantskapet<\/h1>\n<h4 style=\"text-align: center;\">24-25 oktober 2020<\/h4>\n<p>[\/av_textblock]<br \/>\n[\/av_one_full]<\/p>\n<p>[av_one_full first min_height=&#8221; vertical_alignment=&#8221; space=&#8221; custom_margin=&#8221; margin=&#8217;0px&#8217; padding=&#8217;0px&#8217; border=&#8221; border_color=&#8221; radius=&#8217;0px&#8217; background_color=&#8221; src=&#8221; background_position=&#8217;top left&#8217; background_repeat=&#8217;no-repeat&#8217; animation=&#8221;]<br \/>\n[av_textblock size=&#8221; font_color=&#8221; color=&#8221;]<br \/>\nHuvudtemat \u00e4r gudstj\u00e4nstutveckling och vi kommer att f\u00e5 lyssna till f d kyrkoherde Olle Carlsson, Katarina f\u00f6rsamling p\u00e5 S\u00f6dermalm i Stockholm. Dessutom kommer vi att f\u00e5 ta del av goda exempel fr\u00e5n Envikens respektive Norrb\u00e4rke f\u00f6rsamlingar samt m\u00f6ta stiftskonsulent Unni Wiig-Sandberg, som arbetar med gudstj\u00e4nstutveckling, i samtal om hur vi kan g\u00f6ra i v\u00e5ra f\u00f6rsamlingar.<\/p>\n<p>Vi kommer ocks\u00e5 att f\u00e5 sjunga tillsammans med g\u00e5rdsmusiker Jennifer Ferguson och f\u00f6rest\u00e5ndaren kommer att ber\u00e4tta om l\u00e4get f\u00f6r g\u00e5rden. Varje f\u00f6rsamling har r\u00e4tt att utse tv\u00e5 ledam\u00f6ter samt ledam\u00f6ter fr\u00e5n t ex Kyrkans Unga.<\/p>\n<p>F\u00f6r <strong>fr\u00e5gor<\/strong> v\u00e4nligen kontakta oss p\u00e5 <a href=\"mailto:info@stiftsgardenrattvik.se\">info@stiftsgardenrattvik.se<\/a> eller 010-160 80 00<br \/>\nF\u00f6r <strong>bokning<\/strong> v\u00e4nligen fyll i formul\u00e4ret nedan s\u00e5 \u00e5terkommer vi s\u00e5 snart som m\u00f6jligt med besked om du f\u00e5tt plats. Anm\u00e4l dig senast den 25 september 2020.<br \/>\n[\/av_textblock]<br \/>\n[\/av_one_full]<\/p>\n<p>[av_one_full first min_height=&#8221; vertical_alignment=&#8221; space=&#8221; custom_margin=&#8221; margin=&#8217;0px&#8217; padding=&#8217;0px&#8217; border=&#8221; border_color=&#8221; radius=&#8217;0px&#8217; background_color=&#8221; src=&#8221; background_position=&#8217;top left&#8217; background_repeat=&#8217;no-repeat&#8217; animation=&#8221;]<\/p>\n<p>[av_contact email=&#8217;info@stiftsgardenrattvik.se&#8217; title=&#8217;G\u00f6r din intresseanm\u00e4lan h\u00e4r!&#8217; button=&#8217;Skicka anm\u00e4lan!&#8217; on_send=&#8221; sent=&#8217;Tack f\u00f6r din anm\u00e4lan!&#8217; link=&#8217;manually,http:\/\/&#8217; subject=&#8217;Anm\u00e4lan till f\u00f6rsamlingarnas representantskap p\u00e5 Stiftsg\u00e5rden i R\u00e4ttvik 24-25 oktober 2020&#8242; autorespond=&#8217;Hej och tack f\u00f6r din intresseanm\u00e4lan till representantskapet 24-25\/10 2020. Vi tar hand om din anm\u00e4lan s\u00e5 snart vi kan och \u00e5terkommer till dig med besked om du f\u00e5tt plats. Har du n\u00e5gra fr\u00e5gor eller vill \u00e4ndra n\u00e5got i din anm\u00e4lan \u00e4r du v\u00e4lkommen att kontakta oss p\u00e5 010-160 80 00 eller info@stiftsgardenrattvik.se.<\/p>\n<p>Med v\u00e4nliga h\u00e4lsningar,<br \/>\nStiftsg\u00e5rden R\u00e4ttvik&#8217; captcha=&#8221; form_align=&#8221; color=&#8221;]<br \/>\n[av_contact_field label=&#8217;Namn&#8217; type=&#8217;text&#8217; options=&#8221; check=&#8217;is_empty&#8217; width=&#8217;element_half&#8217; multi_select=&#8221;][\/av_contact_field]<br \/>\n[av_contact_field label=&#8217;E-post&#8217; type=&#8217;text&#8217; options=&#8221; check=&#8217;is_email&#8217; width=&#8217;element_half&#8217; multi_select=&#8221;][\/av_contact_field]<br \/>\n[av_contact_field label=&#8217;Datum f\u00f6r avresa&#8217; type=&#8217;text&#8217; options=&#8221; check=&#8217;is_empty&#8217; width=&#8221; multi_select=&#8221;][\/av_contact_field]<br \/>\n[av_contact_field label=&#8217;Jag \u00f6nskar att bo i&#8217; type=&#8217;select&#8217; options=&#8217;Enkelrum med dusch &amp; WC, Enkelrum med WC, Dubbelrum med dusch och WC, L\u00e4gerg\u00e5rd, Ej \u00f6vernattande endast m\u00e5ltider&#8217; check=&#8217;is_empty&#8217; width=&#8221; multi_select=&#8221;][\/av_contact_field]<br \/>\n[av_contact_field label=&#8217;Jag vill dela rum med&#8217; type=&#8217;text&#8217; options=&#8221; check=&#8221; width=&#8221; multi_select=&#8221;][\/av_contact_field]<br \/>\n[av_contact_field label=&#8217;Ev. specialkost\/allergier&#8217; type=&#8217;text&#8217; options=&#8221; check=&#8221; width=&#8221; multi_select=&#8221;][\/av_contact_field]<br \/>\n[av_contact_field label=&#8217;F\u00f6rsamling&#8217; type=&#8217;text&#8217; options=&#8221; check=&#8217;is_empty&#8217; width=&#8221; multi_select=&#8221;][\/av_contact_field]<br \/>\n[av_contact_field label=&#8217;Faktureringsadress&#8217; type=&#8217;text&#8217; options=&#8221; check=&#8217;is_empty&#8217; width=&#8221; multi_select=&#8221;][\/av_contact_field]<br \/>\n[av_contact_field label=&#8217;Ev. namn p\u00e5 anh\u00f6rig &#8216; type=&#8217;text&#8217; options=&#8221; check=&#8221; width=&#8221; multi_select=&#8221;][\/av_contact_field]<br \/>\n[av_contact_field label=&#8217;Adress&#8217; type=&#8217;text&#8217; options=&#8221; check=&#8221; width=&#8217;element_third&#8217; multi_select=&#8221;][\/av_contact_field]<br \/>\n[av_contact_field label=&#8217;Postnummer&#8217; type=&#8217;text&#8217; options=&#8221; check=&#8221; width=&#8217;element_third&#8217; multi_select=&#8221;][\/av_contact_field]<br \/>\n[av_contact_field label=&#8217;Postort&#8217; type=&#8217;text&#8217; options=&#8221; check=&#8221; width=&#8217;element_third&#8217; multi_select=&#8221;][\/av_contact_field]<br \/>\n[av_contact_field label=&#8217;Telefonnummer&#8217; type=&#8217;text&#8217; options=&#8221; check=&#8221; width=&#8217;element_half&#8217; multi_select=&#8221;][\/av_contact_field]<br \/>\n[av_contact_field label=&#8217;E-post&#8217; type=&#8217;text&#8217; options=&#8221; check=&#8221; width=&#8217;element_half&#8217; multi_select=&#8221;][\/av_contact_field]<br \/>\n[\/av_contact]<\/p>\n<p>[\/av_one_full]<\/p>\n","protected":false},"excerpt":{"rendered":"<p>[av_one_full first min_height=&#8221; vertical_alignment=&#8221; space=&#8221; custom_margin=&#8221; margin=&#8217;0px&#8217; padding=&#8217;0px&#8217; border=&#8221; border_color=&#8221; radius=&#8217;0px&#8217; background_color=&#8221; src=&#8221; background_position=&#8217;top left&#8217; background_repeat=&#8217;no-repeat&#8217; animation=&#8221;] [av_textblock size=&#8221; font_color=&#8221; color=&#8221;] Representantskapet 24-25 oktober 2020 [\/av_textblock] [\/av_one_full] [av_one_full first min_height=&#8221; vertical_alignment=&#8221; space=&#8221; custom_margin=&#8221; margin=&#8217;0px&#8217; padding=&#8217;0px&#8217; border=&#8221; border_color=&#8221; radius=&#8217;0px&#8217; background_color=&#8221; src=&#8221; background_position=&#8217;top left&#8217; background_repeat=&#8217;no-repeat&#8217; animation=&#8221;] [av_textblock size=&#8221; font_color=&#8221; color=&#8221;] Huvudtemat \u00e4r gudstj\u00e4nstutveckling och vi kommer att [&hellip;]<\/p>\n","protected":false},"author":1,"featured_media":0,"parent":0,"menu_order":0,"comment_status":"closed","ping_status":"closed","template":"","meta":{"footnotes":""},"class_list":["post-10251","page","type-page","status-publish","hentry"],"_links":{"self":[{"href":"https:\/\/www1.stiftsgardenrattvik.se\/index.php?rest_route=\/wp\/v2\/pages\/10251","targetHints":{"allow":["GET"]}}],"collection":[{"href":"https:\/\/www1.stiftsgardenrattvik.se\/index.php?rest_route=\/wp\/v2\/pages"}],"about":[{"href":"https:\/\/www1.stiftsgardenrattvik.se\/index.php?rest_route=\/wp\/v2\/types\/page"}],"author":[{"embeddable":true,"href":"https:\/\/www1.stiftsgardenrattvik.se\/index.php?rest_route=\/wp\/v2\/users\/1"}],"replies":[{"embeddable":true,"href":"https:\/\/www1.stiftsgardenrattvik.se\/index.php?rest_route=%2Fwp%2Fv2%2Fcomments&post=10251"}],"version-history":[{"count":15,"href":"https:\/\/www1.stiftsgardenrattvik.se\/index.php?rest_route=\/wp\/v2\/pages\/10251\/revisions"}],"predecessor-version":[{"id":10256,"href":"https:\/\/www1.stiftsgardenrattvik.se\/index.php?rest_route=\/wp\/v2\/pages\/10251\/revisions\/10256"}],"wp:attachment":[{"href":"https:\/\/www1.stiftsgardenrattvik.se\/index.php?rest_route=%2Fwp%2Fv2%2Fmedia&parent=10251"}],"curies":[{"name":"wp","href":"https:\/\/api.w.org\/{rel}","templated":true}]}}