{"id":10702,"date":"2021-02-03T10:05:45","date_gmt":"2021-02-03T09:05:45","guid":{"rendered":"https:\/\/stiftsgardenrattvik.se\/?page_id=10702"},"modified":"2021-02-03T10:06:22","modified_gmt":"2021-02-03T09:06:22","slug":"alla-hjartans-dag","status":"publish","type":"page","link":"https:\/\/www1.stiftsgardenrattvik.se\/?page_id=10702","title":{"rendered":"Alla hj\u00e4rtans dag"},"content":{"rendered":"<p>[av_one_full first min_height=&#8221; vertical_alignment=&#8221; space=&#8221; custom_margin=&#8221; margin=&#8217;0px&#8217; padding=&#8217;0px&#8217; border=&#8221; border_color=&#8221; radius=&#8217;0px&#8217; background_color=&#8221; src=&#8221; background_position=&#8217;top left&#8217; background_repeat=&#8217;no-repeat&#8217; animation=&#8221;]<br \/>\n[av_textblock size=&#8221; font_color=&#8221; color=&#8221;]<\/p>\n<h1 style=\"text-align: center;\">Alla hj\u00e4rtans dag-tapas<\/h1>\n<p style=\"text-align: center;\"><em><strong>Bjud in dina n\u00e4ra och k\u00e4ra till en Alla hj\u00e4rtans dag middag med tapas fr\u00e5n Stiftsg\u00e5rden<\/strong><\/em><\/p>\n<p>[\/av_textblock]<br \/>\n[\/av_one_full]<\/p>\n<p>[av_one_full first min_height=&#8221; vertical_alignment=&#8221; space=&#8221; custom_margin=&#8221; margin=&#8217;0px&#8217; padding=&#8217;0px&#8217; border=&#8221; border_color=&#8221; radius=&#8217;0px&#8217; background_color=&#8221; src=&#8221; background_position=&#8217;top left&#8217; background_repeat=&#8217;no-repeat&#8217; animation=&#8221;]<br \/>\n[av_textblock size=&#8221; font_color=&#8221; color=&#8221;]<br \/>\n<strong>Inneh\u00e5ll:<br \/>\n<\/strong><\/p>\n<ul>\n<li>Kryddiga kycklingspett med grekisk sallad<\/li>\n<li>Miniostpaj<\/li>\n<li>Marinerade oliver<\/li>\n<li>Tunnbr\u00f6dsrullar med f\u00e4rskost och lax<\/li>\n<li>Kn\u00e4ckchips med fetaostr\u00f6ra och salami<\/li>\n<li>Maki rullar med gurka &amp; avokado<\/li>\n<li>Baconlindade dadlar<\/li>\n<li>Vitchokladmousse med limemarinerade b\u00e4r<\/li>\n<\/ul>\n<p><strong>Pris: <\/strong>175 kr per person<strong><br \/>\nBest\u00e4ll<\/strong> din Alla hj\u00e4rtans dag-tapas nedan i formul\u00e4ret eller maila till info@stiftsgardenrattvik.se<br \/>\n<strong>Sista best\u00e4llningsdag<\/strong> \u00e4r torsdagen den 11 februari kl. 13:30.<br \/>\n<strong>Avh\u00e4mtning<\/strong> sker mellan kl. 11:30 och 13:30 vid receptionen p\u00e5 Stiftsg\u00e5rden fredagen den 12 februari.<br \/>\nDet g\u00e5r bra att betala med swish eller kort vid avh\u00e4mtning av maten.<br \/>\n[\/av_textblock]<br \/>\n[\/av_one_full]<\/p>\n<p>[av_one_full first min_height=&#8221; vertical_alignment=&#8221; space=&#8221; custom_margin=&#8221; margin=&#8217;0px&#8217; padding=&#8217;0px&#8217; border=&#8221; border_color=&#8221; radius=&#8217;0px&#8217; background_color=&#8221; src=&#8221; background_position=&#8217;top left&#8217; background_repeat=&#8217;no-repeat&#8217; animation=&#8221;]<\/p>\n<p>[av_contact email=&#8217;info@stiftsgardenrattvik.se&#8217; title=&#8217;Varmt v\u00e4lkommen med din f\u00f6rfr\u00e5gan! &#8216; button=&#8217;Skicka f\u00f6rfr\u00e5gan!&#8217; on_send=&#8221; sent=&#8217;Din bokning har s\u00e4nts&#8217; link=&#8217;manually,http:\/\/&#8217; subject=&#8217;Bokning av Alla hj\u00e4rtans dag-tapas 12\/2&#8242; autorespond=&#8217;Hej och tack f\u00f6r din bokning! Har du n\u00e5gra fr\u00e5gor eller vill \u00e4ndra n\u00e5got \u00e4r du v\u00e4lkommen att h\u00f6ra av dig till oss p\u00e5 info@stiftsgardenrattvik.se eller 010-160 80 00.<\/p>\n<p>Med v\u00e4nliga h\u00e4lsningar,<br \/>\nStiftsg\u00e5rden R\u00e4ttvik&#8217; captcha=&#8221; form_align=&#8221; color=&#8221;]<br \/>\n[av_contact_field label=&#8217;Namn&#8217; type=&#8217;text&#8217; options=&#8221; check=&#8217;is_empty&#8217; width=&#8217;element_half&#8217; multi_select=&#8221;][\/av_contact_field]<br \/>\n[av_contact_field label=&#8217;Email&#8217; type=&#8217;text&#8217; options=&#8221; check=&#8217;is_email&#8217; width=&#8217;element_half&#8217; multi_select=&#8221;][\/av_contact_field]<br \/>\n[av_contact_field label=&#8217;Telefonnummer&#8217; type=&#8217;text&#8217; options=&#8221; check=&#8217;is_empty&#8217; width=&#8217;element_half&#8217; multi_select=&#8221;][\/av_contact_field]<br \/>\n[av_contact_field label=&#8217;Antal portioner&#8217; type=&#8217;text&#8217; options=&#8221; check=&#8217;is_empty&#8217; width=&#8217;element_half&#8217;][\/av_contact_field]<br \/>\n[\/av_contact]<\/p>\n<p>[\/av_one_full][av_one_full first min_height=&#8221; vertical_alignment=&#8221; space=&#8221; custom_margin=&#8221; margin=&#8217;0px&#8217; padding=&#8217;0px&#8217; border=&#8221; border_color=&#8221; radius=&#8217;0px&#8217; background_color=&#8221; src=&#8221; background_position=&#8217;top left&#8217; background_repeat=&#8217;no-repeat&#8217; animation=&#8221;]<br \/>\n[av_image src=&#8217;https:\/\/stiftsgardenrattvik.se\/wp-content\/uploads\/2021\/02\/anniversary-1867767-scaled.jpg&#8217; attachment=&#8217;10703&#8242; attachment_size=&#8217;full&#8217; align=&#8217;center&#8217; styling=&#8221; hover=&#8221; link=&#8221; target=&#8221; caption=&#8221; font_size=&#8221; appearance=&#8221; overlay_opacity=&#8217;0.4&#8242; overlay_color=&#8217;#000000&#8242; overlay_text_color=&#8217;#ffffff&#8217; animation=&#8217;no-animation&#8217;][\/av_image]<br \/>\n[\/av_one_full]<\/p>\n","protected":false},"excerpt":{"rendered":"<p>[av_one_full first min_height=&#8221; vertical_alignment=&#8221; space=&#8221; custom_margin=&#8221; margin=&#8217;0px&#8217; padding=&#8217;0px&#8217; border=&#8221; border_color=&#8221; radius=&#8217;0px&#8217; background_color=&#8221; src=&#8221; background_position=&#8217;top left&#8217; background_repeat=&#8217;no-repeat&#8217; animation=&#8221;] [av_textblock size=&#8221; font_color=&#8221; color=&#8221;] Alla hj\u00e4rtans dag-tapas Bjud in dina n\u00e4ra och k\u00e4ra till en Alla hj\u00e4rtans dag middag med tapas fr\u00e5n Stiftsg\u00e5rden [\/av_textblock] [\/av_one_full] [av_one_full first min_height=&#8221; vertical_alignment=&#8221; space=&#8221; custom_margin=&#8221; margin=&#8217;0px&#8217; padding=&#8217;0px&#8217; border=&#8221; border_color=&#8221; radius=&#8217;0px&#8217; background_color=&#8221; src=&#8221; [&hellip;]<\/p>\n","protected":false},"author":1,"featured_media":0,"parent":0,"menu_order":0,"comment_status":"closed","ping_status":"closed","template":"","meta":{"footnotes":""},"class_list":["post-10702","page","type-page","status-publish","hentry"],"_links":{"self":[{"href":"https:\/\/www1.stiftsgardenrattvik.se\/index.php?rest_route=\/wp\/v2\/pages\/10702","targetHints":{"allow":["GET"]}}],"collection":[{"href":"https:\/\/www1.stiftsgardenrattvik.se\/index.php?rest_route=\/wp\/v2\/pages"}],"about":[{"href":"https:\/\/www1.stiftsgardenrattvik.se\/index.php?rest_route=\/wp\/v2\/types\/page"}],"author":[{"embeddable":true,"href":"https:\/\/www1.stiftsgardenrattvik.se\/index.php?rest_route=\/wp\/v2\/users\/1"}],"replies":[{"embeddable":true,"href":"https:\/\/www1.stiftsgardenrattvik.se\/index.php?rest_route=%2Fwp%2Fv2%2Fcomments&post=10702"}],"version-history":[{"count":2,"href":"https:\/\/www1.stiftsgardenrattvik.se\/index.php?rest_route=\/wp\/v2\/pages\/10702\/revisions"}],"predecessor-version":[{"id":10705,"href":"https:\/\/www1.stiftsgardenrattvik.se\/index.php?rest_route=\/wp\/v2\/pages\/10702\/revisions\/10705"}],"wp:attachment":[{"href":"https:\/\/www1.stiftsgardenrattvik.se\/index.php?rest_route=%2Fwp%2Fv2%2Fmedia&parent=10702"}],"curies":[{"name":"wp","href":"https:\/\/api.w.org\/{rel}","templated":true}]}}