{"id":10707,"date":"2021-02-03T10:34:32","date_gmt":"2021-02-03T09:34:32","guid":{"rendered":"https:\/\/stiftsgardenrattvik.se\/?page_id=10707"},"modified":"2022-02-03T14:53:36","modified_gmt":"2022-02-03T13:53:36","slug":"boende-kampanj","status":"publish","type":"page","link":"https:\/\/www1.stiftsgardenrattvik.se\/?page_id=10707","title":{"rendered":"Boende kampanj"},"content":{"rendered":"<p>[av_one_full first min_height=&#8221; vertical_alignment=&#8221; space=&#8221; custom_margin=&#8221; margin=&#8217;0px&#8217; padding=&#8217;0px&#8217; border=&#8221; border_color=&#8221; radius=&#8217;0px&#8217; background_color=&#8221; src=&#8221; background_position=&#8217;top left&#8217; background_repeat=&#8217;no-repeat&#8217; animation=&#8221;]<br \/>\n[av_textblock size=&#8221; font_color=&#8221; color=&#8221;]<\/p>\n<h1 style=\"text-align: center;\">Boende kampanj<\/h1>\n<p>[\/av_textblock]<br \/>\n[\/av_one_full]<\/p>\n<p>[av_one_third first min_height=&#8221; vertical_alignment=&#8221; space=&#8221; custom_margin=&#8221; margin=&#8217;0px&#8217; padding=&#8217;0px&#8217; border=&#8221; border_color=&#8221; radius=&#8217;0px&#8217; background_color=&#8221; src=&#8221; background_position=&#8217;top left&#8217; background_repeat=&#8217;no-repeat&#8217; animation=&#8221;]<br \/>\n[av_image src=&#8217;https:\/\/stiftsgardenrattvik.se\/wp-content\/uploads\/2022\/01\/Foto-Magnus-Aronson-3691-scaled.jpg&#8217; attachment=&#8217;11563&#8242; attachment_size=&#8217;full&#8217; align=&#8217;center&#8217; styling=&#8221; hover=&#8221; link=&#8221; target=&#8221; caption=&#8221; font_size=&#8221; appearance=&#8221; overlay_opacity=&#8217;0.4&#8242; overlay_color=&#8217;#000000&#8242; overlay_text_color=&#8217;#ffffff&#8217; animation=&#8217;no-animation&#8217;][\/av_image]<br \/>\n[\/av_one_third]<\/p>\n<p>[av_two_third min_height=&#8221; vertical_alignment=&#8221; space=&#8221; custom_margin=&#8221; margin=&#8217;0px&#8217; padding=&#8217;0px&#8217; border=&#8221; border_color=&#8221; radius=&#8217;0px&#8217; background_color=&#8221; src=&#8221; background_position=&#8217;top left&#8217; background_repeat=&#8217;no-repeat&#8217; animation=&#8221;]<\/p>\n<p>[av_textblock size=&#8221; font_color=&#8221; color=&#8221;]<br \/>\n<strong>Vi erbjuder boende i minil\u00e4genhet med sj\u00e4lvhush\u00e5ll.<\/strong> Det finns pentry, ytan \u00e4r 20 kvadratmeter. I l\u00e4genheten finns en dubbels\u00e4ng 2*80 cm samt extras\u00e4ng utvikbar fr\u00e5n v\u00e4gg. Lakan ing\u00e5r i priset.<br \/>\n<strong>Pris:<\/strong> 5 500 kr\/vecka, veckorna 7,8,9.<br \/>\nM\u00f6jlighet att k\u00f6pa till <strong>slutst\u00e4dning<\/strong> f\u00f6r 1000 kr.<\/p>\n<p><strong>Uthyrning av hotellrum<br \/>\n<\/strong><strong>Pris:<\/strong> 500 kr\/person inklusive &#8220;ta sj\u00e4lv frukost&#8221; under veckorna 5,6,7.<\/p>\n<p>F\u00f6r bokning v\u00e4nligen kontakta oss p\u00e5 <a href=\"mailto:info@stiftsgardenrattvik.se\">info@stiftsgardenrattvik.se<\/a> eller ring 010-160 80 00. Ordinarie avbokningsregler g\u00e4ller oavsett bokning.<\/p>\n<p><em>V\u00e4lkomna!<\/em><br \/>\n[\/av_textblock]<\/p>\n<p>[\/av_two_third]<\/p>\n","protected":false},"excerpt":{"rendered":"<p>[av_one_full first min_height=&#8221; vertical_alignment=&#8221; space=&#8221; custom_margin=&#8221; margin=&#8217;0px&#8217; padding=&#8217;0px&#8217; border=&#8221; border_color=&#8221; radius=&#8217;0px&#8217; background_color=&#8221; src=&#8221; background_position=&#8217;top left&#8217; background_repeat=&#8217;no-repeat&#8217; animation=&#8221;] [av_textblock size=&#8221; font_color=&#8221; color=&#8221;] Boende kampanj [\/av_textblock] [\/av_one_full] [av_one_third first min_height=&#8221; vertical_alignment=&#8221; space=&#8221; custom_margin=&#8221; margin=&#8217;0px&#8217; padding=&#8217;0px&#8217; border=&#8221; border_color=&#8221; radius=&#8217;0px&#8217; background_color=&#8221; src=&#8221; background_position=&#8217;top left&#8217; background_repeat=&#8217;no-repeat&#8217; animation=&#8221;] [av_image src=&#8217;https:\/\/stiftsgardenrattvik.se\/wp-content\/uploads\/2022\/01\/Foto-Magnus-Aronson-3691-scaled.jpg&#8217; attachment=&#8217;11563&#8242; attachment_size=&#8217;full&#8217; align=&#8217;center&#8217; styling=&#8221; hover=&#8221; link=&#8221; target=&#8221; caption=&#8221; font_size=&#8221; appearance=&#8221; overlay_opacity=&#8217;0.4&#8242; [&hellip;]<\/p>\n","protected":false},"author":1,"featured_media":0,"parent":0,"menu_order":0,"comment_status":"closed","ping_status":"closed","template":"","meta":{"footnotes":""},"class_list":["post-10707","page","type-page","status-publish","hentry"],"_links":{"self":[{"href":"https:\/\/www1.stiftsgardenrattvik.se\/index.php?rest_route=\/wp\/v2\/pages\/10707","targetHints":{"allow":["GET"]}}],"collection":[{"href":"https:\/\/www1.stiftsgardenrattvik.se\/index.php?rest_route=\/wp\/v2\/pages"}],"about":[{"href":"https:\/\/www1.stiftsgardenrattvik.se\/index.php?rest_route=\/wp\/v2\/types\/page"}],"author":[{"embeddable":true,"href":"https:\/\/www1.stiftsgardenrattvik.se\/index.php?rest_route=\/wp\/v2\/users\/1"}],"replies":[{"embeddable":true,"href":"https:\/\/www1.stiftsgardenrattvik.se\/index.php?rest_route=%2Fwp%2Fv2%2Fcomments&post=10707"}],"version-history":[{"count":19,"href":"https:\/\/www1.stiftsgardenrattvik.se\/index.php?rest_route=\/wp\/v2\/pages\/10707\/revisions"}],"predecessor-version":[{"id":11584,"href":"https:\/\/www1.stiftsgardenrattvik.se\/index.php?rest_route=\/wp\/v2\/pages\/10707\/revisions\/11584"}],"wp:attachment":[{"href":"https:\/\/www1.stiftsgardenrattvik.se\/index.php?rest_route=%2Fwp%2Fv2%2Fmedia&parent=10707"}],"curies":[{"name":"wp","href":"https:\/\/api.w.org\/{rel}","templated":true}]}}