{"id":10748,"date":"2021-03-11T11:33:37","date_gmt":"2021-03-11T10:33:37","guid":{"rendered":"https:\/\/stiftsgardenrattvik.se\/?page_id=10748"},"modified":"2021-04-26T09:58:16","modified_gmt":"2021-04-26T07:58:16","slug":"motesplats-torsdagar","status":"publish","type":"page","link":"https:\/\/www1.stiftsgardenrattvik.se\/?page_id=10748","title":{"rendered":"M\u00f6tesplats torsdagar"},"content":{"rendered":"<p>[av_one_full first min_height=&#8221; vertical_alignment=&#8221; space=&#8221; custom_margin=&#8221; margin=&#8217;0px&#8217; padding=&#8217;0px&#8217; border=&#8221; border_color=&#8221; radius=&#8217;0px&#8217; background_color=&#8221; src=&#8221; background_position=&#8217;top left&#8217; background_repeat=&#8217;no-repeat&#8217; animation=&#8221;]<br \/>\n[av_textblock size=&#8221; font_color=&#8221; color=&#8221;]<\/p>\n<h1 style=\"text-align: center;\">Kom och var med oss p\u00e5 Stiftsg\u00e5rden i R\u00e4ttvik!<\/h1>\n<p style=\"text-align: center;\"><em><strong>M\u00f6tesplats torsdagar med inneh\u00e5ll och andakt under v\u00e5ren 2021<\/strong><\/em><\/p>\n<p>[\/av_textblock]<br \/>\n[\/av_one_full]<\/p>\n<p>[av_one_full first min_height=&#8221; vertical_alignment=&#8221; space=&#8221; custom_margin=&#8221; margin=&#8217;0px&#8217; padding=&#8217;0px&#8217; border=&#8221; border_color=&#8221; radius=&#8217;0px&#8217; background_color=&#8221; src=&#8221; background_position=&#8217;top left&#8217; background_repeat=&#8217;no-repeat&#8217; animation=&#8221;]<\/p>\n<p>[av_textblock size=&#8221; font_color=&#8221; color=&#8221;]<br \/>\nStiftsg\u00e5rden i R\u00e4ttvik har varit helt eller delvis st\u00e4ngd sedan pandemin startade och f\u00f6ljer Folkh\u00e4lsomyndighetens restriktioner. Det \u00e4r en p\u00e5frestning f\u00f6r oss och v\u00e5r ekonomi. Vi saknar er nya och gamla g\u00e4ster i v\u00e5r gemenskap. Gemenskapen \u00e4r beroende av ert st\u00f6d och era b\u00f6ner. Vi vet att m\u00e5nga l\u00e4ngtar att f\u00e5 komma hit till Stiftsg\u00e5rden och f\u00e5 p\u00e5fyllning av kunskap, gemenskap och livet runt kapellet. Genom n\u00e5gra f\u00f6rel\u00e4sningsserier under v\u00e5ren vill vi ta er med till oss. P\u00e5 olika teman kommer vi bjuda in till \u201dM\u00f6tesplats torsdagar\u201d, som \u00e4r n\u00e5gra miniserier om tre tr\u00e4ffar kring olika \u00e4mnen med start den 15 april 2021. Vi vill bidra till h\u00e4lsa och gemenskap till er som inte kan komma till oss i dessa tider.<\/p>\n<p><strong>Torsdagar<\/strong> mellan kl 9.30 och 12.20 erbjuder vi ett program.<\/p>\n<p>Vi startar med bilder och musik fr\u00e5n Stiftsg\u00e5rden. Ett program med f\u00f6rel\u00e4sare i ett aktuellt \u00e4mne p\u00e5g\u00e5r kl 10.00 &#8211; 12.00 med avbrott f\u00f6r gruppsamtal och benstr\u00e4ckare. F\u00f6r den som vill vara med p\u00e5 lunchb\u00f6n s\u00e4nds den kl 12.00 fr\u00e5n Enhetens kapell. Denna f\u00f6rel\u00e4sningsserie sker i samband med Sensus.<\/p>\n<p>Anm\u00e4l dig till v\u00e5r digitala m\u00f6tesplats p\u00e5 Stiftsg\u00e5rden i R\u00e4ttvik, som vi genomf\u00f6r i samverkan med Sensus, p\u00e5 dessa l\u00e4nkar:<br \/>\nApril-kursen: <strong>INST\u00c4LLD<\/strong><br \/>\nMaj-kursen: <a href=\"https:\/\/sensus.se\/kropp-sjal-ande\">https:\/\/sensus.se\/kropp-sjal-ande<\/a><\/p>\n<p><em><strong><a href=\"https:\/\/stiftsgardenrattvik.se\/wp-content\/uploads\/2021\/04\/Majserien_2021_MotesplatsTorsdagar.pdf\">Se mer h\u00e4r: M\u00f6tesplatsen torsdagar<\/a><\/strong><\/em><\/p>\n<p><strong>Kostnad<\/strong><br \/>\n795 kr f\u00f6r hela serien &#8211; 3 biljetter<br \/>\n295 kr f\u00f6r enstaka biljetter &#8211; 1 biljett<\/p>\n<p><strong>Plats<\/strong><br \/>\nP\u00e5 webben via Zoom<\/p>\n<p><strong>Tider<br \/>\n<\/strong>Torsdagar<\/p>\n<p>kl 9.30 kultur &amp; natur, <strong>kl 10-12 f\u00f6rel\u00e4sare och samtal,<\/strong> kl 12.00 b\u00f6n mitt p\u00e5 dagen fr\u00e5n Enhetens kapell<\/p>\n<p><a href=\"https:\/\/stiftsgardenrattvik.se\/skapa-platser-foer-vardagsglaedje\/\">Klicka <strong>H\u00c4R<\/strong> f\u00f6r att komma till v\u00e5r digitala m\u00f6tesplats med temat <em>Kropp och sj\u00e4l \u2013 skapa platser f\u00f6r vardagsgl\u00e4dje<\/em><\/a><\/p>\n<p><a href=\"https:\/\/stiftsgardenrattvik.se\/kropp-sjal-och-ande-i-skuggan-av-en-pandemi\/\">Klicka <strong>H\u00c4R<\/strong> f\u00f6r att komma till v\u00e5r digitala m\u00f6tesplats med temat <em>Kropp, sj\u00e4l och ande i skuggan av en pandemi.<\/em><\/a><br \/>\n[\/av_textblock]<\/p>\n<p>[\/av_one_full]<\/p>\n","protected":false},"excerpt":{"rendered":"<p>[av_one_full first min_height=&#8221; vertical_alignment=&#8221; space=&#8221; custom_margin=&#8221; margin=&#8217;0px&#8217; padding=&#8217;0px&#8217; border=&#8221; border_color=&#8221; radius=&#8217;0px&#8217; background_color=&#8221; src=&#8221; background_position=&#8217;top left&#8217; background_repeat=&#8217;no-repeat&#8217; animation=&#8221;] [av_textblock size=&#8221; font_color=&#8221; color=&#8221;] Kom och var med oss p\u00e5 Stiftsg\u00e5rden i R\u00e4ttvik! M\u00f6tesplats torsdagar med inneh\u00e5ll och andakt under v\u00e5ren 2021 [\/av_textblock] [\/av_one_full] [av_one_full first min_height=&#8221; vertical_alignment=&#8221; space=&#8221; custom_margin=&#8221; margin=&#8217;0px&#8217; padding=&#8217;0px&#8217; border=&#8221; border_color=&#8221; radius=&#8217;0px&#8217; background_color=&#8221; src=&#8221; background_position=&#8217;top [&hellip;]<\/p>\n","protected":false},"author":1,"featured_media":0,"parent":0,"menu_order":0,"comment_status":"closed","ping_status":"closed","template":"","meta":{"footnotes":""},"class_list":["post-10748","page","type-page","status-publish","hentry"],"_links":{"self":[{"href":"https:\/\/www1.stiftsgardenrattvik.se\/index.php?rest_route=\/wp\/v2\/pages\/10748","targetHints":{"allow":["GET"]}}],"collection":[{"href":"https:\/\/www1.stiftsgardenrattvik.se\/index.php?rest_route=\/wp\/v2\/pages"}],"about":[{"href":"https:\/\/www1.stiftsgardenrattvik.se\/index.php?rest_route=\/wp\/v2\/types\/page"}],"author":[{"embeddable":true,"href":"https:\/\/www1.stiftsgardenrattvik.se\/index.php?rest_route=\/wp\/v2\/users\/1"}],"replies":[{"embeddable":true,"href":"https:\/\/www1.stiftsgardenrattvik.se\/index.php?rest_route=%2Fwp%2Fv2%2Fcomments&post=10748"}],"version-history":[{"count":8,"href":"https:\/\/www1.stiftsgardenrattvik.se\/index.php?rest_route=\/wp\/v2\/pages\/10748\/revisions"}],"predecessor-version":[{"id":10910,"href":"https:\/\/www1.stiftsgardenrattvik.se\/index.php?rest_route=\/wp\/v2\/pages\/10748\/revisions\/10910"}],"wp:attachment":[{"href":"https:\/\/www1.stiftsgardenrattvik.se\/index.php?rest_route=%2Fwp%2Fv2%2Fmedia&parent=10748"}],"curies":[{"name":"wp","href":"https:\/\/api.w.org\/{rel}","templated":true}]}}