{"id":10749,"date":"2021-03-11T11:31:07","date_gmt":"2021-03-11T10:31:07","guid":{"rendered":"https:\/\/stiftsgardenrattvik.se\/?page_id=10749"},"modified":"2021-04-26T09:58:52","modified_gmt":"2021-04-26T07:58:52","slug":"kropp-sjal-och-ande-i-skuggan-av-en-pandemi","status":"publish","type":"page","link":"https:\/\/www1.stiftsgardenrattvik.se\/?page_id=10749","title":{"rendered":"Kropp, sj\u00e4l och ande i skuggan av en pandemi"},"content":{"rendered":"<p>[av_one_full first min_height=&#8221; vertical_alignment=&#8221; space=&#8221; custom_margin=&#8221; margin=&#8217;0px&#8217; padding=&#8217;0px&#8217; border=&#8221; border_color=&#8221; radius=&#8217;0px&#8217; background_color=&#8221; src=&#8221; background_position=&#8217;top left&#8217; background_repeat=&#8217;no-repeat&#8217; animation=&#8221;]<br \/>\n[av_textblock size=&#8221; font_color=&#8221; color=&#8221;]<\/p>\n<h1 style=\"text-align: center;\">Kropp, sj\u00e4l och ande i skuggan av en pandemi<\/h1>\n<p style=\"text-align: center;\"><strong><em>M\u00f6tesplats Torsdagar med en serie av tre program.<\/em><\/strong><\/p>\n<p style=\"text-align: center;\"><strong><em>Majserien 6 &#8211; 20 &#8211; 27 maj<\/em><\/strong><\/p>\n<p>[\/av_textblock]<br \/>\n[\/av_one_full]<\/p>\n<p>[av_one_full first min_height=&#8221; vertical_alignment=&#8221; space=&#8221; custom_margin=&#8221; margin=&#8217;0px&#8217; padding=&#8217;0px&#8217; border=&#8221; border_color=&#8221; radius=&#8217;0px&#8217; background_color=&#8221; src=&#8221; background_position=&#8217;top left&#8217; background_repeat=&#8217;no-repeat&#8217; animation=&#8221;]<\/p>\n<p>[av_textblock size=&#8221; font_color=&#8221; color=&#8221;]<br \/>\nM\u00f6tesplats torsdagar p\u00e5 webben<\/p>\n<p>Det \u00e4r nu ett \u00e5r sen vi l\u00e4rde oss nya ord som corona, covid, distans, karant\u00e4n och fick nationella riktlinjer att inte m\u00f6tas och inte kramas. Vi f\u00e5r m\u00f6tas p\u00e5 n\u00e4tet och inte i kyrkan som vi \u00e4r vana att kunna g\u00f6ra. I en serie p\u00e5 tre kan vi tillsammans m\u00f6tas och l\u00e4ra oss mer om h\u00e4lsa ur olika perspektiv i den nya situation vi befinner oss i. Stiftsg\u00e5rden i R\u00e4ttvik vill skapa en m\u00f6tesplats via Zoom.<\/p>\n<p>Tre torsdagar kl 10.00-12.00 kommer vi ta upp viktiga saker, som handlar om hela v\u00e5r existens:  <em>Fysiskt<\/em> &#8211; v\u00e5r kropp skapad att leva i, <em>Psykiskt<\/em> &#8211; v\u00e5ra tankar och v\u00e5r sj\u00e4l, samt <em>Emotionellt<\/em> &#8211; v\u00e5ra k\u00e4nslor och v\u00e5r andlighet. M\u00f6tesplatsen startar redan kl. 9:30 med att vi tar dig till Stiftsg\u00e5rden i bilder, prat och musik. Mellan kl. 10:00 och 12:00 delar v\u00e5r f\u00f6rel\u00e4sare med sig och vi f\u00e5r m\u00f6jlighet till sm\u00e5grupp och reflektion under tiden. Den som vill kan stanna kvar och i Zoom och f\u00e5 del av b\u00f6n mitt p\u00e5 dagen i Enhetens kapell. Vi l\u00e4ngtar efter er och beh\u00f6ver ert st\u00f6d tills dess vi kan m\u00f6tas igen. K\u00f6p biljetter till alla tre tillf\u00e4llena f\u00f6r 795 kr eller vill du bara vara med en torsdag betalar du 295 kr.<\/p>\n<p>Anm\u00e4l dig till v\u00e5r digitala m\u00f6tesplats p\u00e5 Stiftsg\u00e5rden i R\u00e4ttvik, som vi genomf\u00f6r i samverkan med Sensus, p\u00e5 den h\u00e4r l\u00e4nken: <a href=\"https:\/\/sensus.se\/kropp-sjal-ande\">https:\/\/sensus.se\/kropp-sjal-ande<\/a><\/p>\n<p><em><strong><a href=\"https:\/\/stiftsgardenrattvik.se\/wp-content\/uploads\/2021\/04\/Majserien_2021_MotesplatsTorsdagar.pdf\">Se mer h\u00e4r: M\u00f6tesplatsen torsdagar<\/a><\/strong><\/em><\/p>\n<p><strong>F\u00f6redrag och aktiviteter<\/strong>: Andrea Nilsson som tidigare varit volont\u00e4r p\u00e5 Stiftsg\u00e5rden i R\u00e4ttvik och nu finns i f\u00f6retaget Soulroom i <em>Borl\u00e4nge<\/em>.<\/p>\n<p><strong>Programv\u00e4rd<\/strong>: Ulrika Knutsson, folkbildare och f\u00f6rsamlingsutvecklare, medarbetare p\u00e5 Stiftsg\u00e5rden i R\u00e4ttvik. E-post: <a href=\"mailto:ulrika.knutsson@svenskakyrkan.se\">ulrika.knutsson@svenskakyrkan.se<\/a><\/p>\n<p><strong>Vi ses <\/strong><\/p>\n<p>6 maj                                      Fysisk h\u00e4lsa<\/p>\n<p>20 maj                                    Psykisk &#8211; mental h\u00e4lsa<\/p>\n<p>27 maj                                    Emotionell h\u00e4lsa<br \/>\n[\/av_textblock]<\/p>\n<p>[\/av_one_full]<\/p>\n","protected":false},"excerpt":{"rendered":"<p>[av_one_full first min_height=&#8221; vertical_alignment=&#8221; space=&#8221; custom_margin=&#8221; margin=&#8217;0px&#8217; padding=&#8217;0px&#8217; border=&#8221; border_color=&#8221; radius=&#8217;0px&#8217; background_color=&#8221; src=&#8221; background_position=&#8217;top left&#8217; background_repeat=&#8217;no-repeat&#8217; animation=&#8221;] [av_textblock size=&#8221; font_color=&#8221; color=&#8221;] Kropp, sj\u00e4l och ande i skuggan av en pandemi M\u00f6tesplats Torsdagar med en serie av tre program. Majserien 6 &#8211; 20 &#8211; 27 maj [\/av_textblock] [\/av_one_full] [av_one_full first min_height=&#8221; vertical_alignment=&#8221; space=&#8221; custom_margin=&#8221; margin=&#8217;0px&#8217; padding=&#8217;0px&#8217; [&hellip;]<\/p>\n","protected":false},"author":1,"featured_media":0,"parent":0,"menu_order":0,"comment_status":"closed","ping_status":"closed","template":"","meta":{"footnotes":""},"class_list":["post-10749","page","type-page","status-publish","hentry"],"_links":{"self":[{"href":"https:\/\/www1.stiftsgardenrattvik.se\/index.php?rest_route=\/wp\/v2\/pages\/10749","targetHints":{"allow":["GET"]}}],"collection":[{"href":"https:\/\/www1.stiftsgardenrattvik.se\/index.php?rest_route=\/wp\/v2\/pages"}],"about":[{"href":"https:\/\/www1.stiftsgardenrattvik.se\/index.php?rest_route=\/wp\/v2\/types\/page"}],"author":[{"embeddable":true,"href":"https:\/\/www1.stiftsgardenrattvik.se\/index.php?rest_route=\/wp\/v2\/users\/1"}],"replies":[{"embeddable":true,"href":"https:\/\/www1.stiftsgardenrattvik.se\/index.php?rest_route=%2Fwp%2Fv2%2Fcomments&post=10749"}],"version-history":[{"count":10,"href":"https:\/\/www1.stiftsgardenrattvik.se\/index.php?rest_route=\/wp\/v2\/pages\/10749\/revisions"}],"predecessor-version":[{"id":10911,"href":"https:\/\/www1.stiftsgardenrattvik.se\/index.php?rest_route=\/wp\/v2\/pages\/10749\/revisions\/10911"}],"wp:attachment":[{"href":"https:\/\/www1.stiftsgardenrattvik.se\/index.php?rest_route=%2Fwp%2Fv2%2Fmedia&parent=10749"}],"curies":[{"name":"wp","href":"https:\/\/api.w.org\/{rel}","templated":true}]}}