{"id":10900,"date":"2021-04-21T15:01:11","date_gmt":"2021-04-21T13:01:11","guid":{"rendered":"https:\/\/stiftsgardenrattvik.se\/?page_id=10900"},"modified":"2021-04-21T15:08:38","modified_gmt":"2021-04-21T13:08:38","slug":"studiecirkel","status":"publish","type":"page","link":"https:\/\/www1.stiftsgardenrattvik.se\/?page_id=10900","title":{"rendered":"Studiecirkel"},"content":{"rendered":"<p>[av_one_full first min_height=&#8221; vertical_alignment=&#8221; space=&#8221; custom_margin=&#8221; margin=&#8217;0px&#8217; padding=&#8217;0px&#8217; border=&#8221; border_color=&#8221; radius=&#8217;0px&#8217; background_color=&#8221; src=&#8221; background_position=&#8217;top left&#8217; background_repeat=&#8217;no-repeat&#8217; animation=&#8221;]<br \/>\n[av_textblock size=&#8221; font_color=&#8221; color=&#8221;]<\/p>\n<h1 style=\"text-align: center;\">En studiecirkel om Stiftsg\u00e5rdens historia och framtid<\/h1>\n<p style=\"text-align: center;\"><em><strong>L\u00f6rdagarna 8 maj, 15 maj, 22 maj, 29 maj och 5 juni<\/strong><\/em><\/p>\n<p>[\/av_textblock]<br \/>\n[\/av_one_full]<\/p>\n<p>[av_one_full first min_height=&#8221; vertical_alignment=&#8221; space=&#8221; custom_margin=&#8221; margin=&#8217;0px&#8217; padding=&#8217;0px&#8217; border=&#8221; border_color=&#8221; radius=&#8217;0px&#8217; background_color=&#8221; src=&#8221; background_position=&#8217;top left&#8217; background_repeat=&#8217;no-repeat&#8217; animation=&#8221;]<\/p>\n<p>[av_textblock size=&#8221; font_color=&#8221; color=&#8221;]<br \/>\nStiftsg\u00e5rden i R\u00e4ttvik \u00e4r en v\u00e4lk\u00e4nd plats inom kyrkan i Sverige och v\u00e4l etablerad i den v\u00e4rldsvida kyrkan. Vanligen s\u00e5 f\u00f6rl\u00e4gger g\u00e5rden tiotusentals bes\u00f6kare p\u00e5 hotell och l\u00e4gerg\u00e5rdar och m\u00f6ten sker med m\u00e4nniskor fr\u00e5n olika delar av v\u00e4rlden. Medan andra av Svenska kyrkans kurs- och l\u00e4gerg\u00e5rdar tvingas l\u00e4ggas ned s\u00e5 st\u00e5r Stiftsg\u00e5rden i R\u00e4ttvik kvar \u2013 hur kan det komma sig?<\/p>\n<p>Under fem l\u00f6rdagar i maj s\u00e5 f\u00e5r vi ha n\u00e4tbaserade tr\u00e4ffar med en utg\u00e5ngspunkt p\u00e5 Stiftsg\u00e5rden i R\u00e4ttvik. De fyra f\u00f6rsta tr\u00e4ffarna leds av Margareta \u201dDetan\u201d Barkevall-Lindborg som ber\u00e4ttar om sin tid p\u00e5 Stiftsg\u00e5rden \u2013 fr\u00e5n 1950-talet till idag. Den sista tr\u00e4ffen blir ett m\u00f6te med framtiden d\u00e4r Stiftsg\u00e5rdens f\u00f6rest\u00e5ndare, Pontus Gunnarsson, tillsammans med ordf\u00f6randen i stiftelsens styrelse, biskop Mikael Mogren, pratar och ger oss en inblick i Stiftsg\u00e5rden p\u00e5 andra sidan pandemin.<\/p>\n<h3>Hur ser de n\u00e4tbaserade tr\u00e4ffarna ut?<\/h3>\n<p>De fyra f\u00f6rsta tr\u00e4ffarna \u00e4r uppbyggda som s\u00e5 att vi ser en film om ca 45 min tillsammans f\u00f6r att sedan ha en samtal i sm\u00e5grupper. Efter sm\u00e5grupperna s\u00e5 m\u00f6ts vi igen i den stora gruppen och delar tankar och f\u00e5r ocks\u00e5 m\u00f6jlighet att st\u00e4lla fr\u00e5gor till Margareta \u201dDetan\u201d Barkewall-Lindborg. Den sista tr\u00e4ffens uppl\u00e4gg presenteras i samband med kursstart.<\/p>\n<h3>Presentation av cirkelledarna<\/h3>\n<p>En ledarpresentation finns att l\u00e4sa om du klickar till h\u00f6ger om ledarbilden l\u00e4ngre ned p\u00e5 denna sida.<\/p>\n<h3>Praktisk information<\/h3>\n<p><strong>N\u00e4r?<\/strong> L\u00f6rdagarna 8 maj, 15 maj, 22 maj, 29 maj och 5 juni<br \/>\n<strong>Tider?<\/strong> Kl 13.00-15.00 (med reservation f\u00f6r sista l\u00f6rdagen, mer info vid kursstart)<br \/>\n<strong>Plattform:<\/strong> N\u00e4tbaserade tr\u00e4ffar via Zoom<br \/>\n<strong>Kostnad:<\/strong> 100 kr<br \/>\n<strong>Sista anm\u00e4lningsdatum: 7 maj<\/strong><\/p>\n<p><strong>Anm\u00e4l dig h\u00e4r:<\/strong><a href=\"https:\/\/www.sensus.se\/stiftsgardendanu\"> https:\/\/www.sensus.se\/stiftsgardendanu<\/a><\/p>\n<h3>\u00d6vrig information<\/h3>\n<p>F\u00f6r mer info, kontakta Andreas Bohm<br \/>\n<a href=\"mailto:andreas.bohm@svenskakyrkan.se\">andreas.bohm@svenskakyrkan.se<\/a><br \/>\n[\/av_textblock]<\/p>\n<p>[\/av_one_full][av_one_full first min_height=&#8221; vertical_alignment=&#8221; space=&#8221; custom_margin=&#8221; margin=&#8217;0px&#8217; padding=&#8217;0px&#8217; border=&#8221; border_color=&#8221; radius=&#8217;0px&#8217; background_color=&#8221; src=&#8221; background_position=&#8217;top left&#8217; background_repeat=&#8217;no-repeat&#8217; animation=&#8221;]<br \/>\n[av_image src=&#8217;https:\/\/stiftsgardenrattvik.se\/wp-content\/uploads\/2021\/04\/Foto-Magnus-Aronson-5600-scaled.jpg&#8217; attachment=&#8217;10901&#8242; attachment_size=&#8217;full&#8217; align=&#8217;center&#8217; styling=&#8221; hover=&#8221; link=&#8221; target=&#8221; caption=&#8221; font_size=&#8221; appearance=&#8221; overlay_opacity=&#8217;0.4&#8242; overlay_color=&#8217;#000000&#8242; overlay_text_color=&#8217;#ffffff&#8217; animation=&#8217;no-animation&#8217;][\/av_image]<br \/>\n[\/av_one_full]<\/p>\n","protected":false},"excerpt":{"rendered":"<p>[av_one_full first min_height=&#8221; vertical_alignment=&#8221; space=&#8221; custom_margin=&#8221; margin=&#8217;0px&#8217; padding=&#8217;0px&#8217; border=&#8221; border_color=&#8221; radius=&#8217;0px&#8217; background_color=&#8221; src=&#8221; background_position=&#8217;top left&#8217; background_repeat=&#8217;no-repeat&#8217; animation=&#8221;] [av_textblock size=&#8221; font_color=&#8221; color=&#8221;] En studiecirkel om Stiftsg\u00e5rdens historia och framtid L\u00f6rdagarna 8 maj, 15 maj, 22 maj, 29 maj och 5 juni [\/av_textblock] [\/av_one_full] [av_one_full first min_height=&#8221; vertical_alignment=&#8221; space=&#8221; custom_margin=&#8221; margin=&#8217;0px&#8217; padding=&#8217;0px&#8217; border=&#8221; border_color=&#8221; radius=&#8217;0px&#8217; background_color=&#8221; src=&#8221; [&hellip;]<\/p>\n","protected":false},"author":1,"featured_media":0,"parent":0,"menu_order":0,"comment_status":"closed","ping_status":"closed","template":"","meta":{"footnotes":""},"class_list":["post-10900","page","type-page","status-publish","hentry"],"_links":{"self":[{"href":"https:\/\/www1.stiftsgardenrattvik.se\/index.php?rest_route=\/wp\/v2\/pages\/10900","targetHints":{"allow":["GET"]}}],"collection":[{"href":"https:\/\/www1.stiftsgardenrattvik.se\/index.php?rest_route=\/wp\/v2\/pages"}],"about":[{"href":"https:\/\/www1.stiftsgardenrattvik.se\/index.php?rest_route=\/wp\/v2\/types\/page"}],"author":[{"embeddable":true,"href":"https:\/\/www1.stiftsgardenrattvik.se\/index.php?rest_route=\/wp\/v2\/users\/1"}],"replies":[{"embeddable":true,"href":"https:\/\/www1.stiftsgardenrattvik.se\/index.php?rest_route=%2Fwp%2Fv2%2Fcomments&post=10900"}],"version-history":[{"count":2,"href":"https:\/\/www1.stiftsgardenrattvik.se\/index.php?rest_route=\/wp\/v2\/pages\/10900\/revisions"}],"predecessor-version":[{"id":10905,"href":"https:\/\/www1.stiftsgardenrattvik.se\/index.php?rest_route=\/wp\/v2\/pages\/10900\/revisions\/10905"}],"wp:attachment":[{"href":"https:\/\/www1.stiftsgardenrattvik.se\/index.php?rest_route=%2Fwp%2Fv2%2Fmedia&parent=10900"}],"curies":[{"name":"wp","href":"https:\/\/api.w.org\/{rel}","templated":true}]}}