{"id":11105,"date":"2021-10-01T16:15:32","date_gmt":"2021-10-01T14:15:32","guid":{"rendered":"https:\/\/stiftsgardenrattvik.se\/?page_id=11105"},"modified":"2022-02-06T19:10:45","modified_gmt":"2022-02-06T18:10:45","slug":"forsta-hjalpen-till-psykisk-halsa","status":"publish","type":"page","link":"https:\/\/www1.stiftsgardenrattvik.se\/?page_id=11105","title":{"rendered":"F\u00f6rsta hj\u00e4lpen till psykisk h\u00e4lsa"},"content":{"rendered":"<p>[av_one_full first min_height=&#8221; vertical_alignment=&#8221; space=&#8221; custom_margin=&#8221; margin=&#8217;0px&#8217; padding=&#8217;0px&#8217; border=&#8221; border_color=&#8221; radius=&#8217;0px&#8217; background_color=&#8221; src=&#8221; background_position=&#8217;top left&#8217; background_repeat=&#8217;no-repeat&#8217; animation=&#8221;]<\/p>\n<p>[av_textblock size=&#8221; font_color=&#8221; color=&#8221;]<\/p>\n<h1 style=\"text-align: center;\">F\u00f6rsta hj\u00e4lpen till psykisk h\u00e4lsa &#8211; ungdom<\/h1>\n<h4 style=\"text-align: center;\">En kurs f\u00f6r vuxna som m\u00f6ter barn och ungdomar i sitt yrke och i vardagslivet.<br \/>\nKursen \u00e4r en internationell utbildning som i Sverige samordnas av NASP &#8211; Nationellt centrum f\u00f6r suicidforskning och prevention vid Karolinska Institutet<\/h4>\n<h4 style=\"text-align: center;\"><strong>16 &#8211; 17 februari 2022<\/strong><\/h4>\n<p style=\"text-align: center;\"><strong>FULLBOKAD<\/strong><\/p>\n<p>[\/av_textblock]<\/p>\n<p>[\/av_one_full][av_one_full first min_height=&#8221; vertical_alignment=&#8221; space=&#8221; custom_margin=&#8221; margin=&#8217;0px&#8217; padding=&#8217;0px&#8217; border=&#8221; border_color=&#8221; radius=&#8217;0px&#8217; background_color=&#8221; src=&#8221; background_position=&#8217;top left&#8217; background_repeat=&#8217;no-repeat&#8217; animation=&#8221;]<\/p>\n<p>[av_textblock size=&#8221; font_color=&#8221; color=&#8221;]<br \/>\n<strong>F\u00f6rsta hj\u00e4lpen till psykisk h\u00e4lsa &#8211; <em>ungdom<\/em><\/strong><br \/>\nUtbildningen \u00e4r p\u00e5 14 timmar f\u00f6rdelat p\u00e5 tv\u00e5 dagar och vi kommer att arbeta med F\u00f6rsta hj\u00e4lpen-programmet med s\u00e4rskild inriktning mot ungdomar i \u00e5ldersgruppen 12-18 \u00e5r. Kursen tar upp psykiska sjukdomar hos unga personer bland annat depression, \u00e5ngestsjukdom och \u00e4tst\u00f6rningar. Kursen vill \u00e4ven ge \u00f6kad kunskap om sj\u00e4lvdestruktivt beteende och sj\u00e4lvmord bland ungdomar.<\/p>\n<p>Som F\u00f6rsta hj\u00e4lpare f\u00e5r du l\u00e4ra dig att st\u00f6dja och uppmuntra en drabbad tills ett tillf\u00e4lligt kristillst\u00e5nd \u00e4r \u00f6ver eller tills den unga f\u00e5tt l\u00e4mplig professionell hj\u00e4lp. Utbildningen ger \u00f6kade kunskaper om psykiska sjukdomar och l\u00e4r ut en handlingsplan som hj\u00e4lper dig att bli en F\u00f6rsta hj\u00e4lpare.<\/p>\n<p>Vid kursen f\u00e5r du ocks\u00e5 en bok om F\u00f6rsta hj\u00e4lpen till psykisk h\u00e4lsa-ungdom till ett v\u00e4rde av 500 kr. Efter genomf\u00f6rd kurs f\u00e5r du ett intyg fr\u00e5n NASP, Karolinska institutet.<\/p>\n<p><strong>FULLBOKAD<\/strong><br \/>\nMer<strong>\u00a0info\u00a0<\/strong>om kursen: <a href=\"https:\/\/stiftsgardenrattvik.se\/wp-content\/uploads\/2021\/10\/Forsta-hjalpen-psykisk-halsa-folder.pdf\">F\u00f6rsta hj\u00e4lpen till psykisk h\u00e4lsa, folder<\/a><br \/>\nF\u00f6r\u00a0<strong>fr\u00e5gor<\/strong>\u00a0v\u00e4nligen kontakta oss p\u00e5\u00a0<a href=\"mailto:program@stiftsgardenrattvik.se\">program@stiftsgardenrattvik.se<\/a>\u00a0eller 010-160 80 00.<br \/>\nF\u00f6r\u00a0<strong>anm\u00e4lan<\/strong>\u00a0v\u00e4nligen fyll i formul\u00e4ret nedan s\u00e5 \u00e5terkommer vi s\u00e5 snart som m\u00f6jligt med besked om du f\u00e5tt plats.<br \/>\n[\/av_textblock]<\/p>\n<p>[\/av_one_full][av_one_full first min_height=&#8221; vertical_alignment=&#8221; space=&#8221; custom_margin=&#8221; margin=&#8217;0px&#8217; padding=&#8217;0px&#8217; border=&#8221; border_color=&#8221; radius=&#8217;0px&#8217; background_color=&#8221; src=&#8221; background_position=&#8217;top left&#8217; background_repeat=&#8217;no-repeat&#8217; animation=&#8221;]<br \/>\n[av_image src=&#8217;https:\/\/stiftsgardenrattvik.se\/wp-content\/uploads\/2021\/10\/Love-yourself-a-lot-Pixabay.jpg&#8217; attachment=&#8217;11107&#8242; attachment_size=&#8217;full&#8217; align=&#8217;center&#8217; styling=&#8221; hover=&#8221; link=&#8221; target=&#8221; caption=&#8221; font_size=&#8221; appearance=&#8221; overlay_opacity=&#8217;0.4&#8242; overlay_color=&#8217;#000000&#8242; overlay_text_color=&#8217;#ffffff&#8217; animation=&#8217;no-animation&#8217;][\/av_image]<br \/>\n[\/av_one_full]<\/p>\n<p>[av_one_full first min_height=&#8221; vertical_alignment=&#8221; space=&#8221; custom_margin=&#8221; margin=&#8217;0px&#8217; padding=&#8217;0px&#8217; border=&#8221; border_color=&#8221; radius=&#8217;0px&#8217; background_color=&#8221; src=&#8221; background_position=&#8217;top left&#8217; background_repeat=&#8217;no-repeat&#8217; animation=&#8221;]<br \/>\n[av_contact email=&#8217;bokningen@stiftsgardenrattvik.se&#8217; title=&#8217;G\u00f6r din intresseanm\u00e4lan h\u00e4r!&#8217; button=&#8217;Skicka intresseanm\u00e4lan!&#8217; on_send=&#8221; sent=&#8217;Tack f\u00f6r din anm\u00e4lan!&#8217; link=&#8217;manually,http:\/\/&#8217; subject=&#8217;F\u00f6rsta hj\u00e4lpen till psykisk h\u00e4lsa &#8211; ungdom, 16-17 februari&#8217; autorespond=&#8217;Hej och tack f\u00f6r din intresseanm\u00e4lan till kursen F\u00f6rsta hj\u00e4lpen till psykisk h\u00e4lsa &#8211; ungdom, 16-17\/2. Vi tar hand om din anm\u00e4lan s\u00e5 snart vi kan och \u00e5terkommer till dig med besked om du f\u00e5tt plats. Har du n\u00e5gra fr\u00e5gor om kursen eller vill \u00e4ndra n\u00e5got i din anm\u00e4lan \u00e4r du v\u00e4lkommen att kontakta oss p\u00e5 010-160 80 01 eller bokningen@stiftsgardenrattvik.se.<\/p>\n<p>Med v\u00e4nliga h\u00e4lsningar,<br \/>\nStiftsg\u00e5rden R\u00e4ttvik&#8217; captcha=&#8221; form_align=&#8221; color=&#8221;]<br \/>\n[av_contact_field label=&#8217;F\u00f6rnamn&#8217; type=&#8217;text&#8217; options=&#8221; check=&#8217;is_empty&#8217; width=&#8217;element_half&#8217;][\/av_contact_field]<br \/>\n[av_contact_field label=&#8217;Efternamn&#8217; type=&#8217;text&#8217; options=&#8221; check=&#8217;is_empty&#8217; width=&#8217;element_half&#8217;][\/av_contact_field]<br \/>\n[av_contact_field label=&#8217;Postadress&#8217; type=&#8217;text&#8217; options=&#8221; check=&#8217;is_empty&#8217; width=&#8217;element_third&#8217;][\/av_contact_field]<br \/>\n[av_contact_field label=&#8217;Postnummer&#8217; type=&#8217;text&#8217; options=&#8221; check=&#8217;is_empty&#8217; width=&#8217;element_third&#8217;][\/av_contact_field]<br \/>\n[av_contact_field label=&#8217;Postort&#8217; type=&#8217;text&#8217; options=&#8221; check=&#8217;is_empty&#8217; width=&#8217;element_third&#8217;][\/av_contact_field]<br \/>\n[av_contact_field label=&#8217;E-post&#8217; type=&#8217;text&#8217; options=&#8221; check=&#8217;is_email&#8217; width=&#8217;element_half&#8217;][\/av_contact_field]<br \/>\n[av_contact_field label=&#8217;Telefonnummer&#8217; type=&#8217;text&#8217; options=&#8221; check=&#8217;is_phone&#8217; width=&#8217;element_half&#8217;][\/av_contact_field]<br \/>\n[av_contact_field label=&#8217;\u00d6nskas logi JA\/NEJ&#8217; type=&#8217;text&#8217; options=&#8221; check=&#8217;is_empty&#8217; width=&#8217;element_half&#8217;][\/av_contact_field]<br \/>\n[av_contact_field label=&#8217;Ev. faktureringsadress&#8217; type=&#8217;text&#8217; options=&#8221; check=&#8221; width=&#8217;element_half&#8217;][\/av_contact_field]<br \/>\n[av_contact_field label=&#8217;Allergier och behov av specialkost har \u00f6kat. Det \u00e4r viktigt att vi som lagar och serverar mat tar dessa behov p\u00e5 st\u00f6rsta allvar och skapar b\u00e4sta t\u00e4nkbara f\u00f6ruts\u00e4ttningar f\u00f6r att vi ska klara av att uppfylla kraven. D\u00e4rf\u00f6r har Stiftsg\u00e5rden i R\u00e4ttvik fr\u00e5n och med den 1 mars 2021 inf\u00f6rt tydligare regler n\u00e4r det g\u00e4ller specialkost. F\u00f6r att vi ska kunna s\u00e4kerst\u00e4lla och tillgodose behovet av specialkost beh\u00f6ver vi l\u00e4karintyg f\u00f6r ber\u00f6rd person. L\u00e4karintyget m\u00e5ste vara Stiftsg\u00e5rden tillhanda senast sju dagar innan ankomst f\u00f6r att vi ska kunna s\u00e4kerst\u00e4lla och tillgodose behovet. Vid f\u00f6rsta m\u00e5ltid m\u00e5ste den som har behov av specialkost anm\u00e4la sig till k\u00f6kspersonalen s\u00e5 att vi vet vem det g\u00e4ller. I enligt med GDPR sparas l\u00e4karintygen s\u00e5 l\u00e4nge det \u00e4r n\u00f6dv\u00e4ndigt f\u00f6r att uppfylla kraven. N\u00e4r ni skickar in ert l\u00e4karintyg medger ni samtidigt att era personuppgifter sparas enligt ovan. Ev. allergier\/ specialkost v\u00e4nligen fyll i nedan&#8217; type=&#8217;textarea&#8217; options=&#8221; check=&#8221; width=&#8221;][\/av_contact_field]<br \/>\n[\/av_contact]<br \/>\n[\/av_one_full]<\/p>\n","protected":false},"excerpt":{"rendered":"<p>[av_one_full first min_height=&#8221; vertical_alignment=&#8221; space=&#8221; custom_margin=&#8221; margin=&#8217;0px&#8217; padding=&#8217;0px&#8217; border=&#8221; border_color=&#8221; radius=&#8217;0px&#8217; background_color=&#8221; src=&#8221; background_position=&#8217;top left&#8217; background_repeat=&#8217;no-repeat&#8217; animation=&#8221;] [av_textblock size=&#8221; font_color=&#8221; color=&#8221;] F\u00f6rsta hj\u00e4lpen till psykisk h\u00e4lsa &#8211; ungdom En kurs f\u00f6r vuxna som m\u00f6ter barn och ungdomar i sitt yrke och i vardagslivet. Kursen \u00e4r en internationell utbildning som i Sverige samordnas av NASP &#8211; [&hellip;]<\/p>\n","protected":false},"author":1,"featured_media":0,"parent":0,"menu_order":0,"comment_status":"closed","ping_status":"closed","template":"","meta":{"footnotes":""},"class_list":["post-11105","page","type-page","status-publish","hentry"],"_links":{"self":[{"href":"https:\/\/www1.stiftsgardenrattvik.se\/index.php?rest_route=\/wp\/v2\/pages\/11105","targetHints":{"allow":["GET"]}}],"collection":[{"href":"https:\/\/www1.stiftsgardenrattvik.se\/index.php?rest_route=\/wp\/v2\/pages"}],"about":[{"href":"https:\/\/www1.stiftsgardenrattvik.se\/index.php?rest_route=\/wp\/v2\/types\/page"}],"author":[{"embeddable":true,"href":"https:\/\/www1.stiftsgardenrattvik.se\/index.php?rest_route=\/wp\/v2\/users\/1"}],"replies":[{"embeddable":true,"href":"https:\/\/www1.stiftsgardenrattvik.se\/index.php?rest_route=%2Fwp%2Fv2%2Fcomments&post=11105"}],"version-history":[{"count":2,"href":"https:\/\/www1.stiftsgardenrattvik.se\/index.php?rest_route=\/wp\/v2\/pages\/11105\/revisions"}],"predecessor-version":[{"id":11623,"href":"https:\/\/www1.stiftsgardenrattvik.se\/index.php?rest_route=\/wp\/v2\/pages\/11105\/revisions\/11623"}],"wp:attachment":[{"href":"https:\/\/www1.stiftsgardenrattvik.se\/index.php?rest_route=%2Fwp%2Fv2%2Fmedia&parent=11105"}],"curies":[{"name":"wp","href":"https:\/\/api.w.org\/{rel}","templated":true}]}}