{"id":11174,"date":"2021-10-21T16:59:06","date_gmt":"2021-10-21T14:59:06","guid":{"rendered":"https:\/\/stiftsgardenrattvik.se\/?page_id=11174"},"modified":"2023-09-20T14:22:09","modified_gmt":"2023-09-20T12:22:09","slug":"klimatpilgrimact","status":"publish","type":"page","link":"https:\/\/www1.stiftsgardenrattvik.se\/?page_id=11174","title":{"rendered":"Klimat pilrim act"},"content":{"rendered":"<p>[av_one_full first min_height=&#8221; vertical_alignment=&#8221; space=&#8221; custom_margin=&#8221; margin=&#8217;0px&#8217; padding=&#8217;0px&#8217; border=&#8221; border_color=&#8221; radius=&#8217;0px&#8217; background_color=&#8221; src=&#8221; background_position=&#8217;top left&#8217; background_repeat=&#8217;no-repeat&#8217; animation=&#8221; av_uid=&#8217;av-a2v8aw6&#8242;]<\/p>\n<p>[av_textblock textblock_styling_align=&#8221; textblock_styling=&#8221; textblock_styling_gap=&#8221; textblock_styling_mobile=&#8221; size=&#8221; av-desktop-font-size=&#8221; av-medium-font-size=&#8221; av-small-font-size=&#8221; av-mini-font-size=&#8221; font_color=&#8221; color=&#8221; id=&#8221; custom_class=&#8221; template_class=&#8221; av_uid=&#8217;av-9da8v7q&#8217; sc_version=&#8217;1.0&#8242; admin_preview_bg=&#8221;]<\/p>\n<h1 style=\"text-align: center;\">Pilgrim + Klimat + Act<\/h1>\n<p style=\"text-align: center;\">Ett arbetsm\u00f6te f\u00f6r personer i f\u00f6rsamlingar och pastorat, som<br \/>\narbetar med eller \u00e4r intresserade av att b\u00f6rja med \u201dwalk for future\u201d-<br \/>\nvandringar eller liknande, samt f\u00f6r klimat- och pilgrimsansvariga i stiften.<\/p>\n<p style=\"text-align: center;\"><strong>Inst\u00e4llt<\/strong><\/p>\n<p>[\/av_textblock]<\/p>\n<p>[\/av_one_full][av_two_third first min_height=&#8221; vertical_alignment=&#8221; space=&#8221; custom_margin=&#8221; margin=&#8217;0px&#8217; padding=&#8217;0px&#8217; border=&#8221; border_color=&#8221; radius=&#8217;0px&#8217; background_color=&#8221; src=&#8221; background_position=&#8217;top left&#8217; background_repeat=&#8217;no-repeat&#8217; animation=&#8221; av_uid=&#8217;av-8u6j2cm&#8217;]<br \/>\n[av_textblock textblock_styling_align=&#8221; textblock_styling=&#8221; textblock_styling_gap=&#8221; textblock_styling_mobile=&#8221; size=&#8221; av-desktop-font-size=&#8221; av-medium-font-size=&#8221; av-small-font-size=&#8221; av-mini-font-size=&#8221; font_color=&#8221; color=&#8221; id=&#8221; custom_class=&#8221; template_class=&#8221; av_uid=&#8217;av-8mtvvye&#8217; sc_version=&#8217;1.0&#8242; admin_preview_bg=&#8221;]<br \/>\n<strong>M\u00e5lgrupp:<\/strong> F\u00f6rsamlingar och pastorat i V\u00e4ster\u00e5s, Str\u00e4ngn\u00e4s, Link\u00f6pings, Stockholms och Uppsala stift. Andra \u00e4r v\u00e4lkomna i m\u00e5n av plats.<\/p>\n<p><strong>Syfte:<\/strong> Arbetsm\u00f6tet syftar till att utforska hur vi kan st\u00e4rka kopplingen mellan pilgrimsvandring, klimatfr\u00e5gan och ACT fram till 2030, samt synligg\u00f6ra Svenska kyrkans engagemang f\u00f6r klimatet. Samt att allt fler f\u00f6rsamlingar engagerar sig f\u00f6r klimat och klimatr\u00e4ttvisa f\u00f6r varje \u00e5r fram till 2030.<\/p>\n<p>Vi kommer vara b\u00e5de ute och inne och ha b\u00e5de praktiska och teoretiska pass. Mer information kommer.<\/p>\n<p>Mer\u00a0<strong>info<\/strong> om kursen hittar du h\u00e4r: <a href=\"https:\/\/stiftsgardenrattvik.se\/wp-content\/uploads\/2023\/03\/Pilgrim-Klimat-ACT-folder.pdf\">Pilgrim + Klimat + ACT, folder<\/a><a href=\"https:\/\/stiftsgardenrattvik.se\/wp-content\/uploads\/2018\/01\/Program-baskurs-nya-kyrkv%C3%A4rdar.pdf\"><br \/>\n<\/a>F\u00f6r\u00a0<strong>fr\u00e5gor<\/strong>\u00a0\u00e4r du v\u00e4lkommen att kontakta oss p\u00e5\u00a0<a href=\"mailto:program@stiftsgardenrattvik.se\">program@stiftsgardenrattvik.se<\/a>\u00a0eller 010-160 80 00 vxl.<br \/>\nF\u00f6r\u00a0<strong>anm\u00e4lan<\/strong>\u00a0v\u00e4nligen fyll i formul\u00e4ret nedan s\u00e5 \u00e5terkommer vi s\u00e5 snart som m\u00f6jligt med besked om du f\u00e5tt plats.<br \/>\n[\/av_textblock]<br \/>\n[\/av_two_third]<\/p>\n<p>[av_one_third min_height=&#8221; vertical_alignment=&#8221; space=&#8221; custom_margin=&#8221; margin=&#8217;0px&#8217; padding=&#8217;0px&#8217; border=&#8221; border_color=&#8221; radius=&#8217;0px&#8217; background_color=&#8221; src=&#8221; background_position=&#8217;top left&#8217; background_repeat=&#8217;no-repeat&#8217; animation=&#8221; av_uid=&#8217;av-88uz19i&#8217;]<br \/>\n[av_image src=&#8217;https:\/\/stiftsgardenrattvik.se\/wp-content\/uploads\/2021\/10\/Lotta-sept13-416-scaled.jpg&#8217; attachment=&#8217;11171&#8242; attachment_size=&#8217;full&#8217; align=&#8217;center&#8217; styling=&#8221; hover=&#8221; link=&#8221; target=&#8221; caption=&#8221; font_size=&#8221; appearance=&#8221; overlay_opacity=&#8217;0.4&#8242; overlay_color=&#8217;#000000&#8242; overlay_text_color=&#8217;#ffffff&#8217; animation=&#8217;no-animation&#8217; av_uid=&#8217;av-7nct3d2&#8242;][\/av_image]<br \/>\n[\/av_one_third]<\/p>\n<p>[av_one_full first min_height=&#8221; vertical_alignment=&#8221; space=&#8221; custom_margin=&#8221; margin=&#8217;0px&#8217; padding=&#8217;0px&#8217; border=&#8221; border_color=&#8221; radius=&#8217;0px&#8217; background_color=&#8221; src=&#8221; background_position=&#8217;top left&#8217; background_repeat=&#8217;no-repeat&#8217; animation=&#8221; av_uid=&#8217;av-qexs12&#8242;]<br \/>\n[av_contact title=&#8217;G\u00f6r din anm\u00e4lan h\u00e4r!&#8217; button=&#8217;Skicka anm\u00e4lan!&#8217; on_send=&#8221; sent=&#8217;Tack f\u00f6r din anm\u00e4lan!&#8217; link=&#8217;manually,http:\/\/&#8217; captcha=&#8221; captcha_theme=&#8217;light&#8217; captcha_size=&#8217;normal&#8217; captcha_score=&#8217;0.5&#8242; email=&#8217;bokningen@stiftsgardenrattvik.se, bokningenstiftsgarden@gmail.com, &#8216; from_email=&#8221; subject=&#8217;Pilgrim + Klimat + ACT, 4-5\/10-23&#8217; autoresponder_email=&#8217;bokningen@stiftsgardenrattvik.se, bokningenstiftsgarden@gmail.com, &#8216; autoresponder_reply_to=&#8217;bokningen@stiftsgardenrattvik.se, bokningenstiftsgarden@gmail.com, &#8216; autoresponder_subject=&#8217;Anm\u00e4lan Pilgrim + Klimat + ACT 4-5\/10.&#8217; autorespond=&#8217;Hej och tack f\u00f6r din anm\u00e4lan till kursen Pilgrim + Klimat + ACT 4-5\/10-23. Vi tar hand om din anm\u00e4lan s\u00e5 snart vi kan och \u00e5terkommer till dig med besked om du f\u00e5tt plats. Har du n\u00e5gra fr\u00e5gor om kursen eller vill \u00e4ndra n\u00e5got i din anm\u00e4lan \u00e4r du v\u00e4lkommen att kontakta oss p\u00e5 010-160 80 01 eller bokningen@stiftsgardenrattvik.se. <\/p>\n<p>Med v\u00e4nliga h\u00e4lsningar,<br \/>\nStiftsg\u00e5rden R\u00e4ttvik&#8217; autorespond_after=&#8221; form_align=&#8221; color=&#8221; heading_tag=&#8221; heading_class=&#8221; alb_description=&#8221; id=&#8221; custom_class=&#8221; template_class=&#8221; aria_label=&#8221; av_uid=&#8217;av-6uto2iu&#8217; sc_version=&#8217;1.0&#8242; admin_preview_bg=&#8221;]<br \/>\n[av_contact_field label=&#8217;F\u00f6rnamn&#8217; type=&#8217;text&#8217; options=&#8221; check=&#8217;is_empty&#8217; width=&#8217;element_half&#8217; av_uid=&#8217;av-6115tdy&#8217; multi_select=&#8221; av_contact_preselect=&#8221; element_display=&#8221; headline_tag=&#8217;h3&#8242; sc_version=&#8217;1.0&#8242;][\/av_contact_field]<br \/>\n[av_contact_field label=&#8217;Efternamn&#8217; type=&#8217;text&#8217; options=&#8221; check=&#8217;is_empty&#8217; width=&#8217;element_half&#8217; av_uid=&#8217;av-k6wd3a&#8217; multi_select=&#8221; av_contact_preselect=&#8221; element_display=&#8221; headline_tag=&#8217;h3&#8242; sc_version=&#8217;1.0&#8242;][\/av_contact_field]<br \/>\n[av_contact_field label=&#8217;Postadress&#8217; type=&#8217;text&#8217; options=&#8221; check=&#8217;is_empty&#8217; width=&#8217;element_third&#8217; av_uid=&#8217;av-5ag9xxi&#8217; multi_select=&#8221; av_contact_preselect=&#8221; element_display=&#8221; headline_tag=&#8217;h3&#8242; sc_version=&#8217;1.0&#8242;][\/av_contact_field]<br \/>\n[av_contact_field label=&#8217;Postnummer&#8217; type=&#8217;text&#8217; options=&#8221; check=&#8217;is_empty&#8217; width=&#8217;element_third&#8217; av_uid=&#8217;av-4xcbmp2&#8242; multi_select=&#8221; av_contact_preselect=&#8221; element_display=&#8221; headline_tag=&#8217;h3&#8242; sc_version=&#8217;1.0&#8242;][\/av_contact_field]<br \/>\n[av_contact_field label=&#8217;Postort&#8217; type=&#8217;text&#8217; options=&#8221; check=&#8217;is_empty&#8217; width=&#8217;element_third&#8217; av_uid=&#8217;av-4h248h2&#8242; multi_select=&#8221; av_contact_preselect=&#8221; element_display=&#8221; headline_tag=&#8217;h3&#8242; sc_version=&#8217;1.0&#8242;][\/av_contact_field]<br \/>\n[av_contact_field label=&#8217;E-post&#8217; type=&#8217;text&#8217; options=&#8221; check=&#8217;is_email&#8217; width=&#8217;element_half&#8217; av_uid=&#8217;av-1eo87a&#8217; multi_select=&#8221; av_contact_preselect=&#8221; element_display=&#8221; headline_tag=&#8217;h3&#8242; sc_version=&#8217;1.0&#8242;][\/av_contact_field]<br \/>\n[av_contact_field label=&#8217;Telefonnummer&#8217; type=&#8217;text&#8217; options=&#8221; check=&#8217;is_empty&#8217; width=&#8217;element_half&#8217; av_uid=&#8217;av-3ch8xfq&#8217; multi_select=&#8221; av_contact_preselect=&#8221; element_display=&#8221; headline_tag=&#8217;h3&#8242; sc_version=&#8217;1.0&#8242;][\/av_contact_field]<br \/>\n[av_contact_field label=&#8217;\u00d6nskas logi JA\/NEJ (om JA v\u00e4lj alternativ nedan)&#8217; type=&#8217;text&#8217; options=&#8221; check=&#8217;is_empty&#8217; width=&#8221; av_uid=&#8217;av-309olie&#8217; multi_select=&#8221; av_contact_preselect=&#8221; element_display=&#8221; headline_tag=&#8217;h3&#8242; sc_version=&#8217;1.0&#8242;][\/av_contact_field]<br \/>\n[av_contact_field label=&#8217;Enkelrum med dusch &#038; wc&#8217; type=&#8217;checkbox&#8217; options=&#8221; check=&#8221; width=&#8217;element_third&#8217; av_uid=&#8217;av-2l07nba&#8217; multi_select=&#8221; av_contact_preselect=&#8221; element_display=&#8221; headline_tag=&#8217;h3&#8242; sc_version=&#8217;1.0&#8242;][\/av_contact_field]<br \/>\n[av_contact_field label=&#8217;Enkelrum med WC (dusch i korridor)&#8217; type=&#8217;checkbox&#8217; options=&#8221; check=&#8221; width=&#8217;element_third&#8217; av_uid=&#8217;av-26rjaau&#8217; multi_select=&#8221; av_contact_preselect=&#8221; element_display=&#8221; headline_tag=&#8217;h3&#8242; sc_version=&#8217;1.0&#8242;][\/av_contact_field]<br \/>\n[av_contact_field label=&#8217;Dubbelrum med dusch &#038; WC&#8217; type=&#8217;checkbox&#8217; options=&#8221; check=&#8221; width=&#8217;element_third&#8217; av_uid=&#8217;av-1feyr7q&#8217; multi_select=&#8221; av_contact_preselect=&#8221; element_display=&#8221; headline_tag=&#8217;h3&#8242; sc_version=&#8217;1.0&#8242;][\/av_contact_field]<br \/>\n[av_contact_field label=&#8217;Ev. faktureringsadress&#8217; type=&#8217;text&#8217; options=&#8221; check=&#8221; width=&#8221; av_uid=&#8217;av-13rvqhy&#8217; multi_select=&#8221; av_contact_preselect=&#8221; element_display=&#8221; headline_tag=&#8217;h3&#8242; sc_version=&#8217;1.0&#8242;][\/av_contact_field]<br \/>\n[av_contact_field label=&#8217;Allergier och behov av specialkost har \u00f6kat. Det \u00e4r viktigt att vi som lagar och serverar mat tar dessa behov p\u00e5 st\u00f6rsta allvar och skapar b\u00e4sta t\u00e4nkbara f\u00f6ruts\u00e4ttningar f\u00f6r att vi ska klara av att uppfylla kraven. D\u00e4rf\u00f6r har Stiftsg\u00e5rden i R\u00e4ttvik fr\u00e5n och med den 1 mars 2021 inf\u00f6rt tydligare regler n\u00e4r det g\u00e4ller specialkost. F\u00f6r att vi ska kunna s\u00e4kerst\u00e4lla och tillgodose behovet av specialkost beh\u00f6ver vi l\u00e4karintyg f\u00f6r ber\u00f6rd person. L\u00e4karintyget m\u00e5ste vara Stiftsg\u00e5rden tillhanda senast sju dagar innan ankomst f\u00f6r att vi ska kunna s\u00e4kerst\u00e4lla och tillgodose behovet. Vid f\u00f6rsta m\u00e5ltid m\u00e5ste den som har behov av specialkost anm\u00e4la sig till k\u00f6kspersonalen s\u00e5 att vi vet vem det g\u00e4ller. I enligt med GDPR sparas l\u00e4karintygen s\u00e5 l\u00e4nge det \u00e4r n\u00f6dv\u00e4ndigt f\u00f6r att uppfylla kraven. N\u00e4r ni skickar in ert l\u00e4karintyg medger ni samtidigt att era personuppgifter sparas enligt ovan. Ev. allergier\/ specialkost v\u00e4nligen fyll i nedan&#8217; type=&#8217;textarea&#8217; options=&#8221; check=&#8221; width=&#8221; multi_select=&#8221; av_uid=&#8217;av-ngd6qu&#8217; av_contact_preselect=&#8221; element_display=&#8221; headline_tag=&#8217;h3&#8242; sc_version=&#8217;1.0&#8242;][\/av_contact_field]<br \/>\n[\/av_contact]<br \/>\n[\/av_one_full]<\/p>\n","protected":false},"excerpt":{"rendered":"","protected":false},"author":1,"featured_media":0,"parent":0,"menu_order":0,"comment_status":"closed","ping_status":"closed","template":"","meta":{"footnotes":""},"class_list":["post-11174","page","type-page","status-publish","hentry"],"_links":{"self":[{"href":"https:\/\/www1.stiftsgardenrattvik.se\/index.php?rest_route=\/wp\/v2\/pages\/11174","targetHints":{"allow":["GET"]}}],"collection":[{"href":"https:\/\/www1.stiftsgardenrattvik.se\/index.php?rest_route=\/wp\/v2\/pages"}],"about":[{"href":"https:\/\/www1.stiftsgardenrattvik.se\/index.php?rest_route=\/wp\/v2\/types\/page"}],"author":[{"embeddable":true,"href":"https:\/\/www1.stiftsgardenrattvik.se\/index.php?rest_route=\/wp\/v2\/users\/1"}],"replies":[{"embeddable":true,"href":"https:\/\/www1.stiftsgardenrattvik.se\/index.php?rest_route=%2Fwp%2Fv2%2Fcomments&post=11174"}],"version-history":[{"count":13,"href":"https:\/\/www1.stiftsgardenrattvik.se\/index.php?rest_route=\/wp\/v2\/pages\/11174\/revisions"}],"predecessor-version":[{"id":13642,"href":"https:\/\/www1.stiftsgardenrattvik.se\/index.php?rest_route=\/wp\/v2\/pages\/11174\/revisions\/13642"}],"wp:attachment":[{"href":"https:\/\/www1.stiftsgardenrattvik.se\/index.php?rest_route=%2Fwp%2Fv2%2Fmedia&parent=11174"}],"curies":[{"name":"wp","href":"https:\/\/api.w.org\/{rel}","templated":true}]}}