{"id":11577,"date":"2022-01-29T13:12:56","date_gmt":"2022-01-29T12:12:56","guid":{"rendered":"https:\/\/stiftsgardenrattvik.se\/?page_id=11577"},"modified":"2024-01-10T17:53:17","modified_gmt":"2024-01-10T16:53:17","slug":"projekt","status":"publish","type":"page","link":"https:\/\/www1.stiftsgardenrattvik.se\/?page_id=11577","title":{"rendered":"Projekt"},"content":{"rendered":"<p>[av_one_full first min_height=&#8221; vertical_alignment=&#8221; space=&#8221; custom_margin=&#8221; margin=&#8217;0px&#8217; padding=&#8217;0px&#8217; border=&#8221; border_color=&#8221; radius=&#8217;0px&#8217; background_color=&#8221; src=&#8221; background_position=&#8217;top left&#8217; background_repeat=&#8217;no-repeat&#8217; animation=&#8221; av_uid=&#8217;av-3jwif7d&#8217;]<br \/>\n[av_textblock textblock_styling_align=&#8221; textblock_styling=&#8221; textblock_styling_gap=&#8221; textblock_styling_mobile=&#8221; size=&#8221; av-desktop-font-size=&#8221; av-medium-font-size=&#8221; av-small-font-size=&#8221; av-mini-font-size=&#8221; font_color=&#8221; color=&#8221; id=&#8221; custom_class=&#8221; template_class=&#8221; av_uid=&#8217;av-ah47i1&#8242; sc_version=&#8217;1.0&#8242; admin_preview_bg=&#8221;]<\/p>\n<h1 style=\"text-align: center;\"><strong>Kurser och projekt<\/strong><\/h1>\n<p>[\/av_textblock]<br \/>\n[\/av_one_full]<\/p>\n<p>[av_two_third first min_height=&#8221; vertical_alignment=&#8221; space=&#8221; custom_margin=&#8221; margin=&#8217;0px&#8217; padding=&#8217;0px&#8217; border=&#8221; border_color=&#8221; radius=&#8217;0px&#8217; background_color=&#8221; src=&#8221; background_position=&#8217;top left&#8217; background_repeat=&#8217;no-repeat&#8217; animation=&#8221; av_uid=&#8217;av-2faotll&#8217;]<\/p>\n<p>[av_textblock textblock_styling_align=&#8221; textblock_styling=&#8221; textblock_styling_gap=&#8221; textblock_styling_mobile=&#8221; size=&#8221; av-desktop-font-size=&#8221; av-medium-font-size=&#8221; av-small-font-size=&#8221; av-mini-font-size=&#8221; font_color=&#8221; color=&#8221; id=&#8221; custom_class=&#8221; template_class=&#8221; av_uid=&#8217;av-22vokm1&#8242; sc_version=&#8217;1.0&#8242; admin_preview_bg=&#8221;]<br \/>\nStiftsg\u00e5rden R\u00e4ttvik har ambitionen att lyfta milj\u00f6- och h\u00e5llbarhetsaspekter i all kurs- och l\u00e4gerverksamhet, och d\u00e5 framf\u00f6r allt klimatkrisens andliga och existentiella fr\u00e5gor och hur vi agerar relaterat till skapelsen. Ekoteologi \u00e4r ett centralt begrepp, men \u00e4ven att knyta samman pilgrimsvandring, klimatfr\u00e5gor och Act:s arbete f\u00f6r klimatr\u00e4ttvisa.<\/p>\n<p><strong>Kurser<\/strong><br \/>\nAlla kursinbjudningar presenteras p\u00e5 hemsidan: <a href=\"https:\/\/stiftsgardenrattvik.se\/kurser\/\">https:\/\/stiftsgardenrattvik.se\/kurser\/<\/a><\/p>\n<p><strong>Projekt<\/strong><em><strong><br \/>\n<\/strong><\/em><em>\u201dV\u00e4rderingsf\u00f6r\u00e4ndring och klimatkrisens andliga och existentiella aspekter\u201d.<\/em><em><br \/>\n<\/em>Ett projekt inom Svenska Kyrkans f\u00e4rdplan f\u00f6r klimatet.<\/p>\n<p>Stiftsg\u00e5rden R\u00e4ttvik tog initiativ till projektet. En f\u00f6rstudie gjordes under 2021 &#8211; februari 2022 med syftet att skapa ett n\u00e4tverk och arbeta fram en modell f\u00f6r reflektion kring klimatkrisens andliga och existentiella aspekter. I steg 2, som genomf\u00f6rdes 2022-2023, omsattes modellen i praktiken i samarbete med det n\u00e4tverk som hade skapats och nya tillkommande akt\u00f6rer. Kurser och aktiviteter skapades inom \u201dv\u00e4gen intellekt och nya kunskaper\u201d (teori), \u201dupplevelsev\u00e4gen\u201d (praktik) och korsv\u00e4gar mellan de b\u00e5da.<\/p>\n<p>Inom ramen f\u00f6r projektet erbj\u00f6ds bl a utbildningar f\u00f6r regionala och lokala akt\u00f6rer, som sedan fick i uppdrag att lyfta fr\u00e5gorna vidare i sina respektive sammanhang. Flera av dessa utbildningar forts\u00e4tter att genomf\u00f6ras efter projektets slut.<\/p>\n<p><em>\u201dH\u00e5llbara m\u00e5ltider\u201d<br \/>\n<\/em>Stiftsg\u00e5rden R\u00e4ttvik har medverkat i G\u00f6teborgs stifts projekt inom Svenska Kyrkans f\u00e4rdplan f\u00f6r klimatet under 2022-2023 och d\u00e5 bl a erh\u00e5llit utbildning och certifiering i <em>One Planet Plate<\/em> <a href=\"https:\/\/www.wwf.se\/mat-och-jordbruk\/one-planet-plate\/#om-one-planet-plate\">https:\/\/www.wwf.se\/mat-och-jordbruk\/one-planet-plate\/#om-one-planet-plate<\/a><\/p>\n<p><strong>Kontakt<br \/>\n<\/strong>Pontus Gunnarsson, f\u00f6rest\u00e5ndare Stiftsg\u00e5rden R\u00e4ttvik,\u00a0<a href=\"mailto:pontus.gunnarsson@svenskakyrkan.se\">pontus.gunnarsson@svenskakyrkan.se<\/a><br \/>\n[\/av_textblock]<\/p>\n<p>[\/av_two_third][av_one_third min_height=&#8221; vertical_alignment=&#8221; space=&#8221; custom_margin=&#8221; margin=&#8217;0px&#8217; padding=&#8217;0px&#8217; border=&#8221; border_color=&#8221; radius=&#8217;0px&#8217; background_color=&#8221; src=&#8221; background_position=&#8217;top left&#8217; background_repeat=&#8217;no-repeat&#8217; animation=&#8221; av_uid=&#8217;av-1qlfsgp&#8217;]<br \/>\n[av_hr class=&#8217;invisible&#8217; height=&#8217;50&#8217; shadow=&#8217;no-shadow&#8217; position=&#8217;center&#8217; custom_border=&#8217;av-border-thin&#8217; custom_width=&#8217;50px&#8217; custom_border_color=&#8221; custom_margin_top=&#8217;30px&#8217; custom_margin_bottom=&#8217;30px&#8217; icon_select=&#8217;yes&#8217; custom_icon_color=&#8221; icon=&#8217;ue808&#8242; font=&#8217;entypo-fontello&#8217; av_uid=&#8217;av-1dfkw3d&#8217;]<\/p>\n<p>[av_image src=&#8217;https:\/\/stiftsgardenrattvik.se\/wp-content\/uploads\/2022\/01\/avenue-2215317_1920.jpg&#8217; attachment=&#8217;11578&#8242; attachment_size=&#8217;full&#8217; align=&#8217;center&#8217; styling=&#8221; hover=&#8221; link=&#8221; target=&#8221; caption=&#8221; font_size=&#8221; appearance=&#8221; overlay_opacity=&#8217;0.4&#8242; overlay_color=&#8217;#000000&#8242; overlay_text_color=&#8217;#ffffff&#8217; animation=&#8217;no-animation&#8217; av_uid=&#8217;av-26ybqx&#8217;][\/av_image]<br \/>\n[\/av_one_third]<\/p>\n","protected":false},"excerpt":{"rendered":"","protected":false},"author":1,"featured_media":0,"parent":0,"menu_order":0,"comment_status":"closed","ping_status":"closed","template":"","meta":{"footnotes":""},"class_list":["post-11577","page","type-page","status-publish","hentry"],"_links":{"self":[{"href":"https:\/\/www1.stiftsgardenrattvik.se\/index.php?rest_route=\/wp\/v2\/pages\/11577","targetHints":{"allow":["GET"]}}],"collection":[{"href":"https:\/\/www1.stiftsgardenrattvik.se\/index.php?rest_route=\/wp\/v2\/pages"}],"about":[{"href":"https:\/\/www1.stiftsgardenrattvik.se\/index.php?rest_route=\/wp\/v2\/types\/page"}],"author":[{"embeddable":true,"href":"https:\/\/www1.stiftsgardenrattvik.se\/index.php?rest_route=\/wp\/v2\/users\/1"}],"replies":[{"embeddable":true,"href":"https:\/\/www1.stiftsgardenrattvik.se\/index.php?rest_route=%2Fwp%2Fv2%2Fcomments&post=11577"}],"version-history":[{"count":7,"href":"https:\/\/www1.stiftsgardenrattvik.se\/index.php?rest_route=\/wp\/v2\/pages\/11577\/revisions"}],"predecessor-version":[{"id":13992,"href":"https:\/\/www1.stiftsgardenrattvik.se\/index.php?rest_route=\/wp\/v2\/pages\/11577\/revisions\/13992"}],"wp:attachment":[{"href":"https:\/\/www1.stiftsgardenrattvik.se\/index.php?rest_route=%2Fwp%2Fv2%2Fmedia&parent=11577"}],"curies":[{"name":"wp","href":"https:\/\/api.w.org\/{rel}","templated":true}]}}