{"id":11598,"date":"2022-02-04T11:13:48","date_gmt":"2022-02-04T10:13:48","guid":{"rendered":"https:\/\/stiftsgardenrattvik.se\/?page_id=11598"},"modified":"2022-05-01T10:38:08","modified_gmt":"2022-05-01T08:38:08","slug":"satta-fart-lager","status":"publish","type":"page","link":"https:\/\/www1.stiftsgardenrattvik.se\/?page_id=11598","title":{"rendered":"S\u00e4tta fart-l\u00e4ger"},"content":{"rendered":"<p>[av_textblock size=&#8217;20&#8217; font_color=&#8221; color=&#8221;]<\/p>\n<h1 style=\"text-align: center;\">S\u00e4tta fart-l\u00e4ger<\/h1>\n<h3 style=\"text-align: center;\"><em>&#8220;Du ska inte tro det blir sommar ifall inte n\u00e5n s\u00e4tter fart&#8221;<\/em><\/h3>\n<p style=\"text-align: center;\"><strong>20-22 maj 2022<\/strong><\/p>\n<p>[\/av_textblock]<\/p>\n<p>[av_one_half first min_height=&#8217;av-equal-height-column&#8217; vertical_alignment=&#8217;av-align-top&#8217; space=&#8221; margin=&#8217;0px&#8217; margin_sync=&#8217;true&#8217; padding=&#8217;0px&#8217; padding_sync=&#8217;true&#8217; border=&#8221; border_color=&#8221; radius=&#8217;0px&#8217; radius_sync=&#8217;true&#8217; background_color=&#8221; src=&#8221; attachment=&#8221; attachment_size=&#8221; background_position=&#8217;top left&#8217; background_repeat=&#8217;no-repeat&#8217; animation=&#8221;]<br \/>\n[av_image src=&#8217;https:\/\/stiftsgardenrattvik.se\/wp-content\/uploads\/2022\/02\/sommartjejer.jpg&#8217; attachment=&#8217;11601&#8242; attachment_size=&#8217;full&#8217; align=&#8217;center&#8217; styling=&#8221; hover=&#8221; link=&#8221; target=&#8221; caption=&#8217;yes&#8217; font_size=&#8221; appearance=&#8217;on-hover&#8217; overlay_opacity=&#8217;0.2&#8242; overlay_color=&#8217;#000000&#8242; overlay_text_color=&#8217;#ffffff&#8217; animation=&#8217;no-animation&#8217;]<br \/>\nFoto: Volont\u00e4rer<br \/>\nSyntolkning: Tv\u00e5 tjejer ligger i gr\u00e4set p\u00e5 en sommar\u00e4ng<br \/>\n[\/av_image]<br \/>\n[\/av_one_half]<\/p>\n<p>[av_one_half min_height=&#8221; vertical_alignment=&#8217;av-align-top&#8217; space=&#8221; margin=&#8217;0px&#8217; margin_sync=&#8217;true&#8217; padding=&#8217;0px&#8217; padding_sync=&#8217;true&#8217; border=&#8221; border_color=&#8221; radius=&#8217;0px&#8217; radius_sync=&#8217;true&#8217; background_color=&#8221; src=&#8221; attachment=&#8221; attachment_size=&#8221; background_position=&#8217;top left&#8217; background_repeat=&#8217;no-repeat&#8217; animation=&#8221;]<br \/>\n[av_textblock size=&#8221; font_color=&#8221; color=&#8221;]<\/p>\n<h6>Kom och hj\u00e4lp till att s\u00e4tta fart p\u00e5 stiftsg\u00e5rdssommaren. M\u00e5nga h\u00e4nder beh\u00f6vs men ocks\u00e5 aktiviteter som f\u00e5r ig\u00e5ng stiftsg\u00e5rdssommark\u00e4nslan.<\/h6>\n<p>Du \u00e4r viktig i \u00e5rets insats f\u00f6r att det ska bli en riktig sommar p\u00e5 stiftsg\u00e5rden. Det h\u00e4r \u00e4r det b\u00e4sta du kan g\u00f6ra tycker vi! En chans f\u00e5 g\u00f6ra nytta och ha roligt en h\u00e4rlig helg i maj tillsammans med flera andra stiftsg\u00e5rdare. Missa inte!<\/p>\n<p>Vi laddar p\u00e5 med v\u00e4rsta l\u00e4gerst\u00e4mningen samtidigt som vi ser till att tr\u00e4dg\u00e5rden, stranden och blomsterl\u00e5dorna, b\u00e4nkar, s\u00e5ngr\u00f6ster, musikblad, spel mm blir fix och f\u00e4rdiga f\u00f6r stiftsg\u00e5rdssommar.<\/p>\n<p>L\u00e4grets uppl\u00e4gg \u00e4r enkelt: jobba och fixa s\u00e5 att l\u00e4gerst\u00e4mning och v\u00e5r milj\u00f6 p\u00e5 stiftsg\u00e5rden st\u00e4lls iordning inf\u00f6r sommaren. Jobba tills det g\u00f6r ont i fingrarna eller f\u00f6rbered chilla l\u00e4geraktiviteter.<\/p>\n<p>Ena halva dagen tr\u00e4dg\u00e5rd, milj\u00f6 och f\u00f6rberedelse f\u00f6r l\u00e4geraktiviteter p\u00e5 Stiftsg\u00e5rden.<\/p>\n<p>Andar halvan av dagen och kv\u00e4llen har vi l\u00e4geraktiviteter f\u00f6r oss sj\u00e4lva, massor med musik och s\u00e5ng, film, spel, l\u00e4gereld, bad och bastu, pilgrimsbana eller annat vi vill g\u00f6ra f\u00f6r att s\u00e4tta fart p\u00e5 stiftsg\u00e5rdssommaren.<\/p>\n<p>Kostnad: <strong>Gratis &amp; reseers\u00e4ttning upp till 750 kr<\/strong><br \/>\nBoende: <strong>L\u00e4gerg\u00e5rd<br \/>\n<\/strong>F\u00f6r mer information: <strong><a href=\"mailto:program@stiftsgardenrattvik.se\">program@stiftsgardenrattvik.se<\/a><\/strong><br \/>\n[\/av_textblock]<br \/>\n[\/av_one_half]<\/p>\n<p>[av_hr class=&#8217;default&#8217; height=&#8217;50&#8217; shadow=&#8217;no-shadow&#8217; position=&#8217;center&#8217; custom_border=&#8217;av-border-thin&#8217; custom_width=&#8217;50px&#8217; custom_border_color=&#8221; custom_margin_top=&#8217;30px&#8217; custom_margin_bottom=&#8217;30px&#8217; icon_select=&#8217;yes&#8217; custom_icon_color=&#8221; icon=&#8217;ue808&#8242;]<\/p>\n<p>[av_one_full first min_height=&#8221; vertical_alignment=&#8221; space=&#8221; custom_margin=&#8221; margin=&#8217;0px&#8217; padding=&#8217;0px&#8217; border=&#8221; border_color=&#8221; radius=&#8217;0px&#8217; background_color=&#8221; src=&#8221; background_position=&#8217;top left&#8217; background_repeat=&#8217;no-repeat&#8217; animation=&#8221;]<\/p>\n<p>[av_textblock size=&#8217;18&#8217; font_color=&#8221; color=&#8221;]<\/p>\n<p style=\"text-align: center;\">Anm\u00e4lan sker genom helgarformul\u00e4ret. Skriv &#8220;S\u00e4tta fart-l\u00e4ger&#8221; under &#8220;Datum du vill helga&#8221;<\/p>\n<p>[\/av_textblock]<\/p>\n<p>[av_button_big label=&#8217;Anm\u00e4lan&#8217; description_pos=&#8217;below&#8217; link=&#8217;manually,https:\/\/docs.google.com\/forms\/d\/e\/1FAIpQLSfhCrbgXsdmTikjAY1FZrZSZyWTesytKcOnNS9CSS_lZ1I-cg\/viewform&#8217; link_target=&#8221; icon_select=&#8217;no&#8217; icon=&#8217;ue800&#8242; font=&#8217;entypo-fontello&#8217; custom_font=&#8217;#ffffff&#8217; color=&#8217;theme-color&#8217; custom_bg=&#8217;#444444&#8242; color_hover=&#8217;theme-color-subtle&#8217; custom_bg_hover=&#8217;#444444&#8242;][\/av_button_big]<\/p>\n<p>[\/av_one_full][av_hr class=&#8217;invisible&#8217; height=&#8217;100&#8242; shadow=&#8217;no-shadow&#8217; position=&#8217;center&#8217; custom_border=&#8217;av-border-thin&#8217; custom_width=&#8217;50px&#8217; custom_border_color=&#8221; custom_margin_top=&#8217;30px&#8217; custom_margin_bottom=&#8217;30px&#8217; icon_select=&#8217;yes&#8217; custom_icon_color=&#8221; icon=&#8217;ue808&#8242; font=&#8217;entypo-fontello&#8217;]<\/p>\n","protected":false},"excerpt":{"rendered":"<p>[av_textblock size=&#8217;20&#8217; font_color=&#8221; color=&#8221;] S\u00e4tta fart-l\u00e4ger &#8220;Du ska inte tro det blir sommar ifall inte n\u00e5n s\u00e4tter fart&#8221; 20-22 maj 2022 [\/av_textblock] [av_one_half first min_height=&#8217;av-equal-height-column&#8217; vertical_alignment=&#8217;av-align-top&#8217; space=&#8221; margin=&#8217;0px&#8217; margin_sync=&#8217;true&#8217; padding=&#8217;0px&#8217; padding_sync=&#8217;true&#8217; border=&#8221; border_color=&#8221; radius=&#8217;0px&#8217; radius_sync=&#8217;true&#8217; background_color=&#8221; src=&#8221; attachment=&#8221; attachment_size=&#8221; background_position=&#8217;top left&#8217; background_repeat=&#8217;no-repeat&#8217; animation=&#8221;] [av_image src=&#8217;https:\/\/stiftsgardenrattvik.se\/wp-content\/uploads\/2022\/02\/sommartjejer.jpg&#8217; attachment=&#8217;11601&#8242; attachment_size=&#8217;full&#8217; align=&#8217;center&#8217; styling=&#8221; hover=&#8221; link=&#8221; target=&#8221; caption=&#8217;yes&#8217; font_size=&#8221; appearance=&#8217;on-hover&#8217; [&hellip;]<\/p>\n","protected":false},"author":1,"featured_media":0,"parent":0,"menu_order":0,"comment_status":"closed","ping_status":"closed","template":"","meta":{"footnotes":""},"class_list":["post-11598","page","type-page","status-publish","hentry"],"_links":{"self":[{"href":"https:\/\/www1.stiftsgardenrattvik.se\/index.php?rest_route=\/wp\/v2\/pages\/11598","targetHints":{"allow":["GET"]}}],"collection":[{"href":"https:\/\/www1.stiftsgardenrattvik.se\/index.php?rest_route=\/wp\/v2\/pages"}],"about":[{"href":"https:\/\/www1.stiftsgardenrattvik.se\/index.php?rest_route=\/wp\/v2\/types\/page"}],"author":[{"embeddable":true,"href":"https:\/\/www1.stiftsgardenrattvik.se\/index.php?rest_route=\/wp\/v2\/users\/1"}],"replies":[{"embeddable":true,"href":"https:\/\/www1.stiftsgardenrattvik.se\/index.php?rest_route=%2Fwp%2Fv2%2Fcomments&post=11598"}],"version-history":[{"count":19,"href":"https:\/\/www1.stiftsgardenrattvik.se\/index.php?rest_route=\/wp\/v2\/pages\/11598\/revisions"}],"predecessor-version":[{"id":11841,"href":"https:\/\/www1.stiftsgardenrattvik.se\/index.php?rest_route=\/wp\/v2\/pages\/11598\/revisions\/11841"}],"wp:attachment":[{"href":"https:\/\/www1.stiftsgardenrattvik.se\/index.php?rest_route=%2Fwp%2Fv2%2Fmedia&parent=11598"}],"curies":[{"name":"wp","href":"https:\/\/api.w.org\/{rel}","templated":true}]}}