{"id":11673,"date":"2022-03-04T11:27:34","date_gmt":"2022-03-04T10:27:34","guid":{"rendered":"https:\/\/stiftsgardenrattvik.se\/?page_id=11673"},"modified":"2023-10-04T15:36:26","modified_gmt":"2023-10-04T13:36:26","slug":"jubla","status":"publish","type":"page","link":"https:\/\/www1.stiftsgardenrattvik.se\/?page_id=11673","title":{"rendered":"Jubileum"},"content":{"rendered":"<p>[av_one_full first min_height=&#8221; vertical_alignment=&#8217;av-align-top&#8217; space=&#8217;no_margin&#8217; margin=&#8217;0px&#8217; margin_sync=&#8217;true&#8217; padding=&#8217;0px&#8217; padding_sync=&#8217;true&#8217; border=&#8221; border_color=&#8221; radius=&#8217;0px&#8217; radius_sync=&#8217;true&#8217; background_color=&#8221; src=&#8221; attachment=&#8221; attachment_size=&#8221; background_position=&#8217;top left&#8217; background_repeat=&#8217;no-repeat&#8217; animation=&#8221; av_uid=&#8217;av-8uoe2vt&#8217;]<br \/>\n[av_textblock size=&#8221; font_color=&#8221; color=&#8221; av_uid=&#8217;av-8dljqgp&#8217;]<br \/>\n<img loading=\"lazy\" decoding=\"async\" class=\"size-full wp-image-12163 aligncenter\" src=\"https:\/\/stiftsgardenrattvik.se\/wp-content\/uploads\/2022\/10\/Jubla-logga-ht-2022.jpg\" alt=\"\" width=\"732\" height=\"765\" srcset=\"https:\/\/www1.stiftsgardenrattvik.se\/wp-content\/uploads\/2022\/10\/Jubla-logga-ht-2022.jpg 732w, https:\/\/www1.stiftsgardenrattvik.se\/wp-content\/uploads\/2022\/10\/Jubla-logga-ht-2022-287x300.jpg 287w, https:\/\/www1.stiftsgardenrattvik.se\/wp-content\/uploads\/2022\/10\/Jubla-logga-ht-2022-675x705.jpg 675w, https:\/\/www1.stiftsgardenrattvik.se\/wp-content\/uploads\/2022\/10\/Jubla-logga-ht-2022-450x470.jpg 450w\" sizes=\"auto, (max-width: 732px) 100vw, 732px\" \/><br \/>\n[\/av_textblock]<br \/>\n[\/av_one_full]<\/p>\n<p>[av_two_third first min_height=&#8221; vertical_alignment=&#8221; space=&#8221; custom_margin=&#8221; margin=&#8217;0px&#8217; padding=&#8217;0px&#8217; border=&#8221; border_color=&#8221; radius=&#8217;0px&#8217; background_color=&#8221; src=&#8221; background_position=&#8217;top left&#8217; background_repeat=&#8217;no-repeat&#8217; animation=&#8221; av_uid=&#8217;av-87h0rzt&#8217;]<br \/>\n[av_textblock size=&#8221; font_color=&#8221; color=&#8221; av_uid=&#8217;av-7envo6x&#8217;]<\/p>\n<h1 style=\"text-align: center;\" data-inline=\"padding: 0px;color: rgb(204, 51, 51);font-size: 21px;font-family: Montserrat, sans-serif;font-weight: 700;text-align: start;list-style-position: outside;line-height:130%; line-height: 1.3;margin: 0 0 10px\"><span style=\"color: #cc3333;\"><strong>JUBILEUMSINSAMLING<\/strong><\/span><\/h1>\n<p data-inline=\"padding: 0px;color: rgb(67, 67, 67);font-size: 14px;font-family: Arial, sans-serif;font-weight: 400;text-align: start;list-style-position: outside;line-height:170%; line-height: 1.7;margin: 0 0 10px\">Barn och unga ska ha en framtid. Stiftsg\u00e5rden R\u00e4ttvik vill bidra till klimatomst\u00e4llningen och skapa lokalproducerad el. Sk\u00e4nk ett bidrag till v\u00e5r jubileumsinsamling f\u00f6r en klimatsmart solcellsanl\u00e4ggning p\u00e5 Stiftsg\u00e5rden.<\/p>\n<p style=\"text-align: center;\" data-inline=\"padding: 0px;color: rgb(67, 67, 67);font-size: 14px;font-family: Arial, sans-serif;font-weight: 400;text-align: center;list-style-position: outside;line-height:170%; line-height: 1.7;margin: 0 0 10px\"><strong><span style=\"color: #cc3333;\">S\u00e4tt in ditt bidrag h\u00e4r:\u00a0<\/span><\/strong><br \/>\nSwish 123 037 60 61<br \/>\neller Bankgiro 470-0050<br \/>\nInget bidrag \u00e4r f\u00f6r litet eller f\u00f6r stort.<\/p>\n<p data-inline=\"padding: 0px;color: rgb(67, 67, 67);font-size: 14px;font-family: Arial, sans-serif;font-weight: 400;text-align: start;list-style-position: outside;line-height:170%; line-height: 1.7;margin: 0 0 10px\">F\u00f6r alla som bidrar med minst 500 kr och bifogar sitt eget namn eller namnet p\u00e5 n\u00e5gon som ska uppm\u00e4rksammas publicerar vi namnet p\u00e5 v\u00e5r soltavla. M\u00e4rk betalningen <em><strong><span style=\"color: #cc3333;\">\u201dsol\u201d<\/span><\/strong><\/em> och skriv namnet vid din inbetalning. Ta med dina v\u00e4nner, gamla och nya f\u00f6r att uppleva Stiftsg\u00e5rden.<\/p>\n<p>[\/av_textblock]<br \/>\n[\/av_two_third]<\/p>\n<p>[av_one_third min_height=&#8221; vertical_alignment=&#8221; space=&#8221; custom_margin=&#8221; margin=&#8217;0px&#8217; padding=&#8217;0px&#8217; border=&#8221; border_color=&#8221; radius=&#8217;0px&#8217; background_color=&#8221; src=&#8221; background_position=&#8217;top left&#8217; background_repeat=&#8217;no-repeat&#8217; animation=&#8221; av_uid=&#8217;av-744mjuh&#8217;]<br \/>\n[av_image src=&#8217;https:\/\/stiftsgardenrattvik.se\/wp-content\/uploads\/2022\/10\/qr.png&#8217; attachment=&#8217;12164&#8242; attachment_size=&#8217;full&#8217; align=&#8217;center&#8217; styling=&#8221; hover=&#8221; link=&#8221; target=&#8221; caption=&#8221; font_size=&#8221; appearance=&#8221; overlay_opacity=&#8217;0.4&#8242; overlay_color=&#8217;#000000&#8242; overlay_text_color=&#8217;#ffffff&#8217; animation=&#8217;no-animation&#8217; av_uid=&#8217;av-6ltd9p5&#8242;][\/av_image]<br \/>\n[\/av_one_third]<\/p>\n<p>[av_one_full first min_height=&#8221; vertical_alignment=&#8221; space=&#8221; custom_margin=&#8221; margin=&#8217;0px&#8217; padding=&#8217;0px&#8217; border=&#8221; border_color=&#8221; radius=&#8217;0px&#8217; background_color=&#8221; src=&#8221; background_position=&#8217;top left&#8217; background_repeat=&#8217;no-repeat&#8217; animation=&#8221; av_uid=&#8217;av-64n91g9&#8242;]<br \/>\n[av_textblock size=&#8221; font_color=&#8221; color=&#8217;#cc3333&#8242; av_uid=&#8217;av-ldnapl&#8217;]<\/p>\n<h1 style=\"text-align: center;\"><strong>UTST\u00c4LLNING I LINDESBERGSRUMMET<\/strong><\/h1>\n<p>Vi firar v\u00e5rt 70-80 \u00e5rs jubileum med en utst\u00e4llning om v\u00e5r historia h\u00e4r p\u00e5 Stiftsg\u00e5rden. Den hittar du p\u00e5 andra v\u00e5ningen i hotellet l\u00e4ngst bort vid rummen i serie 50\u2013talet.<\/p>\n<p>En sp\u00e4nnande och utf\u00f6rlig ber\u00e4ttelse med bilder, tidningsklipp och material fr\u00e5n h\u00e4ndelser, personer och aktiviteter under Stiftsg\u00e5rdens olika tidsperioder.<\/p>\n<p>Utst\u00e4llningen \u00e4r sammanst\u00e4lld av Margareta \u201dDetan\u201d Barkewall Lindborg som varit h\u00e4r p\u00e5 Stiftsg\u00e5rden sedan 50-talet.<br \/>\n[\/av_textblock]<br \/>\n[\/av_one_full]<\/p>\n<p>[av_one_full first min_height=&#8221; vertical_alignment=&#8221; space=&#8221; custom_margin=&#8221; margin=&#8217;0px&#8217; padding=&#8217;0px&#8217; border=&#8221; border_color=&#8221; radius=&#8217;0px&#8217; background_color=&#8221; src=&#8221; background_position=&#8217;top left&#8217; background_repeat=&#8217;no-repeat&#8217; animation=&#8221; av_uid=&#8221;]<\/p>\n<p>[av_textblock textblock_styling_align=&#8221; textblock_styling=&#8221; textblock_styling_gap=&#8221; textblock_styling_mobile=&#8221; size=&#8221; av-desktop-font-size=&#8221; av-medium-font-size=&#8221; av-small-font-size=&#8221; av-mini-font-size=&#8221; font_color=&#8221; color=&#8217;#cc3333&#8242; id=&#8221; custom_class=&#8221; template_class=&#8221; av_uid=&#8217;av-lnbsg8ca&#8217; sc_version=&#8217;1.0&#8242; admin_preview_bg=&#8221;]<\/p>\n<h1 style=\"text-align: center;\"><strong>Ber\u00e4ttelser fr\u00e5n Stiftsg\u00e5rden<\/strong><\/h1>\n<p>[\/av_textblock]<\/p>\n<p>[av_button label=&#8217;L\u00e4s mer h\u00e4r!&#8217; icon_select=&#8217;yes&#8217; icon=&#8217;ue84f&#8217; font=&#8217;entypo-fontello&#8217; link=&#8217;manually,https:\/\/stiftsgardenrattvik.se\/berattelser\/&#8217; link_target=&#8221; size=&#8217;small&#8217; position=&#8217;center&#8217; label_display=&#8221; title_attr=&#8221; size-text=&#8221; av-desktop-font-size-text=&#8221; av-medium-font-size-text=&#8221; av-small-font-size-text=&#8221; av-mini-font-size-text=&#8221; margin=&#8221; margin_sync=&#8217;true&#8217; padding=&#8221; padding_sync=&#8217;true&#8217; av-desktop-margin=&#8221; av-desktop-margin_sync=&#8217;true&#8217; av-desktop-padding=&#8221; av-desktop-padding_sync=&#8217;true&#8217; av-medium-margin=&#8221; av-medium-margin_sync=&#8217;true&#8217; av-medium-padding=&#8221; av-medium-padding_sync=&#8217;true&#8217; av-small-margin=&#8221; av-small-margin_sync=&#8217;true&#8217; av-small-padding=&#8221; av-small-padding_sync=&#8217;true&#8217; av-mini-margin=&#8221; av-mini-margin_sync=&#8217;true&#8217; av-mini-padding=&#8221; av-mini-padding_sync=&#8217;true&#8217; color_options=&#8221; color=&#8217;theme-color&#8217; custom_bg=&#8217;#444444&#8242; custom_font=&#8217;#ffffff&#8217; btn_color_bg=&#8217;theme-color&#8217; btn_custom_grad_direction=&#8217;vertical&#8217; btn_custom_grad_1=&#8217;#000000&#8242; btn_custom_grad_2=&#8217;#ffffff&#8217; btn_custom_grad_3=&#8221; btn_custom_grad_opacity=&#8217;0.7&#8242; btn_custom_bg=&#8217;#444444&#8242; btn_color_bg_hover=&#8217;theme-color-highlight&#8217; btn_custom_bg_hover=&#8217;#444444&#8242; btn_color_font=&#8217;theme-color&#8217; btn_custom_font=&#8217;#ffffff&#8217; btn_color_font_hover=&#8217;white&#8217; btn_custom_font_hover=&#8217;#ffffff&#8217; border=&#8221; border_width=&#8221; border_width_sync=&#8217;true&#8217; border_color=&#8221; border_radius=&#8221; border_radius_sync=&#8217;true&#8217; box_shadow=&#8221; box_shadow_style=&#8217;0px,0px,0px,0px&#8217; box_shadow_color=&#8221; animation=&#8221; animation_duration=&#8221; animation_custom_bg_color=&#8221; animation_z_index_curtain=&#8217;100&#8242; hover_opacity=&#8221; sonar_effect_effect=&#8221; sonar_effect_color=&#8221; sonar_effect_duration=&#8217;1&#8242; sonar_effect_scale=&#8221; sonar_effect_opac=&#8217;0.5&#8242; css_position=&#8221; css_position_location=&#8217;,,,&#8217; css_position_z_index=&#8221; av-desktop-css_position=&#8221; av-desktop-css_position_location=&#8217;,,,&#8217; av-desktop-css_position_z_index=&#8221; av-medium-css_position=&#8221; av-medium-css_position_location=&#8217;,,,&#8217; av-medium-css_position_z_index=&#8221; av-small-css_position=&#8221; av-small-css_position_location=&#8217;,,,&#8217; av-small-css_position_z_index=&#8221; av-mini-css_position=&#8221; av-mini-css_position_location=&#8217;,,,&#8217; av-mini-css_position_z_index=&#8221; id=&#8221; custom_class=&#8221; template_class=&#8221; av_uid=&#8217;av-lnbsl5lz&#8217; sc_version=&#8217;1.0&#8242; admin_preview_bg=&#8221;]<\/p>\n<p>[\/av_one_full][av_hr class=&#8217;default&#8217; height=&#8217;50&#8217; shadow=&#8217;no-shadow&#8217; position=&#8217;center&#8217; custom_border=&#8217;av-border-thin&#8217; custom_width=&#8217;50px&#8217; custom_border_color=&#8221; custom_margin_top=&#8217;30px&#8217; custom_margin_bottom=&#8217;30px&#8217; icon_select=&#8217;yes&#8217; custom_icon_color=&#8221; icon=&#8217;ue808&#8242; av_uid=&#8217;av-5f2qr21&#8242;]<\/p>\n<p>[av_two_third first min_height=&#8221; vertical_alignment=&#8221; space=&#8221; custom_margin=&#8221; margin=&#8217;0px&#8217; padding=&#8217;0px&#8217; border=&#8221; border_color=&#8221; radius=&#8217;0px&#8217; background_color=&#8221; src=&#8221; background_position=&#8217;top left&#8217; background_repeat=&#8217;no-repeat&#8217; animation=&#8221; av_uid=&#8217;av-4xtahtl&#8217;]<br \/>\n[av_textblock size=&#8217;19&#8217; font_color=&#8221; color=&#8221; av_uid=&#8217;av-4erpuqh&#8217;]<br \/>\n<strong>Ber\u00e4ttelser fr\u00e5n Stiftsg\u00e5rden i R\u00e4ttvik<\/strong><\/p>\n<p>Det har g\u00e5tt 80 \u00e5r sedan v\u00e5r verksamhet b\u00f6rjade och 70 sedan Stiftsg\u00e5rden invigdes p\u00e5 sin nuvarande plats vid Kyrkudden, 305 steg fr\u00e5n R\u00e4ttviks kyrka. Or\u00e4kneliga minnen har skapats under dessa 70-80 \u00e5r och m\u00e5nga har f\u00e5tt sina liv f\u00f6r\u00e4ndrade. Dessa ber\u00e4ttelser fr\u00e5n Stiftsg\u00e5rden vill vi nu samla.<\/p>\n<p>Vem som helst som har n\u00e5got att ber\u00e4tta fr\u00e5n Stiftsg\u00e5rden f\u00e5r skicka in sin ber\u00e4ttelse. De rangordnas inte p\u00e5 n\u00e5got s\u00e4tt, varken i tid eller utifr\u00e5n vem som skrivit dem, utan de l\u00e4ggs helt enkelt ut i den ordning de kommer in.<\/p>\n<p>Din ber\u00e4ttelse f\u00e5r vara kort eller l\u00e5ng, handla om ett enstaka minne eller omfatta en l\u00e4ngre tid. Ditt spr\u00e5k \u00e4r ditt och vi r\u00e4ttar ytterst f\u00f6rsiktigt (bara om det \u00e4r uppenbart att det \u00e4r fr\u00e5ga om rena skriv- eller stavfel). Det h\u00e4r ska vara ett j\u00e4mst\u00e4llt ber\u00e4ttande och ingens ber\u00e4ttelse \u00e4r viktigare \u00e4n n\u00e5gon annans \u2013 det \u00e4r ju v\u00e5r gemensamma Stiftsg\u00e5rd.<\/p>\n<p>Vi rekommenderar att du l\u00e4gger lite tankem\u00f6da p\u00e5 att ge din ber\u00e4ttelse en tydlig rubrik som s\u00e4ger n\u00e5got om vad l\u00e4saren har att h\u00e4mta i just din ber\u00e4ttelse.<\/p>\n<p>V\u00e4lkommen med din ber\u00e4ttelse \u2013 insamlandet b\u00f6rjar h\u00e4r!<br \/>\n[\/av_textblock]<\/p>\n<p>[av_button label=&#8217;Skicka in din ber\u00e4ttelse&#8217; link=&#8217;manually,https:\/\/stiftsgardenrattvik.se\/skicka-din-berattelse\/&#8217; link_target=&#8217;_blank&#8217; size=&#8217;x-large&#8217; position=&#8217;left&#8217; icon_select=&#8217;no&#8217; icon=&#8217;ue800&#8242; font=&#8217;entypo-fontello&#8217; color=&#8217;theme-color&#8217; custom_bg=&#8217;#444444&#8242; custom_font=&#8217;#ffffff&#8217; av_uid=&#8217;av-etccpl&#8217;]<\/p>\n<p>[av_textblock size=&#8217;19&#8217; font_color=&#8221; color=&#8221; av_uid=&#8217;av-3lmfi6x&#8217;]<br \/>\n<em><strong>Pontus Gunnarsson<\/strong><br \/>\n<\/em>F\u00f6rest\u00e5ndare f\u00f6r n\u00e4rvarande<br \/>\n[\/av_textblock]<br \/>\n[\/av_two_third]<\/p>\n<p>[av_one_third min_height=&#8221; vertical_alignment=&#8221; space=&#8221; custom_margin=&#8221; margin=&#8217;0px&#8217; padding=&#8217;0px&#8217; border=&#8221; border_color=&#8221; radius=&#8217;0px&#8217; background_color=&#8221; src=&#8221; background_position=&#8217;top left&#8217; background_repeat=&#8217;no-repeat&#8217; animation=&#8221; av_uid=&#8217;av-2z1g3nd&#8217;]<br \/>\n[av_textblock size=&#8217;19&#8217; font_color=&#8221; color=&#8221; av_uid=&#8217;av-2lrf61l&#8217;]<br \/>\n<strong>Pod med samtal om Stiftsg\u00e5rdens historia<\/strong><\/p>\n<p>Tidigare husmor och stiftsg\u00e5rdsf\u00f6rest\u00e5ndaren<br \/>\nMargareta &#8220;Detan&#8221; Barkewall Lindborg och<br \/>\nstiftsg\u00e5rdsmedarbetaren Ulrika Knutsson.<br \/>\nInspelat maj och juni 2022.<\/p>\n<p><iframe loading=\"lazy\" src=\"https:\/\/w.soundcloud.com\/player\/?url=https%3A\/\/api.soundcloud.com\/playlists\/1448214868&#038;color=%23ff5500&#038;auto_play=false&#038;hide_related=false&#038;show_comments=true&#038;show_user=true&#038;show_reposts=false&#038;show_teaser=true&#038;visual=true\" width=\"100%\" height=\"300\" frameborder=\"no\" scrolling=\"no\"><\/iframe><br \/>\n[\/av_textblock]<br \/>\n[\/av_one_third]<\/p>\n<p>[av_hr class=&#8217;default&#8217; height=&#8217;50&#8217; shadow=&#8217;no-shadow&#8217; position=&#8217;center&#8217; custom_border=&#8217;av-border-thin&#8217; custom_width=&#8217;50px&#8217; custom_border_color=&#8221; custom_margin_top=&#8217;30px&#8217; custom_margin_bottom=&#8217;30px&#8217; icon_select=&#8217;yes&#8217; custom_icon_color=&#8221; icon=&#8217;ue808&#8242; av_uid=&#8217;av-22qme1l&#8217;]<\/p>\n<p>[av_one_full first min_height=&#8221; vertical_alignment=&#8221; space=&#8221; custom_margin=&#8221; margin=&#8217;0px&#8217; padding=&#8217;0px&#8217; border=&#8221; border_color=&#8221; radius=&#8217;0px&#8217; background_color=&#8221; src=&#8221; background_position=&#8217;top left&#8217; background_repeat=&#8217;no-repeat&#8217; animation=&#8221; av_uid=&#8217;av-1k9rmt5&#8242;]<br \/>\n[av_textblock size=&#8221; font_color=&#8221; color=&#8221; av_uid=&#8217;av-14qplrt&#8217;]<\/p>\n<h1 style=\"text-align: center;\">Historik:<br \/>\nIdag \u00e4r Stiftsg\u00e5rden R\u00e4ttvik den \u00e4ldsta fortfarande aktivt levande stiftsg\u00e5rden i Sverige<\/h1>\n<p>Biskop John Cullberg s\u00e5g behovet av en plats f\u00f6r att m\u00f6ta familjer som f\u00f6r f\u00f6rsta g\u00e5ngen skulle f\u00e5 semester (tv\u00e5 veckor, enligt 1938 \u00e5rs semesterlag). 1942 startades verksamheten, d\u00e5 inne i R\u00e4ttviks f\u00f6rsamlingshem. 1952, tio \u00e5r efter grundandet, invigdes g\u00e5rden vid Siljans strand d\u00e4r den ligger idag. Redan i den ursprungliga syftesparagrafen fastsl\u00e5s att barn och unga ska ha en s\u00e4rskild plats hos oss. Konfirmander, ungdomar, pigor och dr\u00e4ngar \u2013 idag volont\u00e4rer \u2013 har alltid haft en fristad d\u00e4r de f\u00e5tt vistas i en kristen gemenskap med dagliga andakter, s\u00e5ng och bibell\u00e4sning.<\/p>\n<p>Under \u00e5ren har m\u00e5nga grupper och f\u00f6rsamlingar bes\u00f6kt g\u00e5rden. M\u00e5nga \u00e4r de l\u00e4ger och kurser som Stiftsg\u00e5rden ordnat f\u00f6r konfirmander och andra som velat utveckla sin tro och sina liv i skapelsen. Den har varit en m\u00f6tesplats med v\u00e4rlden s\u00e5v\u00e4l genom s\u00e5ng och musik som genom alla sina g\u00e4ster. Olika fokus har funnits genom \u00e5ren, men verksamheten har alltid speglat sin samtid. Vi har f\u00e5tt m\u00e5nga v\u00e4nner bland alla som tillbringat kortare eller l\u00e4ngre tid h\u00e4r. Kriser har kommit och g\u00e5tt, men Stiftsg\u00e5rden har klarat sig genom dem. M\u00e5nga konfirmander har bevarat g\u00e5rden i sina hj\u00e4rtan och \u00e5terkommer hit som ledare eller bes\u00f6kare. M\u00e5nga har ocks\u00e5 fortsatt sitt v\u00e4rv inom kyrkan i olika yrken och uppgifter. Minnen har skapats och livsl\u00e5nga relationer etablerats.<\/p>\n<p>Nu n\u00e4r vi fyller 70 &#038; 80 \u00e5r vill vi fira det tillsammans med alla som vill dela gl\u00e4djen h\u00e4r p\u00e5 Stiftsg\u00e5rden. En viktig del av firandet \u00e4r att alla ska f\u00e5 bidra, var och en eller tillsammans. Vi vill m\u00f6tas kring aktiviteter fr\u00e5n f\u00f6rr och nu. Ett aktivt \u00e5terseende och ett m\u00f6te med det som h\u00e4nder p\u00e5 Stiftsg\u00e5rden i v\u00e5r tid. Samtidigt vill vi ta er med i en framtidsspaning p\u00e5 v\u00e4g ytterligare 70-80 \u00e5r in i framtiden.<\/p>\n<p>V\u00e4lkommen!<\/p>\n<p>Pontus Gunnarsson<br \/>\n<em>F\u00f6rest\u00e5ndare Stiftsg\u00e5rden R\u00e4ttvik<\/em><br \/>\n[\/av_textblock]<br \/>\n[\/av_one_full]<\/p>\n<p>[av_hr class=&#8217;default&#8217; height=&#8217;50&#8217; shadow=&#8217;no-shadow&#8217; position=&#8217;center&#8217; custom_border=&#8217;av-border-thin&#8217; custom_width=&#8217;50px&#8217; custom_border_color=&#8221; custom_margin_top=&#8217;30px&#8217; custom_margin_bottom=&#8217;30px&#8217; icon_select=&#8217;yes&#8217; custom_icon_color=&#8221; icon=&#8217;ue808&#8242; av_uid=&#8217;av-uysa3d&#8217;]<\/p>\n","protected":false},"excerpt":{"rendered":"","protected":false},"author":1,"featured_media":0,"parent":0,"menu_order":0,"comment_status":"closed","ping_status":"closed","template":"","meta":{"footnotes":""},"class_list":["post-11673","page","type-page","status-publish","hentry"],"_links":{"self":[{"href":"https:\/\/www1.stiftsgardenrattvik.se\/index.php?rest_route=\/wp\/v2\/pages\/11673","targetHints":{"allow":["GET"]}}],"collection":[{"href":"https:\/\/www1.stiftsgardenrattvik.se\/index.php?rest_route=\/wp\/v2\/pages"}],"about":[{"href":"https:\/\/www1.stiftsgardenrattvik.se\/index.php?rest_route=\/wp\/v2\/types\/page"}],"author":[{"embeddable":true,"href":"https:\/\/www1.stiftsgardenrattvik.se\/index.php?rest_route=\/wp\/v2\/users\/1"}],"replies":[{"embeddable":true,"href":"https:\/\/www1.stiftsgardenrattvik.se\/index.php?rest_route=%2Fwp%2Fv2%2Fcomments&post=11673"}],"version-history":[{"count":14,"href":"https:\/\/www1.stiftsgardenrattvik.se\/index.php?rest_route=\/wp\/v2\/pages\/11673\/revisions"}],"predecessor-version":[{"id":13711,"href":"https:\/\/www1.stiftsgardenrattvik.se\/index.php?rest_route=\/wp\/v2\/pages\/11673\/revisions\/13711"}],"wp:attachment":[{"href":"https:\/\/www1.stiftsgardenrattvik.se\/index.php?rest_route=%2Fwp%2Fv2%2Fmedia&parent=11673"}],"curies":[{"name":"wp","href":"https:\/\/api.w.org\/{rel}","templated":true}]}}