{"id":11770,"date":"2022-04-05T12:09:13","date_gmt":"2022-04-05T10:09:13","guid":{"rendered":"https:\/\/stiftsgardenrattvik.se\/?page_id=11770"},"modified":"2022-06-02T10:49:21","modified_gmt":"2022-06-02T08:49:21","slug":"berattelser","status":"publish","type":"page","link":"https:\/\/www1.stiftsgardenrattvik.se\/?page_id=11770","title":{"rendered":"Ber\u00e4ttelser"},"content":{"rendered":"<p>[av_one_full first min_height=&#8221; vertical_alignment=&#8217;av-align-top&#8217; space=&#8217;no_margin&#8217; margin=&#8217;0px&#8217; margin_sync=&#8217;true&#8217; padding=&#8217;0px&#8217; padding_sync=&#8217;true&#8217; border=&#8221; border_color=&#8221; radius=&#8217;0px&#8217; radius_sync=&#8217;true&#8217; background_color=&#8221; src=&#8221; attachment=&#8221; attachment_size=&#8221; background_position=&#8217;top left&#8217; background_repeat=&#8217;no-repeat&#8217; animation=&#8221;]<\/p>\n<p>[av_textblock size=&#8217;40&#8217; font_color=&#8221; color=&#8221;]<\/p>\n<p style=\"text-align: center;\">Ber\u00e4ttelser fr\u00e5n Stiftsg\u00e5rden<\/p>\n<p>[\/av_textblock]<\/p>\n<p>[\/av_one_full][av_one_full first min_height=&#8221; vertical_alignment=&#8217;av-align-top&#8217; space=&#8217;no_margin&#8217; margin=&#8217;0px&#8217; margin_sync=&#8217;true&#8217; padding=&#8217;0px&#8217; padding_sync=&#8217;true&#8217; border=&#8221; border_color=&#8221; radius=&#8217;0px&#8217; radius_sync=&#8217;true&#8217; background_color=&#8221; src=&#8221; attachment=&#8221; attachment_size=&#8221; background_position=&#8217;top left&#8217; background_repeat=&#8217;no-repeat&#8217; animation=&#8221;]<br \/>\n[av_image src=&#8217;https:\/\/stiftsgardenrattvik.se\/wp-content\/uploads\/2022\/04\/uppe.jpg&#8217; attachment=&#8217;11790&#8242; attachment_size=&#8217;full&#8217; align=&#8217;center&#8217; styling=&#8221; hover=&#8221; link=&#8221; target=&#8221; caption=&#8221; font_size=&#8221; appearance=&#8221; overlay_opacity=&#8217;0.4&#8242; overlay_color=&#8217;#000000&#8242; overlay_text_color=&#8217;#ffffff&#8217; animation=&#8217;no-animation&#8217;][\/av_image]<br \/>\n[\/av_one_full]<\/p>\n<p>[av_one_half first min_height=&#8221; vertical_alignment=&#8221; space=&#8221; custom_margin=&#8221; margin=&#8217;0px&#8217; padding=&#8217;0px&#8217; border=&#8221; border_color=&#8221; radius=&#8217;0px&#8217; background_color=&#8221; src=&#8221; background_position=&#8217;top left&#8217; background_repeat=&#8217;no-repeat&#8217; animation=&#8221;]<br \/>\n[av_textblock size=&#8221; font_color=&#8221; color=&#8221;]<br \/>\n[WPSM_AC id=11660]<br \/>\n[\/av_textblock]<br \/>\n[\/av_one_half]<\/p>\n<p>[av_one_half min_height=&#8221; vertical_alignment=&#8217;av-align-top&#8217; space=&#8221; margin=&#8217;0px&#8217; margin_sync=&#8217;true&#8217; padding=&#8217;0px&#8217; padding_sync=&#8217;true&#8217; border=&#8221; border_color=&#8221; radius=&#8217;0px&#8217; radius_sync=&#8217;true&#8217; background_color=&#8221; src=&#8221; attachment=&#8221; attachment_size=&#8221; background_position=&#8217;top left&#8217; background_repeat=&#8217;no-repeat&#8217; animation=&#8221;]<br \/>\n[av_textblock size=&#8221; font_color=&#8221; color=&#8221;]<br \/>\n[WPSM_AC id=11792]<br \/>\n[\/av_textblock]<br \/>\n[\/av_one_half]<\/p>\n<p>[av_hr class=&#8217;invisible&#8217; height=&#8217;30&#8217; shadow=&#8217;no-shadow&#8217; position=&#8217;center&#8217; custom_border=&#8217;av-border-thin&#8217; custom_width=&#8217;50px&#8217; custom_border_color=&#8221; custom_margin_top=&#8217;30px&#8217; custom_margin_bottom=&#8217;30px&#8217; icon_select=&#8217;yes&#8217; custom_icon_color=&#8221; icon=&#8217;ue808&#8242; font=&#8217;entypo-fontello&#8217;]<\/p>\n<p>[av_one_full first min_height=&#8221; vertical_alignment=&#8217;av-align-top&#8217; space=&#8217;no_margin&#8217; margin=&#8217;0px&#8217; margin_sync=&#8217;true&#8217; padding=&#8217;0px&#8217; padding_sync=&#8217;true&#8217; border=&#8221; border_color=&#8221; radius=&#8217;0px&#8217; radius_sync=&#8217;true&#8217; background_color=&#8221; src=&#8221; attachment=&#8221; attachment_size=&#8221; background_position=&#8217;top left&#8217; background_repeat=&#8217;no-repeat&#8217; animation=&#8221;]<br \/>\n[av_image src=&#8217;https:\/\/stiftsgardenrattvik.se\/wp-content\/uploads\/2022\/04\/nere-1.jpg&#8217; attachment=&#8217;11791&#8242; attachment_size=&#8217;full&#8217; align=&#8217;center&#8217; styling=&#8221; hover=&#8221; link=&#8221; target=&#8221; caption=&#8221; font_size=&#8221; appearance=&#8221; overlay_opacity=&#8217;0.4&#8242; overlay_color=&#8217;#000000&#8242; overlay_text_color=&#8217;#ffffff&#8217; animation=&#8217;no-animation&#8217;][\/av_image]<br \/>\n[\/av_one_full]<\/p>\n<p>[av_one_full first min_height=&#8221; vertical_alignment=&#8221; space=&#8221; custom_margin=&#8221; margin=&#8217;0px&#8217; padding=&#8217;0px&#8217; border=&#8221; border_color=&#8221; radius=&#8217;0px&#8217; background_color=&#8221; src=&#8221; background_position=&#8217;top left&#8217; background_repeat=&#8217;no-repeat&#8217; animation=&#8221;]<br \/>\n[av_textblock size=&#8217;16&#8217; font_color=&#8221; color=&#8221;]<br \/>\n<strong>Ber\u00e4ttelser fr\u00e5n Stiftsg\u00e5rden i R\u00e4ttvik<\/strong><\/p>\n<p>Det har g\u00e5tt 80 \u00e5r sedan v\u00e5r verksamhet b\u00f6rjade och 70 sedan Stiftsg\u00e5rden invigdes p\u00e5 sin nuvarande plats vid Kyrkudden, 305 steg fr\u00e5n R\u00e4ttviks kyrka. Or\u00e4kneliga minnen har skapats under dessa 70-80 \u00e5r och m\u00e5nga har f\u00e5tt sina liv f\u00f6r\u00e4ndrade. Dessa ber\u00e4ttelser fr\u00e5n Stiftsg\u00e5rden vill vi nu samla.<\/p>\n<p>Vem som helst som har n\u00e5got att ber\u00e4tta fr\u00e5n Stiftsg\u00e5rden f\u00e5r skicka in sin ber\u00e4ttelse. De rangordnas inte p\u00e5 n\u00e5got s\u00e4tt, varken i tid eller utifr\u00e5n vem som skrivit dem, utan de l\u00e4ggs helt enkelt ut i den ordning de kommer in.<\/p>\n<p>Din ber\u00e4ttelse f\u00e5r vara kort eller l\u00e5ng, handla om ett enstaka minne eller omfatta en l\u00e4ngre tid. Ditt spr\u00e5k \u00e4r ditt och vi r\u00e4ttar ytterst f\u00f6rsiktigt (bara om det \u00e4r uppenbart att det \u00e4r fr\u00e5ga om rena skriv- eller stavfel). Det h\u00e4r ska vara ett j\u00e4mst\u00e4llt ber\u00e4ttande och ingens ber\u00e4ttelse \u00e4r viktigare \u00e4n n\u00e5gon annans \u2013 det \u00e4r ju v\u00e5r gemensamma Stiftsg\u00e5rd.<\/p>\n<p>Vi rekommenderar att du l\u00e4gger lite tankem\u00f6da p\u00e5 att ge din ber\u00e4ttelse en tydlig rubrik som s\u00e4ger n\u00e5got om vad l\u00e4saren har att h\u00e4mta i just din ber\u00e4ttelse.<\/p>\n<p>V\u00e4lkommen med din ber\u00e4ttelse \u2013 insamlandet b\u00f6rjar h\u00e4r!<br \/>\n[\/av_textblock]<br \/>\n[\/av_one_full]<\/p>\n<p>[av_one_full first min_height=&#8221; vertical_alignment=&#8217;av-align-top&#8217; space=&#8217;no_margin&#8217; margin=&#8217;0px&#8217; margin_sync=&#8217;true&#8217; padding=&#8217;0px&#8217; padding_sync=&#8217;true&#8217; border=&#8221; border_color=&#8221; radius=&#8217;0px&#8217; radius_sync=&#8217;true&#8217; background_color=&#8221; src=&#8221; attachment=&#8221; attachment_size=&#8221; background_position=&#8217;top left&#8217; background_repeat=&#8217;no-repeat&#8217; animation=&#8221;]<br \/>\n[av_textblock size=&#8217;22&#8217; font_color=&#8221; color=&#8221;]<\/p>\n<p style=\"text-align: center;\"><a href=\"https:\/\/stiftsgardenrattvik.se\/skicka-din-berattelse\/\">Skicka in din ber\u00e4ttelse!<\/a><\/p>\n<p>[\/av_textblock]<br \/>\n[\/av_one_full]<\/p>\n<p>[av_one_full first min_height=&#8221; vertical_alignment=&#8217;av-align-top&#8217; space=&#8217;no_margin&#8217; margin=&#8217;0px&#8217; margin_sync=&#8217;true&#8217; padding=&#8217;0px&#8217; padding_sync=&#8217;true&#8217; border=&#8221; border_color=&#8221; radius=&#8217;0px&#8217; radius_sync=&#8217;true&#8217; background_color=&#8221; src=&#8221; attachment=&#8221; attachment_size=&#8221; background_position=&#8217;top left&#8217; background_repeat=&#8217;no-repeat&#8217; animation=&#8221;]<br \/>\n[av_hr class=&#8217;full&#8217; height=&#8217;50&#8217; shadow=&#8217;shadow&#8217; position=&#8217;center&#8217; custom_border=&#8217;av-border-thin&#8217; custom_width=&#8217;50px&#8217; custom_border_color=&#8221; custom_margin_top=&#8217;30px&#8217; custom_margin_bottom=&#8217;30px&#8217; icon_select=&#8217;yes&#8217; custom_icon_color=&#8221; icon=&#8217;ue808&#8242; font=&#8217;entypo-fontello&#8217;]<br \/>\n[\/av_one_full]<\/p>\n<p>[av_textblock size=&#8221; font_color=&#8221; color=&#8221;]<br \/>\nClick here to add your own text<br \/>\n[\/av_textblock]<\/p>\n","protected":false},"excerpt":{"rendered":"<p>[av_one_full first min_height=&#8221; vertical_alignment=&#8217;av-align-top&#8217; space=&#8217;no_margin&#8217; margin=&#8217;0px&#8217; margin_sync=&#8217;true&#8217; padding=&#8217;0px&#8217; padding_sync=&#8217;true&#8217; border=&#8221; border_color=&#8221; radius=&#8217;0px&#8217; radius_sync=&#8217;true&#8217; background_color=&#8221; src=&#8221; attachment=&#8221; attachment_size=&#8221; background_position=&#8217;top left&#8217; background_repeat=&#8217;no-repeat&#8217; animation=&#8221;] [av_textblock size=&#8217;40&#8217; font_color=&#8221; color=&#8221;] Ber\u00e4ttelser fr\u00e5n Stiftsg\u00e5rden [\/av_textblock] [\/av_one_full][av_one_full first min_height=&#8221; vertical_alignment=&#8217;av-align-top&#8217; space=&#8217;no_margin&#8217; margin=&#8217;0px&#8217; margin_sync=&#8217;true&#8217; padding=&#8217;0px&#8217; padding_sync=&#8217;true&#8217; border=&#8221; border_color=&#8221; radius=&#8217;0px&#8217; radius_sync=&#8217;true&#8217; background_color=&#8221; src=&#8221; attachment=&#8221; attachment_size=&#8221; background_position=&#8217;top left&#8217; background_repeat=&#8217;no-repeat&#8217; animation=&#8221;] [av_image src=&#8217;https:\/\/stiftsgardenrattvik.se\/wp-content\/uploads\/2022\/04\/uppe.jpg&#8217; attachment=&#8217;11790&#8242; attachment_size=&#8217;full&#8217; align=&#8217;center&#8217; [&hellip;]<\/p>\n","protected":false},"author":1,"featured_media":0,"parent":0,"menu_order":0,"comment_status":"closed","ping_status":"closed","template":"","meta":{"footnotes":""},"class_list":["post-11770","page","type-page","status-publish","hentry"],"_links":{"self":[{"href":"https:\/\/www1.stiftsgardenrattvik.se\/index.php?rest_route=\/wp\/v2\/pages\/11770","targetHints":{"allow":["GET"]}}],"collection":[{"href":"https:\/\/www1.stiftsgardenrattvik.se\/index.php?rest_route=\/wp\/v2\/pages"}],"about":[{"href":"https:\/\/www1.stiftsgardenrattvik.se\/index.php?rest_route=\/wp\/v2\/types\/page"}],"author":[{"embeddable":true,"href":"https:\/\/www1.stiftsgardenrattvik.se\/index.php?rest_route=\/wp\/v2\/users\/1"}],"replies":[{"embeddable":true,"href":"https:\/\/www1.stiftsgardenrattvik.se\/index.php?rest_route=%2Fwp%2Fv2%2Fcomments&post=11770"}],"version-history":[{"count":18,"href":"https:\/\/www1.stiftsgardenrattvik.se\/index.php?rest_route=\/wp\/v2\/pages\/11770\/revisions"}],"predecessor-version":[{"id":11943,"href":"https:\/\/www1.stiftsgardenrattvik.se\/index.php?rest_route=\/wp\/v2\/pages\/11770\/revisions\/11943"}],"wp:attachment":[{"href":"https:\/\/www1.stiftsgardenrattvik.se\/index.php?rest_route=%2Fwp%2Fv2%2Fmedia&parent=11770"}],"curies":[{"name":"wp","href":"https:\/\/api.w.org\/{rel}","templated":true}]}}