{"id":12081,"date":"2022-09-05T10:16:18","date_gmt":"2022-09-05T08:16:18","guid":{"rendered":"https:\/\/stiftsgardenrattvik.se\/?page_id=12081"},"modified":"2022-09-21T15:35:43","modified_gmt":"2022-09-21T13:35:43","slug":"mote-med-taize","status":"publish","type":"page","link":"https:\/\/www1.stiftsgardenrattvik.se\/?page_id=12081","title":{"rendered":"M\u00f6te med Taiz\u00e9"},"content":{"rendered":"<p>[av_one_full first min_height=&#8221; vertical_alignment=&#8221; space=&#8221; custom_margin=&#8221; margin=&#8217;0px&#8217; padding=&#8217;0px&#8217; border=&#8221; border_color=&#8221; radius=&#8217;0px&#8217; background_color=&#8221; src=&#8221; background_position=&#8217;top left&#8217; background_repeat=&#8217;no-repeat&#8217; animation=&#8221;]<br \/>\n[av_textblock size=&#8221; font_color=&#8221; color=&#8221;]<\/p>\n<h1 style=\"text-align: center;\">M\u00f6te med <strong>Taiz\u00e9<\/strong><\/h1>\n<h4 style=\"text-align: center;\"><strong>Stiftsg\u00e5rden i R\u00e4ttvik 2 oktober<\/strong><\/h4>\n<p>[\/av_textblock]<br \/>\n[\/av_one_full]<\/p>\n<p>[av_two_third first min_height=&#8221; vertical_alignment=&#8221; space=&#8221; custom_margin=&#8221; margin=&#8217;0px&#8217; padding=&#8217;0px&#8217; border=&#8221; border_color=&#8221; radius=&#8217;0px&#8217; background_color=&#8221; src=&#8221; background_position=&#8217;top left&#8217; background_repeat=&#8217;no-repeat&#8217; animation=&#8221;]<\/p>\n<p>[av_textblock size=&#8221; font_color=&#8221; color=&#8221;]<br \/>\n<strong>S\u00f6ndag den 2 oktober har Stiftsg\u00e5rden bes\u00f6k av broder Matthew fr\u00e5n Taiz\u00e9<\/strong><\/p>\n<p>I m\u00e5nga \u00e5r har unga m\u00e4nniskor fr\u00e5n hela Sverige bes\u00f6kt Taiz\u00e9 Community (<a href=\"http:\/\/www.taize.fr\">www.taize.fr<\/a>) i Frankrike. Flera \u00e4r ungdomsledare som har hj\u00e4lpt till med konfirmation i sina f\u00f6rsamlingar. F\u00f6r m\u00e5nga inneb\u00e4r erfarenheten en f\u00f6rdjupning i upplevelsen av b\u00f6n, gemenskap och livet i kyrkan.<\/p>\n<p>D\u00e5 och d\u00e5 l\u00e4mnar br\u00f6derna i Taiz\u00e9 sitt kloster, d\u00e5 de bjuds in att leda b\u00f6ner och m\u00f6ten i olika l\u00e4nder.<\/p>\n<p>S\u00f6ndagen den 2 oktober kommer broder Matthew, som v\u00e4lkomnat svenskar i Taiz\u00e9 i m\u00e5nga \u00e5r, till R\u00e4ttvik Stiftsg\u00e5rden f\u00f6r att tr\u00e4ffa unga vuxna fr\u00e5n V\u00e4ster\u00e5s stift f\u00f6r att leda en samling. Den b\u00f6rjar kl. 16.00 och slutar kl. 18.00 och kommer att inneh\u00e5lla delande och b\u00f6ner p\u00e5 temat &#8220;Att bli m\u00e4nniskor som skapar enhet&#8221;, ett tema som tidigare f\u00f6reslagits f\u00f6r 2022 av Broder Alois. (Se <a href=\"http:\/\/www.taize.fr\/sv_article32851.html\">http:\/\/www.taize.fr\/sv_article32851.html<\/a>).<\/p>\n<p>Vad inneb\u00e4r det idag att bli skapare av enhet i en v\u00e4rld som ofta \u00e4r polariserad? Hur kan vi fr\u00e4mja dialog med m\u00e4nniskor som \u00e4r annorlunda \u00e4n oss sj\u00e4lva? Hur skapar Gud enhet i oss? Dessa och andra fr\u00e5gor kommer att st\u00e5 i centrum f\u00f6r m\u00f6tet. Kom och se!<\/p>\n<p>Broder Matthew har bes\u00f6k V\u00e4ster\u00e5s stift vid ett par tidigare tillf\u00e4llen, bland annat i samband med V\u00e4rlden Fest i V\u00e4ster\u00e5s 2017 d\u00e5 han ledde andakter i V\u00e4ster\u00e5s domkyrka tillsammans med Svenska Kyrkans Unga.<\/p>\n<p>F\u00f6re och efter m\u00f6tet finns m\u00f6jlighet att k\u00f6pa fika hos oss f\u00f6r dem som vill. Anm\u00e4lan beh\u00f6vs inte, men om ni vill hj\u00e4lpa oss lite i planeringen f\u00e5r ni g\u00e4rna skicka ett mail till\u00a0<a href=\"mailto:pontus.gunnarsson@svenskakyrkan.se\">pontus.gunnarsson@svenskakyrkan.se<\/a>\u00a0och meddela om ni t\u00e4nker komma. V\u00e4lkomna!<\/p>\n<p>B\u00f6n med s\u00e5nger fr\u00e5n Taiz\u00e9. Ladda ner \u00a0 <a href=\"https:\/\/stiftsgardenrattvik.se\/wp-content\/uploads\/2022\/09\/Taize-Massa-Sanghafte-Linkoping-21022-8-pages.pdf\">S\u00e5ngh\u00e4fte<\/a><\/p>\n<p><strong>Psalm 13 Kyrie eleison<\/strong><\/p>\n<p><iframe loading=\"lazy\" title=\"Kyrie eleison 13\" width=\"500\" height=\"375\" src=\"https:\/\/www.youtube.com\/embed\/Qm-d9hg6fMg?feature=oembed\" frameborder=\"0\" allow=\"accelerometer; autoplay; clipboard-write; encrypted-media; gyroscope; picture-in-picture; web-share\" referrerpolicy=\"strict-origin-when-cross-origin\" allowfullscreen><\/iframe><\/p>\n<p><iframe loading=\"lazy\" title=\"Alleluia 17\" width=\"500\" height=\"375\" src=\"https:\/\/www.youtube.com\/embed\/G7gS0D6Dsk8?feature=oembed\" frameborder=\"0\" allow=\"accelerometer; autoplay; clipboard-write; encrypted-media; gyroscope; picture-in-picture; web-share\" referrerpolicy=\"strict-origin-when-cross-origin\" allowfullscreen><\/iframe><\/p>\n<p>[\/av_textblock]<\/p>\n<p>[\/av_two_third][av_one_third min_height=&#8221; vertical_alignment=&#8221; space=&#8221; custom_margin=&#8221; margin=&#8217;0px&#8217; padding=&#8217;0px&#8217; border=&#8221; border_color=&#8221; radius=&#8217;0px&#8217; background_color=&#8221; src=&#8221; background_position=&#8217;top left&#8217; background_repeat=&#8217;no-repeat&#8217; animation=&#8221;]<br \/>\n[av_hr class=&#8217;invisible&#8217; height=&#8217;20&#8217; shadow=&#8217;no-shadow&#8217; position=&#8217;center&#8217; custom_border=&#8217;av-border-thin&#8217; custom_width=&#8217;50px&#8217; custom_border_color=&#8221; custom_margin_top=&#8217;30px&#8217; custom_margin_bottom=&#8217;30px&#8217; icon_select=&#8217;yes&#8217; custom_icon_color=&#8221; icon=&#8217;ue808&#8242; font=&#8217;entypo-fontello&#8217;]<\/p>\n<p>[av_image src=&#8217;https:\/\/stiftsgardenrattvik.se\/wp-content\/uploads\/2022\/09\/Broder-matthew.jpg&#8217; attachment=&#8217;12105&#8242; attachment_size=&#8217;full&#8217; align=&#8217;center&#8217; styling=&#8221; hover=&#8221; link=&#8221; target=&#8221; caption=&#8221; font_size=&#8221; appearance=&#8221; overlay_opacity=&#8217;0.4&#8242; overlay_color=&#8217;#000000&#8242; overlay_text_color=&#8217;#ffffff&#8217; animation=&#8217;no-animation&#8217;][\/av_image]<br \/>\n[\/av_one_third]<\/p>\n","protected":false},"excerpt":{"rendered":"<p>[av_one_full first min_height=&#8221; vertical_alignment=&#8221; space=&#8221; custom_margin=&#8221; margin=&#8217;0px&#8217; padding=&#8217;0px&#8217; border=&#8221; border_color=&#8221; radius=&#8217;0px&#8217; background_color=&#8221; src=&#8221; background_position=&#8217;top left&#8217; background_repeat=&#8217;no-repeat&#8217; animation=&#8221;] [av_textblock size=&#8221; font_color=&#8221; color=&#8221;] M\u00f6te med Taiz\u00e9 Stiftsg\u00e5rden i R\u00e4ttvik 2 oktober [\/av_textblock] [\/av_one_full] [av_two_third first min_height=&#8221; vertical_alignment=&#8221; space=&#8221; custom_margin=&#8221; margin=&#8217;0px&#8217; padding=&#8217;0px&#8217; border=&#8221; border_color=&#8221; radius=&#8217;0px&#8217; background_color=&#8221; src=&#8221; background_position=&#8217;top left&#8217; background_repeat=&#8217;no-repeat&#8217; animation=&#8221;] [av_textblock size=&#8221; font_color=&#8221; color=&#8221;] S\u00f6ndag den 2 [&hellip;]<\/p>\n","protected":false},"author":1,"featured_media":0,"parent":0,"menu_order":0,"comment_status":"closed","ping_status":"closed","template":"","meta":{"footnotes":""},"class_list":["post-12081","page","type-page","status-publish","hentry"],"_links":{"self":[{"href":"https:\/\/www1.stiftsgardenrattvik.se\/index.php?rest_route=\/wp\/v2\/pages\/12081","targetHints":{"allow":["GET"]}}],"collection":[{"href":"https:\/\/www1.stiftsgardenrattvik.se\/index.php?rest_route=\/wp\/v2\/pages"}],"about":[{"href":"https:\/\/www1.stiftsgardenrattvik.se\/index.php?rest_route=\/wp\/v2\/types\/page"}],"author":[{"embeddable":true,"href":"https:\/\/www1.stiftsgardenrattvik.se\/index.php?rest_route=\/wp\/v2\/users\/1"}],"replies":[{"embeddable":true,"href":"https:\/\/www1.stiftsgardenrattvik.se\/index.php?rest_route=%2Fwp%2Fv2%2Fcomments&post=12081"}],"version-history":[{"count":10,"href":"https:\/\/www1.stiftsgardenrattvik.se\/index.php?rest_route=\/wp\/v2\/pages\/12081\/revisions"}],"predecessor-version":[{"id":12127,"href":"https:\/\/www1.stiftsgardenrattvik.se\/index.php?rest_route=\/wp\/v2\/pages\/12081\/revisions\/12127"}],"wp:attachment":[{"href":"https:\/\/www1.stiftsgardenrattvik.se\/index.php?rest_route=%2Fwp%2Fv2%2Fmedia&parent=12081"}],"curies":[{"name":"wp","href":"https:\/\/api.w.org\/{rel}","templated":true}]}}