{"id":12446,"date":"2022-11-23T13:51:36","date_gmt":"2022-11-23T12:51:36","guid":{"rendered":"https:\/\/stiftsgardenrattvik.se\/?page_id=12446"},"modified":"2022-11-23T13:51:37","modified_gmt":"2022-11-23T12:51:37","slug":"vasaloppet-30","status":"publish","type":"page","link":"https:\/\/www1.stiftsgardenrattvik.se\/?page_id=12446","title":{"rendered":"Vasaloppet 30"},"content":{"rendered":"<p>[av_one_full first min_height=&#8221; vertical_alignment=&#8217;av-align-top&#8217; space=&#8221; row_boxshadow=&#8221; row_boxshadow_width=&#8217;10&#8217; row_boxshadow_color=&#8221; custom_margin=&#8221; margin=&#8217;0px&#8217; av-desktop-margin=&#8221; av-medium-margin=&#8221; av-small-margin=&#8221; av-mini-margin=&#8221; mobile_breaking=&#8221; mobile_column_order=&#8221; border=&#8221; border_style=&#8217;solid&#8217; border_color=&#8221; radius=&#8221; min_col_height=&#8221; padding=&#8221; av-desktop-padding=&#8221; av-medium-padding=&#8221; av-small-padding=&#8221; av-mini-padding=&#8221; svg_div_top=&#8221; svg_div_top_color=&#8217;#333333&#8242; svg_div_top_width=&#8217;100&#8242; svg_div_top_height=&#8217;50&#8217; svg_div_top_max_height=&#8217;none&#8217; svg_div_top_flip=&#8221; svg_div_top_invert=&#8221; svg_div_top_front=&#8221; svg_div_top_opacity=&#8221; svg_div_top_preview=&#8221; svg_div_bottom=&#8221; svg_div_bottom_color=&#8217;#333333&#8242; svg_div_bottom_width=&#8217;100&#8242; svg_div_bottom_height=&#8217;50&#8217; svg_div_bottom_max_height=&#8217;none&#8217; svg_div_bottom_flip=&#8221; svg_div_bottom_invert=&#8221; svg_div_bottom_front=&#8221; svg_div_bottom_opacity=&#8221; svg_div_bottom_preview=&#8221; column_boxshadow=&#8221; column_boxshadow_width=&#8217;10&#8217; column_boxshadow_color=&#8221; background=&#8217;bg_color&#8217; background_color=&#8221; background_gradient_direction=&#8217;vertical&#8217; background_gradient_color1=&#8217;#000000&#8242; background_gradient_color2=&#8217;#ffffff&#8217; background_gradient_color3=&#8221; src=&#8221; background_position=&#8217;top left&#8217; background_repeat=&#8217;no-repeat&#8217; highlight=&#8221; highlight_size=&#8221; animation=&#8221; animation_duration=&#8221; animation_custom_bg_color=&#8221; animation_z_index_curtain=&#8217;100&#8242; parallax_parallax=&#8221; parallax_parallax_speed=&#8221; av-desktop-parallax_parallax=&#8221; av-desktop-parallax_parallax_speed=&#8221; av-medium-parallax_parallax=&#8221; av-medium-parallax_parallax_speed=&#8221; av-small-parallax_parallax=&#8221; av-small-parallax_parallax_speed=&#8221; av-mini-parallax_parallax=&#8221; av-mini-parallax_parallax_speed=&#8221; css_position=&#8221; css_position_location=&#8221; css_position_z_index=&#8221; av-desktop-css_position=&#8221; av-desktop-css_position_location=&#8221; av-desktop-css_position_z_index=&#8221; av-medium-css_position=&#8221; av-medium-css_position_location=&#8221; av-medium-css_position_z_index=&#8221; av-small-css_position=&#8221; av-small-css_position_location=&#8221; av-small-css_position_z_index=&#8221; av-mini-css_position=&#8221; av-mini-css_position_location=&#8221; av-mini-css_position_z_index=&#8221; link=&#8221; linktarget=&#8221; link_hover=&#8221; title_attr=&#8221; alt_attr=&#8221; mobile_display=&#8221; mobile_col_pos=&#8217;0&#8242; id=&#8221; custom_class=&#8221; template_class=&#8221; aria_label=&#8221; av_uid=&#8221; sc_version=&#8217;1.0&#8242;]<\/p>\n<p>[av_textblock textblock_styling_align=&#8221; textblock_styling=&#8221; textblock_styling_gap=&#8221; textblock_styling_mobile=&#8221; size=&#8221; av-desktop-font-size=&#8221; av-medium-font-size=&#8221; av-small-font-size=&#8221; av-mini-font-size=&#8221; font_color=&#8221; color=&#8221; id=&#8221; custom_class=&#8221; template_class=&#8221; av_uid=&#8217;av-latm8v4z&#8217; sc_version=&#8217;1.0&#8242; admin_preview_bg=&#8221;]<\/p>\n<h1 style=\"text-align: center;\">Gillar du l\u00e4ngdskid\u00e5kning?<\/h1>\n<h4 style=\"text-align: center;\">T\u00e4nker du \u00e5ka Vasaloppet 30<br \/>\nden 24 februari 2023?<\/h4>\n<p>[\/av_textblock]<\/p>\n<p>[\/av_one_full][av_one_full first min_height=&#8221; vertical_alignment=&#8217;av-align-top&#8217; space=&#8221; row_boxshadow=&#8221; row_boxshadow_width=&#8217;10&#8217; row_boxshadow_color=&#8221; custom_margin=&#8221; margin=&#8217;0px&#8217; av-desktop-margin=&#8221; av-medium-margin=&#8221; av-small-margin=&#8221; av-mini-margin=&#8221; mobile_breaking=&#8221; mobile_column_order=&#8221; border=&#8221; border_style=&#8217;solid&#8217; border_color=&#8221; radius=&#8221; min_col_height=&#8221; padding=&#8221; av-desktop-padding=&#8221; av-medium-padding=&#8221; av-small-padding=&#8221; av-mini-padding=&#8221; svg_div_top=&#8221; svg_div_top_color=&#8217;#333333&#8242; svg_div_top_width=&#8217;100&#8242; svg_div_top_height=&#8217;50&#8217; svg_div_top_max_height=&#8217;none&#8217; svg_div_top_flip=&#8221; svg_div_top_invert=&#8221; svg_div_top_front=&#8221; svg_div_top_opacity=&#8221; svg_div_top_preview=&#8221; svg_div_bottom=&#8221; svg_div_bottom_color=&#8217;#333333&#8242; svg_div_bottom_width=&#8217;100&#8242; svg_div_bottom_height=&#8217;50&#8217; svg_div_bottom_max_height=&#8217;none&#8217; svg_div_bottom_flip=&#8221; svg_div_bottom_invert=&#8221; svg_div_bottom_front=&#8221; svg_div_bottom_opacity=&#8221; svg_div_bottom_preview=&#8221; column_boxshadow=&#8221; column_boxshadow_width=&#8217;10&#8217; column_boxshadow_color=&#8221; background=&#8217;bg_color&#8217; background_color=&#8221; background_gradient_direction=&#8217;vertical&#8217; background_gradient_color1=&#8217;#000000&#8242; background_gradient_color2=&#8217;#ffffff&#8217; background_gradient_color3=&#8221; src=&#8221; background_position=&#8217;top left&#8217; background_repeat=&#8217;no-repeat&#8217; highlight=&#8221; highlight_size=&#8221; animation=&#8221; animation_duration=&#8221; animation_custom_bg_color=&#8221; animation_z_index_curtain=&#8217;100&#8242; parallax_parallax=&#8221; parallax_parallax_speed=&#8221; av-desktop-parallax_parallax=&#8221; av-desktop-parallax_parallax_speed=&#8221; av-medium-parallax_parallax=&#8221; av-medium-parallax_parallax_speed=&#8221; av-small-parallax_parallax=&#8221; av-small-parallax_parallax_speed=&#8221; av-mini-parallax_parallax=&#8221; av-mini-parallax_parallax_speed=&#8221; css_position=&#8221; css_position_location=&#8221; css_position_z_index=&#8221; av-desktop-css_position=&#8221; av-desktop-css_position_location=&#8221; av-desktop-css_position_z_index=&#8221; av-medium-css_position=&#8221; av-medium-css_position_location=&#8221; av-medium-css_position_z_index=&#8221; av-small-css_position=&#8221; av-small-css_position_location=&#8221; av-small-css_position_z_index=&#8221; av-mini-css_position=&#8221; av-mini-css_position_location=&#8221; av-mini-css_position_z_index=&#8221; link=&#8221; linktarget=&#8221; link_hover=&#8221; title_attr=&#8221; alt_attr=&#8221; mobile_display=&#8221; mobile_col_pos=&#8217;0&#8242; id=&#8221; custom_class=&#8221; template_class=&#8221; aria_label=&#8221; av_uid=&#8221; sc_version=&#8217;1.0&#8242;]<\/p>\n<p>[av_textblock textblock_styling_align=&#8221; textblock_styling=&#8221; textblock_styling_gap=&#8221; textblock_styling_mobile=&#8221; size=&#8221; av-desktop-font-size=&#8221; av-medium-font-size=&#8221; av-small-font-size=&#8221; av-mini-font-size=&#8221; font_color=&#8221; color=&#8221; id=&#8221; custom_class=&#8221; template_class=&#8221; av_uid=&#8217;av-latmir67&#8242; sc_version=&#8217;1.0&#8242; admin_preview_bg=&#8221;]<br \/>\nVill du vara med i Kyrklaget under Vasaloppet 30?<br \/>\nDu har v\u00e4rldens chans att h\u00e4nga med Kyrklaget i V\u00e4ster\u00e5s stift. Vi erbjuder ett paket i trevligt s\u00e4llskap \u00e4ven f\u00f6r dig som bor utanf\u00f6r V\u00e4ster\u00e5s stift. Tv\u00e5 helger med tr\u00e4ningstillf\u00e4llen och uppladdning inf\u00f6r Vasaloppet d\u00e4r vi peppar och tipsar varandra. F\u00f6r h\u00e4rlig tr\u00e4ningsgemenskap med kyrklaget s\u00e5 inbjuder vi till tv\u00e5 frist\u00e5ende uppladdningshelger.<\/p>\n<p>F\u00f6r mer\u00a0<strong>info<\/strong>: <a href=\"https:\/\/stiftsgardenrattvik.se\/wp-content\/uploads\/2022\/11\/Kyrklaget-Vasaloppet-30.pdf\">Kyrklaget Vasaloppet 30, informationsfolder<\/a><br \/>\nF\u00f6r\u00a0<strong>fr\u00e5gor<\/strong>\u00a0v\u00e4nligen kontakta oss p\u00e5\u00a0<a href=\"https:\/\/stiftsgardenrattvik.se\/kyrkvaktarfortbildning\/_wp_link_placeholder\">program@stiftsgardenrattvik.se\u00a0<\/a>eller 010-160 80 00.<br \/>\nF\u00f6r mer information, anm\u00e4lan till kyrklaget och tillg\u00e5ng till Vasaloppspaket samt startkod till Vasaloppets anm\u00e4lningssida, kontakta Ulrika Knutsson p\u00e5 tel. 010-160 80 68 eller e-post: <a href=\"mailto:ulrika.knutsson@svenskakyrkan.se\">ulrika.knutsson@svenskakyrkan.se<\/a><br \/>\n[\/av_textblock]<\/p>\n<p>[\/av_one_full][av_one_half first  min_height=&#8221; vertical_alignment=&#8217;av-align-top&#8217; space=&#8221; row_boxshadow=&#8221; row_boxshadow_width=&#8217;10&#8217; row_boxshadow_color=&#8221; custom_margin=&#8221; margin=&#8217;0px&#8217; av-desktop-margin=&#8221; av-medium-margin=&#8221; av-small-margin=&#8221; av-mini-margin=&#8221; mobile_breaking=&#8221; mobile_column_order=&#8221; border=&#8221; border_style=&#8217;solid&#8217; border_color=&#8221; radius=&#8221; min_col_height=&#8221; padding=&#8221; av-desktop-padding=&#8221; av-medium-padding=&#8221; av-small-padding=&#8221; av-mini-padding=&#8221; svg_div_top=&#8221; svg_div_top_color=&#8217;#333333&#8242; svg_div_top_width=&#8217;100&#8242; svg_div_top_height=&#8217;50&#8217; svg_div_top_max_height=&#8217;none&#8217; svg_div_top_flip=&#8221; svg_div_top_invert=&#8221; svg_div_top_front=&#8221; svg_div_top_opacity=&#8221; svg_div_top_preview=&#8221; svg_div_bottom=&#8221; svg_div_bottom_color=&#8217;#333333&#8242; svg_div_bottom_width=&#8217;100&#8242; svg_div_bottom_height=&#8217;50&#8217; svg_div_bottom_max_height=&#8217;none&#8217; svg_div_bottom_flip=&#8221; svg_div_bottom_invert=&#8221; svg_div_bottom_front=&#8221; svg_div_bottom_opacity=&#8221; svg_div_bottom_preview=&#8221; column_boxshadow=&#8221; column_boxshadow_width=&#8217;10&#8217; column_boxshadow_color=&#8221; background=&#8217;bg_color&#8217; background_color=&#8221; background_gradient_direction=&#8217;vertical&#8217; background_gradient_color1=&#8217;#000000&#8242; background_gradient_color2=&#8217;#ffffff&#8217; background_gradient_color3=&#8221; src=&#8221; background_position=&#8217;top left&#8217; background_repeat=&#8217;no-repeat&#8217; highlight=&#8221; highlight_size=&#8221; animation=&#8221; animation_duration=&#8221; animation_custom_bg_color=&#8221; animation_z_index_curtain=&#8217;100&#8242; parallax_parallax=&#8221; parallax_parallax_speed=&#8221; av-desktop-parallax_parallax=&#8221; av-desktop-parallax_parallax_speed=&#8221; av-medium-parallax_parallax=&#8221; av-medium-parallax_parallax_speed=&#8221; av-small-parallax_parallax=&#8221; av-small-parallax_parallax_speed=&#8221; av-mini-parallax_parallax=&#8221; av-mini-parallax_parallax_speed=&#8221; css_position=&#8221; css_position_location=&#8221; css_position_z_index=&#8221; av-desktop-css_position=&#8221; av-desktop-css_position_location=&#8221; av-desktop-css_position_z_index=&#8221; av-medium-css_position=&#8221; av-medium-css_position_location=&#8221; av-medium-css_position_z_index=&#8221; av-small-css_position=&#8221; av-small-css_position_location=&#8221; av-small-css_position_z_index=&#8221; av-mini-css_position=&#8221; av-mini-css_position_location=&#8221; av-mini-css_position_z_index=&#8221; link=&#8221; linktarget=&#8221; link_hover=&#8221; title_attr=&#8221; alt_attr=&#8221; mobile_display=&#8221; mobile_col_pos=&#8217;0&#8242; id=&#8221; custom_class=&#8221; template_class=&#8221; aria_label=&#8221; av_uid=&#8221; sc_version=&#8217;1.0&#8242;]<\/p>\n<p>[av_image src=&#8217;https:\/\/stiftsgardenrattvik.se\/wp-content\/uploads\/2022\/11\/vasa-scaled.jpg&#8217; attachment=&#8217;12448&#8242; attachment_size=&#8217;full&#8217; copyright=&#8221; caption=&#8221; image_size=&#8221; styling=&#8221; box_shadow=&#8217;none&#8217; box_shadow_width=&#8217;10&#8217; box_shadow_color=&#8221; align=&#8217;center&#8217; font_size=&#8221; overlay_opacity=&#8217;0.4&#8242; overlay_color=&#8217;#000000&#8242; overlay_text_color=&#8217;#ffffff&#8217; animation=&#8217;no-animation&#8217; animation_duration=&#8221; animation_custom_bg_color=&#8221; animation_z_index_curtain=&#8217;100&#8242; parallax_parallax=&#8221; parallax_parallax_speed=&#8221; av-desktop-parallax_parallax=&#8221; av-desktop-parallax_parallax_speed=&#8221; av-medium-parallax_parallax=&#8221; av-medium-parallax_parallax_speed=&#8221; av-small-parallax_parallax=&#8221; av-small-parallax_parallax_speed=&#8221; av-mini-parallax_parallax=&#8221; av-mini-parallax_parallax_speed=&#8221; hover=&#8221; blur_image=&#8221; grayscale_image=&#8221; fade_image=&#8221; appearance=&#8221; css_position=&#8221; css_position_location=&#8217;,,,&#8217; css_position_z_index=&#8221; av-desktop-css_position=&#8221; av-desktop-css_position_location=&#8217;,,,&#8217; av-desktop-css_position_z_index=&#8221; av-medium-css_position=&#8221; av-medium-css_position_location=&#8217;,,,&#8217; av-medium-css_position_z_index=&#8221; av-small-css_position=&#8221; av-small-css_position_location=&#8217;,,,&#8217; av-small-css_position_z_index=&#8221; av-mini-css_position=&#8221; av-mini-css_position_location=&#8217;,,,&#8217; av-mini-css_position_z_index=&#8221; transform_perspective=&#8221; transform_rotation=&#8217;,,,&#8217; transform_scale=&#8217;,,&#8217; transform_skew=&#8217;,&#8217; transform_translate=&#8217;,,&#8217; av-desktop-transform_perspective=&#8221; av-desktop-transform_rotation=&#8217;,,,&#8217; av-desktop-transform_scale=&#8217;,,&#8217; av-desktop-transform_skew=&#8217;,&#8217; av-desktop-transform_translate=&#8217;,,&#8217; av-medium-transform_perspective=&#8221; av-medium-transform_rotation=&#8217;,,,&#8217; av-medium-transform_scale=&#8217;,,&#8217; av-medium-transform_skew=&#8217;,&#8217; av-medium-transform_translate=&#8217;,,&#8217; av-small-transform_perspective=&#8221; av-small-transform_rotation=&#8217;,,,&#8217; av-small-transform_scale=&#8217;,,&#8217; av-small-transform_skew=&#8217;,&#8217; av-small-transform_translate=&#8217;,,&#8217; av-mini-transform_perspective=&#8221; av-mini-transform_rotation=&#8217;,,,&#8217; av-mini-transform_scale=&#8217;,,&#8217; av-mini-transform_skew=&#8217;,&#8217; av-mini-transform_translate=&#8217;,,&#8217; mask_overlay=&#8221; mask_overlay_shape=&#8217;blob&#8217; mask_overlay_size=&#8217;contain&#8217; mask_overlay_scale=&#8217;100%&#8217; mask_overlay_position=&#8217;center center&#8217; mask_overlay_repeat=&#8217;no-repeat&#8217; mask_overlay_rotate=&#8221; mask_overlay_rad_shape=&#8217;circle&#8217; mask_overlay_rad_position=&#8217;center center&#8217; mask_overlay_opacity1=&#8217;0&#8242; mask_overlay_opacity2=&#8217;1&#8242; mask_overlay_opacity3=&#8221; link=&#8221; target=&#8221; title_attr=&#8221; alt_attr=&#8221; img_scrset=&#8221; lazy_loading=&#8217;disabled&#8217; id=&#8221; custom_class=&#8221; template_class=&#8221; av_element_hidden_in_editor=&#8217;0&#8242; av_uid=&#8217;av-latn85nb&#8217; sc_version=&#8217;1.0&#8242; admin_preview_bg=&#8221;][\/av_image]<\/p>\n<p>[\/av_one_half][av_one_half  min_height=&#8221; vertical_alignment=&#8217;av-align-top&#8217; space=&#8221; row_boxshadow=&#8221; row_boxshadow_width=&#8217;10&#8217; row_boxshadow_color=&#8221; custom_margin=&#8221; margin=&#8217;0px&#8217; av-desktop-margin=&#8221; av-medium-margin=&#8221; av-small-margin=&#8221; av-mini-margin=&#8221; mobile_breaking=&#8221; mobile_column_order=&#8221; border=&#8221; border_style=&#8217;solid&#8217; border_color=&#8221; radius=&#8221; min_col_height=&#8221; padding=&#8221; av-desktop-padding=&#8221; av-medium-padding=&#8221; av-small-padding=&#8221; av-mini-padding=&#8221; svg_div_top=&#8221; svg_div_top_color=&#8217;#333333&#8242; svg_div_top_width=&#8217;100&#8242; svg_div_top_height=&#8217;50&#8217; svg_div_top_max_height=&#8217;none&#8217; svg_div_top_flip=&#8221; svg_div_top_invert=&#8221; svg_div_top_front=&#8221; svg_div_top_opacity=&#8221; svg_div_top_preview=&#8221; svg_div_bottom=&#8221; svg_div_bottom_color=&#8217;#333333&#8242; svg_div_bottom_width=&#8217;100&#8242; svg_div_bottom_height=&#8217;50&#8217; svg_div_bottom_max_height=&#8217;none&#8217; svg_div_bottom_flip=&#8221; svg_div_bottom_invert=&#8221; svg_div_bottom_front=&#8221; svg_div_bottom_opacity=&#8221; svg_div_bottom_preview=&#8221; column_boxshadow=&#8221; column_boxshadow_width=&#8217;10&#8217; column_boxshadow_color=&#8221; background=&#8217;bg_color&#8217; background_color=&#8221; background_gradient_direction=&#8217;vertical&#8217; background_gradient_color1=&#8217;#000000&#8242; background_gradient_color2=&#8217;#ffffff&#8217; background_gradient_color3=&#8221; src=&#8221; background_position=&#8217;top left&#8217; background_repeat=&#8217;no-repeat&#8217; highlight=&#8221; highlight_size=&#8221; animation=&#8221; animation_duration=&#8221; animation_custom_bg_color=&#8221; animation_z_index_curtain=&#8217;100&#8242; parallax_parallax=&#8221; parallax_parallax_speed=&#8221; av-desktop-parallax_parallax=&#8221; av-desktop-parallax_parallax_speed=&#8221; av-medium-parallax_parallax=&#8221; av-medium-parallax_parallax_speed=&#8221; av-small-parallax_parallax=&#8221; av-small-parallax_parallax_speed=&#8221; av-mini-parallax_parallax=&#8221; av-mini-parallax_parallax_speed=&#8221; css_position=&#8221; css_position_location=&#8221; css_position_z_index=&#8221; av-desktop-css_position=&#8221; av-desktop-css_position_location=&#8221; av-desktop-css_position_z_index=&#8221; av-medium-css_position=&#8221; av-medium-css_position_location=&#8221; av-medium-css_position_z_index=&#8221; av-small-css_position=&#8221; av-small-css_position_location=&#8221; av-small-css_position_z_index=&#8221; av-mini-css_position=&#8221; av-mini-css_position_location=&#8221; av-mini-css_position_z_index=&#8221; link=&#8221; linktarget=&#8221; link_hover=&#8221; title_attr=&#8221; alt_attr=&#8221; mobile_display=&#8221; mobile_col_pos=&#8217;0&#8242; id=&#8221; custom_class=&#8221; template_class=&#8221; aria_label=&#8221; av_uid=&#8221; sc_version=&#8217;1.0&#8242;]<\/p>\n<p>[av_image src=&#8217;https:\/\/stiftsgardenrattvik.se\/wp-content\/uploads\/2022\/11\/vasa-fr-1-scaled.jpg&#8217; attachment=&#8217;12450&#8242; attachment_size=&#8217;full&#8217; copyright=&#8221; caption=&#8221; image_size=&#8221; styling=&#8221; box_shadow=&#8217;none&#8217; box_shadow_width=&#8217;10&#8217; box_shadow_color=&#8221; align=&#8217;center&#8217; font_size=&#8221; overlay_opacity=&#8217;0.4&#8242; overlay_color=&#8217;#000000&#8242; overlay_text_color=&#8217;#ffffff&#8217; animation=&#8217;no-animation&#8217; animation_duration=&#8221; animation_custom_bg_color=&#8221; animation_z_index_curtain=&#8217;100&#8242; parallax_parallax=&#8221; parallax_parallax_speed=&#8221; av-desktop-parallax_parallax=&#8221; av-desktop-parallax_parallax_speed=&#8221; av-medium-parallax_parallax=&#8221; av-medium-parallax_parallax_speed=&#8221; av-small-parallax_parallax=&#8221; av-small-parallax_parallax_speed=&#8221; av-mini-parallax_parallax=&#8221; av-mini-parallax_parallax_speed=&#8221; hover=&#8221; blur_image=&#8221; grayscale_image=&#8221; fade_image=&#8221; appearance=&#8221; css_position=&#8221; css_position_location=&#8217;,,,&#8217; css_position_z_index=&#8221; av-desktop-css_position=&#8221; av-desktop-css_position_location=&#8217;,,,&#8217; av-desktop-css_position_z_index=&#8221; av-medium-css_position=&#8221; av-medium-css_position_location=&#8217;,,,&#8217; av-medium-css_position_z_index=&#8221; av-small-css_position=&#8221; av-small-css_position_location=&#8217;,,,&#8217; av-small-css_position_z_index=&#8221; av-mini-css_position=&#8221; av-mini-css_position_location=&#8217;,,,&#8217; av-mini-css_position_z_index=&#8221; transform_perspective=&#8221; transform_rotation=&#8217;,,,&#8217; transform_scale=&#8217;,,&#8217; transform_skew=&#8217;,&#8217; transform_translate=&#8217;,,&#8217; av-desktop-transform_perspective=&#8221; av-desktop-transform_rotation=&#8217;,,,&#8217; av-desktop-transform_scale=&#8217;,,&#8217; av-desktop-transform_skew=&#8217;,&#8217; av-desktop-transform_translate=&#8217;,,&#8217; av-medium-transform_perspective=&#8221; av-medium-transform_rotation=&#8217;,,,&#8217; av-medium-transform_scale=&#8217;,,&#8217; av-medium-transform_skew=&#8217;,&#8217; av-medium-transform_translate=&#8217;,,&#8217; av-small-transform_perspective=&#8221; av-small-transform_rotation=&#8217;,,,&#8217; av-small-transform_scale=&#8217;,,&#8217; av-small-transform_skew=&#8217;,&#8217; av-small-transform_translate=&#8217;,,&#8217; av-mini-transform_perspective=&#8221; av-mini-transform_rotation=&#8217;,,,&#8217; av-mini-transform_scale=&#8217;,,&#8217; av-mini-transform_skew=&#8217;,&#8217; av-mini-transform_translate=&#8217;,,&#8217; mask_overlay=&#8221; mask_overlay_shape=&#8217;blob&#8217; mask_overlay_size=&#8217;contain&#8217; mask_overlay_scale=&#8217;100%&#8217; mask_overlay_position=&#8217;center center&#8217; mask_overlay_repeat=&#8217;no-repeat&#8217; mask_overlay_rotate=&#8221; mask_overlay_rad_shape=&#8217;circle&#8217; mask_overlay_rad_position=&#8217;center center&#8217; mask_overlay_opacity1=&#8217;0&#8242; mask_overlay_opacity2=&#8217;1&#8242; mask_overlay_opacity3=&#8221; link=&#8221; target=&#8221; title_attr=&#8221; alt_attr=&#8221; img_scrset=&#8221; lazy_loading=&#8217;disabled&#8217; id=&#8221; custom_class=&#8221; template_class=&#8221; av_element_hidden_in_editor=&#8217;0&#8242; av_uid=&#8217;av-latn9tve&#8217; sc_version=&#8217;1.0&#8242; admin_preview_bg=&#8221;][\/av_image]<\/p>\n<p>[\/av_one_half]<\/p>\n","protected":false},"excerpt":{"rendered":"","protected":false},"author":1,"featured_media":0,"parent":0,"menu_order":0,"comment_status":"closed","ping_status":"closed","template":"","meta":{"footnotes":""},"class_list":["post-12446","page","type-page","status-publish","hentry"],"_links":{"self":[{"href":"https:\/\/www1.stiftsgardenrattvik.se\/index.php?rest_route=\/wp\/v2\/pages\/12446","targetHints":{"allow":["GET"]}}],"collection":[{"href":"https:\/\/www1.stiftsgardenrattvik.se\/index.php?rest_route=\/wp\/v2\/pages"}],"about":[{"href":"https:\/\/www1.stiftsgardenrattvik.se\/index.php?rest_route=\/wp\/v2\/types\/page"}],"author":[{"embeddable":true,"href":"https:\/\/www1.stiftsgardenrattvik.se\/index.php?rest_route=\/wp\/v2\/users\/1"}],"replies":[{"embeddable":true,"href":"https:\/\/www1.stiftsgardenrattvik.se\/index.php?rest_route=%2Fwp%2Fv2%2Fcomments&post=12446"}],"version-history":[{"count":1,"href":"https:\/\/www1.stiftsgardenrattvik.se\/index.php?rest_route=\/wp\/v2\/pages\/12446\/revisions"}],"predecessor-version":[{"id":12451,"href":"https:\/\/www1.stiftsgardenrattvik.se\/index.php?rest_route=\/wp\/v2\/pages\/12446\/revisions\/12451"}],"wp:attachment":[{"href":"https:\/\/www1.stiftsgardenrattvik.se\/index.php?rest_route=%2Fwp%2Fv2%2Fmedia&parent=12446"}],"curies":[{"name":"wp","href":"https:\/\/api.w.org\/{rel}","templated":true}]}}