{"id":12695,"date":"2023-01-18T16:50:17","date_gmt":"2023-01-18T15:50:17","guid":{"rendered":"https:\/\/stiftsgardenrattvik.se\/?page_id=12695"},"modified":"2023-08-23T15:28:35","modified_gmt":"2023-08-23T13:28:35","slug":"barkraftig-forsamling-del-3","status":"publish","type":"page","link":"https:\/\/www1.stiftsgardenrattvik.se\/?page_id=12695","title":{"rendered":"B\u00e4rkraftig f\u00f6rsamling del 3"},"content":{"rendered":"<p>[av_one_full first min_height=&#8221; vertical_alignment=&#8217;av-align-top&#8217; space=&#8221; row_boxshadow=&#8221; row_boxshadow_width=&#8217;10&#8217; row_boxshadow_color=&#8221; custom_margin=&#8221; margin=&#8217;0px&#8217; av-desktop-margin=&#8221; av-medium-margin=&#8221; av-small-margin=&#8221; av-mini-margin=&#8221; mobile_breaking=&#8221; mobile_column_order=&#8221; border=&#8221; border_style=&#8217;solid&#8217; border_color=&#8221; radius=&#8221; min_col_height=&#8221; padding=&#8221; av-desktop-padding=&#8221; av-medium-padding=&#8221; av-small-padding=&#8221; av-mini-padding=&#8221; svg_div_top=&#8221; svg_div_top_color=&#8217;#333333&#8242; svg_div_top_width=&#8217;100&#8242; svg_div_top_height=&#8217;50&#8217; svg_div_top_max_height=&#8217;none&#8217; svg_div_top_flip=&#8221; svg_div_top_invert=&#8221; svg_div_top_front=&#8221; svg_div_top_opacity=&#8221; svg_div_top_preview=&#8221; svg_div_bottom=&#8221; svg_div_bottom_color=&#8217;#333333&#8242; svg_div_bottom_width=&#8217;100&#8242; svg_div_bottom_height=&#8217;50&#8217; svg_div_bottom_max_height=&#8217;none&#8217; svg_div_bottom_flip=&#8221; svg_div_bottom_invert=&#8221; svg_div_bottom_front=&#8221; svg_div_bottom_opacity=&#8221; svg_div_bottom_preview=&#8221; column_boxshadow=&#8221; column_boxshadow_width=&#8217;10&#8217; column_boxshadow_color=&#8221; background=&#8217;bg_color&#8217; background_color=&#8221; background_gradient_direction=&#8217;vertical&#8217; background_gradient_color1=&#8217;#000000&#8242; background_gradient_color2=&#8217;#ffffff&#8217; background_gradient_color3=&#8221; src=&#8221; background_position=&#8217;top left&#8217; background_repeat=&#8217;no-repeat&#8217; highlight=&#8221; highlight_size=&#8221; animation=&#8221; animation_duration=&#8221; animation_custom_bg_color=&#8221; animation_z_index_curtain=&#8217;100&#8242; parallax_parallax=&#8221; parallax_parallax_speed=&#8221; av-desktop-parallax_parallax=&#8221; av-desktop-parallax_parallax_speed=&#8221; av-medium-parallax_parallax=&#8221; av-medium-parallax_parallax_speed=&#8221; av-small-parallax_parallax=&#8221; av-small-parallax_parallax_speed=&#8221; av-mini-parallax_parallax=&#8221; av-mini-parallax_parallax_speed=&#8221; css_position=&#8221; css_position_location=&#8221; css_position_z_index=&#8221; av-desktop-css_position=&#8221; av-desktop-css_position_location=&#8221; av-desktop-css_position_z_index=&#8221; av-medium-css_position=&#8221; av-medium-css_position_location=&#8221; av-medium-css_position_z_index=&#8221; av-small-css_position=&#8221; av-small-css_position_location=&#8221; av-small-css_position_z_index=&#8221; av-mini-css_position=&#8221; av-mini-css_position_location=&#8221; av-mini-css_position_z_index=&#8221; link=&#8221; linktarget=&#8221; link_hover=&#8221; title_attr=&#8221; alt_attr=&#8221; mobile_display=&#8221; mobile_col_pos=&#8217;0&#8242; id=&#8221; custom_class=&#8221; template_class=&#8221; aria_label=&#8221; av_uid=&#8217;av-22t6kqf&#8217; sc_version=&#8217;1.0&#8242;]<\/p>\n<p>[av_textblock textblock_styling_align=&#8221; textblock_styling=&#8221; textblock_styling_gap=&#8221; textblock_styling_mobile=&#8221; size=&#8221; av-desktop-font-size=&#8221; av-medium-font-size=&#8221; av-small-font-size=&#8221; av-mini-font-size=&#8221; font_color=&#8221; color=&#8221; id=&#8221; custom_class=&#8221; template_class=&#8221; av_uid=&#8217;av-ld1u4e26&#8242; sc_version=&#8217;1.0&#8242; admin_preview_bg=&#8221;]<\/p>\n<h1 style=\"text-align: center;\">B\u00e4rkraftig f\u00f6rsamling<\/h1>\n<h4 style=\"text-align: center;\">Del 3 Naturen som livgivare den 7-8 september 2023<\/h4>\n<p style=\"text-align: center;\"><strong>INST\u00c4LLD<\/strong><\/p>\n<p>[\/av_textblock]<\/p>\n<p>[\/av_one_full][av_one_full first min_height=&#8221; vertical_alignment=&#8217;av-align-top&#8217; space=&#8221; row_boxshadow=&#8221; row_boxshadow_width=&#8217;10&#8217; row_boxshadow_color=&#8221; custom_margin=&#8221; margin=&#8217;0px&#8217; av-desktop-margin=&#8221; av-medium-margin=&#8221; av-small-margin=&#8221; av-mini-margin=&#8221; mobile_breaking=&#8221; mobile_column_order=&#8221; border=&#8221; border_style=&#8217;solid&#8217; border_color=&#8221; radius=&#8221; min_col_height=&#8221; padding=&#8221; av-desktop-padding=&#8221; av-medium-padding=&#8221; av-small-padding=&#8221; av-mini-padding=&#8221; svg_div_top=&#8221; svg_div_top_color=&#8217;#333333&#8242; svg_div_top_width=&#8217;100&#8242; svg_div_top_height=&#8217;50&#8217; svg_div_top_max_height=&#8217;none&#8217; svg_div_top_flip=&#8221; svg_div_top_invert=&#8221; svg_div_top_front=&#8221; svg_div_top_opacity=&#8221; svg_div_top_preview=&#8221; svg_div_bottom=&#8221; svg_div_bottom_color=&#8217;#333333&#8242; svg_div_bottom_width=&#8217;100&#8242; svg_div_bottom_height=&#8217;50&#8217; svg_div_bottom_max_height=&#8217;none&#8217; svg_div_bottom_flip=&#8221; svg_div_bottom_invert=&#8221; svg_div_bottom_front=&#8221; svg_div_bottom_opacity=&#8221; svg_div_bottom_preview=&#8221; column_boxshadow=&#8221; column_boxshadow_width=&#8217;10&#8217; column_boxshadow_color=&#8221; background=&#8217;bg_color&#8217; background_color=&#8221; background_gradient_direction=&#8217;vertical&#8217; background_gradient_color1=&#8217;#000000&#8242; background_gradient_color2=&#8217;#ffffff&#8217; background_gradient_color3=&#8221; src=&#8221; background_position=&#8217;top left&#8217; background_repeat=&#8217;no-repeat&#8217; highlight=&#8221; highlight_size=&#8221; animation=&#8221; animation_duration=&#8221; animation_custom_bg_color=&#8221; animation_z_index_curtain=&#8217;100&#8242; parallax_parallax=&#8221; parallax_parallax_speed=&#8221; av-desktop-parallax_parallax=&#8221; av-desktop-parallax_parallax_speed=&#8221; av-medium-parallax_parallax=&#8221; av-medium-parallax_parallax_speed=&#8221; av-small-parallax_parallax=&#8221; av-small-parallax_parallax_speed=&#8221; av-mini-parallax_parallax=&#8221; av-mini-parallax_parallax_speed=&#8221; css_position=&#8221; css_position_location=&#8221; css_position_z_index=&#8221; av-desktop-css_position=&#8221; av-desktop-css_position_location=&#8221; av-desktop-css_position_z_index=&#8221; av-medium-css_position=&#8221; av-medium-css_position_location=&#8221; av-medium-css_position_z_index=&#8221; av-small-css_position=&#8221; av-small-css_position_location=&#8221; av-small-css_position_z_index=&#8221; av-mini-css_position=&#8221; av-mini-css_position_location=&#8221; av-mini-css_position_z_index=&#8221; link=&#8221; linktarget=&#8221; link_hover=&#8221; title_attr=&#8221; alt_attr=&#8221; mobile_display=&#8221; mobile_col_pos=&#8217;0&#8242; id=&#8221; custom_class=&#8221; template_class=&#8221; aria_label=&#8221; av_uid=&#8217;av-1kjw0vr&#8217; sc_version=&#8217;1.0&#8242;]<br \/>\n[av_textblock textblock_styling_align=&#8221; textblock_styling=&#8221; textblock_styling_gap=&#8221; textblock_styling_mobile=&#8221; size=&#8221; av-desktop-font-size=&#8221; av-medium-font-size=&#8221; av-small-font-size=&#8221; av-mini-font-size=&#8221; font_color=&#8221; color=&#8221; id=&#8221; custom_class=&#8221; template_class=&#8221; av_uid=&#8217;av-ld1u4o8u&#8217; sc_version=&#8217;1.0&#8242; admin_preview_bg=&#8221;]<br \/>\nAtt vara en f\u00f6rsamling som \u00e4r b\u00e4rkraftig, stabil och h\u00e5llbar \u00f6ver tid kr\u00e4ver m\u00e5nga olika b\u00e4rare. B\u00e4rare som v\u00e4rnar om skapelsen och som \u00e4r medskapare, anst\u00e4llda s\u00e5v\u00e4l som de som g\u00f6r viktiga insatser ideellt. Under rubriken B\u00e4rkraftig f\u00f6rsamling kommer Stiftsg\u00e5rden R\u00e4ttvik att anordna ett antal kurser d\u00e4r teologin \u2013 skapelsen \u2013 idealiteten \u00e4r de b\u00e4rande pelarna f\u00f6r att skapa handling i arbetet f\u00f6r en h\u00e5llbar planet. Praktik, teori och teologi kommer att blandas med hur vi kan dela arbete och sk\u00f6tsel mellan personal och f\u00f6rsamlingsbor. V\u00e4lkommen!<\/p>\n<p>Mer<strong>\u00a0info\u00a0<\/strong>om kursen: <a href=\"https:\/\/stiftsgardenrattvik.se\/wp-content\/uploads\/2023\/06\/Barkraftig-forsamling-del-3-folder.pdf\">B\u00e4rkraftig f\u00f6rsamling, del 3 folder<\/a><br \/>\nF\u00f6r\u00a0<strong>fr\u00e5gor<\/strong>\u00a0v\u00e4nligen kontakta oss p\u00e5\u00a0<a href=\"mailto:program@stiftsgardenrattvik.se\">program@stiftsgardenrattvik.se<\/a>\u00a0eller 010-160 80 00.<br \/>\nF\u00f6r\u00a0<strong>bokning<\/strong>\u00a0v\u00e4nligen fyll i formul\u00e4ret nedan s\u00e5 \u00e5terkommer vi s\u00e5 snart som m\u00f6jligt med besked om du f\u00e5tt plats.<br \/>\n[\/av_textblock]<br \/>\n[\/av_one_full]<\/p>\n<p>[av_one_full first min_height=&#8221; vertical_alignment=&#8217;av-align-top&#8217; space=&#8221; row_boxshadow=&#8221; row_boxshadow_width=&#8217;10&#8217; row_boxshadow_color=&#8221; custom_margin=&#8221; margin=&#8217;0px&#8217; av-desktop-margin=&#8221; av-medium-margin=&#8221; av-small-margin=&#8221; av-mini-margin=&#8221; mobile_breaking=&#8221; mobile_column_order=&#8221; border=&#8221; border_style=&#8217;solid&#8217; border_color=&#8221; radius=&#8221; min_col_height=&#8221; padding=&#8221; av-desktop-padding=&#8221; av-medium-padding=&#8221; av-small-padding=&#8221; av-mini-padding=&#8221; svg_div_top=&#8221; svg_div_top_color=&#8217;#333333&#8242; svg_div_top_width=&#8217;100&#8242; svg_div_top_height=&#8217;50&#8217; svg_div_top_max_height=&#8217;none&#8217; svg_div_top_flip=&#8221; svg_div_top_invert=&#8221; svg_div_top_front=&#8221; svg_div_top_opacity=&#8221; svg_div_top_preview=&#8221; svg_div_bottom=&#8221; svg_div_bottom_color=&#8217;#333333&#8242; svg_div_bottom_width=&#8217;100&#8242; svg_div_bottom_height=&#8217;50&#8217; svg_div_bottom_max_height=&#8217;none&#8217; svg_div_bottom_flip=&#8221; svg_div_bottom_invert=&#8221; svg_div_bottom_front=&#8221; svg_div_bottom_opacity=&#8221; svg_div_bottom_preview=&#8221; column_boxshadow=&#8221; column_boxshadow_width=&#8217;10&#8217; column_boxshadow_color=&#8221; background=&#8217;bg_color&#8217; background_color=&#8221; background_gradient_direction=&#8217;vertical&#8217; background_gradient_color1=&#8217;#000000&#8242; background_gradient_color2=&#8217;#ffffff&#8217; background_gradient_color3=&#8221; src=&#8221; background_position=&#8217;top left&#8217; background_repeat=&#8217;no-repeat&#8217; highlight=&#8221; highlight_size=&#8221; animation=&#8221; animation_duration=&#8221; animation_custom_bg_color=&#8221; animation_z_index_curtain=&#8217;100&#8242; parallax_parallax=&#8221; parallax_parallax_speed=&#8221; av-desktop-parallax_parallax=&#8221; av-desktop-parallax_parallax_speed=&#8221; av-medium-parallax_parallax=&#8221; av-medium-parallax_parallax_speed=&#8221; av-small-parallax_parallax=&#8221; av-small-parallax_parallax_speed=&#8221; av-mini-parallax_parallax=&#8221; av-mini-parallax_parallax_speed=&#8221; css_position=&#8221; css_position_location=&#8221; css_position_z_index=&#8221; av-desktop-css_position=&#8221; av-desktop-css_position_location=&#8221; av-desktop-css_position_z_index=&#8221; av-medium-css_position=&#8221; av-medium-css_position_location=&#8221; av-medium-css_position_z_index=&#8221; av-small-css_position=&#8221; av-small-css_position_location=&#8221; av-small-css_position_z_index=&#8221; av-mini-css_position=&#8221; av-mini-css_position_location=&#8221; av-mini-css_position_z_index=&#8221; link=&#8221; linktarget=&#8221; link_hover=&#8221; title_attr=&#8221; alt_attr=&#8221; mobile_display=&#8221; mobile_col_pos=&#8217;0&#8242; id=&#8221; custom_class=&#8221; template_class=&#8221; aria_label=&#8221; av_uid=&#8217;av-zb2l6f&#8217; sc_version=&#8217;1.0&#8242;]<br \/>\n[av_image src=&#8217;https:\/\/stiftsgardenrattvik.se\/wp-content\/uploads\/2023\/01\/Sid-1-dandelions-419858__480-@pixabay.jpg&#8217; attachment=&#8217;12685&#8242; attachment_size=&#8217;full&#8217; copyright=&#8221; caption=&#8221; image_size=&#8221; styling=&#8221; box_shadow=&#8217;none&#8217; box_shadow_width=&#8217;10&#8217; box_shadow_color=&#8221; align=&#8217;center&#8217; font_size=&#8221; overlay_opacity=&#8217;0.4&#8242; overlay_color=&#8217;#000000&#8242; overlay_text_color=&#8217;#ffffff&#8217; animation=&#8217;no-animation&#8217; animation_duration=&#8221; animation_custom_bg_color=&#8221; animation_z_index_curtain=&#8217;100&#8242; parallax_parallax=&#8221; parallax_parallax_speed=&#8221; av-desktop-parallax_parallax=&#8221; av-desktop-parallax_parallax_speed=&#8221; av-medium-parallax_parallax=&#8221; av-medium-parallax_parallax_speed=&#8221; av-small-parallax_parallax=&#8221; av-small-parallax_parallax_speed=&#8221; av-mini-parallax_parallax=&#8221; av-mini-parallax_parallax_speed=&#8221; hover=&#8221; blur_image=&#8221; grayscale_image=&#8221; fade_image=&#8221; appearance=&#8221; css_position=&#8221; css_position_location=&#8217;,,,&#8217; css_position_z_index=&#8221; av-desktop-css_position=&#8221; av-desktop-css_position_location=&#8217;,,,&#8217; av-desktop-css_position_z_index=&#8221; av-medium-css_position=&#8221; av-medium-css_position_location=&#8217;,,,&#8217; av-medium-css_position_z_index=&#8221; av-small-css_position=&#8221; av-small-css_position_location=&#8217;,,,&#8217; av-small-css_position_z_index=&#8221; av-mini-css_position=&#8221; av-mini-css_position_location=&#8217;,,,&#8217; av-mini-css_position_z_index=&#8221; transform_perspective=&#8221; transform_rotation=&#8217;,,,&#8217; transform_scale=&#8217;,,&#8217; transform_skew=&#8217;,&#8217; transform_translate=&#8217;,,&#8217; av-desktop-transform_perspective=&#8221; av-desktop-transform_rotation=&#8217;,,,&#8217; av-desktop-transform_scale=&#8217;,,&#8217; av-desktop-transform_skew=&#8217;,&#8217; av-desktop-transform_translate=&#8217;,,&#8217; av-medium-transform_perspective=&#8221; av-medium-transform_rotation=&#8217;,,,&#8217; av-medium-transform_scale=&#8217;,,&#8217; av-medium-transform_skew=&#8217;,&#8217; av-medium-transform_translate=&#8217;,,&#8217; av-small-transform_perspective=&#8221; av-small-transform_rotation=&#8217;,,,&#8217; av-small-transform_scale=&#8217;,,&#8217; av-small-transform_skew=&#8217;,&#8217; av-small-transform_translate=&#8217;,,&#8217; av-mini-transform_perspective=&#8221; av-mini-transform_rotation=&#8217;,,,&#8217; av-mini-transform_scale=&#8217;,,&#8217; av-mini-transform_skew=&#8217;,&#8217; av-mini-transform_translate=&#8217;,,&#8217; mask_overlay=&#8221; mask_overlay_shape=&#8217;blob&#8217; mask_overlay_size=&#8217;contain&#8217; mask_overlay_scale=&#8217;100%&#8217; mask_overlay_position=&#8217;center center&#8217; mask_overlay_repeat=&#8217;no-repeat&#8217; mask_overlay_rotate=&#8221; mask_overlay_rad_shape=&#8217;circle&#8217; mask_overlay_rad_position=&#8217;center center&#8217; mask_overlay_opacity1=&#8217;0&#8242; mask_overlay_opacity2=&#8217;1&#8242; mask_overlay_opacity3=&#8221; link=&#8221; target=&#8221; title_attr=&#8221; alt_attr=&#8221; img_scrset=&#8221; lazy_loading=&#8217;disabled&#8217; id=&#8221; custom_class=&#8221; template_class=&#8221; av_element_hidden_in_editor=&#8217;0&#8242; av_uid=&#8217;av-ld1u4vdm&#8217; sc_version=&#8217;1.0&#8242; admin_preview_bg=&#8221;][\/av_image]<br \/>\n[\/av_one_full]<\/p>\n<p>[av_one_full first min_height=&#8221; vertical_alignment=&#8217;av-align-top&#8217; space=&#8221; row_boxshadow=&#8221; row_boxshadow_width=&#8217;10&#8217; row_boxshadow_color=&#8221; custom_margin=&#8221; margin=&#8217;0px&#8217; av-desktop-margin=&#8221; av-medium-margin=&#8221; av-small-margin=&#8221; av-mini-margin=&#8221; mobile_breaking=&#8221; mobile_column_order=&#8221; border=&#8221; border_style=&#8217;solid&#8217; border_color=&#8221; radius=&#8221; min_col_height=&#8221; padding=&#8221; av-desktop-padding=&#8221; av-medium-padding=&#8221; av-small-padding=&#8221; av-mini-padding=&#8221; svg_div_top=&#8221; svg_div_top_color=&#8217;#333333&#8242; svg_div_top_width=&#8217;100&#8242; svg_div_top_height=&#8217;50&#8217; svg_div_top_max_height=&#8217;none&#8217; svg_div_top_flip=&#8221; svg_div_top_invert=&#8221; svg_div_top_front=&#8221; svg_div_top_opacity=&#8221; svg_div_top_preview=&#8221; svg_div_bottom=&#8221; svg_div_bottom_color=&#8217;#333333&#8242; svg_div_bottom_width=&#8217;100&#8242; svg_div_bottom_height=&#8217;50&#8217; svg_div_bottom_max_height=&#8217;none&#8217; svg_div_bottom_flip=&#8221; svg_div_bottom_invert=&#8221; svg_div_bottom_front=&#8221; svg_div_bottom_opacity=&#8221; svg_div_bottom_preview=&#8221; column_boxshadow=&#8221; column_boxshadow_width=&#8217;10&#8217; column_boxshadow_color=&#8221; background=&#8217;bg_color&#8217; background_color=&#8221; background_gradient_direction=&#8217;vertical&#8217; background_gradient_color1=&#8217;#000000&#8242; background_gradient_color2=&#8217;#ffffff&#8217; background_gradient_color3=&#8221; src=&#8221; background_position=&#8217;top left&#8217; background_repeat=&#8217;no-repeat&#8217; highlight=&#8221; highlight_size=&#8221; animation=&#8221; animation_duration=&#8221; animation_custom_bg_color=&#8221; animation_z_index_curtain=&#8217;100&#8242; parallax_parallax=&#8221; parallax_parallax_speed=&#8221; av-desktop-parallax_parallax=&#8221; av-desktop-parallax_parallax_speed=&#8221; av-medium-parallax_parallax=&#8221; av-medium-parallax_parallax_speed=&#8221; av-small-parallax_parallax=&#8221; av-small-parallax_parallax_speed=&#8221; av-mini-parallax_parallax=&#8221; av-mini-parallax_parallax_speed=&#8221; css_position=&#8221; css_position_location=&#8221; css_position_z_index=&#8221; av-desktop-css_position=&#8221; av-desktop-css_position_location=&#8221; av-desktop-css_position_z_index=&#8221; av-medium-css_position=&#8221; av-medium-css_position_location=&#8221; av-medium-css_position_z_index=&#8221; av-small-css_position=&#8221; av-small-css_position_location=&#8221; av-small-css_position_z_index=&#8221; av-mini-css_position=&#8221; av-mini-css_position_location=&#8221; av-mini-css_position_z_index=&#8221; link=&#8221; linktarget=&#8221; link_hover=&#8221; title_attr=&#8221; alt_attr=&#8221; mobile_display=&#8221; mobile_col_pos=&#8217;0&#8242; id=&#8221; custom_class=&#8221; template_class=&#8221; aria_label=&#8221; av_uid=&#8217;av-lm7ylz&#8217; sc_version=&#8217;1.0&#8242;]<br \/>\n[av_contact title=&#8217;G\u00f6r din anm\u00e4lan h\u00e4r!&#8217; button=&#8217;Skicka anm\u00e4lan!&#8217; on_send=&#8221; sent=&#8217;Tack f\u00f6r din anm\u00e4lan!&#8217; link=&#8217;manually,http:\/\/&#8217; captcha=&#8221; captcha_theme=&#8217;light&#8217; captcha_size=&#8217;normal&#8217; captcha_score=&#8217;0.5&#8242; email=&#8217;bokningen@stiftsgardenrattvik.se, bokningenstiftsgarden@gmail.com, &#8216; from_email=&#8217;bokningen@stiftsgardenrattvik.se&#8217; subject=&#8217;Anm\u00e4lan B\u00e4rkraftig f\u00f6rsamling 7-8\/9-23&#8242; autoresponder_email=&#8217;bokningen@stiftsgardenrattvik.se, bokningenstiftsgarden@gmail.com, &#8216; autoresponder_reply_to=&#8217;bokningen@stiftsgardenrattvik.se, bokningenstiftsgarden@gmail.com, &#8216; autoresponder_subject=&#8217;Anm\u00e4lan B\u00e4rkraftig f\u00f6rsamling 7-8\/9-23&#8217; autorespond=&#8217;Hej och tack f\u00f6r din anm\u00e4lan till kursen B\u00e4rkraftig f\u00f6rsamling 11-12\/5.<\/p>\n<p>Vi tar hand om din anm\u00e4lan s\u00e5 snart vi kan och \u00e5terkommer till dig med besked om du f\u00e5tt plats. Har du n\u00e5gra fr\u00e5gor om kursen eller vill \u00e4ndra n\u00e5got i din anm\u00e4lan \u00e4r du v\u00e4lkommen att kontakta oss p\u00e5 010-160 80 01 eller bokningen@stiftsgardenrattvik.se.<\/p>\n<p>Med v\u00e4nliga h\u00e4lsningar,<br \/>\nStiftsg\u00e5rden R\u00e4ttvik&#8217; autorespond_after=&#8221; form_align=&#8221; color=&#8221; heading_tag=&#8221; heading_class=&#8221; alb_description=&#8221; id=&#8221; custom_class=&#8221; template_class=&#8221; aria_label=&#8221; av_uid=&#8217;av-ld1ub7uz&#8217; sc_version=&#8217;1.0&#8242; admin_preview_bg=&#8221;]<br \/>\n[av_contact_field type=&#8217;text&#8217; label=&#8217;F\u00f6rnamn&#8217; options=&#8221; check=&#8217;is_empty&#8217; element_display=&#8221; width=&#8217;element_half&#8217; headline_tag=&#8217;h3&#8242; av_uid=&#8217;av-ld1u5gek&#8217; sc_version=&#8217;1.0&#8242;][\/av_contact_field]<br \/>\n[av_contact_field type=&#8217;text&#8217; label=&#8217;Efternamn&#8217; options=&#8221; check=&#8217;is_empty&#8217; element_display=&#8221; width=&#8217;element_half&#8217; headline_tag=&#8217;h3&#8242; av_uid=&#8217;av-ld1u5q8a&#8217; sc_version=&#8217;1.0&#8242;][\/av_contact_field]<br \/>\n[av_contact_field type=&#8217;text&#8217; label=&#8217;Postadress&#8217; options=&#8221; check=&#8217;is_empty&#8217; element_display=&#8221; width=&#8217;element_third&#8217; headline_tag=&#8217;h3&#8242; av_uid=&#8217;av-ld1u5yub&#8217; sc_version=&#8217;1.0&#8242;][\/av_contact_field]<br \/>\n[av_contact_field type=&#8217;text&#8217; label=&#8217;Postnummer&#8217; options=&#8221; check=&#8217;is_empty&#8217; element_display=&#8221; width=&#8217;element_third&#8217; headline_tag=&#8217;h3&#8242; av_uid=&#8217;av-ld1u67cr&#8217; sc_version=&#8217;1.0&#8242;][\/av_contact_field]<br \/>\n[av_contact_field type=&#8217;text&#8217; label=&#8217;Postort&#8217; options=&#8221; check=&#8217;is_empty&#8217; element_display=&#8221; width=&#8217;element_third&#8217; headline_tag=&#8217;h3&#8242; av_uid=&#8217;av-ld1u6ghu&#8217; sc_version=&#8217;1.0&#8242;][\/av_contact_field]<br \/>\n[av_contact_field type=&#8217;text&#8217; label=&#8217;E-post&#8217; options=&#8221; check=&#8217;is_email&#8217; element_display=&#8221; width=&#8217;element_half&#8217; headline_tag=&#8217;h3&#8242; av_uid=&#8217;av-ld1u70y1&#8242; sc_version=&#8217;1.0&#8242;][\/av_contact_field]<br \/>\n[av_contact_field type=&#8217;text&#8217; label=&#8217;Telefonnummer&#8217; options=&#8221; check=&#8217;is_phone&#8217; element_display=&#8221; width=&#8217;element_half&#8217; headline_tag=&#8217;h3&#8242; av_uid=&#8217;av-ld1u7cfn&#8217; sc_version=&#8217;1.0&#8242;][\/av_contact_field]<br \/>\n[av_contact_field type=&#8217;text&#8217; label=&#8217;\u00d6nskas logi JA\/NEJ (om JA v\u00e4lj alternativ nedan)&#8217; options=&#8221; check=&#8217;is_empty&#8217; element_display=&#8221; width=&#8221; headline_tag=&#8217;h3&#8242; av_uid=&#8217;av-ld1u7u7j&#8217; sc_version=&#8217;1.0&#8242;][\/av_contact_field]<br \/>\n[av_contact_field type=&#8217;checkbox&#8217; label=&#8217;Enkelrum med WC (dusch i korridor)&#8217; options=&#8221; check=&#8221; element_display=&#8221; width=&#8217;element_third&#8217; headline_tag=&#8217;h3&#8242; av_uid=&#8217;av-ld1u84s5&#8242; sc_version=&#8217;1.0&#8242;][\/av_contact_field]<br \/>\n[av_contact_field type=&#8217;checkbox&#8217; label=&#8217;Enkelrum med dusch &#038; wc&#8217; options=&#8221; check=&#8221; element_display=&#8221; width=&#8217;element_third&#8217; headline_tag=&#8217;h3&#8242; av_uid=&#8217;av-ld1u8jdg&#8217; sc_version=&#8217;1.0&#8242;][\/av_contact_field]<br \/>\n[av_contact_field type=&#8217;checkbox&#8217; label=&#8217;Dubbelrum med dusch &#038; WC&#8217; options=&#8221; check=&#8221; element_display=&#8221; width=&#8217;element_third&#8217; headline_tag=&#8217;h3&#8242; av_uid=&#8217;av-ld1u8scz&#8217; sc_version=&#8217;1.0&#8242;][\/av_contact_field]<br \/>\n[av_contact_field type=&#8217;text&#8217; label=&#8217;Ev. faktureringsadress&#8217; options=&#8221; check=&#8221; element_display=&#8221; width=&#8221; headline_tag=&#8217;h3&#8242; av_uid=&#8217;av-ld1u96c9&#8242; sc_version=&#8217;1.0&#8242;][\/av_contact_field]<br \/>\n[av_contact_field type=&#8217;text&#8217; label=&#8217;Allergier och behov av specialkost har \u00f6kat. Det \u00e4r viktigt att vi som lagar och serverar mat tar dessa behov p\u00e5 st\u00f6rsta allvar och skapar b\u00e4sta t\u00e4nkbara f\u00f6ruts\u00e4ttningar f\u00f6r att vi ska klara av att uppfylla kraven. D\u00e4rf\u00f6r har Stiftsg\u00e5rden i R\u00e4ttvik fr\u00e5n och med den 1 mars 2021 inf\u00f6rt tydligare regler n\u00e4r det g\u00e4ller specialkost. F\u00f6r att vi ska kunna s\u00e4kerst\u00e4lla och tillgodose behovet av specialkost beh\u00f6ver vi l\u00e4karintyg f\u00f6r ber\u00f6rd person. L\u00e4karintyget m\u00e5ste vara Stiftsg\u00e5rden tillhanda senast sju dagar innan ankomst f\u00f6r att vi ska kunna s\u00e4kerst\u00e4lla och tillgodose behovet. Vid f\u00f6rsta m\u00e5ltid m\u00e5ste den som har behov av specialkost anm\u00e4la sig till k\u00f6kspersonalen s\u00e5 att vi vet vem det g\u00e4ller. I enligt med GDPR sparas l\u00e4karintygen s\u00e5 l\u00e4nge det \u00e4r n\u00f6dv\u00e4ndigt f\u00f6r att uppfylla kraven. N\u00e4r ni skickar in ert l\u00e4karintyg medger ni samtidigt att era personuppgifter sparas enligt ovan. Ev. allergier\/ specialkost v\u00e4nligen fyll i nedan&#8217; options=&#8221; check=&#8221; element_display=&#8221; width=&#8221; headline_tag=&#8217;h3&#8242; av_uid=&#8217;av-ld1u9hpl&#8217; sc_version=&#8217;1.0&#8242;][\/av_contact_field]<br \/>\n[\/av_contact]<br \/>\n[\/av_one_full]<\/p>\n","protected":false},"excerpt":{"rendered":"","protected":false},"author":1,"featured_media":0,"parent":0,"menu_order":0,"comment_status":"closed","ping_status":"closed","template":"","meta":{"footnotes":""},"class_list":["post-12695","page","type-page","status-publish","hentry"],"_links":{"self":[{"href":"https:\/\/www1.stiftsgardenrattvik.se\/index.php?rest_route=\/wp\/v2\/pages\/12695","targetHints":{"allow":["GET"]}}],"collection":[{"href":"https:\/\/www1.stiftsgardenrattvik.se\/index.php?rest_route=\/wp\/v2\/pages"}],"about":[{"href":"https:\/\/www1.stiftsgardenrattvik.se\/index.php?rest_route=\/wp\/v2\/types\/page"}],"author":[{"embeddable":true,"href":"https:\/\/www1.stiftsgardenrattvik.se\/index.php?rest_route=\/wp\/v2\/users\/1"}],"replies":[{"embeddable":true,"href":"https:\/\/www1.stiftsgardenrattvik.se\/index.php?rest_route=%2Fwp%2Fv2%2Fcomments&post=12695"}],"version-history":[{"count":4,"href":"https:\/\/www1.stiftsgardenrattvik.se\/index.php?rest_route=\/wp\/v2\/pages\/12695\/revisions"}],"predecessor-version":[{"id":13537,"href":"https:\/\/www1.stiftsgardenrattvik.se\/index.php?rest_route=\/wp\/v2\/pages\/12695\/revisions\/13537"}],"wp:attachment":[{"href":"https:\/\/www1.stiftsgardenrattvik.se\/index.php?rest_route=%2Fwp%2Fv2%2Fmedia&parent=12695"}],"curies":[{"name":"wp","href":"https:\/\/api.w.org\/{rel}","templated":true}]}}