{"id":2434,"date":"2013-07-12T11:39:13","date_gmt":"2013-07-12T09:39:13","guid":{"rendered":"http:\/\/test.stiftsgardenrattvik.se\/?page_id=2434"},"modified":"2016-11-20T20:44:57","modified_gmt":"2016-11-20T19:44:57","slug":"gruppforlaggning","status":"publish","type":"page","link":"https:\/\/www1.stiftsgardenrattvik.se\/?page_id=2434","title":{"rendered":"Gruppf\u00f6rl\u00e4ggning"},"content":{"rendered":"<p>[av_two_third first]<\/p>\n<p>[av_textblock size=&#8221; font_color=&#8221; color=&#8221;]<\/p>\n<h3>Stiftsg\u00e5rden \u00e4r den perfekta platsen f\u00f6r l\u00e4ger- och kursverksamhet!<\/h3>\n<p>V\u00e5ra l\u00e4ger\/kursg\u00e5rdar ligger frist\u00e5ende inom omr\u00e5det och heter <em><strong>Vita<\/strong> <\/em>respektive <em><strong>R\u00f6da l\u00e4gerg\u00e5rden<\/strong><\/em>. Dessa gruppf\u00f6rl\u00e4ggningar med totalt 140 s\u00e4ngplatser har flera gemensamma dusch &amp; WC-utrymmen. Vi har \u00e4ven tre matsalar med totalt 292 sittplatser. I Vita L\u00e4gerg\u00e5rdens k\u00e4llarplan finns en undervisningslokal. Ut\u00f6ver detta har vi ytterligare 12 stycken konferensrum i v\u00e5r huvudbyggnad som kan bokas som tillval.<\/p>\n<p>Vi har egen badplats med brygga, stora gr\u00e4sytor med bland annat en fotbollsplan, en beachvolleybollplan, kanoter, danslokal, bastu, samarbets\u00f6vningsmaterial, n\u00e4rhet till fina naturmilj\u00f6er samt mycket annat som kan f\u00f6rgylla ert l\u00e4ger\/ kurs. Fr\u00e5ga oss g\u00e4rna om ni har n\u00e5gra funderingar eller id\u00e9er.<\/p>\n<p><em>V\u00e4lkommen att boka ert l\u00e4ger\/kurs hos oss!<\/em><br \/>\n[\/av_textblock]<\/p>\n<p>[\/av_two_third][av_one_third min_height=&#8221; vertical_alignment=&#8221; space=&#8221; custom_margin=&#8221; margin=&#8217;0px&#8217; padding=&#8217;0px&#8217; border=&#8221; border_color=&#8221; radius=&#8217;0px&#8217; background_color=&#8221; src=&#8221; background_position=&#8217;top left&#8217; background_repeat=&#8217;no-repeat&#8217; animation=&#8221;]<br \/>\n[av_image src=&#8217;https:\/\/stiftsgardenrattvik.se\/wp-content\/uploads\/2013\/07\/lagergard.jpg&#8217; attachment=&#8217;2550&#8242; attachment_size=&#8221; align=&#8217;center&#8217; animation=&#8217;pop-up&#8217; styling=&#8221; hover=&#8221; link=&#8221; target=&#8221; caption=&#8221; font_size=&#8221; appearance=&#8221; overlay_opacity=&#8217;0.4&#8242; overlay_color=&#8217;#000000&#8242; overlay_text_color=&#8217;#ffffff&#8217;][\/av_image]<br \/>\n[\/av_one_third]<\/p>\n","protected":false},"excerpt":{"rendered":"<p>[av_two_third first] [av_textblock size=&#8221; font_color=&#8221; color=&#8221;] Stiftsg\u00e5rden \u00e4r den perfekta platsen f\u00f6r l\u00e4ger- och kursverksamhet! V\u00e5ra l\u00e4ger\/kursg\u00e5rdar ligger frist\u00e5ende inom omr\u00e5det och heter Vita respektive R\u00f6da l\u00e4gerg\u00e5rden. Dessa gruppf\u00f6rl\u00e4ggningar med totalt 140 s\u00e4ngplatser har flera gemensamma dusch &amp; WC-utrymmen. Vi har \u00e4ven tre matsalar med totalt 292 sittplatser. I Vita L\u00e4gerg\u00e5rdens k\u00e4llarplan finns en undervisningslokal. [&hellip;]<\/p>\n","protected":false},"author":1,"featured_media":0,"parent":0,"menu_order":0,"comment_status":"open","ping_status":"open","template":"","meta":{"footnotes":""},"class_list":["post-2434","page","type-page","status-publish","hentry"],"_links":{"self":[{"href":"https:\/\/www1.stiftsgardenrattvik.se\/index.php?rest_route=\/wp\/v2\/pages\/2434","targetHints":{"allow":["GET"]}}],"collection":[{"href":"https:\/\/www1.stiftsgardenrattvik.se\/index.php?rest_route=\/wp\/v2\/pages"}],"about":[{"href":"https:\/\/www1.stiftsgardenrattvik.se\/index.php?rest_route=\/wp\/v2\/types\/page"}],"author":[{"embeddable":true,"href":"https:\/\/www1.stiftsgardenrattvik.se\/index.php?rest_route=\/wp\/v2\/users\/1"}],"replies":[{"embeddable":true,"href":"https:\/\/www1.stiftsgardenrattvik.se\/index.php?rest_route=%2Fwp%2Fv2%2Fcomments&post=2434"}],"version-history":[{"count":21,"href":"https:\/\/www1.stiftsgardenrattvik.se\/index.php?rest_route=\/wp\/v2\/pages\/2434\/revisions"}],"predecessor-version":[{"id":5785,"href":"https:\/\/www1.stiftsgardenrattvik.se\/index.php?rest_route=\/wp\/v2\/pages\/2434\/revisions\/5785"}],"wp:attachment":[{"href":"https:\/\/www1.stiftsgardenrattvik.se\/index.php?rest_route=%2Fwp%2Fv2%2Fmedia&parent=2434"}],"curies":[{"name":"wp","href":"https:\/\/api.w.org\/{rel}","templated":true}]}}