{"id":2435,"date":"2013-07-12T11:39:22","date_gmt":"2013-07-12T09:39:22","guid":{"rendered":"http:\/\/test.stiftsgardenrattvik.se\/?page_id=2435"},"modified":"2025-10-28T09:26:04","modified_gmt":"2025-10-28T08:26:04","slug":"priser","status":"publish","type":"page","link":"https:\/\/www1.stiftsgardenrattvik.se\/?page_id=2435","title":{"rendered":"Priser"},"content":{"rendered":"<p>[av_one_full first av_uid=&#8217;av-2200rbn&#8217;]<\/p>\n<p>[av_textblock textblock_styling_align=&#8221; textblock_styling=&#8221; textblock_styling_gap=&#8221; textblock_styling_mobile=&#8221; size=&#8221; av-desktop-font-size=&#8221; av-medium-font-size=&#8221; av-small-font-size=&#8221; av-mini-font-size=&#8221; font_color=&#8221; color=&#8221; id=&#8221; custom_class=&#8221; template_class=&#8221; av_uid=&#8217;av-m2u7tg1k&#8217; sc_version=&#8217;1.0&#8242; admin_preview_bg=&#8221;]<\/p>\n<h1 style=\"text-align: center;\"><strong>PRISER 2025<\/strong><\/h1>\n<p style=\"text-align: center;\"><strong>Observera att priserna inte g\u00e4ller vid perioder med paketpris. H\u00f6gs\u00e4song \u00e4r perioden 2\/6 &#8211; 31\/8 <\/strong><\/p>\n<p>[\/av_textblock]<\/p>\n<p>[av_table purpose=&#8217;tabular&#8217; pricing_table_design=&#8217;avia_pricing_default&#8217; pricing_hidden_cells=&#8221; caption=&#8221; responsive_styling=&#8217;avia_responsive_table&#8217; alb_description=&#8221; id=&#8221; custom_class=&#8221; template_class=&#8221; av_uid=&#8217;av-1zjr8w3&#8242; sc_version=&#8217;1.0&#8242;]<br \/>\n[av_row row_style=&#8217;avia-heading-row&#8217; av_uid=&#8217;av-1xporw3&#8242;][av_cell col_style=&#8221; av_uid=&#8217;av-1wogbpv&#8217;]Rumstyp[\/av_cell][av_cell col_style=&#8221; av_uid=&#8217;av-1usz20j&#8217;]L\u00e5gs\u00e4song inkl. frukost[\/av_cell][av_cell col_style=&#8221; av_uid=&#8217;av-1tgm89f&#8217;]H\u00f6gs\u00e4song inkl. frukost[\/av_cell][\/av_row]<br \/>\n[av_row row_style=&#8221; av_uid=&#8217;av-1s63f1v&#8217;][av_cell col_style=&#8221; av_uid=&#8217;av-1q2nkzn&#8217;]Enkelrum[\/av_cell][av_cell col_style=&#8221; av_uid=&#8217;av-1oe8asz&#8217;]1 065 kr\/pers[\/av_cell][av_cell col_style=&#8221; av_uid=&#8217;av-1ngxydf&#8217;]1 245 kr\/pers[\/av_cell][\/av_row]<br \/>\n[av_row row_style=&#8221; av_uid=&#8217;av-1l90ier&#8217;][av_cell col_style=&#8221; av_uid=&#8217;av-1ixbe6r&#8217;]Enkelrum utan dusch[\/av_cell][av_cell col_style=&#8221; av_uid=&#8217;av-1hnylbn&#8217;]785 kr\/pers[\/av_cell][av_cell col_style=&#8221; av_uid=&#8217;av-1fnehtv&#8217;]975 kr\/pers[\/av_cell][\/av_row]<br \/>\n[av_row row_style=&#8221; av_uid=&#8217;av-1f7gaj7&#8242;][av_cell col_style=&#8221; av_uid=&#8217;av-1cfabpv&#8217;]Dubbelrum[\/av_cell][av_cell col_style=&#8221; av_uid=&#8217;av-1al950j&#8217;]1 570 kr\/rum[\/av_cell][av_cell col_style=&#8221; av_uid=&#8217;av-1a8xgsj&#8217;]1 850 kr\/rum[\/av_cell][\/av_row]<br \/>\n[av_row row_style=&#8221; av_uid=&#8217;av-4f6xlv&#8217;][av_cell col_style=&#8221; av_uid=&#8217;av-162t0lv&#8217;]Dubbelrum utan dusch[\/av_cell][av_cell col_style=&#8221; av_uid=&#8217;av-150qzmb&#8217;]1 280 kr\/rum[\/av_cell][av_cell col_style=&#8221; av_uid=&#8217;av-135bfn7&#8242;]1 570 kr\/rum[\/av_cell][\/av_row]<br \/>\n[av_row row_style=&#8221; av_uid=&#8217;av-114hoxf&#8217;][av_cell col_style=&#8221; av_uid=&#8217;av-107f9zn&#8217;]Familjerum (barntill\u00e4gg tillkommer se nedan)[\/av_cell][av_cell col_style=&#8221; av_uid=&#8217;av-ye3lhv&#8217;]1860 kr\/tv\u00e5 vuxna[\/av_cell][av_cell col_style=&#8221; av_uid=&#8217;av-37u5c3&#8242;]2 130 kr\/tv\u00e5 vuxna[\/av_cell][\/av_row]<br \/>\n[av_row row_style=&#8221; av_uid=&#8217;av-vagtkj&#8217;][av_cell col_style=&#8221; av_uid=&#8217;av-tg6uib&#8217;]Barn 5\u201312 \u00e5r[\/av_cell][av_cell col_style=&#8221; av_uid=&#8217;av-qog3j7&#8242;]235 kr[\/av_cell][av_cell col_style=&#8221; av_uid=&#8217;av-pglqjn&#8217;]235 kr[\/av_cell][\/av_row]<br \/>\n[av_row row_style=&#8221; av_uid=&#8217;av-nemmmr&#8217;][av_cell col_style=&#8221; av_uid=&#8217;av-lpxp83&#8242;]Barn 0-4 \u00e5r[\/av_cell][av_cell col_style=&#8221; av_uid=&#8217;av-kcqnib&#8217;]110 kr[\/av_cell][av_cell col_style=&#8221; av_uid=&#8217;av-iwz0gj&#8217;]110 kr[\/av_cell][\/av_row]<br \/>\n[av_row row_style=&#8221; av_uid=&#8217;av-gqdkw3&#8242;][av_cell col_style=&#8221; av_uid=&#8217;av-f3e5zn&#8217;]Husdjurstill\u00e4gg[\/av_cell][av_cell col_style=&#8221; av_uid=&#8217;av-dw20v7&#8242;]200 kr\/vistelse[\/av_cell][av_cell col_style=&#8221; av_uid=&#8217;av-1724cj&#8217;]200 kr\/vistelse[\/av_cell][\/av_row]<br \/>\n[av_row row_style=&#8221; av_uid=&#8217;av-b6m803&#8242;][av_cell col_style=&#8221; av_uid=&#8217;av-9mlz4j&#8217;]Extra avgift f\u00f6r s\u00e4nglinnen p\u00e5 l\u00e4gerg\u00e5rd tillkommer. [\/av_cell][av_cell col_style=&#8221; av_uid=&#8217;av-7d2vjn&#8217;][\/av_cell][av_cell col_style=&#8221; av_uid=&#8217;av-59ptsj&#8217;][\/av_cell][\/av_row]<br \/>\n[\/av_table]<\/p>\n<p>[\/av_one_full][av_one_full first av_uid=&#8217;av-21wadcz&#8217;]<\/p>\n<p>[av_textblock textblock_styling_align=&#8221; textblock_styling=&#8221; textblock_styling_gap=&#8221; textblock_styling_mobile=&#8221; size=&#8221; av-desktop-font-size=&#8221; av-medium-font-size=&#8221; av-small-font-size=&#8221; av-mini-font-size=&#8221; font_color=&#8221; color=&#8221; id=&#8221; custom_class=&#8221; template_class=&#8221; av_uid=&#8217;av-mh8yqc75&#8242; sc_version=&#8217;1.0&#8242; admin_preview_bg=&#8221;]<\/p>\n<h1 style=\"text-align: center;\"><strong>PRISER 2026<\/strong><\/h1>\n<p style=\"text-align: center;\"><strong>Observera att priserna inte g\u00e4ller vid perioder med paketpris. H\u00f6gs\u00e4song \u00e4r perioden 1\/6 &#8211; 31\/8 <\/strong><\/p>\n<p>[\/av_textblock]<\/p>\n<p>[av_table purpose=&#8217;tabular&#8217; pricing_table_design=&#8217;avia_pricing_default&#8217; pricing_hidden_cells=&#8221; caption=&#8221; responsive_styling=&#8217;avia_responsive_table&#8217; alb_description=&#8221; id=&#8221; custom_class=&#8221; template_class=&#8221; av_uid=&#8217;av-20cazcj&#8217; sc_version=&#8217;1.0&#8242;]<br \/>\n[av_row row_style=&#8217;avia-heading-row&#8217; av_uid=&#8217;av-1yocf0j&#8217;][av_cell col_style=&#8221; av_uid=&#8217;av-1wkhsjn&#8217;]Rumstyp[\/av_cell][av_cell col_style=&#8221; av_uid=&#8217;av-1vo2qnn&#8217;]L\u00e5gs\u00e4song inkl. frukost[\/av_cell][av_cell col_style=&#8221; av_uid=&#8217;av-6kfxcj&#8217;]H\u00f6gs\u00e4song inkl. frukost[\/av_cell][\/av_row]<br \/>\n[av_row row_style=&#8221; av_uid=&#8217;av-6bhs4j&#8217;][av_cell col_style=&#8221; av_uid=&#8217;av-1pq21tv&#8217;]Enkelrum[\/av_cell][av_cell col_style=&#8221; av_uid=&#8217;av-1o7toc3&#8242;]1 095 kr\/pers[\/av_cell][av_cell col_style=&#8221; av_uid=&#8217;av-5udkhf&#8217;]1 260 kr\/pers[\/av_cell][\/av_row]<br \/>\n[av_row row_style=&#8221; av_uid=&#8217;av-1l8806b&#8217;][av_cell col_style=&#8221; av_uid=&#8217;av-1ivndoz&#8217;]Enkelrum utan dusch[\/av_cell][av_cell col_style=&#8221; av_uid=&#8217;av-5g5b4j&#8217;]810 kr\/pers[\/av_cell][av_cell col_style=&#8221; av_uid=&#8217;av-1ffqn9v&#8217;]1 010 kr\/pers[\/av_cell][\/av_row]<br \/>\n[av_row row_style=&#8221; av_uid=&#8217;av-1esalgz&#8217;][av_cell col_style=&#8221; av_uid=&#8217;av-1c8nk1f&#8217;]Dubbelrum[\/av_cell][av_cell col_style=&#8221; av_uid=&#8217;av-1aqn41f&#8217;]1 620 kr\/rum[\/av_cell][av_cell col_style=&#8221; av_uid=&#8217;av-1a7ovur&#8217;]2 020 kr\/rum[\/av_cell][\/av_row]<br \/>\n[av_row row_style=&#8221; av_uid=&#8217;av-18l41n7&#8242;][av_cell col_style=&#8221; av_uid=&#8217;av-15t681f&#8217;]Dubbelrum utan dusch[\/av_cell][av_cell col_style=&#8221; av_uid=&#8217;av-14w7g9v&#8217;]1 320 kr\/rum[\/av_cell][av_cell col_style=&#8221; av_uid=&#8217;av-12bdjmr&#8217;]1 620 kr\/rum[\/av_cell][\/av_row]<br \/>\n[av_row row_style=&#8221; av_uid=&#8217;av-11t03wj&#8217;][av_cell col_style=&#8221; av_uid=&#8217;av-109q0dv&#8217;]Familjerum (barntill\u00e4gg tillkommer se nedan)[\/av_cell][av_cell col_style=&#8221; av_uid=&#8217;av-ypi9g3&#8242;]1 920 kr\/tv\u00e5 vuxna[\/av_cell][av_cell col_style=&#8221; av_uid=&#8217;av-wwexvn&#8217;]2 520 kr\/tv\u00e5 vuxna[\/av_cell][\/av_row]<br \/>\n[av_row row_style=&#8221; av_uid=&#8217;av-v8ydoz&#8217;][av_cell col_style=&#8221; av_uid=&#8217;av-srouyr&#8217;]Barn 5\u201312 \u00e5r[\/av_cell][av_cell col_style=&#8221; av_uid=&#8217;av-2snler&#8217;]245 kr[\/av_cell][av_cell col_style=&#8221; av_uid=&#8217;av-q44sdf&#8217;]245 kr[\/av_cell][\/av_row]<br \/>\n[av_row row_style=&#8221; av_uid=&#8217;av-nwhuhv&#8217;][av_cell col_style=&#8221; av_uid=&#8217;av-loeehf&#8217;]Barn 0-4 \u00e5r[\/av_cell][av_cell col_style=&#8221; av_uid=&#8217;av-kydrcj&#8217;]115 kr[\/av_cell][av_cell col_style=&#8221; av_uid=&#8217;av-1vzjg3&#8242;]115 kr[\/av_cell][\/av_row]<br \/>\n[av_row row_style=&#8221; av_uid=&#8217;av-h8vy37&#8242;][av_cell col_style=&#8221; av_uid=&#8217;av-ft0vkz&#8217;]Husdjurstill\u00e4gg[\/av_cell][av_cell col_style=&#8221; av_uid=&#8217;av-dwgt9v&#8217;]200 kr\/vistelse[\/av_cell][av_cell col_style=&#8221; av_uid=&#8217;av-cpqymb&#8217;]200 kr\/vistelse[\/av_cell][\/av_row]<br \/>\n[av_row row_style=&#8221; av_uid=&#8217;av-b8jvpv&#8217;][av_cell col_style=&#8221; av_uid=&#8217;av-9ddr8z&#8217;]Extra avgift f\u00f6r s\u00e4nglinnen p\u00e5 l\u00e4gerg\u00e5rd tillkommer. [\/av_cell][av_cell col_style=&#8221; av_uid=&#8217;av-7dfqib&#8217;][\/av_cell][av_cell col_style=&#8221; av_uid=&#8217;av-60045f&#8217;][\/av_cell][\/av_row]<br \/>\n[\/av_table]<\/p>\n<p>[av_button label=&#8217;Boka online&#8217; link=&#8217;manually,http:\/\/online.bookvisit.com\/accommodation\/list?channelId=38a87c2a-f118-4331-b5b6-4319bbc76cb8&#8242; link_target=&#8217;_blank&#8217; size=&#8217;x-large&#8217; position=&#8217;center&#8217; icon_select=&#8217;yes&#8217; icon=&#8217;ue821&#8242; font=&#8217;entypo-fontello&#8217; color=&#8217;red&#8217; custom_bg=&#8217;#444444&#8242; custom_font=&#8217;#ffffff&#8217; av_uid=&#8217;av-4rdw2r&#8217;]<\/p>\n<p>[av_textblock size=&#8221; font_color=&#8221; color=&#8221; av_uid=&#8217;av-2grcqr&#8217;]<\/p>\n<h4 style=\"text-align: left;\">BOKA BOENDE<\/h4>\n<p><strong>Bokningar<\/strong> sker via tel 010-160 80 00 eller via mail <a href=\"mailto:info@stiftsgardenrattvik.se\">info@stiftsgardenrattvik.se<\/a><br \/>\n[\/av_textblock]<\/p>\n<p>[\/av_one_full]<\/p>\n","protected":false},"excerpt":{"rendered":"","protected":false},"author":1,"featured_media":0,"parent":0,"menu_order":0,"comment_status":"open","ping_status":"closed","template":"","meta":{"footnotes":""},"class_list":["post-2435","page","type-page","status-publish","hentry"],"_links":{"self":[{"href":"https:\/\/www1.stiftsgardenrattvik.se\/index.php?rest_route=\/wp\/v2\/pages\/2435","targetHints":{"allow":["GET"]}}],"collection":[{"href":"https:\/\/www1.stiftsgardenrattvik.se\/index.php?rest_route=\/wp\/v2\/pages"}],"about":[{"href":"https:\/\/www1.stiftsgardenrattvik.se\/index.php?rest_route=\/wp\/v2\/types\/page"}],"author":[{"embeddable":true,"href":"https:\/\/www1.stiftsgardenrattvik.se\/index.php?rest_route=\/wp\/v2\/users\/1"}],"replies":[{"embeddable":true,"href":"https:\/\/www1.stiftsgardenrattvik.se\/index.php?rest_route=%2Fwp%2Fv2%2Fcomments&post=2435"}],"version-history":[{"count":131,"href":"https:\/\/www1.stiftsgardenrattvik.se\/index.php?rest_route=\/wp\/v2\/pages\/2435\/revisions"}],"predecessor-version":[{"id":15974,"href":"https:\/\/www1.stiftsgardenrattvik.se\/index.php?rest_route=\/wp\/v2\/pages\/2435\/revisions\/15974"}],"wp:attachment":[{"href":"https:\/\/www1.stiftsgardenrattvik.se\/index.php?rest_route=%2Fwp%2Fv2%2Fmedia&parent=2435"}],"curies":[{"name":"wp","href":"https:\/\/api.w.org\/{rel}","templated":true}]}}