{"id":2442,"date":"2013-07-12T11:41:59","date_gmt":"2013-07-12T09:41:59","guid":{"rendered":"http:\/\/test.stiftsgardenrattvik.se\/?page_id=2442"},"modified":"2020-02-03T10:00:10","modified_gmt":"2020-02-03T09:00:10","slug":"vegetarisk-fredagsbuffe","status":"publish","type":"page","link":"https:\/\/www1.stiftsgardenrattvik.se\/?page_id=2442","title":{"rendered":"Vegetarisk fredagsbuff\u00e9"},"content":{"rendered":"<p>[av_one_full first min_height=&#8221; vertical_alignment=&#8221; space=&#8221; custom_margin=&#8221; margin=&#8217;0px&#8217; padding=&#8217;0px&#8217; border=&#8221; border_color=&#8221; radius=&#8217;0px&#8217; background_color=&#8221; src=&#8221; background_position=&#8217;top left&#8217; background_repeat=&#8217;no-repeat&#8217; animation=&#8221;]<br \/>\n[av_textblock size=&#8221; font_color=&#8221; color=&#8221;]<\/p>\n<h1 style=\"text-align: center;\">OMTYCKT, GOTT &amp; H\u00c5LLBART!<\/h1>\n<p>[\/av_textblock]<br \/>\n[\/av_one_full]<\/p>\n<p>[av_one_half first min_height=&#8221; vertical_alignment=&#8221; space=&#8221; custom_margin=&#8221; margin=&#8217;0px&#8217; padding=&#8217;0px&#8217; border=&#8221; border_color=&#8221; radius=&#8217;0px&#8217; background_color=&#8221; src=&#8221; background_position=&#8217;top left&#8217; background_repeat=&#8217;no-repeat&#8217; animation=&#8221;]<br \/>\n[av_image src=&#8217;https:\/\/stiftsgardenrattvik.se\/wp-content\/uploads\/2013\/07\/Lotta-Backlund_n\u00e4rbild-pastasallad.jpg&#8217; attachment=&#8217;6301&#8242; attachment_size=&#8217;full&#8217; align=&#8217;center&#8217; styling=&#8221; hover=&#8221; link=&#8221; target=&#8221; caption=&#8221; font_size=&#8221; appearance=&#8221; overlay_opacity=&#8217;0.4&#8242; overlay_color=&#8217;#000000&#8242; overlay_text_color=&#8217;#ffffff&#8217; animation=&#8217;no-animation&#8217;][\/av_image]<br \/>\n[\/av_one_half]<\/p>\n<p>[av_one_half min_height=&#8221; vertical_alignment=&#8221; space=&#8221; custom_margin=&#8221; margin=&#8217;0px&#8217; padding=&#8217;0px&#8217; border=&#8221; border_color=&#8221; radius=&#8217;0px&#8217; background_color=&#8221; src=&#8221; background_position=&#8217;top left&#8217; background_repeat=&#8217;no-repeat&#8217; animation=&#8221;]<\/p>\n<p>[av_textblock size=&#8221; font_color=&#8221; color=&#8221;]<br \/>\nVarje fredag vid lunch dukar vi upp till fest. En fest som g\u00e5r i h\u00e4lsans och milj\u00f6ns tecken. D\u00e5 serverar vi n\u00e4mligen en stor vegetarisk buff\u00e9. V\u00e5r duktiga k\u00f6kspersonal l\u00e5ter oss smaka verkligt njutbara vegetariska r\u00e4tter p\u00e5 olika kreativa teman. F\u00f6r vad s\u00e4gs om smaker fr\u00e5n Mexico, Tema P, tema gult, Ost &amp; l\u00f6k eller smaker fr\u00e5n Grekland? Visst l\u00e5ter det sp\u00e4nnande?! P\u00e5 sidan <a href=\"https:\/\/stiftsgardenrattvik.se\/dagens-lunch\/\">Dagens lunch<\/a> hittar du veckans tema.<\/p>\n<p>Lunchbuff\u00e9n best\u00e5r varje dag av ett digert och variationsrikt buff\u00e9bord med flera varma och kalla r\u00e4tter. Undantaget \u00e4r att det p\u00e5 fredagar enbart finns vegetariska alternativ. S\u00e5 l\u00e5ngt tillg\u00e5ngen g\u00f6r det m\u00f6jligt \u00e4r det KRAV-m\u00e4rkta och lokalproducerade r\u00e5varor som ligger till grund. V\u00e5rt k\u00f6k \u00e4r KRAV-certifierat, men vi str\u00e4var hela tiden efter att kunna erbjuda fler verkligt h\u00e5llbara alternativ. Det tillsammans med god omsorg vid tillagning och servering ger en verkligt h\u00e5llbar matupplevelse. Det har blivit n\u00e5got av ett fredagsmys att \u00e4ta p\u00e5 Stiftsg\u00e5rden.<\/p>\n<h4 style=\"text-align: center;\">Varmt v\u00e4lkommen du ocks\u00e5!<\/h4>\n<p>[\/av_textblock]<\/p>\n<p>[\/av_one_half]<\/p>\n","protected":false},"excerpt":{"rendered":"<p>[av_one_full first min_height=&#8221; vertical_alignment=&#8221; space=&#8221; custom_margin=&#8221; margin=&#8217;0px&#8217; padding=&#8217;0px&#8217; border=&#8221; border_color=&#8221; radius=&#8217;0px&#8217; background_color=&#8221; src=&#8221; background_position=&#8217;top left&#8217; background_repeat=&#8217;no-repeat&#8217; animation=&#8221;] [av_textblock size=&#8221; font_color=&#8221; color=&#8221;] OMTYCKT, GOTT &amp; H\u00c5LLBART! [\/av_textblock] [\/av_one_full] [av_one_half first min_height=&#8221; vertical_alignment=&#8221; space=&#8221; custom_margin=&#8221; margin=&#8217;0px&#8217; padding=&#8217;0px&#8217; border=&#8221; border_color=&#8221; radius=&#8217;0px&#8217; background_color=&#8221; src=&#8221; background_position=&#8217;top left&#8217; background_repeat=&#8217;no-repeat&#8217; animation=&#8221;] [av_image src=&#8217;https:\/\/stiftsgardenrattvik.se\/wp-content\/uploads\/2013\/07\/Lotta-Backlund_n\u00e4rbild-pastasallad.jpg&#8217; attachment=&#8217;6301&#8242; attachment_size=&#8217;full&#8217; align=&#8217;center&#8217; styling=&#8221; hover=&#8221; link=&#8221; target=&#8221; caption=&#8221; font_size=&#8221; [&hellip;]<\/p>\n","protected":false},"author":1,"featured_media":0,"parent":0,"menu_order":0,"comment_status":"open","ping_status":"open","template":"","meta":{"footnotes":""},"class_list":["post-2442","page","type-page","status-publish","hentry"],"_links":{"self":[{"href":"https:\/\/www1.stiftsgardenrattvik.se\/index.php?rest_route=\/wp\/v2\/pages\/2442","targetHints":{"allow":["GET"]}}],"collection":[{"href":"https:\/\/www1.stiftsgardenrattvik.se\/index.php?rest_route=\/wp\/v2\/pages"}],"about":[{"href":"https:\/\/www1.stiftsgardenrattvik.se\/index.php?rest_route=\/wp\/v2\/types\/page"}],"author":[{"embeddable":true,"href":"https:\/\/www1.stiftsgardenrattvik.se\/index.php?rest_route=\/wp\/v2\/users\/1"}],"replies":[{"embeddable":true,"href":"https:\/\/www1.stiftsgardenrattvik.se\/index.php?rest_route=%2Fwp%2Fv2%2Fcomments&post=2442"}],"version-history":[{"count":27,"href":"https:\/\/www1.stiftsgardenrattvik.se\/index.php?rest_route=\/wp\/v2\/pages\/2442\/revisions"}],"predecessor-version":[{"id":9491,"href":"https:\/\/www1.stiftsgardenrattvik.se\/index.php?rest_route=\/wp\/v2\/pages\/2442\/revisions\/9491"}],"wp:attachment":[{"href":"https:\/\/www1.stiftsgardenrattvik.se\/index.php?rest_route=%2Fwp%2Fv2%2Fmedia&parent=2442"}],"curies":[{"name":"wp","href":"https:\/\/api.w.org\/{rel}","templated":true}]}}