{"id":2443,"date":"2013-07-12T11:42:08","date_gmt":"2013-07-12T09:42:08","guid":{"rendered":"http:\/\/test.stiftsgardenrattvik.se\/?page_id=2443"},"modified":"2015-04-22T14:35:21","modified_gmt":"2015-04-22T12:35:21","slug":"matsalar","status":"publish","type":"page","link":"https:\/\/www1.stiftsgardenrattvik.se\/?page_id=2443","title":{"rendered":"Matsalar"},"content":{"rendered":"<p>[av_two_third first]<br \/>\n[av_textblock ]<\/p>\n<h3>Vi har tv\u00e5 matsalar<\/h3>\n<p><strong>Gl\u00e4ntan<\/strong> rymmer 100 g\u00e4ster och har en vacker utsikt \u00f6ver Siljan.<\/p>\n<p><strong>\u00c4ngen<\/strong> har 150 platser.<\/p>\n<p>F\u00f6r s\u00e4llskap upp till 260 personer finns m\u00f6jlighet att \u00f6ppna en vikv\u00e4gg mellan matsalarna. Lokalen passar d\u00e5 utm\u00e4rkt till b\u00e5de fest och konferens eftersom matsalarna \u00e4r utrustade med h\u00f6rslinga och f\u00f6rst\u00e4rkare. Maten serveras alltid i buff\u00e9form och man kan ta maten fr\u00e5n flera stationer.<\/p>\n<p><strong>R\u00e4ttviksrummet<\/strong> l\u00e4mpar sig f\u00f6r mindre grupper (ca 40 personer) som vill sitta i avskildhet.<br \/>\nRummet ligger i stiftsg\u00e5rdens \u00e4ldsta del och \u00e4r vackert inrett i traditionell dalastil.<br \/>\n[\/av_textblock]<br \/>\n[\/av_two_third]<\/p>\n<p>[av_one_third]<\/p>\n<p>[av_image src=&#8217;https:\/\/stiftsgardenrattvik.se\/wp-content\/uploads\/2013\/07\/matsal_angen_1.jpg&#8217; attachment=&#8217;2653&#8242; attachment_size=&#8221; align=&#8217;center&#8217; animation=&#8217;pop-up&#8217; styling=&#8221; hover=&#8221; link=&#8221; target=&#8221; caption=&#8221; font_size=&#8221; appearance=&#8221; overlay_opacity=&#8217;0.4&#8242; overlay_color=&#8217;#000000&#8242; overlay_text_color=&#8217;#ffffff&#8217;][\/av_image]<\/p>\n<p>[\/av_one_third]<\/p>\n","protected":false},"excerpt":{"rendered":"<p>[av_two_third first] [av_textblock ] Vi har tv\u00e5 matsalar Gl\u00e4ntan rymmer 100 g\u00e4ster och har en vacker utsikt \u00f6ver Siljan. \u00c4ngen har 150 platser. F\u00f6r s\u00e4llskap upp till 260 personer finns m\u00f6jlighet att \u00f6ppna en vikv\u00e4gg mellan matsalarna. Lokalen passar d\u00e5 utm\u00e4rkt till b\u00e5de fest och konferens eftersom matsalarna \u00e4r utrustade med h\u00f6rslinga och f\u00f6rst\u00e4rkare. Maten [&hellip;]<\/p>\n","protected":false},"author":1,"featured_media":0,"parent":0,"menu_order":0,"comment_status":"open","ping_status":"open","template":"","meta":{"footnotes":""},"class_list":["post-2443","page","type-page","status-publish","hentry"],"_links":{"self":[{"href":"https:\/\/www1.stiftsgardenrattvik.se\/index.php?rest_route=\/wp\/v2\/pages\/2443","targetHints":{"allow":["GET"]}}],"collection":[{"href":"https:\/\/www1.stiftsgardenrattvik.se\/index.php?rest_route=\/wp\/v2\/pages"}],"about":[{"href":"https:\/\/www1.stiftsgardenrattvik.se\/index.php?rest_route=\/wp\/v2\/types\/page"}],"author":[{"embeddable":true,"href":"https:\/\/www1.stiftsgardenrattvik.se\/index.php?rest_route=\/wp\/v2\/users\/1"}],"replies":[{"embeddable":true,"href":"https:\/\/www1.stiftsgardenrattvik.se\/index.php?rest_route=%2Fwp%2Fv2%2Fcomments&post=2443"}],"version-history":[{"count":7,"href":"https:\/\/www1.stiftsgardenrattvik.se\/index.php?rest_route=\/wp\/v2\/pages\/2443\/revisions"}],"predecessor-version":[{"id":4209,"href":"https:\/\/www1.stiftsgardenrattvik.se\/index.php?rest_route=\/wp\/v2\/pages\/2443\/revisions\/4209"}],"wp:attachment":[{"href":"https:\/\/www1.stiftsgardenrattvik.se\/index.php?rest_route=%2Fwp%2Fv2%2Fmedia&parent=2443"}],"curies":[{"name":"wp","href":"https:\/\/api.w.org\/{rel}","templated":true}]}}