{"id":2446,"date":"2013-07-12T11:43:32","date_gmt":"2013-07-12T09:43:32","guid":{"rendered":"http:\/\/test.stiftsgardenrattvik.se\/?page_id=2446"},"modified":"2021-11-16T14:43:04","modified_gmt":"2021-11-16T13:43:04","slug":"hitta-hit","status":"publish","type":"page","link":"https:\/\/www1.stiftsgardenrattvik.se\/?page_id=2446","title":{"rendered":"Hitta hit"},"content":{"rendered":"<p>[av_one_full first min_height=&#8221; vertical_alignment=&#8221; space=&#8221; custom_margin=&#8221; margin=&#8217;0px&#8217; padding=&#8217;0px&#8217; border=&#8221; border_color=&#8221; radius=&#8217;0px&#8217; background_color=&#8221; src=&#8221; background_position=&#8217;top left&#8217; background_repeat=&#8217;no-repeat&#8217; animation=&#8221;]<br \/>\n[av_textblock size=&#8221; font_color=&#8221; color=&#8221;]<\/p>\n<h1 style=\"text-align: center;\">Hitta till stiftsg\u00e5rden<\/h1>\n<p>[\/av_textblock]<br \/>\n[\/av_one_full]<\/p>\n<p>[av_one_half first]<\/p>\n<p>[av_hr class=&#8217;invisible&#8217; height=&#8217;45&#8217; shadow=&#8217;no-shadow&#8217; position=&#8217;center&#8217; custom_border=&#8217;av-border-thin&#8217; custom_width=&#8217;50px&#8217; custom_border_color=&#8221; custom_margin_top=&#8217;30px&#8217; custom_margin_bottom=&#8217;30px&#8217; icon_select=&#8217;yes&#8217; custom_icon_color=&#8221; icon=&#8217;ue808&#8242; font=&#8217;entypo-fontello&#8217;]<\/p>\n<p>[av_textblock size=&#8221; font_color=&#8221; color=&#8221;]<\/p>\n<h3>Stiftsg\u00e5rden ligger vid stranden av Siljan<\/h3>\n<p>Det \u00e4r l\u00e4tt att ta sig till Stiftsg\u00e5rden. Kommer du med bil s\u00f6derifr\u00e5n tar du av till v\u00e4nster fr\u00e5n riksv\u00e4g 70 strax efter du \u00e5kt genom R\u00e4ttviks samh\u00e4lle. F\u00f6lj skylten som det st\u00e5r Kyrka\/ Stiftsg\u00e5rd p\u00e5, passera j\u00e4rnv\u00e4gs\u00f6verg\u00e5ngen och ta f\u00f6rsta till h\u00f6ger. Kommer du norrifr\u00e5n tar du av till h\u00f6ger fr\u00e5n riksv\u00e4g 70 strax f\u00f6re du kommer till R\u00e4ttvik. Sj\u00e4lva huvudbyggnaden ligger f\u00f6re R\u00e4ttviks vackra vita kyrka. Parkering finns strax utanf\u00f6r entr\u00e9n.<\/p>\n<p>T\u00e5g och bussf\u00f6rbindelser s\u00f6derifr\u00e5n \u00e4r mycket goda med ett flertal ankomster dagligen. Fr\u00e5n Stockholm tar det ca 3,5 timmar. \u00c5ker du t\u00e5g hittar du R\u00e4ttvik i tabell 50 i t\u00e5gtidtabellen, f\u00f6redrar du buss k\u00f6r b\u00e5de <a href=\"https:\/\/www.flixbus.se\/swebus\">Swebus<\/a> och <a href=\"http:\/\/masexpressen.se\">Masexpressen<\/a> str\u00e4ckan Stockholm\u2013R\u00e4ttvik utan byten.<\/p>\n<p>Till Stiftsg\u00e5rden \u00e4r det sedan 1,5 km fr\u00e5n bussterminalen och t\u00e5gstationen. Det finns en trevlig promenadv\u00e4g som delvis g\u00e5r l\u00e4ngs Siljans strand, ta sikte p\u00e5 R\u00e4ttviks kyrkan. Stiftsg\u00e5rden ligger strax &#8220;bakom&#8221;.<\/p>\n<p>Bli medlem i fb-gruppen <a href=\"https:\/\/www.facebook.com\/groups\/650389945136121\">&#8220;Sam\u00e5kning Stiftsg\u00e5rden R\u00e4ttvik&#8221;<\/a> och erbjud\/s\u00f6k skjuts.<\/p>\n<p>V\u00e4lkommen hit!<br \/>\n[\/av_textblock]<\/p>\n<p>[\/av_one_half][av_one_half min_height=&#8221; vertical_alignment=&#8221; space=&#8221; custom_margin=&#8221; margin=&#8217;0px&#8217; padding=&#8217;0px&#8217; border=&#8221; border_color=&#8221; radius=&#8217;0px&#8217; background_color=&#8221; src=&#8221; background_position=&#8217;top left&#8217; background_repeat=&#8217;no-repeat&#8217; animation=&#8221;]<br \/>\n[av_textblock size=&#8221; font_color=&#8221; color=&#8221;]<br \/>\n<iframe loading=\"lazy\" style=\"border: 0;\" src=\"https:\/\/www.google.com\/maps\/embed?pb=!1m18!1m12!1m3!1d1940.8357565422812!2d15.09365831624005!3d60.89267059174028!2m3!1f0!2f0!3f0!3m2!1i1024!2i768!4f13.1!3m3!1m2!1s0x4667bdb1137efd2b%3A0xd1af092b4cac7d0a!2sStiftsg%C3%A5rden%20R%C3%A4ttvik!5e0!3m2!1ssv!2sse!4v1637069765996!5m2!1ssv!2sse\" width=\"600\" height=\"450\" allowfullscreen=\"allowfullscreen\"><\/iframe><br \/>\n[\/av_textblock]<br \/>\n[\/av_one_half]<\/p>\n","protected":false},"excerpt":{"rendered":"<p>[av_one_full first min_height=&#8221; vertical_alignment=&#8221; space=&#8221; custom_margin=&#8221; margin=&#8217;0px&#8217; padding=&#8217;0px&#8217; border=&#8221; border_color=&#8221; radius=&#8217;0px&#8217; background_color=&#8221; src=&#8221; background_position=&#8217;top left&#8217; background_repeat=&#8217;no-repeat&#8217; animation=&#8221;] [av_textblock size=&#8221; font_color=&#8221; color=&#8221;] Hitta till stiftsg\u00e5rden [\/av_textblock] [\/av_one_full] [av_one_half first] [av_hr class=&#8217;invisible&#8217; height=&#8217;45&#8217; shadow=&#8217;no-shadow&#8217; position=&#8217;center&#8217; custom_border=&#8217;av-border-thin&#8217; custom_width=&#8217;50px&#8217; custom_border_color=&#8221; custom_margin_top=&#8217;30px&#8217; custom_margin_bottom=&#8217;30px&#8217; icon_select=&#8217;yes&#8217; custom_icon_color=&#8221; icon=&#8217;ue808&#8242; font=&#8217;entypo-fontello&#8217;] [av_textblock size=&#8221; font_color=&#8221; color=&#8221;] Stiftsg\u00e5rden ligger vid stranden av Siljan Det \u00e4r l\u00e4tt [&hellip;]<\/p>\n","protected":false},"author":1,"featured_media":0,"parent":0,"menu_order":0,"comment_status":"open","ping_status":"open","template":"","meta":{"footnotes":""},"class_list":["post-2446","page","type-page","status-publish","hentry"],"_links":{"self":[{"href":"https:\/\/www1.stiftsgardenrattvik.se\/index.php?rest_route=\/wp\/v2\/pages\/2446","targetHints":{"allow":["GET"]}}],"collection":[{"href":"https:\/\/www1.stiftsgardenrattvik.se\/index.php?rest_route=\/wp\/v2\/pages"}],"about":[{"href":"https:\/\/www1.stiftsgardenrattvik.se\/index.php?rest_route=\/wp\/v2\/types\/page"}],"author":[{"embeddable":true,"href":"https:\/\/www1.stiftsgardenrattvik.se\/index.php?rest_route=\/wp\/v2\/users\/1"}],"replies":[{"embeddable":true,"href":"https:\/\/www1.stiftsgardenrattvik.se\/index.php?rest_route=%2Fwp%2Fv2%2Fcomments&post=2446"}],"version-history":[{"count":14,"href":"https:\/\/www1.stiftsgardenrattvik.se\/index.php?rest_route=\/wp\/v2\/pages\/2446\/revisions"}],"predecessor-version":[{"id":11314,"href":"https:\/\/www1.stiftsgardenrattvik.se\/index.php?rest_route=\/wp\/v2\/pages\/2446\/revisions\/11314"}],"wp:attachment":[{"href":"https:\/\/www1.stiftsgardenrattvik.se\/index.php?rest_route=%2Fwp%2Fv2%2Fmedia&parent=2446"}],"curies":[{"name":"wp","href":"https:\/\/api.w.org\/{rel}","templated":true}]}}