{"id":2447,"date":"2013-07-12T11:43:46","date_gmt":"2013-07-12T09:43:46","guid":{"rendered":"http:\/\/test.stiftsgardenrattvik.se\/?page_id=2447"},"modified":"2016-03-04T13:47:19","modified_gmt":"2016-03-04T12:47:19","slug":"karta-avstand","status":"publish","type":"page","link":"https:\/\/www1.stiftsgardenrattvik.se\/?page_id=2447","title":{"rendered":"Karta &#038; avst\u00e5nd"},"content":{"rendered":"<p>[av_one_third first]<br \/>\n[av_textblock size=&#8221; font_color=&#8221; color=&#8221;]<\/p>\n<h3>Karta &amp; avst\u00e5nd<\/h3>\n<p>[\/av_textblock]<\/p>\n<p>[av_table purpose=&#8217;tabular&#8217; caption=&#8221;]<br \/>\n[av_row row_style=&#8217;avia-heading-row&#8217;][av_cell col_style=&#8221;]Avst\u00e5nd till R\u00e4ttvik<br \/>\nmed bil\/buss:[\/av_cell][\/av_row]<br \/>\n[av_row row_style=&#8221;][av_cell col_style=&#8221;]<span style=\"color: #000000;\">Stockholm 3,5 timmar[\/av_cell][\/av_row]<br \/>\n[av_row row_style=&#8221;][av_cell col_style=&#8221;]G\u00f6teborg 6,5 timmar[\/av_cell][\/av_row]<br \/>\n[av_row row_style=&#8221;][av_cell col_style=&#8221;]<span style=\"color: #000000;\">G\u00e4vle 1,5 timmar[\/av_cell][\/av_row]<br \/>\n[av_row row_style=&#8221;][av_cell col_style=&#8221;]Sundsvall 3,5 timmar[\/av_cell][\/av_row]<br \/>\n[av_row row_style=&#8221;][av_cell col_style=&#8221;]<span style=\"color: #000000;\">Link\u00f6ping 4 timmar[\/av_cell][\/av_row]<br \/>\n[\/av_table]<br \/>\n[\/av_one_third]<\/span><\/span><\/span><\/p>\n<p>[av_two_third min_height=&#8221; vertical_alignment=&#8221; space=&#8221; custom_margin=&#8221; margin=&#8217;0px&#8217; padding=&#8217;0px&#8217; border=&#8221; border_color=&#8221; radius=&#8217;0px&#8217; background_color=&#8221; src=&#8221; background_position=&#8217;top left&#8217; background_repeat=&#8217;no-repeat&#8217; animation=&#8221;]<br \/>\n[av_google_map height=&#8217;350px&#8217; zoom=&#8217;16&#8217; saturation=&#8221; hue=&#8221; zoom_control=&#8217;aviaTBzoom_control&#8217;]<br \/>\n[av_gmap_location address=&#8217;Kyrkv\u00e4gen 2&#8242; city=&#8217;R\u00e4ttvik&#8217; country=&#8217;Sweden&#8217; long=&#8217;15.096026700000039&#8242; lat=&#8217;60.89290370000001&#8242; marker=&#8221; imagesize=&#8217;40&#8217; tooltip_display=&#8221;][\/av_gmap_location]<\/p>\n<p>[\/av_google_map]<br \/>\n[\/av_two_third]<\/p>\n<p>[av_one_third first min_height=&#8221; vertical_alignment=&#8221; space=&#8221; custom_margin=&#8221; margin=&#8217;0px&#8217; padding=&#8217;0px&#8217; border=&#8221; border_color=&#8221; radius=&#8217;0px&#8217; background_color=&#8221; src=&#8221; background_position=&#8217;top left&#8217; background_repeat=&#8217;no-repeat&#8217; animation=&#8221;]<br \/>\n[av_textblock size=&#8221; font_color=&#8221; color=&#8221;]<br \/>\n<strong>Hitta till Stiftsg\u00e5rden fr\u00e5n Resecentrum, g\u00e5ngv\u00e4g.<\/strong><\/p>\n<p><a href=\"http:\/\/hitta.se\/kartan?s=af220849\">http:\/\/www.hitta.se\/kartan?s=af220849<\/a><\/p>\n<p>V\u00e4lkommen!<br \/>\n[\/av_textblock]<br \/>\n[\/av_one_third]<\/p>\n<p>[av_two_third min_height=&#8221; vertical_alignment=&#8221; space=&#8221; custom_margin=&#8221; margin=&#8217;0px&#8217; padding=&#8217;0px&#8217; border=&#8221; border_color=&#8221; radius=&#8217;0px&#8217; background_color=&#8221; src=&#8221; background_position=&#8217;top left&#8217; background_repeat=&#8217;no-repeat&#8217; animation=&#8221;]<\/p>\n<p>[av_image src=&#8217;https:\/\/stiftsgardenrattvik.se\/wp-content\/uploads\/2013\/07\/g\u00e5ngkarta.jpg&#8217; attachment=&#8217;5165&#8242; attachment_size=&#8217;full&#8217; align=&#8217;center&#8217; styling=&#8221; hover=&#8221; link=&#8221; target=&#8221; caption=&#8221; font_size=&#8221; appearance=&#8221; overlay_opacity=&#8217;0.4&#8242; overlay_color=&#8217;#000000&#8242; overlay_text_color=&#8217;#ffffff&#8217; animation=&#8217;no-animation&#8217;][\/av_image]<\/p>\n<p>[\/av_two_third]<\/p>\n","protected":false},"excerpt":{"rendered":"<p>[av_one_third first] [av_textblock size=&#8221; font_color=&#8221; color=&#8221;] Karta &amp; avst\u00e5nd [\/av_textblock] [av_table purpose=&#8217;tabular&#8217; caption=&#8221;] [av_row row_style=&#8217;avia-heading-row&#8217;][av_cell col_style=&#8221;]Avst\u00e5nd till R\u00e4ttvik med bil\/buss:[\/av_cell][\/av_row] [av_row row_style=&#8221;][av_cell col_style=&#8221;]Stockholm 3,5 timmar[\/av_cell][\/av_row] [av_row row_style=&#8221;][av_cell col_style=&#8221;]G\u00f6teborg 6,5 timmar[\/av_cell][\/av_row] [av_row row_style=&#8221;][av_cell col_style=&#8221;]G\u00e4vle 1,5 timmar[\/av_cell][\/av_row] [av_row row_style=&#8221;][av_cell col_style=&#8221;]Sundsvall 3,5 timmar[\/av_cell][\/av_row] [av_row row_style=&#8221;][av_cell col_style=&#8221;]Link\u00f6ping 4 timmar[\/av_cell][\/av_row] [\/av_table] [\/av_one_third] [av_two_third min_height=&#8221; vertical_alignment=&#8221; space=&#8221; custom_margin=&#8221; margin=&#8217;0px&#8217; padding=&#8217;0px&#8217; border=&#8221; [&hellip;]<\/p>\n","protected":false},"author":1,"featured_media":0,"parent":0,"menu_order":0,"comment_status":"open","ping_status":"open","template":"","meta":{"footnotes":""},"class_list":["post-2447","page","type-page","status-publish","hentry"],"_links":{"self":[{"href":"https:\/\/www1.stiftsgardenrattvik.se\/index.php?rest_route=\/wp\/v2\/pages\/2447","targetHints":{"allow":["GET"]}}],"collection":[{"href":"https:\/\/www1.stiftsgardenrattvik.se\/index.php?rest_route=\/wp\/v2\/pages"}],"about":[{"href":"https:\/\/www1.stiftsgardenrattvik.se\/index.php?rest_route=\/wp\/v2\/types\/page"}],"author":[{"embeddable":true,"href":"https:\/\/www1.stiftsgardenrattvik.se\/index.php?rest_route=\/wp\/v2\/users\/1"}],"replies":[{"embeddable":true,"href":"https:\/\/www1.stiftsgardenrattvik.se\/index.php?rest_route=%2Fwp%2Fv2%2Fcomments&post=2447"}],"version-history":[{"count":30,"href":"https:\/\/www1.stiftsgardenrattvik.se\/index.php?rest_route=\/wp\/v2\/pages\/2447\/revisions"}],"predecessor-version":[{"id":5171,"href":"https:\/\/www1.stiftsgardenrattvik.se\/index.php?rest_route=\/wp\/v2\/pages\/2447\/revisions\/5171"}],"wp:attachment":[{"href":"https:\/\/www1.stiftsgardenrattvik.se\/index.php?rest_route=%2Fwp%2Fv2%2Fmedia&parent=2447"}],"curies":[{"name":"wp","href":"https:\/\/api.w.org\/{rel}","templated":true}]}}