{"id":2598,"date":"2013-07-15T13:44:53","date_gmt":"2013-07-15T11:44:53","guid":{"rendered":"http:\/\/test.stiftsgardenrattvik.se\/?page_id=2598"},"modified":"2025-10-28T09:31:57","modified_gmt":"2025-10-28T08:31:57","slug":"konferenspriser","status":"publish","type":"page","link":"https:\/\/www1.stiftsgardenrattvik.se\/?page_id=2598","title":{"rendered":"Priser"},"content":{"rendered":"<p>[av_one_full first av_uid=&#8217;av-1uq0bjq&#8217;]<\/p>\n<p>[av_textblock textblock_styling_align=&#8221; textblock_styling=&#8221; textblock_styling_gap=&#8221; textblock_styling_mobile=&#8221; size=&#8221; av-desktop-font-size=&#8221; av-medium-font-size=&#8221; av-small-font-size=&#8221; av-mini-font-size=&#8221; font_color=&#8221; color=&#8221; id=&#8221; custom_class=&#8221; template_class=&#8221; av_uid=&#8217;av-m2u7kb4y&#8217; sc_version=&#8217;1.0&#8242; admin_preview_bg=&#8221;]<\/p>\n<h1>Konferenspriser 2025<\/h1>\n<p>[\/av_textblock]<\/p>\n<p>[av_table purpose=&#8217;tabular&#8217; pricing_table_design=&#8217;avia_pricing_default&#8217; pricing_hidden_cells=&#8221; caption=&#8221; responsive_styling=&#8217;avia_responsive_table&#8217; alb_description=&#8221; id=&#8221; custom_class=&#8221; template_class=&#8221; av_uid=&#8217;av-1t8e0t2&#8242; sc_version=&#8217;1.0&#8242;]<br \/>\n[av_row row_style=&#8217;avia-heading-row&#8217; av_uid=&#8217;av-1saayfa&#8217;][av_cell col_style=&#8221; av_uid=&#8217;av-1pjgkkm&#8217;]Helpension\/helt dygn med logi[\/av_cell][av_cell col_style=&#8221; av_uid=&#8217;av-1okhcs6&#8242;]Pris per person (inkl. moms)[\/av_cell][\/av_row]<br \/>\n[av_row row_style=&#8221; av_uid=&#8217;av-1mtzp4m&#8217;][av_cell col_style=&#8221; av_uid=&#8217;av-1l5dk12&#8242;]Enkelrum med dusch och wc[\/av_cell][av_cell col_style=&#8221; av_uid=&#8217;av-1jy6ziu&#8217;]2 195 kr[\/av_cell][\/av_row]<br \/>\n[av_row row_style=&#8221; av_uid=&#8217;av-5ewavq&#8217;][av_cell col_style=&#8221; av_uid=&#8217;av-1fq1nvq&#8217;]Enkelrum med wc (dusch i korridor)[\/av_cell][av_cell col_style=&#8221; av_uid=&#8217;av-4z8tdy&#8217;]1 915 kr<br \/>\n[\/av_cell][\/av_row]<br \/>\n[av_row row_style=&#8221; av_uid=&#8217;av-1cwy9d2&#8242;][av_cell col_style=&#8221; av_uid=&#8217;av-1beudwm&#8217;]Dubbelrum med dusch och wc[\/av_cell][av_cell col_style=&#8221; av_uid=&#8217;av-196p0g6&#8242;]1 915 kr<br \/>\n[\/av_cell][\/av_row]<br \/>\n[av_row row_style=&#8221; av_uid=&#8217;av-18a6qti&#8217;][av_cell col_style=&#8221; av_uid=&#8217;av-167jmpi&#8217;]Dubbelrum med wc (dusch i korridor)[\/av_cell][av_cell col_style=&#8221; av_uid=&#8217;av-145kqie&#8217;]1 770 kr[\/av_cell][\/av_row]<br \/>\n[av_row row_style=&#8221; av_uid=&#8217;av-13kbzna&#8217;][av_cell col_style=&#8221; av_uid=&#8217;av-10mfek6&#8242;]Gruppf\u00f6rl\u00e4ggning med dusch och toalett i korridor[\/av_cell][av_cell col_style=&#8221; av_uid=&#8217;av-101tlba&#8217;]1 625 kr[\/av_cell][\/av_row]<br \/>\n[\/av_table]<\/p>\n<p>[av_textblock textblock_styling_align=&#8221; textblock_styling=&#8221; textblock_styling_gap=&#8221; textblock_styling_mobile=&#8221; size=&#8221; av-desktop-font-size=&#8221; av-medium-font-size=&#8221; av-small-font-size=&#8221; av-mini-font-size=&#8221; font_color=&#8221; color=&#8221; id=&#8221; custom_class=&#8221; template_class=&#8221; av_uid=&#8217;av-ym68l2&#8242; sc_version=&#8217;1.0&#8242; admin_preview_bg=&#8221;]<br \/>\nPriserna ovan inkluderar konferenslokal, f\u00f6rfriskningar, AV-material samt f\u00f6ljande m\u00e5ltider hos oss: frukostbuff\u00e9, f\u00f6rmiddagskaffe, lunch inkl. m\u00e5ltidsdryck, kaffe och kaka, eftermiddagskaffe samt middag och kv\u00e4llsfika.<br \/>\n[\/av_textblock]<\/p>\n<p>[av_table purpose=&#8217;tabular&#8217; pricing_table_design=&#8217;avia_pricing_default&#8217; pricing_hidden_cells=&#8221; caption=&#8221; responsive_styling=&#8217;avia_responsive_table&#8217; alb_description=&#8221; id=&#8221; custom_class=&#8221; template_class=&#8221; av_uid=&#8217;av-wpoj5i&#8217; sc_version=&#8217;1.0&#8242;]<br \/>\n[av_row row_style=&#8217;avia-heading-row&#8217; av_uid=&#8217;av-vedn52&#8242;][av_cell col_style=&#8221; av_uid=&#8217;av-2y02jq&#8217;]Dagkonferens[\/av_cell][av_cell col_style=&#8221; av_uid=&#8217;av-rjlxgm&#8217;]Pris per person (inkl. moms)[\/av_cell][av_cell col_style=&#8221; av_uid=&#8217;av-p1swkm&#8217;]Pris per person (exkl. moms)[\/av_cell][\/av_row]<br \/>\n[av_row row_style=&#8221; av_uid=&#8217;av-or58ue&#8217;][av_cell col_style=&#8221; av_uid=&#8217;av-lwf44m&#8217;]Konferenspaket heldag inkl. lunch samt fm- och em-kaffe[\/av_cell][av_cell col_style=&#8221; av_uid=&#8217;av-kuf0l2&#8242;]670 kr[\/av_cell][av_cell col_style=&#8221; av_uid=&#8217;av-j6y8om&#8217;]536 kr[\/av_cell][\/av_row]<br \/>\n[av_row row_style=&#8221; av_uid=&#8217;av-h9pygm&#8217;][av_cell col_style=&#8221; av_uid=&#8217;av-foshli&#8217;]Konferenspaket heldag inkl. lunch och middag samt fm- och em-kaffe[\/av_cell][av_cell col_style=&#8221; av_uid=&#8217;av-e6mgza&#8217;]1 030 kr[\/av_cell][av_cell col_style=&#8221; av_uid=&#8217;av-19gi1i&#8217;]824 kr[\/av_cell][\/av_row]<br \/>\n[av_row row_style=&#8221; av_uid=&#8217;av-anjxc6&#8242;][av_cell col_style=&#8221; av_uid=&#8217;av-8t3b2u&#8217;]Endast konferenslokal[\/av_cell][av_cell col_style=&#8221; av_uid=&#8217;av-83l3iu&#8217;]Varierande priser beroende p\u00e5 lokal. Kontakta oss f\u00f6r mer information.[\/av_cell][av_cell col_style=&#8221; av_uid=&#8217;av-5riowm&#8217;][\/av_cell][\/av_row]<br \/>\n[\/av_table]<\/p>\n<p>[av_textblock size=&#8221; font_color=&#8221; color=&#8221; av_uid=&#8217;av-4emsfa&#8217;]<br \/>\nPriserna ovan inkluderar konferenslokal, f\u00f6rfriskningar samt AV-material.<br \/>\n[\/av_textblock]<\/p>\n<p>[\/av_one_full][av_one_full first av_uid=&#8221;]<\/p>\n<p>[av_textblock textblock_styling_align=&#8221; textblock_styling=&#8221; textblock_styling_gap=&#8221; textblock_styling_mobile=&#8221; size=&#8221; av-desktop-font-size=&#8221; av-medium-font-size=&#8221; av-small-font-size=&#8221; av-mini-font-size=&#8221; font_color=&#8221; color=&#8221; id=&#8221; custom_class=&#8221; template_class=&#8221; av_uid=&#8217;av-mhab3oah&#8217; sc_version=&#8217;1.0&#8242; admin_preview_bg=&#8221;]<\/p>\n<h1>Konferenspriser 2026<\/h1>\n<p>[\/av_textblock]<\/p>\n<p>[av_table purpose=&#8217;tabular&#8217; pricing_table_design=&#8217;avia_pricing_default&#8217; pricing_hidden_cells=&#8221; caption=&#8221; responsive_styling=&#8217;avia_responsive_table&#8217; alb_description=&#8221; id=&#8221; custom_class=&#8221; template_class=&#8221; av_uid=&#8221; sc_version=&#8217;1.0&#8242;]<br \/>\n[av_row row_style=&#8217;avia-heading-row&#8217;][av_cell col_style=&#8221;]Helpension\/helt dygn med logi[\/av_cell][av_cell col_style=&#8221;]Pris per person (inkl. moms)[\/av_cell][\/av_row]<br \/>\n[av_row row_style=&#8221;][av_cell col_style=&#8221;]Enkelrum med dusch och wc[\/av_cell][av_cell col_style=&#8221;]2 255 kr[\/av_cell][\/av_row]<br \/>\n[av_row row_style=&#8221;][av_cell col_style=&#8221;]Enkelrum med wc (dusch i korridor)[\/av_cell][av_cell col_style=&#8221;]1 970 kr<br \/>\n[\/av_cell][\/av_row]<br \/>\n[av_row row_style=&#8221;][av_cell col_style=&#8221;]Dubbelrum med dusch och wc[\/av_cell][av_cell col_style=&#8221;]1 970 kr<br \/>\n[\/av_cell][\/av_row]<br \/>\n[av_row row_style=&#8221;][av_cell col_style=&#8221;]Dubbelrum med wc (dusch i korridor)[\/av_cell][av_cell col_style=&#8221;]1 820 kr[\/av_cell][\/av_row]<br \/>\n[av_row row_style=&#8221;][av_cell col_style=&#8221;]Gruppf\u00f6rl\u00e4ggning med dusch och toalett i korridor[\/av_cell][av_cell col_style=&#8221;]1 670 kr[\/av_cell][\/av_row]<br \/>\n[\/av_table]<\/p>\n<p>[av_textblock textblock_styling_align=&#8221; textblock_styling=&#8221; textblock_styling_gap=&#8221; textblock_styling_mobile=&#8221; size=&#8221; av-desktop-font-size=&#8221; av-medium-font-size=&#8221; av-small-font-size=&#8221; av-mini-font-size=&#8221; font_color=&#8221; color=&#8221; id=&#8221; custom_class=&#8221; template_class=&#8221; av_uid=&#8221; sc_version=&#8217;1.0&#8242; admin_preview_bg=&#8221;]<br \/>\nPriserna ovan inkluderar konferenslokal, f\u00f6rfriskningar, AV-material samt f\u00f6ljande m\u00e5ltider hos oss: frukostbuff\u00e9, f\u00f6rmiddagskaffe, lunch inkl. m\u00e5ltidsdryck, kaffe och kaka, eftermiddagskaffe samt middag och kv\u00e4llsfika.<br \/>\n[\/av_textblock]<\/p>\n<p>[av_table purpose=&#8217;tabular&#8217; pricing_table_design=&#8217;avia_pricing_default&#8217; pricing_hidden_cells=&#8221; caption=&#8221; responsive_styling=&#8217;avia_responsive_table&#8217; alb_description=&#8221; id=&#8221; custom_class=&#8221; template_class=&#8221; av_uid=&#8221; sc_version=&#8217;1.0&#8242;]<br \/>\n[av_row row_style=&#8217;avia-heading-row&#8217;][av_cell col_style=&#8221;]Dagkonferens[\/av_cell][av_cell col_style=&#8221;]Pris per person (inkl. moms)[\/av_cell][av_cell col_style=&#8221;]Pris per person (exkl. moms)[\/av_cell][\/av_row]<br \/>\n[av_row row_style=&#8221;][av_cell col_style=&#8221;]Konferenspaket heldag inkl. lunch samt fm- och em-kaffe[\/av_cell][av_cell col_style=&#8221;]685 kr[\/av_cell][av_cell col_style=&#8221;]548 kr[\/av_cell][\/av_row]<br \/>\n[av_row row_style=&#8221;][av_cell col_style=&#8221;]Konferenspaket heldag inkl. lunch och middag samt fm- och em-kaffe[\/av_cell][av_cell col_style=&#8221;]1 055 kr[\/av_cell][av_cell col_style=&#8221;]844 kr[\/av_cell][\/av_row]<br \/>\n[av_row row_style=&#8221;][av_cell col_style=&#8221;]Endast konferenslokal[\/av_cell][av_cell col_style=&#8221;]Varierande priser beroende p\u00e5 lokal. Kontakta oss f\u00f6r mer information.[\/av_cell][av_cell col_style=&#8221;][\/av_cell][\/av_row]<br \/>\n[\/av_table]<\/p>\n<p>[av_textblock size=&#8221; font_color=&#8221; color=&#8221; av_uid=&#8221;]<br \/>\nPriserna ovan inkluderar konferenslokal, f\u00f6rfriskningar samt AV-material.<br \/>\n[\/av_textblock]<\/p>\n<p>[av_textblock size=&#8221; font_color=&#8221; color=&#8221; av_uid=&#8221;]<br \/>\nF\u00f6r priser g\u00e4llande extra m\u00e5ltider, fler konferenslokaler samt grupprum v\u00e4nligen kontakta oss.<\/p>\n<h3>Varmt v\u00e4lkommen att boka er n\u00e4sta konferens hos oss!<\/h3>\n<p>Om du har <strong>fr\u00e5gor<\/strong> v\u00e4nligen kontakta oss p\u00e5 010-160 80 01 eller <a href=\"mailto:bokningen@stiftsgardenrattvik.se\">bokningen@stiftsgardenrattvik.se<\/a><br \/>\n[\/av_textblock]<\/p>\n<p>[\/av_one_full][av_one_full first min_height=&#8221; vertical_alignment=&#8221; space=&#8221; custom_margin=&#8221; margin=&#8217;0px&#8217; padding=&#8217;0px&#8217; border=&#8221; border_color=&#8221; radius=&#8217;0px&#8217; background_color=&#8221; src=&#8221; background_position=&#8217;top left&#8217; background_repeat=&#8217;no-repeat&#8217; animation=&#8221; av_uid=&#8217;av-3xz2x2&#8242;]<br \/>\n[av_button label=&#8217;BOKA KONFERENS&#8217; link=&#8217;manually,https:\/\/stiftsgardenrattvik.se\/boka-konferens\/&#8217; link_target=&#8221; size=&#8217;x-large&#8217; position=&#8217;center&#8217; icon_select=&#8217;yes&#8217; icon_hover=&#8217;aviaTBicon_hover&#8217; icon=&#8217;ue8bd&#8217; font=&#8217;entypo-fontello&#8217; color=&#8217;theme-color&#8217; custom_bg=&#8217;#444444&#8242; custom_font=&#8217;#ffffff&#8217; av_uid=&#8217;av-39qb5y&#8217;]<br \/>\n[\/av_one_full]<\/p>\n","protected":false},"excerpt":{"rendered":"","protected":false},"author":1,"featured_media":0,"parent":0,"menu_order":0,"comment_status":"open","ping_status":"open","template":"","meta":{"footnotes":""},"class_list":["post-2598","page","type-page","status-publish","hentry"],"_links":{"self":[{"href":"https:\/\/www1.stiftsgardenrattvik.se\/index.php?rest_route=\/wp\/v2\/pages\/2598","targetHints":{"allow":["GET"]}}],"collection":[{"href":"https:\/\/www1.stiftsgardenrattvik.se\/index.php?rest_route=\/wp\/v2\/pages"}],"about":[{"href":"https:\/\/www1.stiftsgardenrattvik.se\/index.php?rest_route=\/wp\/v2\/types\/page"}],"author":[{"embeddable":true,"href":"https:\/\/www1.stiftsgardenrattvik.se\/index.php?rest_route=\/wp\/v2\/users\/1"}],"replies":[{"embeddable":true,"href":"https:\/\/www1.stiftsgardenrattvik.se\/index.php?rest_route=%2Fwp%2Fv2%2Fcomments&post=2598"}],"version-history":[{"count":74,"href":"https:\/\/www1.stiftsgardenrattvik.se\/index.php?rest_route=\/wp\/v2\/pages\/2598\/revisions"}],"predecessor-version":[{"id":15976,"href":"https:\/\/www1.stiftsgardenrattvik.se\/index.php?rest_route=\/wp\/v2\/pages\/2598\/revisions\/15976"}],"wp:attachment":[{"href":"https:\/\/www1.stiftsgardenrattvik.se\/index.php?rest_route=%2Fwp%2Fv2%2Fmedia&parent=2598"}],"curies":[{"name":"wp","href":"https:\/\/api.w.org\/{rel}","templated":true}]}}