{"id":4338,"date":"2015-06-09T19:05:11","date_gmt":"2015-06-09T17:05:11","guid":{"rendered":"http:\/\/stiftsgardenrattvik.se\/?page_id=4338"},"modified":"2015-06-10T09:25:52","modified_gmt":"2015-06-10T07:25:52","slug":"gastehaushotel","status":"publish","type":"page","link":"https:\/\/www1.stiftsgardenrattvik.se\/?page_id=4338","title":{"rendered":"G\u00e4stehaus\/Hotel"},"content":{"rendered":"<p>[av_two_third first]<\/p>\n<p>[av_textblock size=&#8221; font_color=&#8221; color=&#8221;]<\/p>\n<h3>Wir haben 50 Hotelzimmer<\/h3>\n<h3>40 Einzel-\/Doppelzimmer sowie 10 Einzelzimmer<\/h3>\n<p>Unsere G\u00e4stezimmerfl\u00fcgel befinden sich direkt im Anschluss an das Hauptgeb\u00e4ude unseres G\u00e4stehauses, ganz in der N\u00e4he des Siljan-Sees im Herzen der Provinz Dalarna. Bei uns wohnen Sie in gem\u00fctlicher Atmosph\u00e4re. Hier finden Sie insgesamt 50 Hotelzimmer &#8211; 40 Einzel-\/Doppelzimmer sowie 10 Einzelzimmer.<\/p>\n<p>Im n\u00f6rdlichen G\u00e4stezimmerfl\u00fcgel sind alle 20 Zimmer behindertengerecht eingerichtet und mit WC und Dusche ausgestattet. Die Zimmer im westlichen Fl\u00fcgel sind etwas kleiner bzw. klein und gem\u00fctlich und verf\u00fcgen ebenfalls \u00fcber WC und Dusche. Im Obergeschoss, direkt unter dem Dach, liegen unsere gem\u00fctlichen Einzelzimmer, die etwas einfacher ausgestattet sind. Hier hat jedes Zimmer WC und Waschbecken, w\u00e4hrend sich der gemeinsame Duschraum auf dem Flur befindet. Dies ist unsere preiswertere Alternative.<\/p>\n<p>Im Kellergeschoss der G\u00e4stezimmerfl\u00fcgel befinden sich Waschk\u00fcche mit Trockenraum, Fitnessraum sowie je eine Damen- und eine Herrensauna. Informationen zur Nutzung von Waschk\u00fcche und Sauna erhalten Sie an der Rezeption.<\/p>\n<p>Zur Unterst\u00fctzung f\u00fcr Menschen mit Alkoholproblemen sowie mit Blick auf unsere umfassende Jugendarbeit haben wir unser gesamtes Gel\u00e4nde zur alkoholfreien Zone erkl\u00e4rt und bitten Sie daher, dort keinen Alkohol zu konsumieren.<\/p>\n<p>Der Stiftsg\u00e5rden in R\u00e4ttvik \u2013 ein ganz besonderes Hotel in Dalarna.<\/p>\n<p><a title=\"Preise G\u00e4stehaus\" href=\"https:\/\/stiftsgardenrattvik.se\/preise-gastehaus\/?lang=de\">Hier finden Sie die Preise f\u00fcr eine \u00dcbernachtung bei uns, wenn Sie auf der Suche nach einem Hotel in der Provinz Dalarna sind. &gt;&gt;<\/a><br \/>\n[\/av_textblock]<\/p>\n<p>[\/av_two_third][av_one_third]<br \/>\n[av_image src=&#8217;https:\/\/stiftsgardenrattvik.se\/wp-content\/uploads\/2013\/07\/gasthem_hotell_large1.jpg&#8217; attachment=&#8217;3145&#8242; attachment_size=&#8221; align=&#8217;center&#8217; animation=&#8217;pop-up&#8217; styling=&#8221; hover=&#8221; link=&#8221; target=&#8221; caption=&#8221; font_size=&#8221; appearance=&#8221; overlay_opacity=&#8217;0.4&#8242; overlay_color=&#8217;#000000&#8242; overlay_text_color=&#8217;#ffffff&#8217;][\/av_image]<br \/>\n[\/av_one_third]<\/p>\n","protected":false},"excerpt":{"rendered":"<p>[av_two_third first] [av_textblock size=&#8221; font_color=&#8221; color=&#8221;] Wir haben 50 Hotelzimmer 40 Einzel-\/Doppelzimmer sowie 10 Einzelzimmer Unsere G\u00e4stezimmerfl\u00fcgel befinden sich direkt im Anschluss an das Hauptgeb\u00e4ude unseres G\u00e4stehauses, ganz in der N\u00e4he des Siljan-Sees im Herzen der Provinz Dalarna. Bei uns wohnen Sie in gem\u00fctlicher Atmosph\u00e4re. Hier finden Sie insgesamt 50 Hotelzimmer &#8211; 40 Einzel-\/Doppelzimmer sowie [&hellip;]<\/p>\n","protected":false},"author":1,"featured_media":0,"parent":0,"menu_order":0,"comment_status":"open","ping_status":"open","template":"","meta":{"footnotes":""},"class_list":["post-4338","page","type-page","status-publish","hentry"],"_links":{"self":[{"href":"https:\/\/www1.stiftsgardenrattvik.se\/index.php?rest_route=\/wp\/v2\/pages\/4338","targetHints":{"allow":["GET"]}}],"collection":[{"href":"https:\/\/www1.stiftsgardenrattvik.se\/index.php?rest_route=\/wp\/v2\/pages"}],"about":[{"href":"https:\/\/www1.stiftsgardenrattvik.se\/index.php?rest_route=\/wp\/v2\/types\/page"}],"author":[{"embeddable":true,"href":"https:\/\/www1.stiftsgardenrattvik.se\/index.php?rest_route=\/wp\/v2\/users\/1"}],"replies":[{"embeddable":true,"href":"https:\/\/www1.stiftsgardenrattvik.se\/index.php?rest_route=%2Fwp%2Fv2%2Fcomments&post=4338"}],"version-history":[{"count":4,"href":"https:\/\/www1.stiftsgardenrattvik.se\/index.php?rest_route=\/wp\/v2\/pages\/4338\/revisions"}],"predecessor-version":[{"id":4402,"href":"https:\/\/www1.stiftsgardenrattvik.se\/index.php?rest_route=\/wp\/v2\/pages\/4338\/revisions\/4402"}],"wp:attachment":[{"href":"https:\/\/www1.stiftsgardenrattvik.se\/index.php?rest_route=%2Fwp%2Fv2%2Fmedia&parent=4338"}],"curies":[{"name":"wp","href":"https:\/\/api.w.org\/{rel}","templated":true}]}}