{"id":4392,"date":"2015-06-09T21:03:43","date_gmt":"2015-06-09T19:03:43","guid":{"rendered":"http:\/\/stiftsgardenrattvik.se\/?page_id=4392"},"modified":"2015-06-09T21:04:27","modified_gmt":"2015-06-09T19:04:27","slug":"hitta-till-oss","status":"publish","type":"page","link":"https:\/\/www1.stiftsgardenrattvik.se\/?page_id=4392","title":{"rendered":"Finde uns"},"content":{"rendered":"<p>[av_one_half first]<\/p>\n<p>[av_textblock size=&#8221; font_color=&#8221; color=&#8221;]<\/p>\n<h3>Der Stiftsg\u00e5rden ist am Ufer des Siljan-Sees gelegen.<\/h3>\n<p>Der Stiftsg\u00e5rden ist per Auto, Bus und Zug leicht erreichbar. Wenn Sie mit dem Auto aus Richtung S\u00fcden kommen, biegen Sie an dem Schild \u201eKyrka \u2013 Stiftsg\u00e5rd\u201d nach links von der Nationalstra\u00dfe 70 (riksv\u00e4g 70) ab und fahren dann etwa 1 km. Das Hauptgeb\u00e4ude, der ehemalige Gl\u00f6cknerhof, liegt direkt n\u00f6rdlich der wundersch\u00f6nen wei\u00dfen Kirche von R\u00e4ttvik.<\/p>\n<p>Aus Richtung S\u00fcden gibt es von Borl\u00e4nge aus mehrmals t\u00e4glich gute Zug- und Busverbindungen. Von Stockholm aus betr\u00e4gt die Reisezeit etwa 3,5 Stunden. Im Eisenbahnfahrplan finden Sie die Verbindungen nach R\u00e4ttvik unter der Nummer 50. Die Busfirma Swebus unterh\u00e4lt eine direkte Buslinie Stockholm\u2013R\u00e4ttvik.<\/p>\n<p>Die Entfernung vom Busbahnhof bzw. Bahnhof zum Stiftsg\u00e5rden betr\u00e4gt 1,5 km.<br \/>\n[\/av_textblock]<\/p>\n<p>[\/av_one_half][av_one_half]<br \/>\n[av_image src=&#8217;https:\/\/stiftsgardenrattvik.se\/wp-content\/uploads\/2013\/07\/flygbild.jpg&#8217; attachment=&#8217;2758&#8242; attachment_size=&#8221; align=&#8217;center&#8217; animation=&#8217;pop-up&#8217; styling=&#8221; hover=&#8221; link=&#8221; target=&#8221; caption=&#8221; font_size=&#8221; appearance=&#8221; overlay_opacity=&#8217;0.4&#8242; overlay_color=&#8217;#000000&#8242; overlay_text_color=&#8217;#ffffff&#8217;][\/av_image]<br \/>\n[\/av_one_half]<\/p>\n","protected":false},"excerpt":{"rendered":"<p>[av_one_half first] [av_textblock size=&#8221; font_color=&#8221; color=&#8221;] Der Stiftsg\u00e5rden ist am Ufer des Siljan-Sees gelegen. Der Stiftsg\u00e5rden ist per Auto, Bus und Zug leicht erreichbar. Wenn Sie mit dem Auto aus Richtung S\u00fcden kommen, biegen Sie an dem Schild \u201eKyrka \u2013 Stiftsg\u00e5rd\u201d nach links von der Nationalstra\u00dfe 70 (riksv\u00e4g 70) ab und fahren dann etwa 1 [&hellip;]<\/p>\n","protected":false},"author":1,"featured_media":0,"parent":0,"menu_order":0,"comment_status":"open","ping_status":"open","template":"","meta":{"footnotes":""},"class_list":["post-4392","page","type-page","status-publish","hentry"],"_links":{"self":[{"href":"https:\/\/www1.stiftsgardenrattvik.se\/index.php?rest_route=\/wp\/v2\/pages\/4392","targetHints":{"allow":["GET"]}}],"collection":[{"href":"https:\/\/www1.stiftsgardenrattvik.se\/index.php?rest_route=\/wp\/v2\/pages"}],"about":[{"href":"https:\/\/www1.stiftsgardenrattvik.se\/index.php?rest_route=\/wp\/v2\/types\/page"}],"author":[{"embeddable":true,"href":"https:\/\/www1.stiftsgardenrattvik.se\/index.php?rest_route=\/wp\/v2\/users\/1"}],"replies":[{"embeddable":true,"href":"https:\/\/www1.stiftsgardenrattvik.se\/index.php?rest_route=%2Fwp%2Fv2%2Fcomments&post=4392"}],"version-history":[{"count":2,"href":"https:\/\/www1.stiftsgardenrattvik.se\/index.php?rest_route=\/wp\/v2\/pages\/4392\/revisions"}],"predecessor-version":[{"id":4394,"href":"https:\/\/www1.stiftsgardenrattvik.se\/index.php?rest_route=\/wp\/v2\/pages\/4392\/revisions\/4394"}],"wp:attachment":[{"href":"https:\/\/www1.stiftsgardenrattvik.se\/index.php?rest_route=%2Fwp%2Fv2%2Fmedia&parent=4392"}],"curies":[{"name":"wp","href":"https:\/\/api.w.org\/{rel}","templated":true}]}}