{"id":5046,"date":"2016-01-31T09:47:06","date_gmt":"2016-01-31T08:47:06","guid":{"rendered":"http:\/\/stiftsgardenrattvik.se\/?page_id=5046"},"modified":"2017-03-01T15:41:05","modified_gmt":"2017-03-01T14:41:05","slug":"desserter","status":"publish","type":"page","link":"https:\/\/www1.stiftsgardenrattvik.se\/?page_id=5046","title":{"rendered":"Catering Dessert"},"content":{"rendered":"<p>[av_one_half first min_height=&#8221; vertical_alignment=&#8221; space=&#8221; custom_margin=&#8221; margin=&#8217;0px&#8217; padding=&#8217;0px&#8217; border=&#8221; border_color=&#8221; radius=&#8217;0px&#8217; background_color=&#8221; src=&#8221; background_position=&#8217;top left&#8217; background_repeat=&#8217;no-repeat&#8217; animation=&#8221;]<\/p>\n<p>[av_textblock size=&#8221; font_color=&#8221; color=&#8221;]<\/p>\n<h1>Catering dessert<\/h1>\n<p>F\u00f6r b\u00e4sta smakupplevelse rekommenderar vi att ni best\u00e4ller samma r\u00e4tt f\u00f6r hela s\u00e4llskapet (minimum 15 personer). Undantag g\u00f6rs vid allergier eller specialkost.<\/p>\n<p><strong>Pris fr\u00e5n 15 kr.<\/strong><\/p>\n<h3>Desserter att v\u00e4lja mellan:<\/h3>\n<ul>\n<li>Tryfflar med Dalachoklad 15 kr\/st<\/li>\n<li>Vaniljpannacotta 67 kr<\/li>\n<li>Tiramisu 67 kr<\/li>\n<li>Cr\u00e8me brul\u00e9e 65 kr<\/li>\n<li>Fransk chokladkaka 67 kr<\/li>\n<li>Chokladterrine med jordgubbar 93 kr<\/li>\n<\/ul>\n<p>[\/av_textblock]<\/p>\n<p>[\/av_one_half]<\/p>\n","protected":false},"excerpt":{"rendered":"<p>[av_one_half first min_height=&#8221; vertical_alignment=&#8221; space=&#8221; custom_margin=&#8221; margin=&#8217;0px&#8217; padding=&#8217;0px&#8217; border=&#8221; border_color=&#8221; radius=&#8217;0px&#8217; background_color=&#8221; src=&#8221; background_position=&#8217;top left&#8217; background_repeat=&#8217;no-repeat&#8217; animation=&#8221;] [av_textblock size=&#8221; font_color=&#8221; color=&#8221;] Catering dessert F\u00f6r b\u00e4sta smakupplevelse rekommenderar vi att ni best\u00e4ller samma r\u00e4tt f\u00f6r hela s\u00e4llskapet (minimum 15 personer). Undantag g\u00f6rs vid allergier eller specialkost. Pris fr\u00e5n 15 kr. Desserter att v\u00e4lja mellan: Tryfflar med [&hellip;]<\/p>\n","protected":false},"author":1,"featured_media":0,"parent":0,"menu_order":0,"comment_status":"closed","ping_status":"closed","template":"","meta":{"footnotes":""},"class_list":["post-5046","page","type-page","status-publish","hentry"],"_links":{"self":[{"href":"https:\/\/www1.stiftsgardenrattvik.se\/index.php?rest_route=\/wp\/v2\/pages\/5046","targetHints":{"allow":["GET"]}}],"collection":[{"href":"https:\/\/www1.stiftsgardenrattvik.se\/index.php?rest_route=\/wp\/v2\/pages"}],"about":[{"href":"https:\/\/www1.stiftsgardenrattvik.se\/index.php?rest_route=\/wp\/v2\/types\/page"}],"author":[{"embeddable":true,"href":"https:\/\/www1.stiftsgardenrattvik.se\/index.php?rest_route=\/wp\/v2\/users\/1"}],"replies":[{"embeddable":true,"href":"https:\/\/www1.stiftsgardenrattvik.se\/index.php?rest_route=%2Fwp%2Fv2%2Fcomments&post=5046"}],"version-history":[{"count":16,"href":"https:\/\/www1.stiftsgardenrattvik.se\/index.php?rest_route=\/wp\/v2\/pages\/5046\/revisions"}],"predecessor-version":[{"id":6362,"href":"https:\/\/www1.stiftsgardenrattvik.se\/index.php?rest_route=\/wp\/v2\/pages\/5046\/revisions\/6362"}],"wp:attachment":[{"href":"https:\/\/www1.stiftsgardenrattvik.se\/index.php?rest_route=%2Fwp%2Fv2%2Fmedia&parent=5046"}],"curies":[{"name":"wp","href":"https:\/\/api.w.org\/{rel}","templated":true}]}}