{"id":5072,"date":"2016-01-31T14:07:45","date_gmt":"2016-01-31T13:07:45","guid":{"rendered":"http:\/\/stiftsgardenrattvik.se\/?page_id=5072"},"modified":"2017-03-02T07:24:38","modified_gmt":"2017-03-02T06:24:38","slug":"vegetariskbuffe","status":"publish","type":"page","link":"https:\/\/www1.stiftsgardenrattvik.se\/?page_id=5072","title":{"rendered":"Catering Vegetariskbuff\u00e9"},"content":{"rendered":"<p>[av_one_half first min_height=&#8221; vertical_alignment=&#8221; space=&#8221; custom_margin=&#8221; margin=&#8217;0px&#8217; padding=&#8217;0px&#8217; border=&#8221; border_color=&#8221; radius=&#8217;0px&#8217; background_color=&#8221; src=&#8221; background_position=&#8217;top left&#8217; background_repeat=&#8217;no-repeat&#8217; animation=&#8221;]<\/p>\n<p>[av_textblock size=&#8221; font_color=&#8221; color=&#8221;]<\/p>\n<h1>Catering vegetarisk buff\u00e9<\/h1>\n<p>F\u00f6r b\u00e4sta smakupplevelse rekommenderar vi att ni best\u00e4ller samma r\u00e4tt f\u00f6r hela s\u00e4llskapet (minimum 15 personer). Undantag g\u00f6rs vid allergier eller specialkost.<\/p>\n<p><strong>Pris: 258 kr per person<\/strong><\/p>\n<h3>Detta ing\u00e5r i Vegetarisk buff\u00e9:<\/h3>\n<ul>\n<li>Canneloni fylld med ricotta och spenat<\/li>\n<li>Ruccolacr\u00e8me<\/li>\n<li>Tomater i olika f\u00e4rger med mozzarella<\/li>\n<li>Paj med soltorkade tomater<\/li>\n<li>Marinerade oliver<\/li>\n<li>Grillade kron\u00e4rtskockor<\/li>\n<li>Gr\u00f6nsaker med hyvlad parmesan<\/li>\n<li>Tzaispett<\/li>\n<li>Het couscoussallad<\/li>\n<li>Tzatziki<\/li>\n<li>Honungs- och chilimarinerade b\u00f6nor<\/li>\n<li>Hummus<\/li>\n<li>Focacciabr\u00f6d<\/li>\n<li>Sm\u00f6r<\/li>\n<\/ul>\n<p>[\/av_textblock]<\/p>\n<p>[\/av_one_half]<\/p>\n","protected":false},"excerpt":{"rendered":"<p>[av_one_half first min_height=&#8221; vertical_alignment=&#8221; space=&#8221; custom_margin=&#8221; margin=&#8217;0px&#8217; padding=&#8217;0px&#8217; border=&#8221; border_color=&#8221; radius=&#8217;0px&#8217; background_color=&#8221; src=&#8221; background_position=&#8217;top left&#8217; background_repeat=&#8217;no-repeat&#8217; animation=&#8221;] [av_textblock size=&#8221; font_color=&#8221; color=&#8221;] Catering vegetarisk buff\u00e9 F\u00f6r b\u00e4sta smakupplevelse rekommenderar vi att ni best\u00e4ller samma r\u00e4tt f\u00f6r hela s\u00e4llskapet (minimum 15 personer). Undantag g\u00f6rs vid allergier eller specialkost. Pris: 258 kr per person Detta ing\u00e5r i Vegetarisk [&hellip;]<\/p>\n","protected":false},"author":1,"featured_media":0,"parent":0,"menu_order":0,"comment_status":"closed","ping_status":"closed","template":"","meta":{"footnotes":""},"class_list":["post-5072","page","type-page","status-publish","hentry"],"_links":{"self":[{"href":"https:\/\/www1.stiftsgardenrattvik.se\/index.php?rest_route=\/wp\/v2\/pages\/5072","targetHints":{"allow":["GET"]}}],"collection":[{"href":"https:\/\/www1.stiftsgardenrattvik.se\/index.php?rest_route=\/wp\/v2\/pages"}],"about":[{"href":"https:\/\/www1.stiftsgardenrattvik.se\/index.php?rest_route=\/wp\/v2\/types\/page"}],"author":[{"embeddable":true,"href":"https:\/\/www1.stiftsgardenrattvik.se\/index.php?rest_route=\/wp\/v2\/users\/1"}],"replies":[{"embeddable":true,"href":"https:\/\/www1.stiftsgardenrattvik.se\/index.php?rest_route=%2Fwp%2Fv2%2Fcomments&post=5072"}],"version-history":[{"count":9,"href":"https:\/\/www1.stiftsgardenrattvik.se\/index.php?rest_route=\/wp\/v2\/pages\/5072\/revisions"}],"predecessor-version":[{"id":6374,"href":"https:\/\/www1.stiftsgardenrattvik.se\/index.php?rest_route=\/wp\/v2\/pages\/5072\/revisions\/6374"}],"wp:attachment":[{"href":"https:\/\/www1.stiftsgardenrattvik.se\/index.php?rest_route=%2Fwp%2Fv2%2Fmedia&parent=5072"}],"curies":[{"name":"wp","href":"https:\/\/api.w.org\/{rel}","templated":true}]}}