{"id":5106,"date":"2016-02-09T13:11:41","date_gmt":"2016-02-09T12:11:41","guid":{"rendered":"http:\/\/stiftsgardenrattvik.se\/?page_id=5106"},"modified":"2017-03-02T07:17:37","modified_gmt":"2017-03-02T06:17:37","slug":"svenska-klassiker","status":"publish","type":"page","link":"https:\/\/www1.stiftsgardenrattvik.se\/?page_id=5106","title":{"rendered":"Svenska klassiker"},"content":{"rendered":"<p>[av_one_half first min_height=&#8221; vertical_alignment=&#8221; space=&#8221; custom_margin=&#8221; margin=&#8217;0px&#8217; padding=&#8217;0px&#8217; border=&#8221; border_color=&#8221; radius=&#8217;0px&#8217; background_color=&#8221; src=&#8221; background_position=&#8217;top left&#8217; background_repeat=&#8217;no-repeat&#8217; animation=&#8221;]<\/p>\n<p>[av_textblock size=&#8221; font_color=&#8221; color=&#8221;]<\/p>\n<h1>Catering Svenska klassiker<\/h1>\n<p>F\u00f6r b\u00e4sta smakupplevelse rekommenderar vi att ni best\u00e4ller samma r\u00e4tt f\u00f6r hela s\u00e4llskapet (minimum 15 personer). Undantag g\u00f6rs vid allergier eller specialkost.<\/p>\n<p><strong>Pris: 285 kr per person<\/strong><\/p>\n<h3>Detta ing\u00e5r i Svenska klassiker-buff\u00e9:<\/h3>\n<ul>\n<li>\u00c4gghalvor med r\u00e4kor<\/li>\n<li>Inlagd sill<\/li>\n<li>Senapssill<\/li>\n<li>Matjessill<\/li>\n<li>Gr\u00e4ddfil<\/li>\n<li>R\u00f6dl\u00f6k<\/li>\n<li>Gr\u00e4sl\u00f6k<\/li>\n<li>Dillkokt potatis<\/li>\n<li>Gubbr\u00f6ra<\/li>\n<li>F\u00e4bodkn\u00e4cke<\/li>\n<li>Gravad lax<\/li>\n<li>Hovm\u00e4stars\u00e5s<\/li>\n<li>V\u00e4sterbottenpaj<\/li>\n<li>Prinskorv<\/li>\n<li>K\u00f6ttbullar<\/li>\n<li>Janssons frestelse<\/li>\n<li>Potatissallad<\/li>\n<li>Rostbiff<\/li>\n<li>Kavring<\/li>\n<li>Pr\u00e4stost<\/li>\n<\/ul>\n<p>[\/av_textblock]<\/p>\n<p>[\/av_one_half]<\/p>\n","protected":false},"excerpt":{"rendered":"<p>[av_one_half first min_height=&#8221; vertical_alignment=&#8221; space=&#8221; custom_margin=&#8221; margin=&#8217;0px&#8217; padding=&#8217;0px&#8217; border=&#8221; border_color=&#8221; radius=&#8217;0px&#8217; background_color=&#8221; src=&#8221; background_position=&#8217;top left&#8217; background_repeat=&#8217;no-repeat&#8217; animation=&#8221;] [av_textblock size=&#8221; font_color=&#8221; color=&#8221;] Catering Svenska klassiker F\u00f6r b\u00e4sta smakupplevelse rekommenderar vi att ni best\u00e4ller samma r\u00e4tt f\u00f6r hela s\u00e4llskapet (minimum 15 personer). Undantag g\u00f6rs vid allergier eller specialkost. Pris: 285 kr per person Detta ing\u00e5r i Svenska [&hellip;]<\/p>\n","protected":false},"author":1,"featured_media":0,"parent":0,"menu_order":0,"comment_status":"closed","ping_status":"closed","template":"","meta":{"footnotes":""},"class_list":["post-5106","page","type-page","status-publish","hentry"],"_links":{"self":[{"href":"https:\/\/www1.stiftsgardenrattvik.se\/index.php?rest_route=\/wp\/v2\/pages\/5106","targetHints":{"allow":["GET"]}}],"collection":[{"href":"https:\/\/www1.stiftsgardenrattvik.se\/index.php?rest_route=\/wp\/v2\/pages"}],"about":[{"href":"https:\/\/www1.stiftsgardenrattvik.se\/index.php?rest_route=\/wp\/v2\/types\/page"}],"author":[{"embeddable":true,"href":"https:\/\/www1.stiftsgardenrattvik.se\/index.php?rest_route=\/wp\/v2\/users\/1"}],"replies":[{"embeddable":true,"href":"https:\/\/www1.stiftsgardenrattvik.se\/index.php?rest_route=%2Fwp%2Fv2%2Fcomments&post=5106"}],"version-history":[{"count":5,"href":"https:\/\/www1.stiftsgardenrattvik.se\/index.php?rest_route=\/wp\/v2\/pages\/5106\/revisions"}],"predecessor-version":[{"id":6372,"href":"https:\/\/www1.stiftsgardenrattvik.se\/index.php?rest_route=\/wp\/v2\/pages\/5106\/revisions\/6372"}],"wp:attachment":[{"href":"https:\/\/www1.stiftsgardenrattvik.se\/index.php?rest_route=%2Fwp%2Fv2%2Fmedia&parent=5106"}],"curies":[{"name":"wp","href":"https:\/\/api.w.org\/{rel}","templated":true}]}}