{"id":5109,"date":"2016-02-09T13:25:11","date_gmt":"2016-02-09T12:25:11","guid":{"rendered":"http:\/\/stiftsgardenrattvik.se\/?page_id=5109"},"modified":"2017-03-01T15:56:02","modified_gmt":"2017-03-01T14:56:02","slug":"plockmat","status":"publish","type":"page","link":"https:\/\/www1.stiftsgardenrattvik.se\/?page_id=5109","title":{"rendered":"Catering Plockmat p\u00e5 planka"},"content":{"rendered":"<p>[av_one_half first min_height=&#8221; vertical_alignment=&#8221; space=&#8221; custom_margin=&#8221; margin=&#8217;0px&#8217; padding=&#8217;0px&#8217; border=&#8221; border_color=&#8221; radius=&#8217;0px&#8217; background_color=&#8221; src=&#8221; background_position=&#8217;top left&#8217; background_repeat=&#8217;no-repeat&#8217; animation=&#8221;]<\/p>\n<p>[av_textblock size=&#8221; font_color=&#8221; color=&#8221;]<\/p>\n<h1>Catering Plockmat<\/h1>\n<p>F\u00f6r b\u00e4sta smakupplevelse rekommenderar vi att ni best\u00e4ller samma r\u00e4tt f\u00f6r hela s\u00e4llskapet. Undantag g\u00f6rs vid allergier eller specialkost.<\/p>\n<p><strong>Alternativ plockmat p\u00e5 planka:<\/strong><\/p>\n<h3><strong>Charkuteriplanka<\/strong><\/h3>\n<p><strong>Pris: <\/strong><strong>155 kr per person (minimum 10 personer)<\/strong><\/p>\n<ul>\n<li>Rostbiff<\/li>\n<li>Siljanskinka<\/li>\n<li>Salami<\/li>\n<li>Muns\u00f6korv<\/li>\n<li>Picklade gr\u00f6nsaker<\/li>\n<li>Oliver<\/li>\n<li>Cornichonger<\/li>\n<li>Kr\u00e4mig potatissallad<\/li>\n<li>Marinerad pastasallad tricolore<\/li>\n<li>Hembakat br\u00f6d<\/li>\n<li>Sm\u00f6r<\/li>\n<\/ul>\n<h3><strong>Fisk- och skaldjursplanka<\/strong><\/h3>\n<p><strong>Pris: 155 kr  per person (minimum 10 personer)<\/strong><\/p>\n<ul>\n<li>Ugnsmarinerad lax<\/li>\n<li>Gravad lax<\/li>\n<li>B\u00f6ckling<\/li>\n<li>Hovm\u00e4stars\u00e5s<\/li>\n<li>Skagenkr\u00e4m<\/li>\n<li>Hjortron och pepparrotscrem\u00e9<\/li>\n<li>Potatissallad med citron och dill vinegrette<\/li>\n<li>Cocktailkapris<\/li>\n<\/ul>\n<h3><strong>Vegetarisk planka<\/strong><\/h3>\n<p><strong>Pris: 155 kr person (minimum 10 personer)<\/strong><\/p>\n<ul>\n<li>Grillad marinerad aubergine<\/li>\n<li>Grillad marinerad paprika<\/li>\n<li>Grillad marinerad zuccini<\/li>\n<li>Gr\u00f6nsaksstavar<\/li>\n<li>Fetaostcrem\u00e9<\/li>\n<li>Olivtapenade<\/li>\n<li>Hummus<\/li>\n<li>Tortillachips<\/li>\n<li>Cheddardipp<\/li>\n<li>Tzaispett<\/li>\n<li>Marinerade champinjoner<\/li>\n<li>Fyra olika dessertostar<\/li>\n<li>Marmelad<\/li>\n<li>Kex<\/li>\n<\/ul>\n<p>[\/av_textblock]<\/p>\n<p>[\/av_one_half]<\/p>\n","protected":false},"excerpt":{"rendered":"<p>[av_one_half first min_height=&#8221; vertical_alignment=&#8221; space=&#8221; custom_margin=&#8221; margin=&#8217;0px&#8217; padding=&#8217;0px&#8217; border=&#8221; border_color=&#8221; radius=&#8217;0px&#8217; background_color=&#8221; src=&#8221; background_position=&#8217;top left&#8217; background_repeat=&#8217;no-repeat&#8217; animation=&#8221;] [av_textblock size=&#8221; font_color=&#8221; color=&#8221;] Catering Plockmat F\u00f6r b\u00e4sta smakupplevelse rekommenderar vi att ni best\u00e4ller samma r\u00e4tt f\u00f6r hela s\u00e4llskapet. Undantag g\u00f6rs vid allergier eller specialkost. Alternativ plockmat p\u00e5 planka: Charkuteriplanka Pris: 155 kr per person (minimum 10 personer) [&hellip;]<\/p>\n","protected":false},"author":1,"featured_media":0,"parent":0,"menu_order":0,"comment_status":"closed","ping_status":"closed","template":"","meta":{"footnotes":""},"class_list":["post-5109","page","type-page","status-publish","hentry"],"_links":{"self":[{"href":"https:\/\/www1.stiftsgardenrattvik.se\/index.php?rest_route=\/wp\/v2\/pages\/5109","targetHints":{"allow":["GET"]}}],"collection":[{"href":"https:\/\/www1.stiftsgardenrattvik.se\/index.php?rest_route=\/wp\/v2\/pages"}],"about":[{"href":"https:\/\/www1.stiftsgardenrattvik.se\/index.php?rest_route=\/wp\/v2\/types\/page"}],"author":[{"embeddable":true,"href":"https:\/\/www1.stiftsgardenrattvik.se\/index.php?rest_route=\/wp\/v2\/users\/1"}],"replies":[{"embeddable":true,"href":"https:\/\/www1.stiftsgardenrattvik.se\/index.php?rest_route=%2Fwp%2Fv2%2Fcomments&post=5109"}],"version-history":[{"count":6,"href":"https:\/\/www1.stiftsgardenrattvik.se\/index.php?rest_route=\/wp\/v2\/pages\/5109\/revisions"}],"predecessor-version":[{"id":6367,"href":"https:\/\/www1.stiftsgardenrattvik.se\/index.php?rest_route=\/wp\/v2\/pages\/5109\/revisions\/6367"}],"wp:attachment":[{"href":"https:\/\/www1.stiftsgardenrattvik.se\/index.php?rest_route=%2Fwp%2Fv2%2Fmedia&parent=5109"}],"curies":[{"name":"wp","href":"https:\/\/api.w.org\/{rel}","templated":true}]}}