{"id":5126,"date":"2016-02-12T09:37:27","date_gmt":"2016-02-12T08:37:27","guid":{"rendered":"http:\/\/stiftsgardenrattvik.se\/?page_id=5126"},"modified":"2017-03-01T15:51:47","modified_gmt":"2017-03-01T14:51:47","slug":"catering-klabbe-buffe","status":"publish","type":"page","link":"https:\/\/www1.stiftsgardenrattvik.se\/?page_id=5126","title":{"rendered":"Catering Klabbe buff\u00e9"},"content":{"rendered":"<p>[av_one_half first min_height=&#8221; vertical_alignment=&#8221; space=&#8221; custom_margin=&#8221; margin=&#8217;0px&#8217; padding=&#8217;0px&#8217; border=&#8221; border_color=&#8221; radius=&#8217;0px&#8217; background_color=&#8221; src=&#8221; background_position=&#8217;top left&#8217; background_repeat=&#8217;no-repeat&#8217; animation=&#8221;]<\/p>\n<p>[av_textblock size=&#8221; font_color=&#8221; color=&#8221;]<\/p>\n<h1><strong>Catering Klabbe <\/strong><\/h1>\n<p>Klabbe \u00e4r en festlig delikatess fr\u00e5n byarna runt R\u00e4ttvik. Vissa vill till och med g\u00e5 s\u00e5 l\u00e5ngt som att kalla det f\u00f6r R\u00e4ttviks egen &#8220;nationalr\u00e4tt&#8221;. Matr\u00e4tten, som traditionellt \u00e4ts i januari och februari, best\u00e5r av en slags pl\u00e4ttar som serveras med rimmat fl\u00e4sk, s\u00e5s av messm\u00f6r och ibland \u00e4ven lingonsylt. Historien ber\u00e4ttar att det efter jul och ny\u00e5rshelgerna var ont om mat n\u00e4r ungdomarna ville samlas till fest. Det som fanns att tillg\u00e5 kombinerades ihop till en ny r\u00e4tt &#8211; klabbe. Att samlas f\u00f6r att \u00e4ta klabbe blev snabbt en popul\u00e4r tradition och matr\u00e4tten kom att betraktas som en delikatess. Prova du med &#8211; best\u00e4ll de goda tillbeh\u00f6ren fr\u00e5n oss och bjud in till klabbe-fest!<\/p>\n<p><strong>Pris fr\u00e5n  <\/strong><strong>67 kr  <\/strong>(minimum 10 personer)<strong> OBS! S\u00e4song januari &#8211; februari<\/strong><\/p>\n<p>Detta ing\u00e5r<\/p>\n<ul>\n<li>V\u00e5r goda messm\u00f6rs\u00e5s<\/li>\n<li>Knaperstekt rimmat sidfl\u00e4sk fr\u00e5n en dalag\u00e5rd<\/li>\n<\/ul>\n<p>Sj\u00e4lva klabbarna ing\u00e5r dock inte, de f\u00e5r ni g\u00f6ra sj\u00e4lva eller best\u00e4lla. <a href=\"http:\/\/www.frickskonditori.se\/\" target=\"_blank\">Fricks konditori<\/a> eller <a href=\"http:\/\/www.tuttul.nu\/\" target=\"_blank\">R\u00e4ttviks tunnbr\u00f6dbageri<\/a> \u00e4r tv\u00e5 st\u00e4llen i centrala R\u00e4ttvik d\u00e4r ni kan best\u00e4lla klabbe.<br \/>\n[\/av_textblock]<\/p>\n<p>[\/av_one_half]<\/p>\n","protected":false},"excerpt":{"rendered":"<p>[av_one_half first min_height=&#8221; vertical_alignment=&#8221; space=&#8221; custom_margin=&#8221; margin=&#8217;0px&#8217; padding=&#8217;0px&#8217; border=&#8221; border_color=&#8221; radius=&#8217;0px&#8217; background_color=&#8221; src=&#8221; background_position=&#8217;top left&#8217; background_repeat=&#8217;no-repeat&#8217; animation=&#8221;] [av_textblock size=&#8221; font_color=&#8221; color=&#8221;] Catering Klabbe Klabbe \u00e4r en festlig delikatess fr\u00e5n byarna runt R\u00e4ttvik. Vissa vill till och med g\u00e5 s\u00e5 l\u00e5ngt som att kalla det f\u00f6r R\u00e4ttviks egen &#8220;nationalr\u00e4tt&#8221;. Matr\u00e4tten, som traditionellt \u00e4ts i januari och [&hellip;]<\/p>\n","protected":false},"author":1,"featured_media":0,"parent":0,"menu_order":0,"comment_status":"closed","ping_status":"closed","template":"","meta":{"footnotes":""},"class_list":["post-5126","page","type-page","status-publish","hentry"],"_links":{"self":[{"href":"https:\/\/www1.stiftsgardenrattvik.se\/index.php?rest_route=\/wp\/v2\/pages\/5126","targetHints":{"allow":["GET"]}}],"collection":[{"href":"https:\/\/www1.stiftsgardenrattvik.se\/index.php?rest_route=\/wp\/v2\/pages"}],"about":[{"href":"https:\/\/www1.stiftsgardenrattvik.se\/index.php?rest_route=\/wp\/v2\/types\/page"}],"author":[{"embeddable":true,"href":"https:\/\/www1.stiftsgardenrattvik.se\/index.php?rest_route=\/wp\/v2\/users\/1"}],"replies":[{"embeddable":true,"href":"https:\/\/www1.stiftsgardenrattvik.se\/index.php?rest_route=%2Fwp%2Fv2%2Fcomments&post=5126"}],"version-history":[{"count":4,"href":"https:\/\/www1.stiftsgardenrattvik.se\/index.php?rest_route=\/wp\/v2\/pages\/5126\/revisions"}],"predecessor-version":[{"id":6365,"href":"https:\/\/www1.stiftsgardenrattvik.se\/index.php?rest_route=\/wp\/v2\/pages\/5126\/revisions\/6365"}],"wp:attachment":[{"href":"https:\/\/www1.stiftsgardenrattvik.se\/index.php?rest_route=%2Fwp%2Fv2%2Fmedia&parent=5126"}],"curies":[{"name":"wp","href":"https:\/\/api.w.org\/{rel}","templated":true}]}}