{"id":5129,"date":"2016-02-12T09:41:25","date_gmt":"2016-02-12T08:41:25","guid":{"rendered":"http:\/\/stiftsgardenrattvik.se\/?page_id=5129"},"modified":"2017-03-01T16:00:42","modified_gmt":"2017-03-01T15:00:42","slug":"smorgasar","status":"publish","type":"page","link":"https:\/\/www1.stiftsgardenrattvik.se\/?page_id=5129","title":{"rendered":"Catering Sm\u00f6rg\u00e5sar"},"content":{"rendered":"<p>[av_one_half first min_height=&#8221; vertical_alignment=&#8221; space=&#8221; custom_margin=&#8221; margin=&#8217;0px&#8217; padding=&#8217;0px&#8217; border=&#8221; border_color=&#8221; radius=&#8217;0px&#8217; background_color=&#8221; src=&#8221; background_position=&#8217;top left&#8217; background_repeat=&#8217;no-repeat&#8217; animation=&#8221;]<\/p>\n<p>[av_textblock size=&#8221; font_color=&#8221; color=&#8221;]<\/p>\n<h1>Catering sm\u00f6rg\u00e5sar<\/h1>\n<p>Sm\u00f6rg\u00e5sarna g\u00f6rs p\u00e5 grovt treh\u00f6rningsbr\u00f6d om ej annat best\u00e4lls.<\/p>\n<p><strong>Pris fr\u00e5n 45 kr\/ sm\u00f6rg\u00e5s<\/strong><\/p>\n<h3>Enkla sm\u00f6rg\u00e5sar:<\/h3>\n<ul>\n<li>Ostsm\u00f6rg\u00e5s: ost, krispig sallad, gurka och tomat, 50 kr<\/li>\n<li>Ost &amp; skinksm\u00f6rg\u00e5s: ost, skinka fr\u00e5n Siljans chark, krispig sallad, gurka, tomat, 50 kr<\/li>\n<li>Sm\u00f6rg\u00e5s inkl. kaffe eller te 75 kr<\/li>\n<\/ul>\n<h3>Fyllda sm\u00f6rg\u00e5sar:<\/h3>\n<ul>\n<li>V\u00e4stkusten: v\u00e4stkustr\u00f6ra, krispig sallad, tomat, gurka, citron, dill, 75 kr<\/li>\n<li>Kyckling &amp; curry: kyckling &amp; curryr\u00f6ra, krispig sallad, paprika, tomat, gurka, tomat, persilja, 75 kr<\/li>\n<li>Fylld sm\u00f6rg\u00e5s inkl. kaffe eller te 100 kr<\/li>\n<\/ul>\n<p>[\/av_textblock]<\/p>\n<p>[\/av_one_half]<\/p>\n","protected":false},"excerpt":{"rendered":"<p>[av_one_half first min_height=&#8221; vertical_alignment=&#8221; space=&#8221; custom_margin=&#8221; margin=&#8217;0px&#8217; padding=&#8217;0px&#8217; border=&#8221; border_color=&#8221; radius=&#8217;0px&#8217; background_color=&#8221; src=&#8221; background_position=&#8217;top left&#8217; background_repeat=&#8217;no-repeat&#8217; animation=&#8221;] [av_textblock size=&#8221; font_color=&#8221; color=&#8221;] Catering sm\u00f6rg\u00e5sar Sm\u00f6rg\u00e5sarna g\u00f6rs p\u00e5 grovt treh\u00f6rningsbr\u00f6d om ej annat best\u00e4lls. Pris fr\u00e5n 45 kr\/ sm\u00f6rg\u00e5s Enkla sm\u00f6rg\u00e5sar: Ostsm\u00f6rg\u00e5s: ost, krispig sallad, gurka och tomat, 50 kr Ost &amp; skinksm\u00f6rg\u00e5s: ost, skinka fr\u00e5n Siljans [&hellip;]<\/p>\n","protected":false},"author":1,"featured_media":0,"parent":0,"menu_order":0,"comment_status":"closed","ping_status":"closed","template":"","meta":{"footnotes":""},"class_list":["post-5129","page","type-page","status-publish","hentry"],"_links":{"self":[{"href":"https:\/\/www1.stiftsgardenrattvik.se\/index.php?rest_route=\/wp\/v2\/pages\/5129","targetHints":{"allow":["GET"]}}],"collection":[{"href":"https:\/\/www1.stiftsgardenrattvik.se\/index.php?rest_route=\/wp\/v2\/pages"}],"about":[{"href":"https:\/\/www1.stiftsgardenrattvik.se\/index.php?rest_route=\/wp\/v2\/types\/page"}],"author":[{"embeddable":true,"href":"https:\/\/www1.stiftsgardenrattvik.se\/index.php?rest_route=\/wp\/v2\/users\/1"}],"replies":[{"embeddable":true,"href":"https:\/\/www1.stiftsgardenrattvik.se\/index.php?rest_route=%2Fwp%2Fv2%2Fcomments&post=5129"}],"version-history":[{"count":3,"href":"https:\/\/www1.stiftsgardenrattvik.se\/index.php?rest_route=\/wp\/v2\/pages\/5129\/revisions"}],"predecessor-version":[{"id":6368,"href":"https:\/\/www1.stiftsgardenrattvik.se\/index.php?rest_route=\/wp\/v2\/pages\/5129\/revisions\/6368"}],"wp:attachment":[{"href":"https:\/\/www1.stiftsgardenrattvik.se\/index.php?rest_route=%2Fwp%2Fv2%2Fmedia&parent=5129"}],"curies":[{"name":"wp","href":"https:\/\/api.w.org\/{rel}","templated":true}]}}