{"id":5132,"date":"2016-02-12T09:45:40","date_gmt":"2016-02-12T08:45:40","guid":{"rendered":"http:\/\/stiftsgardenrattvik.se\/?page_id=5132"},"modified":"2017-03-01T16:03:16","modified_gmt":"2017-03-01T15:03:16","slug":"snittar","status":"publish","type":"page","link":"https:\/\/www1.stiftsgardenrattvik.se\/?page_id=5132","title":{"rendered":"Catering Snittar"},"content":{"rendered":"<p>[av_one_half first min_height=&#8221; vertical_alignment=&#8221; space=&#8221; custom_margin=&#8221; margin=&#8217;0px&#8217; padding=&#8217;0px&#8217; border=&#8221; border_color=&#8221; radius=&#8217;0px&#8217; background_color=&#8221; src=&#8221; background_position=&#8217;top left&#8217; background_repeat=&#8217;no-repeat&#8217; animation=&#8221;]<\/p>\n<p>[av_textblock size=&#8221; font_color=&#8221; color=&#8221;]<\/p>\n<h1><strong>Catering Snittar<\/strong><\/h1>\n<p><strong>Tunnbr\u00f6dsstubbar 15 kr\/st<\/strong><\/p>\n<ul>\n<li>Fylld med v\u00e4stkustr\u00f6ra och ruccola<\/li>\n<li>Fylld med soltorkad tomat crem\u00e9 och ruccola<\/li>\n<li>Fylld med svartr\u00f6kt skinkr\u00f6ra och ruccola<\/li>\n<\/ul>\n<p><strong>\u00d6vriga snittar 26 kr\/st<\/strong><\/p>\n<ul>\n<li>\u00c4delostr\u00f6ra<\/li>\n<li>Gubbr\u00f6ra<\/li>\n<li>Brieost &amp; salami<\/li>\n<li>Chevr\u00e9, honung och \u00f6rter<\/li>\n<li>Fetaostkr\u00e4m, parmaskinka och basilika<\/li>\n<\/ul>\n<p>[\/av_textblock]<\/p>\n<p>[\/av_one_half]<\/p>\n","protected":false},"excerpt":{"rendered":"<p>[av_one_half first min_height=&#8221; vertical_alignment=&#8221; space=&#8221; custom_margin=&#8221; margin=&#8217;0px&#8217; padding=&#8217;0px&#8217; border=&#8221; border_color=&#8221; radius=&#8217;0px&#8217; background_color=&#8221; src=&#8221; background_position=&#8217;top left&#8217; background_repeat=&#8217;no-repeat&#8217; animation=&#8221;] [av_textblock size=&#8221; font_color=&#8221; color=&#8221;] Catering Snittar Tunnbr\u00f6dsstubbar 15 kr\/st Fylld med v\u00e4stkustr\u00f6ra och ruccola Fylld med soltorkad tomat crem\u00e9 och ruccola Fylld med svartr\u00f6kt skinkr\u00f6ra och ruccola \u00d6vriga snittar 26 kr\/st \u00c4delostr\u00f6ra Gubbr\u00f6ra Brieost &amp; salami Chevr\u00e9, honung [&hellip;]<\/p>\n","protected":false},"author":1,"featured_media":0,"parent":0,"menu_order":0,"comment_status":"closed","ping_status":"closed","template":"","meta":{"footnotes":""},"class_list":["post-5132","page","type-page","status-publish","hentry"],"_links":{"self":[{"href":"https:\/\/www1.stiftsgardenrattvik.se\/index.php?rest_route=\/wp\/v2\/pages\/5132","targetHints":{"allow":["GET"]}}],"collection":[{"href":"https:\/\/www1.stiftsgardenrattvik.se\/index.php?rest_route=\/wp\/v2\/pages"}],"about":[{"href":"https:\/\/www1.stiftsgardenrattvik.se\/index.php?rest_route=\/wp\/v2\/types\/page"}],"author":[{"embeddable":true,"href":"https:\/\/www1.stiftsgardenrattvik.se\/index.php?rest_route=\/wp\/v2\/users\/1"}],"replies":[{"embeddable":true,"href":"https:\/\/www1.stiftsgardenrattvik.se\/index.php?rest_route=%2Fwp%2Fv2%2Fcomments&post=5132"}],"version-history":[{"count":3,"href":"https:\/\/www1.stiftsgardenrattvik.se\/index.php?rest_route=\/wp\/v2\/pages\/5132\/revisions"}],"predecessor-version":[{"id":6369,"href":"https:\/\/www1.stiftsgardenrattvik.se\/index.php?rest_route=\/wp\/v2\/pages\/5132\/revisions\/6369"}],"wp:attachment":[{"href":"https:\/\/www1.stiftsgardenrattvik.se\/index.php?rest_route=%2Fwp%2Fv2%2Fmedia&parent=5132"}],"curies":[{"name":"wp","href":"https:\/\/api.w.org\/{rel}","templated":true}]}}