{"id":5135,"date":"2016-02-12T09:48:18","date_gmt":"2016-02-12T08:48:18","guid":{"rendered":"http:\/\/stiftsgardenrattvik.se\/?page_id=5135"},"modified":"2017-03-02T07:27:08","modified_gmt":"2017-03-02T06:27:08","slug":"vickning","status":"publish","type":"page","link":"https:\/\/www1.stiftsgardenrattvik.se\/?page_id=5135","title":{"rendered":"Vickning"},"content":{"rendered":"<p>[av_one_half first min_height=&#8221; vertical_alignment=&#8221; space=&#8221; custom_margin=&#8221; margin=&#8217;0px&#8217; padding=&#8217;0px&#8217; border=&#8221; border_color=&#8221; radius=&#8217;0px&#8217; background_color=&#8221; src=&#8221; background_position=&#8217;top left&#8217; background_repeat=&#8217;no-repeat&#8217; animation=&#8221;]<\/p>\n<p>[av_textblock size=&#8221; font_color=&#8221; color=&#8221;]<\/p>\n<h1><strong>Catering Vickning<\/strong><\/h1>\n<p><strong>Pris fr\u00e5n 40 kr<\/strong><\/p>\n<h3>Vickningsalternativ att v\u00e4lja mellan:<\/h3>\n<ul>\n<li>Korv fr\u00e5n Siljan chark med br\u00f6d, hemlagad senap, rostad l\u00f6k  och en Pucko, 40 kr<\/li>\n<li>Janssons frestelse, sm\u00f6r och kn\u00e4ckebr\u00f6d, 82 kr<\/li>\n<li>Pytt i panna med \u00e4gg och r\u00f6dbetor<b>, <\/b>82 kr<\/li>\n<\/ul>\n<p>[\/av_textblock]<\/p>\n<p>[\/av_one_half]<\/p>\n","protected":false},"excerpt":{"rendered":"<p>[av_one_half first min_height=&#8221; vertical_alignment=&#8221; space=&#8221; custom_margin=&#8221; margin=&#8217;0px&#8217; padding=&#8217;0px&#8217; border=&#8221; border_color=&#8221; radius=&#8217;0px&#8217; background_color=&#8221; src=&#8221; background_position=&#8217;top left&#8217; background_repeat=&#8217;no-repeat&#8217; animation=&#8221;] [av_textblock size=&#8221; font_color=&#8221; color=&#8221;] Catering Vickning Pris fr\u00e5n 40 kr Vickningsalternativ att v\u00e4lja mellan: Korv fr\u00e5n Siljan chark med br\u00f6d, hemlagad senap, rostad l\u00f6k och en Pucko, 40 kr Janssons frestelse, sm\u00f6r och kn\u00e4ckebr\u00f6d, 82 kr Pytt i [&hellip;]<\/p>\n","protected":false},"author":1,"featured_media":0,"parent":0,"menu_order":0,"comment_status":"closed","ping_status":"closed","template":"","meta":{"footnotes":""},"class_list":["post-5135","page","type-page","status-publish","hentry"],"_links":{"self":[{"href":"https:\/\/www1.stiftsgardenrattvik.se\/index.php?rest_route=\/wp\/v2\/pages\/5135","targetHints":{"allow":["GET"]}}],"collection":[{"href":"https:\/\/www1.stiftsgardenrattvik.se\/index.php?rest_route=\/wp\/v2\/pages"}],"about":[{"href":"https:\/\/www1.stiftsgardenrattvik.se\/index.php?rest_route=\/wp\/v2\/types\/page"}],"author":[{"embeddable":true,"href":"https:\/\/www1.stiftsgardenrattvik.se\/index.php?rest_route=\/wp\/v2\/users\/1"}],"replies":[{"embeddable":true,"href":"https:\/\/www1.stiftsgardenrattvik.se\/index.php?rest_route=%2Fwp%2Fv2%2Fcomments&post=5135"}],"version-history":[{"count":7,"href":"https:\/\/www1.stiftsgardenrattvik.se\/index.php?rest_route=\/wp\/v2\/pages\/5135\/revisions"}],"predecessor-version":[{"id":6375,"href":"https:\/\/www1.stiftsgardenrattvik.se\/index.php?rest_route=\/wp\/v2\/pages\/5135\/revisions\/6375"}],"wp:attachment":[{"href":"https:\/\/www1.stiftsgardenrattvik.se\/index.php?rest_route=%2Fwp%2Fv2%2Fmedia&parent=5135"}],"curies":[{"name":"wp","href":"https:\/\/api.w.org\/{rel}","templated":true}]}}