{"id":5199,"date":"2016-03-10T13:36:34","date_gmt":"2016-03-10T12:36:34","guid":{"rendered":"http:\/\/stiftsgardenrattvik.se\/?page_id=5199"},"modified":"2016-09-07T10:10:45","modified_gmt":"2016-09-07T08:10:45","slug":"vandringspaket-16-18-september-2016","status":"publish","type":"page","link":"https:\/\/www1.stiftsgardenrattvik.se\/?page_id=5199","title":{"rendered":"Vandringspaket"},"content":{"rendered":"<p>[av_one_half first min_height=&#8221; vertical_alignment=&#8221; space=&#8221; custom_margin=&#8221; margin=&#8217;0px&#8217; padding=&#8217;0px&#8217; border=&#8221; border_color=&#8221; radius=&#8217;0px&#8217; background_color=&#8221; src=&#8221; background_position=&#8217;top left&#8217; background_repeat=&#8217;no-repeat&#8217; animation=&#8221;]<\/p>\n<p>[av_textblock size=&#8221; font_color=&#8221; color=&#8221;]<\/p>\n<h1 style=\"text-align: center;\">Vandringspaket<\/h1>\n<p>[\/av_textblock]<\/p>\n<p>[av_textblock size=&#8221; font_color=&#8221; color=&#8221;]<\/p>\n<h3 style=\"text-align: center;\">Vandringsfestival 16-18 september 2016<\/h3>\n<p><strong>Pris fr\u00e5n 1400 kronor<\/strong><\/p>\n<p><em>I R\u00e4ttvik med omnejd finns ett myller av \u00e4ldre vandringsleder, byv\u00e4gar, f\u00e4bod- och kyrkstigar som alla har sp\u00e4nnande historier att ber\u00e4tta. Genom \u00e5rhundraden har allt fr\u00e5n stridande dalkarlar, pilgrimer, f\u00e4bodkullor, fork\u00f6rare och kyrkobes\u00f6kare till kungar och uppt\u00e4cktsresande f\u00e4rdats p\u00e5 dessa v\u00e4gar. F\u00f6rr vandrade m\u00e4nniskor mest f\u00f6r att de var tvungna f\u00f6r sitt levebr\u00f6d, idag s\u00f6ker m\u00e5nga n\u00e5got annat. Fokus ligger ofta p\u00e5 motion eller kanske att njuta av en utsikt, men m\u00f6jligheten till en inre resa blir f\u00f6r m\u00e5nga alltmer viktig. Vandringsfestivalen erbjuder en stor variation av vandringar och v\u00e4lkomnar dig som vill vandra tillsammans i grupp. <\/em><\/p>\n<p><em>KOM, BO OCH VANDRA I VACKRA R\u00c4TTVIK!<\/em><\/p>\n<p><strong>Ing\u00e5r<br \/>\n<\/strong>Logi 2 n\u00e4tter inkl. s\u00e4nglinnen och frukost samt vandringspass inkl. eller exkl. krogvandring.<\/p>\n<p><strong>Boka<br \/>\n<\/strong>Bokning m\u00e5ste ske senast 9 september, senare endast i m\u00e5n av plats. F\u00f6r att boka paketet kontakta oss p\u00e5 <a href=\"mailto:bokningen@stiftsgarden.org\">bokningen@stiftsgarden.org<\/a> eller 010-160 80 01. Bokning av enskilda vandringar samt efteranm\u00e4lningar kan ske direkt till <a href=\"mailto:info@greenowltravel.com\">info@greenowltravel.com<\/a>.<\/p>\n<p><strong>Fr\u00e5gor<br \/>\n<\/strong>F\u00f6r fr\u00e5gor om logi &amp; mat kontakta oss p\u00e5 tfn 010-160 80 00 eller <a href=\"mailto:info@stiftsgarden.se\">info@stiftsgarden.org<br \/>\n<\/a>F\u00f6r fr\u00e5gor om vandringarna kontakta Lotta Backlund p\u00e5 Green Owl Travel som vi samarbetar med p\u00e5 tfn 073-616 11 10 eller <a href=\"mailto:lotta@greenowltravel.com\">lotta@greenowltravel.com<\/a><\/p>\n<p>H\u00e4r hittar du helgens <a href=\"https:\/\/stiftsgardenrattvik.se\/wp-content\/uploads\/2016\/03\/Vandringshelg-flyer.pdf\">program<\/a> och <a href=\"https:\/\/stiftsgardenrattvik.se\/wp-content\/uploads\/2016\/03\/Program-info.docx\">praktisk info<\/a>.<br \/>\n[\/av_textblock]<\/p>\n<p>[\/av_one_half][av_one_half min_height=&#8221; vertical_alignment=&#8217;av-align-top&#8217; space=&#8221; margin=&#8217;0px&#8217; margin_sync=&#8217;true&#8217; padding=&#8217;0px&#8217; padding_sync=&#8217;true&#8217; border=&#8221; border_color=&#8221; radius=&#8217;0px&#8217; radius_sync=&#8217;true&#8217; background_color=&#8221; src=&#8221; attachment=&#8221; attachment_size=&#8221; background_position=&#8217;top left&#8217; background_repeat=&#8217;no-repeat&#8217; animation=&#8221;]<br \/>\n[av_image src=&#8217;https:\/\/stiftsgardenrattvik.se\/wp-content\/uploads\/2016\/03\/Vandring-h\u00f6st.jpg&#8217; attachment=&#8217;5536&#8242; attachment_size=&#8217;full&#8217; align=&#8217;center&#8217; styling=&#8221; hover=&#8221; link=&#8221; target=&#8221; caption=&#8221; font_size=&#8221; appearance=&#8221; overlay_opacity=&#8217;0.4&#8242; overlay_color=&#8217;#000000&#8242; overlay_text_color=&#8217;#ffffff&#8217; animation=&#8217;no-animation&#8217;][\/av_image]<br \/>\n[\/av_one_half]<\/p>\n","protected":false},"excerpt":{"rendered":"<p>[av_one_half first min_height=&#8221; vertical_alignment=&#8221; space=&#8221; custom_margin=&#8221; margin=&#8217;0px&#8217; padding=&#8217;0px&#8217; border=&#8221; border_color=&#8221; radius=&#8217;0px&#8217; background_color=&#8221; src=&#8221; background_position=&#8217;top left&#8217; background_repeat=&#8217;no-repeat&#8217; animation=&#8221;] [av_textblock size=&#8221; font_color=&#8221; color=&#8221;] Vandringspaket [\/av_textblock] [av_textblock size=&#8221; font_color=&#8221; color=&#8221;] Vandringsfestival 16-18 september 2016 Pris fr\u00e5n 1400 kronor I R\u00e4ttvik med omnejd finns ett myller av \u00e4ldre vandringsleder, byv\u00e4gar, f\u00e4bod- och kyrkstigar som alla har sp\u00e4nnande historier att [&hellip;]<\/p>\n","protected":false},"author":1,"featured_media":0,"parent":0,"menu_order":0,"comment_status":"closed","ping_status":"closed","template":"","meta":{"footnotes":""},"class_list":["post-5199","page","type-page","status-publish","hentry"],"_links":{"self":[{"href":"https:\/\/www1.stiftsgardenrattvik.se\/index.php?rest_route=\/wp\/v2\/pages\/5199","targetHints":{"allow":["GET"]}}],"collection":[{"href":"https:\/\/www1.stiftsgardenrattvik.se\/index.php?rest_route=\/wp\/v2\/pages"}],"about":[{"href":"https:\/\/www1.stiftsgardenrattvik.se\/index.php?rest_route=\/wp\/v2\/types\/page"}],"author":[{"embeddable":true,"href":"https:\/\/www1.stiftsgardenrattvik.se\/index.php?rest_route=\/wp\/v2\/users\/1"}],"replies":[{"embeddable":true,"href":"https:\/\/www1.stiftsgardenrattvik.se\/index.php?rest_route=%2Fwp%2Fv2%2Fcomments&post=5199"}],"version-history":[{"count":31,"href":"https:\/\/www1.stiftsgardenrattvik.se\/index.php?rest_route=\/wp\/v2\/pages\/5199\/revisions"}],"predecessor-version":[{"id":5616,"href":"https:\/\/www1.stiftsgardenrattvik.se\/index.php?rest_route=\/wp\/v2\/pages\/5199\/revisions\/5616"}],"wp:attachment":[{"href":"https:\/\/www1.stiftsgardenrattvik.se\/index.php?rest_route=%2Fwp%2Fv2%2Fmedia&parent=5199"}],"curies":[{"name":"wp","href":"https:\/\/api.w.org\/{rel}","templated":true}]}}