{"id":5311,"date":"2016-04-12T10:14:45","date_gmt":"2016-04-12T08:14:45","guid":{"rendered":"http:\/\/stiftsgardenrattvik.se\/?page_id=5311"},"modified":"2024-06-17T13:51:35","modified_gmt":"2024-06-17T11:51:35","slug":"pilgrim","status":"publish","type":"page","link":"https:\/\/www1.stiftsgardenrattvik.se\/?page_id=5311","title":{"rendered":"Pilgrim"},"content":{"rendered":"<p>[av_one_full first min_height=&#8221; vertical_alignment=&#8217;av-align-top&#8217; space=&#8221; margin=&#8217;0px&#8217; margin_sync=&#8217;true&#8217; padding=&#8217;0px&#8217; padding_sync=&#8217;true&#8217; border=&#8221; border_color=&#8221; radius=&#8217;0px&#8217; radius_sync=&#8217;true&#8217; background_color=&#8221; src=&#8221; attachment=&#8221; attachment_size=&#8221; background_position=&#8217;top left&#8217; background_repeat=&#8217;no-repeat&#8217; animation=&#8221; av_uid=&#8217;av-23kyxjz&#8217;]<br \/>\n[av_image src=&#8217;https:\/\/stiftsgardenrattvik.se\/wp-content\/uploads\/2016\/04\/Grodden-236&#215;300.jpg&#8217; attachment=&#8217;6051&#8242; attachment_size=&#8217;medium&#8217; align=&#8217;center&#8217; styling=&#8221; hover=&#8217;av-hover-grow&#8217; link=&#8221; target=&#8221; caption=&#8221; font_size=&#8221; appearance=&#8221; overlay_opacity=&#8217;0.4&#8242; overlay_color=&#8217;#000000&#8242; overlay_text_color=&#8217;#ffffff&#8217; animation=&#8217;no-animation&#8217; av_uid=&#8217;av-7dbien&#8217;][\/av_image]<br \/>\n[\/av_one_full]<\/p>\n<p>[av_one_full first min_height=&#8221; vertical_alignment=&#8221; space=&#8221; custom_margin=&#8221; margin=&#8217;0px&#8217; padding=&#8217;0px&#8217; border=&#8221; border_color=&#8221; radius=&#8217;0px&#8217; background_color=&#8221; src=&#8221; background_position=&#8217;top left&#8217; background_repeat=&#8217;no-repeat&#8217; animation=&#8221; av_uid=&#8217;av-207k05r&#8217;]<br \/>\n[av_textblock size=&#8221; font_color=&#8217;custom&#8217; color=&#8217;#b52619&#8242; av_uid=&#8217;av-1y00hqn&#8217;]<\/p>\n<h1 style=\"text-align: center;\">Pilgrimsmeditation<\/h1>\n<p>[\/av_textblock]<br \/>\n[\/av_one_full]<\/p>\n<p>[av_hr class=&#8217;invisible&#8217; height=&#8217;25&#8217; shadow=&#8217;no-shadow&#8217; position=&#8217;center&#8217; custom_border=&#8217;av-border-thin&#8217; custom_width=&#8217;50px&#8217; custom_border_color=&#8221; custom_margin_top=&#8217;30px&#8217; custom_margin_bottom=&#8217;30px&#8217; icon_select=&#8217;yes&#8217; custom_icon_color=&#8221; icon=&#8217;ue808&#8242; font=&#8217;entypo-fontello&#8217; av_uid=&#8217;av-1ww7vnz&#8217;]<\/p>\n<p>[av_one_full first min_height=&#8217;av-equal-height-column&#8217; vertical_alignment=&#8217;av-align-top&#8217; space=&#8217;no_margin&#8217; margin=&#8217;0px&#8217; margin_sync=&#8217;true&#8217; padding=&#8217;0px&#8217; padding_sync=&#8217;true&#8217; border=&#8221; border_color=&#8221; radius=&#8217;0px&#8217; radius_sync=&#8217;true&#8217; background_color=&#8221; src=&#8221; attachment=&#8221; attachment_size=&#8221; background_position=&#8217;top left&#8217; background_repeat=&#8217;no-repeat&#8217; animation=&#8221; av_uid=&#8217;av-1vkrugv&#8217;]<br \/>\n[av_image src=&#8217;https:\/\/stiftsgardenrattvik.se\/wp-content\/uploads\/2016\/04\/Pilgrimsbanner.jpg&#8217; attachment=&#8217;6065&#8242; attachment_size=&#8217;full&#8217; align=&#8217;center&#8217; styling=&#8221; hover=&#8221; link=&#8221; target=&#8221; caption=&#8221; font_size=&#8221; appearance=&#8221; overlay_opacity=&#8217;0.4&#8242; overlay_color=&#8217;#000000&#8242; overlay_text_color=&#8217;#ffffff&#8217; animation=&#8217;no-animation&#8217; av_uid=&#8217;av-1syh7of&#8217;][\/av_image]<br \/>\n[\/av_one_full]<\/p>\n<p>[av_one_full first min_height=&#8221; vertical_alignment=&#8221; space=&#8221; custom_margin=&#8221; margin=&#8217;0px&#8217; padding=&#8217;0px&#8217; border=&#8221; border_color=&#8221; radius=&#8217;0px&#8217; background_color=&#8221; src=&#8221; background_position=&#8217;top left&#8217; background_repeat=&#8217;no-repeat&#8217; animation=&#8221; av_uid=&#8217;av-1r8g9vj&#8217;]<\/p>\n<p>[av_textblock textblock_styling_align=&#8221; textblock_styling=&#8221; textblock_styling_gap=&#8221; textblock_styling_mobile=&#8221; size=&#8221; av-desktop-font-size=&#8221; av-medium-font-size=&#8221; av-small-font-size=&#8221; av-mini-font-size=&#8221; font_color=&#8221; color=&#8221; id=&#8221; custom_class=&#8221; template_class=&#8221; av_uid=&#8217;av-1q5to5b&#8217; sc_version=&#8217;1.0&#8242; admin_preview_bg=&#8221;]<br \/>\nDen 20 maj 2016 invigdes Stiftsg\u00e5rdens <em>Pilgrimsmeditation <\/em>av v\u00e5r medarbetare Lotta Lirkas, biskop Mikael Mogren samt biskop emeritus Clas-Bertil Ytterberg. Tal h\u00f6lls, psalmer sj\u00f6ngs, band eldades av och linden Linn planterades strax utanf\u00f6r v\u00e5r entr\u00e9. V\u00e5r pilgrimsmeditation \u00e4r en kort vandringsled som vill mana till stillhet och n\u00e4ra-livet-tankar. L\u00e4ngs vandringen, som \u00e4r knappt 700 meter och tillg\u00e4nglig f\u00f6r m\u00e5nga, finns 7 stationer som p\u00e5 olika s\u00e4tt inbjuder till reflektion. Vid varje station finns en plats att sitta ned p\u00e5 och en l\u00e5da med inneh\u00e5ll som utg\u00e5r fr\u00e5n stationens tema. F\u00f6ljande finns i varje l\u00e5da:<\/p>\n<ul>\n<li>Pyssel<\/li>\n<li>Psalmer<\/li>\n<li>Texter om h\u00e4lsa och h\u00e5llbar utveckling<\/li>\n<li>Livsfr\u00e5gor och bibeltexter<\/li>\n<li>Texter kring pilgrimens nyckelord<\/li>\n<li>Tr\u00e4dg\u00e5rdskonst<\/li>\n<li>QR-koder f\u00f6r teckentolkning<\/li>\n<\/ul>\n<p>Du kan botanisera allt i l\u00e5dan, v\u00e4lja n\u00e5gon del eller bara njuta av stigen, utsikten och naturen. Du kan g\u00e5 en g\u00e5ng eller s\u00e5 m\u00e5nga g\u00e5nger du vill. <strong>Vandringen \u00e4r \u201d\u00f6ppen\u201d april \u2013 oktober varje \u00e5r, fri att anv\u00e4nda.<\/strong> F\u00f6lj betongplattorna i marken, de flesta markerade med en r\u00f6d grodd. I broschyren <a href=\"https:\/\/stiftsgardenrattvik.se\/wp-content\/uploads\/2016\/05\/Pilgrim-p\u00e5-Stiftsg\u00e5rden-2016-uppdaterat-23-maj-20162.pdf\">Pilgrim p\u00e5 Stiftsg\u00e5rden<\/a> kan du l\u00e4sa mer om bakgrunden och syftet med v\u00e5r pilgrimsmeditation och \u00e4ven ladda ner en karta. Kartan finns ocks\u00e5 att h\u00e4mta vid f\u00f6rsta stationen (utanf\u00f6r v\u00e5rt kapell) eller i v\u00e5r reception.<\/p>\n<p>Pilgrimsstaven \u00e4r en liten skrift som vill st\u00f6dja dig p\u00e5 din livsvandring. Den v\u00e4nder sig b\u00e5de till dig som \u00e4r kyrk-van s\u00e5v\u00e4l som till dig som \u00e4r kyrk-ovan. Skriften \u00e4r framtagen av Hans-Erik Lindstr\u00f6m (pilgrimspr\u00e4st som var delaktig att ta fram pilgrimens sju nyckelord f\u00f6r 20 \u00e5r sedan) i samr\u00e5d med Pilgrimscentrum i Vadstena, Pilgrimskommuniteten och andra pilgrimsentusiaster i Sverige. N\u00e4r du vandrat klart f\u00e5r du mer \u00e4n g\u00e4rna skriva ner n\u00e5gra tankar i v\u00e5r pilgrimsbok som finns i receptionen. H\u00e4r kan du ocks\u00e5 k\u00f6pa v\u00e5rt pilgrimssmycke tillverkat av v\u00e5ra duktiga ungdomsvolont\u00e4rer. \u00d6verskottet g\u00e5r till v\u00e5rt sociala arbete och till pilgrimsmeditationens utveckling.<br \/>\n[\/av_textblock]<\/p>\n<p>[\/av_one_full][av_hr class=&#8217;default&#8217; height=&#8217;50&#8217; shadow=&#8217;no-shadow&#8217; position=&#8217;center&#8217; custom_border=&#8217;av-border-thin&#8217; custom_width=&#8217;50px&#8217; custom_border_color=&#8221; custom_margin_top=&#8217;30px&#8217; custom_margin_bottom=&#8217;30px&#8217; icon_select=&#8217;yes&#8217; custom_icon_color=&#8221; icon=&#8217;ue808&#8242; font=&#8217;entypo-fontello&#8217; av_uid=&#8217;av-1o7rdof&#8217;]<\/p>\n<p>[av_one_full first min_height=&#8221; vertical_alignment=&#8221; space=&#8221; custom_margin=&#8221; margin=&#8217;0px&#8217; padding=&#8217;0px&#8217; border=&#8221; border_color=&#8221; radius=&#8217;0px&#8217; background_color=&#8221; src=&#8221; background_position=&#8217;top left&#8217; background_repeat=&#8217;no-repeat&#8217; animation=&#8221; av_uid=&#8217;av-1mzzla7&#8242;]<br \/>\n[av_textblock size=&#8221; font_color=&#8221; color=&#8221; av_uid=&#8217;av-1l3k10f&#8217;]<\/p>\n<h3>SJU LANDM\u00c4RKEN F\u00d6R H\u00c4LSA OCH H\u00c5LLBAR UTVECKLING<\/h3>\n<p>Nedan hittar du 7 bilder som representerar varje pilgrimsstation. Om du klickar p\u00e5 stationens namn kommer du till en sida med mer information. H\u00e4r finns ocks\u00e5 filmer p\u00e5 teckenspr\u00e5k samt ljudfiler d\u00e4r v\u00e5r musiker Helena Andersson Bromander spelar och sjunger de psalmer som finns p\u00e5 stationerna. Bakom den 8:e bilden finns \u00e4nnu fler filmer med teckentolkning om v\u00e5r pilgrimsmeditation men \u00e4ven foldern om landm\u00e4rkena. Texterna till stationerna finns att f\u00e5 p\u00e5 punktskrift och du kan \u00e4ven f\u00e5 en ledsagare, fr\u00e5ga i receptionen n\u00e4r du kommer.<\/p>\n<h4><strong>Pax et bonum! <\/strong><\/h4>\n<p><em>FRID OCH ALLT GOTT!<\/em><br \/>\n[\/av_textblock]<br \/>\n[\/av_one_full]<\/p>\n<p>[av_one_fourth first min_height=&#8221; vertical_alignment=&#8221; space=&#8221; custom_margin=&#8221; margin=&#8217;0px&#8217; padding=&#8217;0px&#8217; border=&#8221; border_color=&#8221; radius=&#8217;0px&#8217; background_color=&#8221; src=&#8221; background_position=&#8217;top left&#8217; background_repeat=&#8217;no-repeat&#8217; animation=&#8221; av_uid=&#8217;av-1k37xyn&#8217;]<br \/>\n[av_image src=&#8217;https:\/\/stiftsgardenrattvik.se\/wp-content\/uploads\/2016\/04\/Landm\u00e4rken-m\u00f6ten.jpg&#8217; attachment=&#8217;5999&#8242; attachment_size=&#8217;full&#8217; align=&#8217;center&#8217; styling=&#8221; hover=&#8221; link=&#8221; target=&#8221; caption=&#8221; font_size=&#8221; appearance=&#8221; overlay_opacity=&#8217;0.4&#8242; overlay_color=&#8217;#000000&#8242; overlay_text_color=&#8217;#ffffff&#8217; animation=&#8217;no-animation&#8217; av_uid=&#8217;av-1hc5ubz&#8217;][\/av_image]<br \/>\n[\/av_one_fourth]<\/p>\n<p>[av_one_fourth min_height=&#8221; vertical_alignment=&#8221; space=&#8221; custom_margin=&#8221; margin=&#8217;0px&#8217; padding=&#8217;0px&#8217; border=&#8221; border_color=&#8221; radius=&#8217;0px&#8217; background_color=&#8221; src=&#8221; background_position=&#8217;top left&#8217; background_repeat=&#8217;no-repeat&#8217; animation=&#8221; av_uid=&#8217;av-1fvl9m7&#8242;]<br \/>\n[av_image src=&#8217;https:\/\/stiftsgardenrattvik.se\/wp-content\/uploads\/2016\/04\/Landm\u00e4rken-kulturen.jpg&#8217; attachment=&#8217;6000&#8242; attachment_size=&#8217;full&#8217; align=&#8217;center&#8217; styling=&#8221; hover=&#8221; link=&#8221; target=&#8221; caption=&#8221; font_size=&#8221; appearance=&#8221; overlay_opacity=&#8217;0.4&#8242; overlay_color=&#8217;#000000&#8242; overlay_text_color=&#8217;#ffffff&#8217; animation=&#8217;no-animation&#8217; av_uid=&#8217;av-1ek9y67&#8242;][\/av_image]<br \/>\n[\/av_one_fourth]<\/p>\n<p>[av_one_fourth min_height=&#8221; vertical_alignment=&#8221; space=&#8221; custom_margin=&#8221; margin=&#8217;0px&#8217; padding=&#8217;0px&#8217; border=&#8221; border_color=&#8221; radius=&#8217;0px&#8217; background_color=&#8221; src=&#8221; background_position=&#8217;top left&#8217; background_repeat=&#8217;no-repeat&#8217; animation=&#8221; av_uid=&#8217;av-1c81yxr&#8217;]<br \/>\n[av_image src=&#8217;https:\/\/stiftsgardenrattvik.se\/wp-content\/uploads\/2016\/04\/Landm\u00e4rken-kroppsr\u00f6relse.jpg&#8217; attachment=&#8217;6001&#8242; attachment_size=&#8217;full&#8217; align=&#8217;center&#8217; styling=&#8221; hover=&#8221; link=&#8221; target=&#8221; caption=&#8221; font_size=&#8221; appearance=&#8221; overlay_opacity=&#8217;0.4&#8242; overlay_color=&#8217;#000000&#8242; overlay_text_color=&#8217;#ffffff&#8217; animation=&#8217;no-animation&#8217; av_uid=&#8217;av-4pfnfj&#8217;][\/av_image]<br \/>\n[\/av_one_fourth]<\/p>\n<p>[av_one_fourth min_height=&#8221; vertical_alignment=&#8221; space=&#8221; custom_margin=&#8221; margin=&#8217;0px&#8217; padding=&#8217;0px&#8217; border=&#8221; border_color=&#8221; radius=&#8217;0px&#8217; background_color=&#8221; src=&#8221; background_position=&#8217;top left&#8217; background_repeat=&#8217;no-repeat&#8217; animation=&#8221; av_uid=&#8217;av-18zvvdr&#8217;]<br \/>\n[av_image src=&#8217;https:\/\/stiftsgardenrattvik.se\/wp-content\/uploads\/2016\/04\/Landm\u00e4rken-balansera-stressen.jpg&#8217; attachment=&#8217;6002&#8242; attachment_size=&#8217;full&#8217; align=&#8217;center&#8217; styling=&#8221; hover=&#8221; link=&#8221; target=&#8221; caption=&#8221; font_size=&#8221; appearance=&#8221; overlay_opacity=&#8217;0.4&#8242; overlay_color=&#8217;#000000&#8242; overlay_text_color=&#8217;#ffffff&#8217; animation=&#8217;no-animation&#8217; av_uid=&#8217;av-18moowf&#8217;][\/av_image]<br \/>\n[\/av_one_fourth]<\/p>\n<p>[av_one_fourth first min_height=&#8221; vertical_alignment=&#8221; space=&#8221; custom_margin=&#8221; margin=&#8217;0px&#8217; padding=&#8217;0px&#8217; border=&#8221; border_color=&#8221; radius=&#8217;0px&#8217; background_color=&#8221; src=&#8221; background_position=&#8217;top left&#8217; background_repeat=&#8217;no-repeat&#8217; animation=&#8221; av_uid=&#8217;av-16vhqr3&#8242;]<br \/>\n[av_textblock size=&#8221; font_color=&#8221; color=&#8221; av_uid=&#8217;av-147io1b&#8217;]<\/p>\n<p style=\"text-align: center;\"><a href=\"https:\/\/stiftsgardenrattvik.se\/pilgrim-station-1-andlighet\/\" target=\"_blank\"><strong>Station 1: Andlighet<\/strong><\/a><\/p>\n<p>[\/av_textblock]<br \/>\n[\/av_one_fourth]<\/p>\n<p>[av_one_fourth min_height=&#8221; vertical_alignment=&#8221; space=&#8221; custom_margin=&#8221; margin=&#8217;0px&#8217; padding=&#8217;0px&#8217; border=&#8221; border_color=&#8221; radius=&#8217;0px&#8217; background_color=&#8221; src=&#8221; background_position=&#8217;top left&#8217; background_repeat=&#8217;no-repeat&#8217; animation=&#8221; av_uid=&#8217;av-3xva4f&#8217;]<br \/>\n[av_textblock size=&#8221; font_color=&#8221; color=&#8221; av_uid=&#8217;av-11rx5sv&#8217;]<\/p>\n<p style=\"text-align: center;\"><a href=\"https:\/\/stiftsgardenrattvik.se\/pilgrim-station-2-frihet\/\" target=\"_blank\"><strong>Station 2: Frihet<\/strong><\/a><\/p>\n<p>[\/av_textblock]<br \/>\n[\/av_one_fourth]<\/p>\n<p>[av_one_fourth min_height=&#8221; vertical_alignment=&#8221; space=&#8221; custom_margin=&#8221; margin=&#8217;0px&#8217; padding=&#8217;0px&#8217; border=&#8221; border_color=&#8221; radius=&#8217;0px&#8217; background_color=&#8221; src=&#8221; background_position=&#8217;top left&#8217; background_repeat=&#8217;no-repeat&#8217; animation=&#8221; av_uid=&#8217;av-zreclr&#8217;]<br \/>\n[av_textblock size=&#8221; font_color=&#8221; color=&#8221; av_uid=&#8217;av-xwoau7&#8242;]<\/p>\n<p style=\"text-align: center;\"><a href=\"https:\/\/stiftsgardenrattvik.se\/pilgrim-station-3-enkelhet\/\" target=\"_blank\"><strong>Station 3: Enkelhet<\/strong><\/a><\/p>\n<p>[\/av_textblock]<br \/>\n[\/av_one_fourth]<\/p>\n<p>[av_one_fourth min_height=&#8221; vertical_alignment=&#8221; space=&#8221; custom_margin=&#8221; margin=&#8217;0px&#8217; padding=&#8217;0px&#8217; border=&#8221; border_color=&#8221; radius=&#8217;0px&#8217; background_color=&#8221; src=&#8221; background_position=&#8217;top left&#8217; background_repeat=&#8217;no-repeat&#8217; animation=&#8221; av_uid=&#8217;av-whevnj&#8217;]<br \/>\n[av_textblock size=&#8221; font_color=&#8221; color=&#8221; av_uid=&#8217;av-uvn6tr&#8217;]<\/p>\n<p style=\"text-align: center;\"><a href=\"https:\/\/stiftsgardenrattvik.se\/pilgrim-station-4-bekymmersloshet\/\" target=\"_blank\"><strong>Station 4: Bekymmersl\u00f6shet<\/strong><\/a><\/p>\n<p>[\/av_textblock]<br \/>\n[\/av_one_fourth]<\/p>\n<p>[av_one_fourth first min_height=&#8221; vertical_alignment=&#8221; space=&#8221; custom_margin=&#8221; margin=&#8217;0px&#8217; padding=&#8217;0px&#8217; border=&#8221; border_color=&#8221; radius=&#8217;0px&#8217; background_color=&#8221; src=&#8221; background_position=&#8217;top left&#8217; background_repeat=&#8217;no-repeat&#8217; animation=&#8221; av_uid=&#8217;av-tlat3j&#8217;]<br \/>\n[av_image src=&#8217;https:\/\/stiftsgardenrattvik.se\/wp-content\/uploads\/2016\/04\/Landm\u00e4rken-naturen.jpg&#8217; attachment=&#8217;6004&#8242; attachment_size=&#8217;full&#8217; align=&#8217;center&#8217; styling=&#8221; hover=&#8221; link=&#8221; target=&#8221; caption=&#8221; font_size=&#8221; appearance=&#8221; overlay_opacity=&#8217;0.4&#8242; overlay_color=&#8217;#000000&#8242; overlay_text_color=&#8217;#ffffff&#8217; animation=&#8217;no-animation&#8217; av_uid=&#8217;av-rxfvxr&#8217;][\/av_image]<br \/>\n[\/av_one_fourth]<\/p>\n<p>[av_one_fourth min_height=&#8221; vertical_alignment=&#8221; space=&#8221; custom_margin=&#8221; margin=&#8217;0px&#8217; padding=&#8217;0px&#8217; border=&#8221; border_color=&#8221; radius=&#8217;0px&#8217; background_color=&#8221; src=&#8221; background_position=&#8217;top left&#8217; background_repeat=&#8217;no-repeat&#8217; animation=&#8221; av_uid=&#8217;av-qbwcbj&#8217;]<br \/>\n[av_image src=&#8217;https:\/\/stiftsgardenrattvik.se\/wp-content\/uploads\/2016\/04\/Landm\u00e4rken-gr\u00f6naremat.jpg&#8217; attachment=&#8217;6005&#8242; attachment_size=&#8217;full&#8217; align=&#8217;center&#8217; styling=&#8221; hover=&#8221; link=&#8221; target=&#8221; caption=&#8221; font_size=&#8221; appearance=&#8221; overlay_opacity=&#8217;0.4&#8242; overlay_color=&#8217;#000000&#8242; overlay_text_color=&#8217;#ffffff&#8217; animation=&#8217;no-animation&#8217; av_uid=&#8217;av-nu88wf&#8217;][\/av_image]<br \/>\n[\/av_one_fourth]<\/p>\n<p>[av_one_fourth min_height=&#8221; vertical_alignment=&#8221; space=&#8221; custom_margin=&#8221; margin=&#8217;0px&#8217; padding=&#8217;0px&#8217; border=&#8221; border_color=&#8221; radius=&#8217;0px&#8217; background_color=&#8221; src=&#8221; background_position=&#8217;top left&#8217; background_repeat=&#8217;no-repeat&#8217; animation=&#8221; av_uid=&#8217;av-mwuh0f&#8217;]<br \/>\n[av_image src=&#8217;https:\/\/stiftsgardenrattvik.se\/wp-content\/uploads\/2016\/04\/Landm\u00e4rken-f\u00f6r\u00e4ldraskap.jpg&#8217; attachment=&#8217;6006&#8242; attachment_size=&#8217;full&#8217; align=&#8217;center&#8217; styling=&#8221; hover=&#8221; link=&#8221; target=&#8221; caption=&#8221; font_size=&#8221; appearance=&#8221; overlay_opacity=&#8217;0.4&#8242; overlay_color=&#8217;#000000&#8242; overlay_text_color=&#8217;#ffffff&#8217; animation=&#8217;no-animation&#8217; av_uid=&#8217;av-knaaun&#8217;][\/av_image]<br \/>\n[\/av_one_fourth]<\/p>\n<p>[av_one_fourth min_height=&#8221; vertical_alignment=&#8221; space=&#8221; custom_margin=&#8221; margin=&#8217;0px&#8217; padding=&#8217;0px&#8217; border=&#8221; border_color=&#8221; radius=&#8217;0px&#8217; background_color=&#8221; src=&#8221; background_position=&#8217;top left&#8217; background_repeat=&#8217;no-repeat&#8217; animation=&#8221; av_uid=&#8217;av-j49ujz&#8217;]<br \/>\n[av_image src=&#8217;https:\/\/stiftsgardenrattvik.se\/wp-content\/uploads\/2016\/04\/Landm\u00e4rken-framsida-300&#215;290.jpg&#8217; attachment=&#8217;6010&#8242; attachment_size=&#8217;medium&#8217; align=&#8217;center&#8217; styling=&#8221; hover=&#8221; link=&#8221; target=&#8221; caption=&#8221; font_size=&#8221; appearance=&#8221; overlay_opacity=&#8217;0.4&#8242; overlay_color=&#8217;#000000&#8242; overlay_text_color=&#8217;#ffffff&#8217; animation=&#8217;no-animation&#8217; av_uid=&#8217;av-h56oxb&#8217;][\/av_image]<br \/>\n[\/av_one_fourth]<\/p>\n<p>[av_one_fourth first min_height=&#8221; vertical_alignment=&#8221; space=&#8221; custom_margin=&#8221; margin=&#8217;0px&#8217; padding=&#8217;0px&#8217; border=&#8221; border_color=&#8221; radius=&#8217;0px&#8217; background_color=&#8221; src=&#8221; background_position=&#8217;top left&#8217; background_repeat=&#8217;no-repeat&#8217; animation=&#8221; av_uid=&#8217;av-fzh2a7&#8242;]<br \/>\n[av_textblock size=&#8221; font_color=&#8221; color=&#8221; av_uid=&#8217;av-e986zj&#8217;]<\/p>\n<p style=\"text-align: center;\"><a href=\"https:\/\/stiftsgardenrattvik.se\/pilgrim-station-5-tystnad\/\" target=\"_blank\"><strong>Station 5: Tystnad<\/strong><\/a><\/p>\n<p>[\/av_textblock]<br \/>\n[\/av_one_fourth]<\/p>\n<p>[av_one_fourth min_height=&#8221; vertical_alignment=&#8221; space=&#8221; custom_margin=&#8221; margin=&#8217;0px&#8217; padding=&#8217;0px&#8217; border=&#8221; border_color=&#8221; radius=&#8217;0px&#8217; background_color=&#8221; src=&#8221; background_position=&#8217;top left&#8217; background_repeat=&#8217;no-repeat&#8217; animation=&#8221; av_uid=&#8217;av-1beuzz&#8217;]<br \/>\n[av_textblock size=&#8221; font_color=&#8221; color=&#8221; av_uid=&#8217;av-ankmkv&#8217;]<\/p>\n<p style=\"text-align: center;\"><a href=\"https:\/\/stiftsgardenrattvik.se\/pilgrim-station-6-langsamhet\/\" target=\"_blank\"><strong>Station 6: L\u00e5ngsamhet<\/strong><\/a><\/p>\n<p>[\/av_textblock]<br \/>\n[\/av_one_fourth]<\/p>\n<p>[av_one_fourth min_height=&#8221; vertical_alignment=&#8221; space=&#8221; custom_margin=&#8221; margin=&#8217;0px&#8217; padding=&#8217;0px&#8217; border=&#8221; border_color=&#8221; radius=&#8217;0px&#8217; background_color=&#8221; src=&#8221; background_position=&#8217;top left&#8217; background_repeat=&#8217;no-repeat&#8217; animation=&#8221; av_uid=&#8217;av-9g51zz&#8217;]<br \/>\n[av_textblock size=&#8221; font_color=&#8221; color=&#8221; av_uid=&#8217;av-t34zz&#8217;]<\/p>\n<p style=\"text-align: center;\"><a href=\"https:\/\/stiftsgardenrattvik.se\/pilgrim-station-7-delande\/\" target=\"_blank\"><strong>Station 7: Delande<\/strong><\/a><\/p>\n<p>[\/av_textblock]<br \/>\n[\/av_one_fourth]<\/p>\n<p>[av_one_fourth min_height=&#8221; vertical_alignment=&#8221; space=&#8221; custom_margin=&#8221; margin=&#8217;0px&#8217; padding=&#8217;0px&#8217; border=&#8221; border_color=&#8221; radius=&#8217;0px&#8217; background_color=&#8221; src=&#8221; background_position=&#8217;top left&#8217; background_repeat=&#8217;no-repeat&#8217; animation=&#8221; av_uid=&#8217;av-67fga7&#8242;]<br \/>\n[av_textblock size=&#8221; font_color=&#8221; color=&#8221; av_uid=&#8217;av-3u1w4v&#8217;]<\/p>\n<p style=\"text-align: center;\"><a href=\"https:\/\/stiftsgardenrattvik.se\/sju-landmarken\/\" target=\"_blank\"><strong>Sju landm\u00e4rken f\u00f6r h\u00e4lsa och h\u00e5llbar utveckling<\/strong><\/a><\/p>\n<p>[\/av_textblock]<br \/>\n[\/av_one_fourth]<\/p>\n<p>[av_hr class=&#8217;default&#8217; height=&#8217;50&#8217; shadow=&#8217;no-shadow&#8217; position=&#8217;center&#8217; custom_border=&#8217;av-border-thin&#8217; custom_width=&#8217;50px&#8217; custom_border_color=&#8221; custom_margin_top=&#8217;30px&#8217; custom_margin_bottom=&#8217;30px&#8217; icon_select=&#8217;yes&#8217; custom_icon_color=&#8221; icon=&#8217;ue808&#8242; av_uid=&#8217;av-1xkef3&#8242;]<\/p>\n","protected":false},"excerpt":{"rendered":"","protected":false},"author":1,"featured_media":0,"parent":0,"menu_order":0,"comment_status":"closed","ping_status":"closed","template":"","meta":{"footnotes":""},"class_list":["post-5311","page","type-page","status-publish","hentry"],"_links":{"self":[{"href":"https:\/\/www1.stiftsgardenrattvik.se\/index.php?rest_route=\/wp\/v2\/pages\/5311","targetHints":{"allow":["GET"]}}],"collection":[{"href":"https:\/\/www1.stiftsgardenrattvik.se\/index.php?rest_route=\/wp\/v2\/pages"}],"about":[{"href":"https:\/\/www1.stiftsgardenrattvik.se\/index.php?rest_route=\/wp\/v2\/types\/page"}],"author":[{"embeddable":true,"href":"https:\/\/www1.stiftsgardenrattvik.se\/index.php?rest_route=\/wp\/v2\/users\/1"}],"replies":[{"embeddable":true,"href":"https:\/\/www1.stiftsgardenrattvik.se\/index.php?rest_route=%2Fwp%2Fv2%2Fcomments&post=5311"}],"version-history":[{"count":55,"href":"https:\/\/www1.stiftsgardenrattvik.se\/index.php?rest_route=\/wp\/v2\/pages\/5311\/revisions"}],"predecessor-version":[{"id":14551,"href":"https:\/\/www1.stiftsgardenrattvik.se\/index.php?rest_route=\/wp\/v2\/pages\/5311\/revisions\/14551"}],"wp:attachment":[{"href":"https:\/\/www1.stiftsgardenrattvik.se\/index.php?rest_route=%2Fwp%2Fv2%2Fmedia&parent=5311"}],"curies":[{"name":"wp","href":"https:\/\/api.w.org\/{rel}","templated":true}]}}