{"id":5335,"date":"2016-04-14T11:13:18","date_gmt":"2016-04-14T09:13:18","guid":{"rendered":"http:\/\/stiftsgardenrattvik.se\/?page_id=5335"},"modified":"2017-01-10T13:27:48","modified_gmt":"2017-01-10T12:27:48","slug":"traningslager-mtb-2","status":"publish","type":"page","link":"https:\/\/www1.stiftsgardenrattvik.se\/?page_id=5335","title":{"rendered":"Tr\u00e4ningsl\u00e4ger MTB"},"content":{"rendered":"<p>[av_three_fifth first min_height=&#8221; vertical_alignment=&#8221; space=&#8221; custom_margin=&#8221; margin=&#8217;0px&#8217; padding=&#8217;0px&#8217; border=&#8221; border_color=&#8221; radius=&#8217;0px&#8217; background_color=&#8221; src=&#8221; background_position=&#8217;top left&#8217; background_repeat=&#8217;no-repeat&#8217; animation=&#8221;]<\/p>\n<p>[av_textblock size=&#8221; font_color=&#8221; color=&#8221;]<\/p>\n<h1 style=\"text-align: center;\">Tr\u00e4ningsl\u00e4ger MTB<\/h1>\n<p>[\/av_textblock]<\/p>\n<p>[av_textblock size=&#8221; font_color=&#8221; color=&#8221;]<\/p>\n<h3 style=\"text-align: center;\">26-28 maj 2017<\/h3>\n<div class=\"main-container\">\n<section class=\"main-content\">\n<div class=\"container container--page\">\n<div class=\"grid grid--double-gutter portable-grid--normal-gutter grid--rev\">\n<div id=\"cb_init_bookingengine\">\n<div class=\"Citybreak_engine\">\n<div id=\"Citybreak_container\" class=\"Citybreak_container cb_clr sv cb_js\">\n<div class=\"Citybreak_inner\">\n<div class=\"Citybreak_main Citybreak_CampaignPage\">\n<div class=\"cb_inner\">\n<div class=\"cb_bd\">\n<div class=\"Citybreak_TwoClmn_Description cb_description_acc\">\n<div class=\"cb_copy\">\n<div class=\"cb_product_priceinfo\">\n<div class=\"cb_inner\">\n<div class=\"cb_price_from\">\n<p><strong><span class=\"cb_descr\">PRIS FR\u00c5N 2825 KRONOR<\/span><\/strong><\/p>\n<p><em>\u00c4lskar du ocks\u00e5 MTB och vill utvecklas som cyklist? Ska du kanske delta i n\u00e5got av sommarens cykellopp och beh\u00f6ver motion eller tekniktr\u00e4ning? F\u00f6r oss spelar det ingen roll om du \u00e4r nyb\u00f6rjare eller van cyklist. Tillsammans med Mats och Lena Edvardsson fr\u00e5n f\u00f6retaget Move It erbjuder vi 2 dagar fyllda med tr\u00e4ning och teknik anpassat efter din niv\u00e5. Vi ger dig m\u00f6jlighet att utvecklas som cyklist. Med bra tr\u00e4ning och r\u00e4tt teknik f\u00e5r du ut mer n\u00e4r du ger dig ut i skogen. Vi h\u00e5ller till p\u00e5 klassisk mark, vid IK Jarlstugan i R\u00e4ttvik. H\u00e4r finns luftiga tallhedar och sl\u00e4ta stigar men ocks\u00e5 n\u00e5gra mer tekniskt kr\u00e4vande leder. Totalt 44 km cykelleder i h\u00e4rlig R\u00e4ttviksnatur v\u00e4ntar! <\/em><\/p>\n<p><strong>Ing\u00e5r<\/strong><br \/>\nLogi 2 n\u00e4tter inkl. s\u00e4nglinnen och frukost, 2 lunch, 2 middag, 2 kv\u00e4llste samt ledarledd tr\u00e4ning enligt program (3 tr\u00e4ningspass).<\/p>\n<\/div>\n<\/div>\n<\/div>\n<p><strong>Boka<\/strong><br \/>\nF\u00f6r att boka detta paket ber vi dig att kontakta bokningen direkt p\u00e5 010-1608001 eller <a href=\"mailto:bokningen@stiftsgarden.org\">bokningen@stiftsgarden.org<\/a>. Begr\u00e4nsat antal platser, f\u00f6rst till kvarn. Med reservation f\u00f6r \u00e4ndringar. Minimum antal deltagare \u00e4r 5 personer. Bokning senast  1 vecka f\u00f6re, 19 maj.<\/p>\n<p><strong>Fr\u00e5gor<\/strong><br \/>\nF\u00f6r fr\u00e5gor om mat och logi \u00e4r du v\u00e4lkommen att kontakta oss p\u00e5 010-160 80 00 eller <a href=\"mailto:info@stiftsgarden.org\">info@stiftsgarden.org<\/a>.<br \/>\nF\u00f6r fr\u00e5gor om tr\u00e4ningspassen ber vi dig kontakta Mats Edvardsson p\u00e5 Move It som vi samarbetar med. Mats n\u00e5s p\u00e5 070-237 91 19 eller <a href=\"mailto:mats.ed@hotmail.com\">mats.ed@hotmail.com<\/a>.<\/p>\n<h2><\/h2>\n<\/div>\n<\/div>\n<\/div>\n<\/div>\n<\/div>\n<\/div>\n<\/div>\n<\/div>\n<\/div>\n<\/div>\n<\/div>\n<\/section>\n<\/div>\n<p>[\/av_textblock]<\/p>\n<p>[\/av_three_fifth][av_two_fifth min_height=&#8221; vertical_alignment=&#8221; space=&#8221; custom_margin=&#8221; margin=&#8217;0px&#8217; padding=&#8217;0px&#8217; border=&#8221; border_color=&#8221; radius=&#8217;0px&#8217; background_color=&#8221; src=&#8221; background_position=&#8217;top left&#8217; background_repeat=&#8217;no-repeat&#8217; animation=&#8221;]<br \/>\n[av_image src=&#8217;https:\/\/stiftsgardenrattvik.se\/wp-content\/uploads\/2016\/04\/Mats-Edvardsson-MTB.jpg&#8217; attachment=&#8217;5987&#8242; attachment_size=&#8217;full&#8217; align=&#8217;center&#8217; styling=&#8221; hover=&#8221; link=&#8221; target=&#8221; caption=&#8221; font_size=&#8221; appearance=&#8221; overlay_opacity=&#8217;0.4&#8242; overlay_color=&#8217;#000000&#8242; overlay_text_color=&#8217;#ffffff&#8217; animation=&#8217;no-animation&#8217;][\/av_image]<br \/>\n[\/av_two_fifth]<\/p>\n","protected":false},"excerpt":{"rendered":"<p>[av_three_fifth first min_height=&#8221; vertical_alignment=&#8221; space=&#8221; custom_margin=&#8221; margin=&#8217;0px&#8217; padding=&#8217;0px&#8217; border=&#8221; border_color=&#8221; radius=&#8217;0px&#8217; background_color=&#8221; src=&#8221; background_position=&#8217;top left&#8217; background_repeat=&#8217;no-repeat&#8217; animation=&#8221;] [av_textblock size=&#8221; font_color=&#8221; color=&#8221;] Tr\u00e4ningsl\u00e4ger MTB [\/av_textblock] [av_textblock size=&#8221; font_color=&#8221; color=&#8221;] 26-28 maj 2017 PRIS FR\u00c5N 2825 KRONOR \u00c4lskar du ocks\u00e5 MTB och vill utvecklas som cyklist? Ska du kanske delta i n\u00e5got av sommarens cykellopp och beh\u00f6ver [&hellip;]<\/p>\n","protected":false},"author":1,"featured_media":0,"parent":0,"menu_order":0,"comment_status":"closed","ping_status":"closed","template":"","meta":{"footnotes":""},"class_list":["post-5335","page","type-page","status-publish","hentry"],"_links":{"self":[{"href":"https:\/\/www1.stiftsgardenrattvik.se\/index.php?rest_route=\/wp\/v2\/pages\/5335","targetHints":{"allow":["GET"]}}],"collection":[{"href":"https:\/\/www1.stiftsgardenrattvik.se\/index.php?rest_route=\/wp\/v2\/pages"}],"about":[{"href":"https:\/\/www1.stiftsgardenrattvik.se\/index.php?rest_route=\/wp\/v2\/types\/page"}],"author":[{"embeddable":true,"href":"https:\/\/www1.stiftsgardenrattvik.se\/index.php?rest_route=\/wp\/v2\/users\/1"}],"replies":[{"embeddable":true,"href":"https:\/\/www1.stiftsgardenrattvik.se\/index.php?rest_route=%2Fwp%2Fv2%2Fcomments&post=5335"}],"version-history":[{"count":18,"href":"https:\/\/www1.stiftsgardenrattvik.se\/index.php?rest_route=\/wp\/v2\/pages\/5335\/revisions"}],"predecessor-version":[{"id":5992,"href":"https:\/\/www1.stiftsgardenrattvik.se\/index.php?rest_route=\/wp\/v2\/pages\/5335\/revisions\/5992"}],"wp:attachment":[{"href":"https:\/\/www1.stiftsgardenrattvik.se\/index.php?rest_route=%2Fwp%2Fv2%2Fmedia&parent=5335"}],"curies":[{"name":"wp","href":"https:\/\/api.w.org\/{rel}","templated":true}]}}