{"id":5361,"date":"2016-04-20T10:29:00","date_gmt":"2016-04-20T08:29:00","guid":{"rendered":"http:\/\/stiftsgardenrattvik.se\/?page_id=5361"},"modified":"2024-08-05T14:20:15","modified_gmt":"2024-08-05T12:20:15","slug":"fraagor-och-svar","status":"publish","type":"page","link":"https:\/\/www1.stiftsgardenrattvik.se\/?page_id=5361","title":{"rendered":"Fr\u00e5gor och svar"},"content":{"rendered":"<p>[av_one_full first min_height=&#8221; vertical_alignment=&#8221; space=&#8221; custom_margin=&#8221; margin=&#8217;0px&#8217; padding=&#8217;0px&#8217; border=&#8221; border_color=&#8221; radius=&#8217;0px&#8217; background_color=&#8221; src=&#8221; background_position=&#8217;top left&#8217; background_repeat=&#8217;no-repeat&#8217; animation=&#8221; av_uid=&#8217;av-d0nf5&#8242;]<\/p>\n<p>[av_textblock textblock_styling_align=&#8221; textblock_styling=&#8221; textblock_styling_gap=&#8221; textblock_styling_mobile=&#8221; size=&#8221; av-desktop-font-size=&#8221; av-medium-font-size=&#8221; av-small-font-size=&#8221; av-mini-font-size=&#8221; font_color=&#8221; color=&#8221; id=&#8221; custom_class=&#8221; template_class=&#8221; av_uid=&#8217;av-2junmp&#8217; sc_version=&#8217;1.0&#8242; admin_preview_bg=&#8221;]<br \/>\nH\u00e4r finner du svar p\u00e5 n\u00e5gra av de vanligaste fr\u00e5gorna vi f\u00e5r. Har du n\u00e5gon fr\u00e5ga eller fundering som du inte hittar svar p\u00e5 h\u00e4r? Kontakta oss p\u00e5 <a href=\"mailto:info@stiftsgardenrattvik.se\">info@stiftsgardenrattvik.se<\/a> s\u00e5 hj\u00e4lper vi dig.<\/p>\n<h3>ALLM\u00c4NNA FR\u00c5GOR<\/h3>\n<p><strong><i>Hur hittar jag till Stiftsg\u00e5rden?<\/i><\/strong><\/p>\n<p><span style=\"font-weight: 400;\">Stiftsg\u00e5rden ligger cirka 1,5 km fr\u00e5n resecentrum. Det \u00e4r l\u00e4tt att hitta till oss, f\u00f6lj Siljans strand norrut mot kyrkan. Stiftsg\u00e5rden ligger strax \u201cbakom\u201d. Mer information och karta hittar du h\u00e4r:<\/span><a href=\"https:\/\/stiftsgardenrattvik.se\/hitta-till-oss\/\">https:\/\/stiftsgardenrattvik.se\/hitta-till-oss\/<\/a><\/p>\n<p><strong><i>\u00c4r Stiftsg\u00e5rden tillg\u00e4nglighetsanpassat?<\/i><\/strong><\/p>\n<p><span style=\"font-weight: 400;\">Ja! Stiftsg\u00e5rden v\u00e4rnar om allas m\u00f6jligheter och vi har d\u00e4rf\u00f6r tillg\u00e4nglighetsanpassat v\u00e5r fysiska milj\u00f6. Vi \u00e4r certifierade enligt svenska Equality. V\u00e5ra lokaler \u00e4r \u00e4ven anpassade efter personer med h\u00f6rsel- och synneds\u00e4ttning samt allergi. Detaljerad information om v\u00e5ra lokaler hittar du p\u00e5 <\/span><span style=\"font-weight: 400;\"><a href=\"http:\/\/www.equality.se\">www.equality.se<\/a><\/span><\/p>\n<p><strong><i>Finns det internetuppkoppling p\u00e5 Stiftsg\u00e5rden?<\/i><\/strong><\/p>\n<p><span style=\"font-weight: 400;\">Ja. Det finns gratis tr\u00e5dl\u00f6s uppkoppling i de flesta av v\u00e5ra lokaler (undantaget vissa lokaler som \u00e4r bel\u00e4gna l\u00e4ngre fr\u00e5n huvudbyggnaden)<\/span><\/p>\n<p><strong><i>Varf\u00f6r serverar Stiftsg\u00e5rden ingen alkohol?<\/i><\/strong><\/p>\n<p><span style=\"font-weight: 400;\">Som ett st\u00f6d f\u00f6r m\u00e4nniskor med alkoholrelaterade problem och med tanke p\u00e5 v\u00e5rt stora ungdomsarbete har vi valt att vara en alkoholfri milj\u00f6. Vi v\u00e4djar d\u00e4rf\u00f6r till dig att inte anv\u00e4nda alkohol p\u00e5 v\u00e5rt omr\u00e5de. Tack.<\/span><\/p>\n<p><strong><i>\u00c4r Stiftsg\u00e5rden familjev\u00e4nligt?<\/i><\/strong><\/p>\n<p><span style=\"font-weight: 400;\">Absolut! Vi har familjerum med egen ing\u00e5ng i markplan och litet k\u00f6k. P\u00e5 v\u00e5r innerg\u00e5rd finns springv\u00e4nliga ytor, lekplats och m\u00f6jlighet till olika bollsporter och aktiviteter. Vi har ocks\u00e5 en egen badplats med brygga.<\/span><\/p>\n<p><strong><i>Jag \u00e4r inte troende\/kristen, \u00e4r jag \u00e4nd\u00e5 v\u00e4lkommen till Stiftsg\u00e5rden?<\/i><\/strong><\/p>\n<p><span style=\"font-weight: 400;\">I Stiftsg\u00e5rdens id\u00e9 och profil ing\u00e5r att vara en \u00f6ppen milj\u00f6 d\u00e4r alla oavsett tro och livs\u00e5sk\u00e5dning skall k\u00e4nna sig v\u00e4lkomna &#8211; en m\u00f6tesplats till gl\u00e4dje f\u00f6r alla. H\u00e4r m\u00f6ts m\u00e4nniskor i olika \u00e5ldrar, i olika \u00e4renden och med olika bakgrund. V\u00e4lkommen du ocks\u00e5!<\/span><\/p>\n<p><strong><i>Hur ser Stiftsg\u00e5rdens sociala engagemang ut?<\/i><\/strong><\/p>\n<p><span style=\"font-weight: 400;\">Stiftsg\u00e5rden samverkar med socialf\u00f6rvaltningar, F\u00f6rs\u00e4kringskassan, kvinnojourer och andra organ f\u00f6r att erbjuda plats f\u00f6r m\u00e4nniskor med olika sociala behov. Stiftsg\u00e5rden har ocks\u00e5 ett n\u00e4ra samarbete med Arbetsf\u00f6rmedlingen och \u00e4r en plats f\u00f6r praktik och arbetstr\u00e4ning.<\/span><\/p>\n<p><span style=\"font-weight: 400;\">Det ska finnas m\u00f6jlighet f\u00f6r alla m\u00e4nniskor att vistas hos oss, oavsett hur livet ser ut. D\u00e4rf\u00f6r har vi en vistelsefond som m\u00f6jligg\u00f6r det om\u00f6jliga f\u00f6r m\u00e4nniskor i alla \u00e5ldrar. Vill du ocks\u00e5 g\u00f6ra en social insats \u00e4r du v\u00e4lkommen med ett bidrag till v\u00e5r vistelsefond.<\/span><\/p>\n<p><strong><i>Kan jag betala med kort p\u00e5 Stiftsg\u00e5rden?<\/i><\/strong><\/p>\n<p><span style=\"font-weight: 400;\">Det g\u00e5r j\u00e4ttebra! T\u00e4nk bara p\u00e5 att vissa av v\u00e5ra kurser och l\u00e4ger kr\u00e4ver f\u00f6rbetalning en vecka f\u00f6re.<\/span><\/p>\n<p><strong><i>Finns det parkering i n\u00e4rheten av Stiftsg\u00e5rden?<\/i><\/strong><\/p>\n<p><span style=\"font-weight: 400;\">Det finns en stor gratisparkering strax bredvid Stiftsg\u00e5rden. Det g\u00e5r \u00e4ven att k\u00f6ra \u00e4nda fram till entr\u00e9n f\u00f6r att sl\u00e4ppa av passagerare som inte klarar att g\u00e5 s\u00e5 l\u00e5ng str\u00e4cka eller f\u00f6r att lasta av bagage. Precis utanf\u00f6r v\u00e5r entr\u00e9 finns \u00e4ven en handikappsparkering.<\/span><\/p>\n<p><strong><i>Kan jag ladda min elbil hos Stiftsg\u00e5rden?<\/i><\/strong><\/p>\n<p><span style=\"font-weight: 400;\">Det g\u00e5r j\u00e4ttebra! Det finns sex stycken laddpunkt \u00e0 11 kW typ 2.<\/span><\/p>\n<p><strong><i>Finns det m\u00f6jlighet att l\u00e5sa in sin cykel p\u00e5 Stiftsg\u00e5rden?<\/i><\/strong><\/p>\n<p><span style=\"font-weight: 400;\">Ja! Vi har l\u00e5sbara utrymmen om du \u00f6nskar l\u00e5sa in din cykel.<\/span><\/p>\n<p><strong><i>Finns det m\u00f6jlighet att mecka och tv\u00e4tta sin cykel p\u00e5 Stiftsg\u00e5rden?<\/i><\/strong><\/p>\n<p><span style=\"font-weight: 400;\">Ja! Vi har de vanligaste cykelverktygen samt \u00e4ven ett mekst\u00e4ll f\u00f6r cyklar ifall du skulle beh\u00f6va reparera din cykel under din vistelse. Vi erbjuder \u00e4ven m\u00f6jligheter att tv\u00e4tta din cykel. I R\u00e4ttvik finns Team Sportia som \u00e4r duktiga p\u00e5 cykel.<\/span><\/p>\n<p><strong><i>Hur m\u00e5nga platser finns det i Stiftsg\u00e5rdens kapell? <\/i><\/strong><\/p>\n<p>Stiftsg\u00e5rdens kapell kallas f\u00f6r Enhetens kapell och rymmer 100 personer. H\u00e4r h\u00e5lls allt fr\u00e5n morgonb\u00f6n och m\u00e4ssor till aftonb\u00f6n.<\/p>\n<h3>BO P\u00c5 STIFTSG\u00c5RDEN<\/h3>\n<p><strong><i>N\u00e4r kan jag tidigast checka in?<\/i><\/strong><\/p>\n<p><span style=\"font-weight: 400;\">Incheckning kan ske fr\u00e5n klockan 15:00.<\/span><\/p>\n<p><strong><i>N\u00e4r m\u00e5ste jag senast checka ut?<\/i><\/strong><\/p>\n<p><span style=\"font-weight: 400;\">Utcheckning ska ske senast 11:00.<\/span><\/p>\n<p><strong><i>G\u00e5r det att f\u00f6rvara min v\u00e4ska hos er f\u00f6re\/efter incheckning?<\/i><\/strong><\/p>\n<p><span style=\"font-weight: 400;\">Ja, vi har ett l\u00e5st f\u00f6rvaringsutrymme vid entr\u00e9n d\u00e4r du kan f\u00f6rvara din v\u00e4ska om du kommer tidigt\/ \u00e5ker sent. Kontakta personalen i receptionen s\u00e5 hj\u00e4lper de dig.<\/span><\/p>\n<p><strong><i>Beh\u00f6ver jag ta med egna s\u00e4ngkl\u00e4der och handdukar?<\/i><\/strong><\/p>\n<p><span style=\"font-weight: 400;\">Nej oftast inte. S\u00e4ngkl\u00e4der och handdukar ing\u00e5r n\u00e4r du bor i v\u00e5ra \u201cg\u00e4sthemsrum\u201d. Bor du p\u00e5 n\u00e5gon av v\u00e5ra l\u00e4gerg\u00e5rdar beh\u00f6ver du dock ta med egna s\u00e4ngkl\u00e4der alternativt hyra hos oss (95 kronor\/person och vistelse)<\/span><\/p>\n<p><strong><i>G\u00e5r det bra att ta med s\u00e4llskapsdjur?<\/i><\/strong><\/p>\n<p><span style=\"font-weight: 400;\">Ja, vi har 2 djurrum d\u00e4r du kan bo med ditt s\u00e4llskapsdjur.<\/span><\/p>\n<h3>\u00c4TA P\u00c5 STIFTSG\u00c5RDEN<\/h3>\n<p><strong><i>Jag har behov av specialkost, kan jag \u00e4ta maten p\u00e5 Stiftsg\u00e5rden?<\/i><\/strong><\/p>\n<p><span style=\"font-weight: 400;\">Vi str\u00e4var efter att ha mat som passar f\u00f6r alla. Vid v\u00e5ra varmr\u00e4tter finns det skyltar som tydligt beskriver inneh\u00e5llet. Vi har \u00e4ven en s\u00e4rskild avdelning med specialkost, d\u00e4r maten \u00e4r s\u00e5 \u201crenodlad\u201d som m\u00f6jligt, dvs utan tillsatta ingredienser. Fr\u00e5ga g\u00e4rna v\u00e5r k\u00f6kspersonal om du undrar \u00f6ver n\u00e5got.<\/span><\/p>\n<p><strong><i>Vad har Stiftsg\u00e5rdens k\u00f6k f\u00f6r profil?<\/i><\/strong><\/p>\n<p><span style=\"font-weight: 400;\">Vi \u00e4r stolta \u00f6ver v\u00e5rt k\u00f6k, v\u00e5ra duktiga kockar och v\u00e5r trevliga k\u00f6kspersonal! V\u00e5r policy \u00e4r att anv\u00e4nda lokalproducerade, ekologiska och kravm\u00e4rkta produkter s\u00e5 l\u00e5ngt det g\u00e5r. V\u00e5rt k\u00f6tt kommer fr\u00e5n Siljans Chark. Vi v\u00e4rnar om milj\u00f6n och serverar varje dag en stor salladsbuff\u00e9 som komplement till v\u00e5ra varmr\u00e4tter.\u00a0<\/span><\/p>\n<p><strong><i>G\u00e5r det att abonnera Stiftsg\u00e5rdens restaurang?<\/i><\/strong><\/p>\n<p><span style=\"font-weight: 400;\">Det g\u00e5r bra. V\u00e4lkommen att kontakta oss p\u00e5 <\/span><a href=\"mailto:info@stiftsgardenrattvik.se\"><span style=\"font-weight: 400;\">info@stiftsgardenrattviks.se<\/span><\/a><span style=\"font-weight: 400;\"> eller 010-160 80 00.<\/span><\/p>\n<p><strong><i>Hur m\u00e5nga platser finns det f\u00f6r matg\u00e4ster p\u00e5 Stiftsg\u00e5rden?<\/i><\/strong><\/p>\n<p><span style=\"font-weight: 400;\">Vi kan erbjuda hela 250 matplatser i flera olika matsalar. Kontakta oss g\u00e4rna om ni \u00e4r en grupp och vill f\u00f6rboka.<\/span><\/p>\n<h3>L\u00c4GER OCH KURSER<\/h3>\n<p><strong><i>N\u00e4r m\u00e5ste jag anm\u00e4la mig till l\u00e4ger\/kurser f\u00f6r att vara s\u00e4ker p\u00e5 att f\u00e5 plats?<\/i><\/strong><\/p>\n<p><span style=\"font-weight: 400;\">Vi har ofta h\u00f6gt tryck p\u00e5 v\u00e5ra l\u00e4ger och kurser vilket s\u00e5 klart \u00e4r kul. Men, eftersom vi tyv\u00e4rr har ett begr\u00e4nsat antal platser p\u00e5 alla v\u00e5ra l\u00e4ger och kurser \u00e4r det \u201cf\u00f6rst till kvarn\u201d som g\u00e4ller. \u00c4ven om det finns en sista anm\u00e4lningsdag betyder det inte att det g\u00e5r att boka \u00e4nda fram till detta datum. Ju tidigare du anm\u00e4ler dig desto st\u00f6rre \u00e4r chansen att du f\u00e5r plats.<\/span><br \/>\n[\/av_textblock]<\/p>\n<p>[\/av_one_full]<\/p>\n","protected":false},"excerpt":{"rendered":"","protected":false},"author":1,"featured_media":0,"parent":0,"menu_order":0,"comment_status":"closed","ping_status":"closed","template":"","meta":{"footnotes":""},"class_list":["post-5361","page","type-page","status-publish","hentry"],"_links":{"self":[{"href":"https:\/\/www1.stiftsgardenrattvik.se\/index.php?rest_route=\/wp\/v2\/pages\/5361","targetHints":{"allow":["GET"]}}],"collection":[{"href":"https:\/\/www1.stiftsgardenrattvik.se\/index.php?rest_route=\/wp\/v2\/pages"}],"about":[{"href":"https:\/\/www1.stiftsgardenrattvik.se\/index.php?rest_route=\/wp\/v2\/types\/page"}],"author":[{"embeddable":true,"href":"https:\/\/www1.stiftsgardenrattvik.se\/index.php?rest_route=\/wp\/v2\/users\/1"}],"replies":[{"embeddable":true,"href":"https:\/\/www1.stiftsgardenrattvik.se\/index.php?rest_route=%2Fwp%2Fv2%2Fcomments&post=5361"}],"version-history":[{"count":16,"href":"https:\/\/www1.stiftsgardenrattvik.se\/index.php?rest_route=\/wp\/v2\/pages\/5361\/revisions"}],"predecessor-version":[{"id":14669,"href":"https:\/\/www1.stiftsgardenrattvik.se\/index.php?rest_route=\/wp\/v2\/pages\/5361\/revisions\/14669"}],"wp:attachment":[{"href":"https:\/\/www1.stiftsgardenrattvik.se\/index.php?rest_route=%2Fwp%2Fv2%2Fmedia&parent=5361"}],"curies":[{"name":"wp","href":"https:\/\/api.w.org\/{rel}","templated":true}]}}