{"id":5402,"date":"2016-05-06T13:36:36","date_gmt":"2016-05-06T11:36:36","guid":{"rendered":"http:\/\/stiftsgardenrattvik.se\/?page_id=5402"},"modified":"2016-05-06T13:47:38","modified_gmt":"2016-05-06T11:47:38","slug":"program-och-info","status":"publish","type":"page","link":"https:\/\/www1.stiftsgardenrattvik.se\/?page_id=5402","title":{"rendered":"PROGRAM &#038; INFO"},"content":{"rendered":"<p>[av_one_half first min_height=&#8221; vertical_alignment=&#8217;av-align-top&#8217; space=&#8221; margin=&#8217;0px&#8217; margin_sync=&#8217;true&#8217; padding=&#8217;0px&#8217; padding_sync=&#8217;true&#8217; border=&#8221; border_color=&#8221; radius=&#8217;0px&#8217; radius_sync=&#8217;true&#8217; background_color=&#8221; src=&#8221; attachment=&#8221; attachment_size=&#8221; background_position=&#8217;top left&#8217; background_repeat=&#8217;no-repeat&#8217; animation=&#8221;]<br \/>\n[av_textblock size=&#8221; font_color=&#8221; color=&#8221;]<br \/>\n<strong>FREDAG<\/strong><\/p>\n<p>Incheckning fr\u00e5n klockan 15:00.<br \/>\n18:00 Gemensam middag<br \/>\n19:00 Introduktion och information om helgens uppl\u00e4gg.<br \/>\n21:00 Kv\u00e4llsfika<\/p>\n<p><strong>L\u00d6RDAG<\/strong><\/p>\n<p>08:00 Frukostbuff\u00e9<br \/>\n09:30-11:30 Tr\u00e4ningspass I<br \/>\n12:00 Lunchbuff\u00e9\/ egentid<br \/>\n14:30-16:30 Tr\u00e4ningspass II<br \/>\n18:00 Middag\/ egentid (m\u00f6jlighet att boka bastu och massage)<br \/>\n21:00 Kv\u00e4llsfika<\/p>\n<p><strong>S\u00d6NDAG<\/strong><\/p>\n<p>08:00 Frukostbuff\u00e9<br \/>\n08:45 Utcheckning (m\u00f6jlighet finns att f\u00f6rvara v\u00e4skan p\u00e5 Stiftsg\u00e5rden)<br \/>\n09:00-12:00 Tr\u00e4ningspass III<br \/>\n12:30 Avslutande gemensam lunch. M\u00f6jlighet att duscha. Hemf\u00e4rd.<br \/>\n[\/av_textblock]<br \/>\n[\/av_one_half]<\/p>\n<p>[av_one_half min_height=&#8221; vertical_alignment=&#8221; space=&#8221; custom_margin=&#8221; margin=&#8217;0px&#8217; padding=&#8217;0px&#8217; border=&#8221; border_color=&#8221; radius=&#8217;0px&#8217; background_color=&#8221; src=&#8221; background_position=&#8217;top left&#8217; background_repeat=&#8217;no-repeat&#8217; animation=&#8221;]<br \/>\n[av_textblock size=&#8221; font_color=&#8221; color=&#8221;]<br \/>\n<strong>ING\u00c5R<\/strong><\/p>\n<p>Logi 2 n\u00e4tter inkl. s\u00e4nglinnen och frukost, lunch x 2, middag x 2, kv\u00e4llsfika x 2 samt l\u00e4rarledd tr\u00e4ning enligt program.<\/p>\n<p><strong>MER INFO<\/strong><\/p>\n<p>F\u00f6r fr\u00e5gor om logi och mat kontakta oss p\u00e5 tfn 010-160 80 00 eller info@stiftsgarden.org<\/p>\n<p>F\u00f6r fr\u00e5gor om tr\u00e4ningen kontakta Mats Edvardsson p\u00e5 f\u00f6retaget Move It som vi samarbetar med. Mats finns att n\u00e5 p\u00e5 070-237 91 19 eller mats.ed@hotmail.com<\/p>\n<p><strong>TILLVAL<\/strong><\/p>\n<p>Bastu och massage. F\u00f6rbokning kr\u00e4vs.<\/p>\n<p><strong>BOKNING &amp; BETALNING<\/strong><\/p>\n<p>Bokning beh\u00f6ver ske senast 2 veckor f\u00f6re. Kontakta oss p\u00e5 010-160 80 01 eller bokningen@stiftgarden.se. Betalning ska vara oss tillhanda senast 1 vecka f\u00f6re.<\/p>\n<p><strong>\u00d6VRIGT<\/strong><\/p>\n<p>Det \u00e4r begr\u00e4nsat antal platser, f\u00f6rst till kvarn g\u00e4ller.<br \/>\n[\/av_textblock]<br \/>\n[\/av_one_half]<\/p>\n<p>[av_image src=&#8217;https:\/\/stiftsgardenrattvik.se\/wp-content\/uploads\/2016\/05\/Move-It.jpg&#8217; attachment=&#8217;5409&#8242; attachment_size=&#8217;full&#8217; align=&#8217;center&#8217; styling=&#8221; hover=&#8217;av-hover-grow&#8217; link=&#8221; target=&#8221; caption=&#8221; font_size=&#8221; appearance=&#8221; overlay_opacity=&#8217;0.4&#8242; overlay_color=&#8217;#000000&#8242; overlay_text_color=&#8217;#ffffff&#8217; animation=&#8217;no-animation&#8217;][\/av_image]<\/p>\n","protected":false},"excerpt":{"rendered":"<p>[av_one_half first min_height=&#8221; vertical_alignment=&#8217;av-align-top&#8217; space=&#8221; margin=&#8217;0px&#8217; margin_sync=&#8217;true&#8217; padding=&#8217;0px&#8217; padding_sync=&#8217;true&#8217; border=&#8221; border_color=&#8221; radius=&#8217;0px&#8217; radius_sync=&#8217;true&#8217; background_color=&#8221; src=&#8221; attachment=&#8221; attachment_size=&#8221; background_position=&#8217;top left&#8217; background_repeat=&#8217;no-repeat&#8217; animation=&#8221;] [av_textblock size=&#8221; font_color=&#8221; color=&#8221;] FREDAG Incheckning fr\u00e5n klockan 15:00. 18:00 Gemensam middag 19:00 Introduktion och information om helgens uppl\u00e4gg. 21:00 Kv\u00e4llsfika L\u00d6RDAG 08:00 Frukostbuff\u00e9 09:30-11:30 Tr\u00e4ningspass I 12:00 Lunchbuff\u00e9\/ egentid 14:30-16:30 Tr\u00e4ningspass II 18:00 [&hellip;]<\/p>\n","protected":false},"author":1,"featured_media":0,"parent":0,"menu_order":0,"comment_status":"closed","ping_status":"closed","template":"","meta":{"footnotes":""},"class_list":["post-5402","page","type-page","status-publish","hentry"],"_links":{"self":[{"href":"https:\/\/www1.stiftsgardenrattvik.se\/index.php?rest_route=\/wp\/v2\/pages\/5402","targetHints":{"allow":["GET"]}}],"collection":[{"href":"https:\/\/www1.stiftsgardenrattvik.se\/index.php?rest_route=\/wp\/v2\/pages"}],"about":[{"href":"https:\/\/www1.stiftsgardenrattvik.se\/index.php?rest_route=\/wp\/v2\/types\/page"}],"author":[{"embeddable":true,"href":"https:\/\/www1.stiftsgardenrattvik.se\/index.php?rest_route=\/wp\/v2\/users\/1"}],"replies":[{"embeddable":true,"href":"https:\/\/www1.stiftsgardenrattvik.se\/index.php?rest_route=%2Fwp%2Fv2%2Fcomments&post=5402"}],"version-history":[{"count":5,"href":"https:\/\/www1.stiftsgardenrattvik.se\/index.php?rest_route=\/wp\/v2\/pages\/5402\/revisions"}],"predecessor-version":[{"id":5410,"href":"https:\/\/www1.stiftsgardenrattvik.se\/index.php?rest_route=\/wp\/v2\/pages\/5402\/revisions\/5410"}],"wp:attachment":[{"href":"https:\/\/www1.stiftsgardenrattvik.se\/index.php?rest_route=%2Fwp%2Fv2%2Fmedia&parent=5402"}],"curies":[{"name":"wp","href":"https:\/\/api.w.org\/{rel}","templated":true}]}}