{"id":5418,"date":"2016-05-06T14:17:14","date_gmt":"2016-05-06T12:17:14","guid":{"rendered":"http:\/\/stiftsgardenrattvik.se\/?page_id=5418"},"modified":"2016-05-06T15:08:36","modified_gmt":"2016-05-06T13:08:36","slug":"program-info","status":"publish","type":"page","link":"https:\/\/www1.stiftsgardenrattvik.se\/?page_id=5418","title":{"rendered":"PROGRAM &#038; INFO"},"content":{"rendered":"<p>[av_one_half first min_height=&#8221; vertical_alignment=&#8221; space=&#8221; custom_margin=&#8221; margin=&#8217;0px&#8217; padding=&#8217;0px&#8217; border=&#8221; border_color=&#8221; radius=&#8217;0px&#8217; background_color=&#8221; src=&#8221; background_position=&#8217;top left&#8217; background_repeat=&#8217;no-repeat&#8217; animation=&#8221;]<\/p>\n<p>[av_textblock size=&#8221; font_color=&#8221; color=&#8221;]<br \/>\n<strong>FREDAG<\/strong><\/p>\n<p>13.00          Vandring med guide: Tre toppar<br \/>\n15.00          Incheckning fr\u00e5n klockan 15.00 (det g\u00e5r bra att f\u00f6rvara v\u00e4skan hos oss under den f\u00f6rsta vandringen)<br \/>\n18.00          Invigning av pilgrimsmeditation (tolkas till teckenspr\u00e5k)<br \/>\n19.00          Vandring med guide: I historiens sp\u00e5r<\/p>\n<p><strong>L\u00d6RDAG<\/strong><\/p>\n<p>Frukost serveras fr\u00e5n klockan 07.30<br \/>\n09.30          Vandring med guide: Dalhallavandring<br \/>\n17.00          Krogvandring med guide (4-r\u00e4tters inkl. en dryck vid varje stopp)<\/p>\n<p><strong>S\u00d6NDAG<\/strong><\/p>\n<p>Frukostbuff\u00e9 serveras fr\u00e5n klockan 08.00<br \/>\n07.30          Stavg\u00e5ng med ledare<br \/>\n10.00          Utcheckning (det g\u00e5r bra att f\u00f6rvara v\u00e4skan hos oss tills den sista vandringen \u00e4r klar)<br \/>\n10.30          Vandring med guide: Bysj\u00f6n runt<\/p>\n<p><em>Med reservation f\u00f6r \u00e4ndringar.<\/em><\/p>\n<p>Ett detaljerat program med information om samlingsplatser etc. hittar du h\u00e4r:<a href=\"https:\/\/stiftsgardenrattvik.se\/pdf-vandringshelg-flyer\/\" target=\"_blank\"><b> Detaljerat program.<\/b><\/a><br \/>\n[\/av_textblock]<\/p>\n<p>[\/av_one_half][av_one_half min_height=&#8221; vertical_alignment=&#8221; space=&#8221; custom_margin=&#8221; margin=&#8217;0px&#8217; padding=&#8217;0px&#8217; border=&#8221; border_color=&#8221; radius=&#8217;0px&#8217; background_color=&#8221; src=&#8221; background_position=&#8217;top left&#8217; background_repeat=&#8217;no-repeat&#8217; animation=&#8221;]<br \/>\n[av_textblock size=&#8221; font_color=&#8221; color=&#8221;]<br \/>\n<strong>Ing\u00e5r<br \/>\n<\/strong>Logi 2 n\u00e4tter inkl. s\u00e4nglinnen och frukost, vandringspass inkl. eller exkl. krogvandring, \u00f6vriga vandringar enligt program.<\/p>\n<p><strong>Mer info<br \/>\n<\/strong>F\u00f6r fr\u00e5gor om logi och mat kontakta oss p\u00e5 tfn 010-160 80 00 eller info@stiftsgarden.org<br \/>\nF\u00f6r fr\u00e5gor om vandringarna kontakta Lotta Backlund p\u00e5 f\u00f6retaget Green Owl Travel som vi samarbetar med, p\u00e5 tfn 073-616 11 10 eller lotta@greenowltravel.com.<\/p>\n<p><strong>Tillval<br \/>\n<\/strong>Mats\u00e4ckspaket inkl. dryck. 90 kronor (barn 5-14 \u00e5r: 50 kr)<br \/>\nMiddag l\u00f6rdag kv\u00e4ll (f\u00f6r den som inte \u00f6nskar f\u00f6lja med p\u00e5 krogvandringen) 195 kronor (barn 5-14 \u00e5r: 50 kronor)<\/p>\n<p><strong>Bokning &amp; betalning<br \/>\n<\/strong>Bokning beh\u00f6ver ske senast 2 veckor f\u00f6re. Kontakta oss p\u00e5 010-160 80 01 eller bokningen@stiftgarden.se. Betalning ska vara oss tillhanda senast 1 vecka f\u00f6re till bankgiro 470-0050. Uppge namn och paket.<\/p>\n<p><strong>\u00d6vrigt<br \/>\n<\/strong>Vi f\u00f6rbeh\u00e5ller oss r\u00e4tten att st\u00e4lla in evenemanget vid f\u00f6r f\u00e5 deltagare.<br \/>\n[\/av_textblock]<\/p>\n<p>[av_textblock size=&#8221; font_color=&#8221; color=&#8221;][\/av_textblock]<br \/>\n[\/av_one_half]<\/p>\n<p>[av_image src=&#8217;https:\/\/stiftsgardenrattvik.se\/wp-content\/uploads\/2013\/06\/Vandring-3.jpg&#8217; attachment=&#8217;5415&#8242; attachment_size=&#8217;full&#8217; align=&#8217;center&#8217; styling=&#8221; hover=&#8217;av-hover-grow&#8217; link=&#8221; target=&#8221; caption=&#8221; font_size=&#8221; appearance=&#8221; overlay_opacity=&#8217;0.4&#8242; overlay_color=&#8217;#000000&#8242; overlay_text_color=&#8217;#ffffff&#8217; animation=&#8217;no-animation&#8217;][\/av_image]<\/p>\n","protected":false},"excerpt":{"rendered":"<p>[av_one_half first min_height=&#8221; vertical_alignment=&#8221; space=&#8221; custom_margin=&#8221; margin=&#8217;0px&#8217; padding=&#8217;0px&#8217; border=&#8221; border_color=&#8221; radius=&#8217;0px&#8217; background_color=&#8221; src=&#8221; background_position=&#8217;top left&#8217; background_repeat=&#8217;no-repeat&#8217; animation=&#8221;] [av_textblock size=&#8221; font_color=&#8221; color=&#8221;] FREDAG 13.00 Vandring med guide: Tre toppar 15.00 Incheckning fr\u00e5n klockan 15.00 (det g\u00e5r bra att f\u00f6rvara v\u00e4skan hos oss under den f\u00f6rsta vandringen) 18.00 Invigning av pilgrimsmeditation (tolkas till teckenspr\u00e5k) 19.00 Vandring med [&hellip;]<\/p>\n","protected":false},"author":1,"featured_media":0,"parent":0,"menu_order":0,"comment_status":"closed","ping_status":"closed","template":"","meta":{"footnotes":""},"class_list":["post-5418","page","type-page","status-publish","hentry"],"_links":{"self":[{"href":"https:\/\/www1.stiftsgardenrattvik.se\/index.php?rest_route=\/wp\/v2\/pages\/5418","targetHints":{"allow":["GET"]}}],"collection":[{"href":"https:\/\/www1.stiftsgardenrattvik.se\/index.php?rest_route=\/wp\/v2\/pages"}],"about":[{"href":"https:\/\/www1.stiftsgardenrattvik.se\/index.php?rest_route=\/wp\/v2\/types\/page"}],"author":[{"embeddable":true,"href":"https:\/\/www1.stiftsgardenrattvik.se\/index.php?rest_route=\/wp\/v2\/users\/1"}],"replies":[{"embeddable":true,"href":"https:\/\/www1.stiftsgardenrattvik.se\/index.php?rest_route=%2Fwp%2Fv2%2Fcomments&post=5418"}],"version-history":[{"count":8,"href":"https:\/\/www1.stiftsgardenrattvik.se\/index.php?rest_route=\/wp\/v2\/pages\/5418\/revisions"}],"predecessor-version":[{"id":5438,"href":"https:\/\/www1.stiftsgardenrattvik.se\/index.php?rest_route=\/wp\/v2\/pages\/5418\/revisions\/5438"}],"wp:attachment":[{"href":"https:\/\/www1.stiftsgardenrattvik.se\/index.php?rest_route=%2Fwp%2Fv2%2Fmedia&parent=5418"}],"curies":[{"name":"wp","href":"https:\/\/api.w.org\/{rel}","templated":true}]}}