{"id":5483,"date":"2016-06-09T13:10:38","date_gmt":"2016-06-09T11:10:38","guid":{"rendered":"http:\/\/stiftsgardenrattvik.se\/?page_id=5483"},"modified":"2016-06-21T13:22:36","modified_gmt":"2016-06-21T11:22:36","slug":"program-och-info-cykel","status":"publish","type":"page","link":"https:\/\/www1.stiftsgardenrattvik.se\/?page_id=5483","title":{"rendered":"PROGRAM &#038; INFO"},"content":{"rendered":"<p>[av_one_half first min_height=&#8221; vertical_alignment=&#8221; space=&#8221; custom_margin=&#8221; margin=&#8217;0px&#8217; padding=&#8217;0px&#8217; border=&#8221; border_color=&#8221; radius=&#8217;0px&#8217; background_color=&#8221; src=&#8221; background_position=&#8217;top left&#8217; background_repeat=&#8217;no-repeat&#8217; animation=&#8221;]<\/p>\n<p>[av_textblock size=&#8221; font_color=&#8221; color=&#8221;]<br \/>\n<strong><em>PROGRAM<\/em><\/strong><\/p>\n<p><strong>S\u00d6NDAG<\/strong><br \/>\nIncheckning fr\u00e5n klockan 15.00.<\/p>\n<p><strong>M\u00c5NDAG<\/strong><br \/>\n08.00 Frukostbuff\u00e9<br \/>\n09.30-13.30 Guidad cykeltur (samling utanf\u00f6r R\u00e4ttviks Tourist Center). Fika ing\u00e5r.<\/p>\n<p><strong>TISDAG<\/strong><br \/>\n08.00 Frukostbuff\u00e9<br \/>\n11.00 Utcheckning (m\u00f6jlighet finns att f\u00f6rvara v\u00e4skor om ni \u00f6nskar ge er ut p\u00e5 en egen cykeltur under dagen).<\/p>\n<p>&#8212;&#8212;&#8212;&#8212;&#8212;&#8212;&#8212;&#8212;&#8212;&#8212;&#8212;&#8212;&#8212;&#8212;&#8212;&#8212;&#8212;&#8212;&#8212;&#8212;&#8212;&#8212;&#8212;&#8212;&#8212;&#8212;&#8212;&#8212;<\/p>\n<p><strong>DATUM<\/strong><br \/>\n26-28 juni, 3-5 juli, 24-26 juli, 7-9 augusti samt 14-16 augusti<\/p>\n<p><strong>ING\u00c5R<\/strong><br \/>\nLogi 2 n\u00e4tter inkl. s\u00e4nglinnen och frukost, guidad cykeltur inklusive fika.<\/p>\n<p><strong>\u00d6VRIGT<\/strong><br \/>\nMinimum antal deltagare \u00e4r 4 personer. Delad dusch finns i korridoren om ej i rummet.<\/p>\n<p><em>Med reservation f\u00f6r \u00e4ndringar.<\/em><br \/>\n[\/av_textblock]<\/p>\n<p>[\/av_one_half][av_one_half min_height=&#8221; vertical_alignment=&#8221; space=&#8221; custom_margin=&#8221; margin=&#8217;0px&#8217; padding=&#8217;0px&#8217; border=&#8221; border_color=&#8221; radius=&#8217;0px&#8217; background_color=&#8221; src=&#8221; background_position=&#8217;top left&#8217; background_repeat=&#8217;no-repeat&#8217; animation=&#8221;]<br \/>\n[av_textblock size=&#8221; font_color=&#8221; color=&#8221;]<br \/>\n<strong>MER INFO<\/strong><\/p>\n<p>F\u00f6r fr\u00e5gor om logi och mat kontakta oss p\u00e5 tfn 010-160 80 01 eller <a href=\"mailto:bokningen@stiftsgarden.org\">bokningen@stiftsgarden.org<\/a><\/p>\n<p>F\u00f6r fr\u00e5gor om cykelturen kontakta Lotta Backlund p\u00e5 Green Owl Travel som vi samarbetar med. Lotta finns att n\u00e5 p\u00e5 073-616 11 10 eller <a href=\"mailto:lotta@greenowltravel.com\">lotta@greenowltravel.com<\/a>.<\/p>\n<p><strong>TILLVAL<\/strong><\/p>\n<p>&#8211; Cykel (enstaka cyklar finns att hyra hos oss f\u00f6r 75k kr\/halvdag, 150 kr\/heldag, men finns \u00e4ven p\u00e5 andra st\u00e4llen i R\u00e4ttvik)<br \/>\n&#8211; Extra n\u00e4tter<br \/>\n&#8211; M\u00e5ltider ut\u00f6ver program (vi har en egen restaurang s\u00e5 det finns m\u00f6jlighet att boka \u00e4ven era \u00f6vriga m\u00e5ltider hos oss)<\/p>\n<p><strong>BOKNING &amp; BETALNING<\/strong><br \/>\nKontakta oss p\u00e5 <a href=\"mailto:bokningen@stiftsgarden.org\">bokningen@stiftsgarden.org<\/a> eller 010-160 80 01 f\u00f6r att boka paketet. Begr\u00e4nsat antal platser, f\u00f6rst till kvarn g\u00e4ller.<\/p>\n<p>Betalning ska vara Stiftsg\u00e5rden tillhanda senast en vecka f\u00f6re ankomst, till bankgiro 470-0050. Uppge namn och paket. Vid utebliven betalning faktureras beloppet och 75 kr tillkommer d\u00e5 i administrationsavgift.<br \/>\n[\/av_textblock]<br \/>\n[\/av_one_half]<\/p>\n<p>[av_one_full first min_height=&#8221; vertical_alignment=&#8221; space=&#8221; custom_margin=&#8221; margin=&#8217;0px&#8217; padding=&#8217;0px&#8217; border=&#8221; border_color=&#8221; radius=&#8217;0px&#8217; background_color=&#8221; src=&#8221; background_position=&#8217;top left&#8217; background_repeat=&#8217;no-repeat&#8217; animation=&#8221;]<br \/>\n[av_image src=&#8217;https:\/\/stiftsgardenrattvik.se\/wp-content\/uploads\/2016\/06\/G\u00e4rdsg\u00e5rd.jpg&#8217; attachment=&#8217;5484&#8242; attachment_size=&#8217;full&#8217; align=&#8217;center&#8217; styling=&#8221; hover=&#8221; link=&#8221; target=&#8221; caption=&#8221; font_size=&#8221; appearance=&#8221; overlay_opacity=&#8217;0.4&#8242; overlay_color=&#8217;#000000&#8242; overlay_text_color=&#8217;#ffffff&#8217; animation=&#8217;no-animation&#8217;][\/av_image]<br \/>\n[\/av_one_full]<\/p>\n","protected":false},"excerpt":{"rendered":"<p>[av_one_half first min_height=&#8221; vertical_alignment=&#8221; space=&#8221; custom_margin=&#8221; margin=&#8217;0px&#8217; padding=&#8217;0px&#8217; border=&#8221; border_color=&#8221; radius=&#8217;0px&#8217; background_color=&#8221; src=&#8221; background_position=&#8217;top left&#8217; background_repeat=&#8217;no-repeat&#8217; animation=&#8221;] [av_textblock size=&#8221; font_color=&#8221; color=&#8221;] PROGRAM S\u00d6NDAG Incheckning fr\u00e5n klockan 15.00. M\u00c5NDAG 08.00 Frukostbuff\u00e9 09.30-13.30 Guidad cykeltur (samling utanf\u00f6r R\u00e4ttviks Tourist Center). Fika ing\u00e5r. TISDAG 08.00 Frukostbuff\u00e9 11.00 Utcheckning (m\u00f6jlighet finns att f\u00f6rvara v\u00e4skor om ni \u00f6nskar ge er [&hellip;]<\/p>\n","protected":false},"author":1,"featured_media":0,"parent":0,"menu_order":0,"comment_status":"closed","ping_status":"closed","template":"","meta":{"footnotes":""},"class_list":["post-5483","page","type-page","status-publish","hentry"],"_links":{"self":[{"href":"https:\/\/www1.stiftsgardenrattvik.se\/index.php?rest_route=\/wp\/v2\/pages\/5483","targetHints":{"allow":["GET"]}}],"collection":[{"href":"https:\/\/www1.stiftsgardenrattvik.se\/index.php?rest_route=\/wp\/v2\/pages"}],"about":[{"href":"https:\/\/www1.stiftsgardenrattvik.se\/index.php?rest_route=\/wp\/v2\/types\/page"}],"author":[{"embeddable":true,"href":"https:\/\/www1.stiftsgardenrattvik.se\/index.php?rest_route=\/wp\/v2\/users\/1"}],"replies":[{"embeddable":true,"href":"https:\/\/www1.stiftsgardenrattvik.se\/index.php?rest_route=%2Fwp%2Fv2%2Fcomments&post=5483"}],"version-history":[{"count":6,"href":"https:\/\/www1.stiftsgardenrattvik.se\/index.php?rest_route=\/wp\/v2\/pages\/5483\/revisions"}],"predecessor-version":[{"id":5520,"href":"https:\/\/www1.stiftsgardenrattvik.se\/index.php?rest_route=\/wp\/v2\/pages\/5483\/revisions\/5520"}],"wp:attachment":[{"href":"https:\/\/www1.stiftsgardenrattvik.se\/index.php?rest_route=%2Fwp%2Fv2%2Fmedia&parent=5483"}],"curies":[{"name":"wp","href":"https:\/\/api.w.org\/{rel}","templated":true}]}}