{"id":5547,"date":"2016-07-29T10:47:11","date_gmt":"2016-07-29T08:47:11","guid":{"rendered":"http:\/\/stiftsgardenrattvik.se\/?page_id=5547"},"modified":"2016-08-08T13:17:52","modified_gmt":"2016-08-08T11:17:52","slug":"baer-och-svamphelg","status":"publish","type":"page","link":"https:\/\/www1.stiftsgardenrattvik.se\/?page_id=5547","title":{"rendered":"B\u00e4r och svamphelg"},"content":{"rendered":"<p>[av_textblock size=&#8221; font_color=&#8221; color=&#8221;]<br \/>\nPris fr\u00e5n <strong>2190<\/strong> kronor<\/p>\n<p><em>V\u00e4lkommen till en helg i h\u00f6stvacker Siljansbygd!  Kom och ladda batterierna och skafferiet. H\u00e4r \u00e4r lugnet p\u00e5tagligt och luften frisk. Vi bjuds in i naturens \u00f6verfl\u00f6dande skafferi och tillsammans med erfarna guider beger vi oss ut i de sk\u00f6na R\u00e4ttviksskogarna. <\/em><em>Under l\u00f6rdagens b\u00e4rutflykt \u00e4ter vi  lunch ute i det fria. P\u00e5 kv\u00e4llen serveras middag i Stiftsg\u00e5rdens trevliga restaurang, sj\u00e4lvklart blir det med skogen som tema. S\u00f6ndag beger vi oss ut i skogen igen, nu f\u00f6r att leta h\u00e4rlig matsvamp. B\u00e4ren och svampen du plockat blir till fina kulinariska minnen att njuta av med v\u00e4nner till vardag och fest hemmavid n\u00e4r vintern blir kall och m\u00f6rk. Inga f\u00f6rkunskaper kr\u00e4vs. Det r\u00e4cker med en positiv f\u00f6rv\u00e4ntan, funktionella kl\u00e4der och skor samt lust att utforska det goda skog och mark erbjuder oss!<\/em><\/p>\n<p><strong>Ing\u00e5r<br \/>\n<\/strong>2 n\u00e4tter inkl. s\u00e4nglinnen och frukost, tv\u00e5 utflykter med ledare, lunch utomhus l\u00f6rdag, middagsbuff\u00e9 l\u00f6rdag, s\u00f6ndagsbuff\u00e9 samt att ni s\u00e5 klart f\u00e5r ta med er de b\u00e4r och svampar som ni plockat under helgen.<\/p>\n<p><strong>Datum<br \/>\n<\/strong>Fredag &#8211; s\u00f6ndag 9-11 september. (Incheckning fr\u00e5n klockan 15.00 fredag, utcheckning senast kl. 11.00 s\u00f6ndag)<\/p>\n<p><strong>Boka<br \/>\n<\/strong>Bokning m\u00e5ste ske senast 1 vecka f\u00f6re, efteranm\u00e4lan endast i m\u00e5n av plats. Minimum antal deltagare \u00e4r 4 personer. F\u00f6r att boka kontakta oss p\u00e5 <a href=\"mailto:bokningen@stiftsgarden.org\">bokningen@stiftsgarden.org<\/a> eller 010-160 80 01.<\/p>\n<p><strong>Fr\u00e5gor<br \/>\n<\/strong>F\u00f6r fr\u00e5gor kontakta oss p\u00e5 tfn 010-160 80 01 eller <a href=\"mailto:info@stiftsgarden.se\">bokningen@stiftsgarden.org<\/a><br \/>\n[\/av_textblock]<\/p>\n<p>[av_one_full first min_height=&#8221; vertical_alignment=&#8221; space=&#8221; custom_margin=&#8221; margin=&#8217;0px&#8217; padding=&#8217;0px&#8217; border=&#8221; border_color=&#8221; radius=&#8217;0px&#8217; background_color=&#8221; src=&#8221; background_position=&#8217;top left&#8217; background_repeat=&#8217;no-repeat&#8217; animation=&#8221;]<br \/>\n[av_image src=&#8217;https:\/\/stiftsgardenrattvik.se\/wp-content\/uploads\/2016\/07\/2014-10-11-16.51.32.jpg&#8217; attachment=&#8217;5552&#8242; attachment_size=&#8217;full&#8217; align=&#8217;center&#8217; styling=&#8221; hover=&#8221; link=&#8221; target=&#8221; caption=&#8221; font_size=&#8221; appearance=&#8221; overlay_opacity=&#8217;0.4&#8242; overlay_color=&#8217;#000000&#8242; overlay_text_color=&#8217;#ffffff&#8217; animation=&#8217;no-animation&#8217;][\/av_image]<br \/>\n[\/av_one_full]<\/p>\n","protected":false},"excerpt":{"rendered":"<p>[av_textblock size=&#8221; font_color=&#8221; color=&#8221;] Pris fr\u00e5n 2190 kronor V\u00e4lkommen till en helg i h\u00f6stvacker Siljansbygd! Kom och ladda batterierna och skafferiet. H\u00e4r \u00e4r lugnet p\u00e5tagligt och luften frisk. Vi bjuds in i naturens \u00f6verfl\u00f6dande skafferi och tillsammans med erfarna guider beger vi oss ut i de sk\u00f6na R\u00e4ttviksskogarna. Under l\u00f6rdagens b\u00e4rutflykt \u00e4ter vi lunch ute [&hellip;]<\/p>\n","protected":false},"author":1,"featured_media":0,"parent":0,"menu_order":0,"comment_status":"closed","ping_status":"closed","template":"","meta":{"footnotes":""},"class_list":["post-5547","page","type-page","status-publish","hentry"],"_links":{"self":[{"href":"https:\/\/www1.stiftsgardenrattvik.se\/index.php?rest_route=\/wp\/v2\/pages\/5547","targetHints":{"allow":["GET"]}}],"collection":[{"href":"https:\/\/www1.stiftsgardenrattvik.se\/index.php?rest_route=\/wp\/v2\/pages"}],"about":[{"href":"https:\/\/www1.stiftsgardenrattvik.se\/index.php?rest_route=\/wp\/v2\/types\/page"}],"author":[{"embeddable":true,"href":"https:\/\/www1.stiftsgardenrattvik.se\/index.php?rest_route=\/wp\/v2\/users\/1"}],"replies":[{"embeddable":true,"href":"https:\/\/www1.stiftsgardenrattvik.se\/index.php?rest_route=%2Fwp%2Fv2%2Fcomments&post=5547"}],"version-history":[{"count":7,"href":"https:\/\/www1.stiftsgardenrattvik.se\/index.php?rest_route=\/wp\/v2\/pages\/5547\/revisions"}],"predecessor-version":[{"id":5560,"href":"https:\/\/www1.stiftsgardenrattvik.se\/index.php?rest_route=\/wp\/v2\/pages\/5547\/revisions\/5560"}],"wp:attachment":[{"href":"https:\/\/www1.stiftsgardenrattvik.se\/index.php?rest_route=%2Fwp%2Fv2%2Fmedia&parent=5547"}],"curies":[{"name":"wp","href":"https:\/\/api.w.org\/{rel}","templated":true}]}}