{"id":5671,"date":"2016-10-07T23:07:32","date_gmt":"2016-10-07T21:07:32","guid":{"rendered":"http:\/\/stiftsgardenrattvik.se\/?page_id=5671"},"modified":"2024-08-12T13:27:27","modified_gmt":"2024-08-12T11:27:27","slug":"om-oss","status":"publish","type":"page","link":"https:\/\/www1.stiftsgardenrattvik.se\/?page_id=5671","title":{"rendered":"Om oss"},"content":{"rendered":"<p>[av_one_full first min_height=&#8221; vertical_alignment=&#8221; space=&#8221; custom_margin=&#8221; margin=&#8217;0px&#8217; padding=&#8217;0px&#8217; border=&#8221; border_color=&#8221; radius=&#8217;0px&#8217; background_color=&#8221; src=&#8221; background_position=&#8217;top left&#8217; background_repeat=&#8217;no-repeat&#8217; animation=&#8221; av_uid=&#8217;av-6st4w7&#8242;]<br \/>\n[av_textblock size=&#8221; font_color=&#8221; color=&#8221; av_uid=&#8217;av-5e0uzr&#8217;]<\/p>\n<h1 style=\"text-align: center;\"><strong>Stiftsg\u00e5rden R\u00e4ttvik<\/strong><\/h1>\n<p>[\/av_textblock]<br \/>\n[\/av_one_full]<\/p>\n<p>[av_one_full first min_height=&#8221; vertical_alignment=&#8221; space=&#8221; custom_margin=&#8221; margin=&#8217;0px&#8217; padding=&#8217;0px&#8217; border=&#8221; border_color=&#8221; radius=&#8217;0px&#8217; background_color=&#8221; src=&#8221; background_position=&#8217;top left&#8217; background_repeat=&#8217;no-repeat&#8217; animation=&#8221; av_uid=&#8217;av-1auh3&#8242;]<\/p>\n<p>[av_textblock textblock_styling_align=&#8221; textblock_styling=&#8221; textblock_styling_gap=&#8221; textblock_styling_mobile=&#8221; size=&#8221; av-desktop-font-size=&#8221; av-medium-font-size=&#8221; av-small-font-size=&#8221; av-mini-font-size=&#8221; font_color=&#8221; color=&#8221; id=&#8221; custom_class=&#8221; template_class=&#8221; av_uid=&#8217;av-2db3xj&#8217; sc_version=&#8217;1.0&#8242; admin_preview_bg=&#8221;]<\/p>\n<h6>Vi m\u00e4nniskor befinner oss alltid p\u00e5 vandring i livet. Det \u00e4r en utmaning att v\u00e4lja vilka v\u00e4gar vi ska g\u00e5. Ibland rullar livet p\u00e5, ibland utmanas vi av branta uppf\u00f6rsbackar. Stiftsg\u00e5rden vill vara en plats f\u00f6r de stunder d\u00e5 v\u00e4gar m\u00f6ts. Goda m\u00f6ten leder till nya tankar, som hj\u00e4lper oss p\u00e5 v\u00e5r v\u00e4g genom livet. Hos oss finns tiden och platsen, tid f\u00f6r att m\u00f6tas, tid f\u00f6r att reflektera.<\/h6>\n<p><strong>STIFTSG\u00c5RDEN \u00c4R EN OVANLIG PLATS\u00a0<\/strong><\/p>\n<p>Vi driver hotell och restaurang samtidigt som vi arbetar med kyrklig ungdomsverksamhet. Det betyder att du kan vara h\u00e4r tillsammans med <strong>m\u00e5nga ungdomar<\/strong> och konfirmander som \u00e4r h\u00e4r p\u00e5 l\u00e4ger. Stiftsg\u00e5rden vill vara en <strong>alkoholfri milj\u00f6<\/strong> och har ingen bar och ingen alkoholf\u00f6rs\u00e4ljning. Av h\u00e4nsyn till detta ber vi alla g\u00e4ster att avst\u00e5 fr\u00e5n att dricka alkohol h\u00e4r p\u00e5 g\u00e5rden. <strong>Tack!<\/strong><\/p>\n<p>Vi anstr\u00e4nger oss ocks\u00e5 f\u00f6r att de unga g\u00e4sterna ska <strong>respektera den nattro<\/strong> man f\u00f6rv\u00e4ntar sig p\u00e5 ett hotell. Hoppas att vi lyckas med det s\u00e5 att ni f\u00e5r sova gott och <strong>trivas h\u00e4r hos oss<\/strong>.<\/p>\n<p>Flera g\u00e5nger om dagen har vi korta andakter i v\u00e5rt kapell. Alla som vill \u00e4r v\u00e4lkomna att delta i dem.<\/p>\n<p><strong>SOCIALT ENGAGEMANG<\/strong><\/p>\n<p>Stiftsg\u00e5rden samverkar med socialf\u00f6rvaltningar, F\u00f6rs\u00e4kringskassan, kvinnojourer och andra viktiga samh\u00e4llsorganisationer f\u00f6r att erbjuda plats f\u00f6r m\u00e4nniskor med olika sociala behov. Stiftsg\u00e5rden har ocks\u00e5 ett n\u00e4ra samarbete med Arbetsf\u00f6rmedlingen och \u00e4r en plats f\u00f6r praktik och arbetstr\u00e4ning. Under arbetstr\u00e4ning och praktik anv\u00e4nder vi oss av bem\u00f6tandemetoden Mary f\u00f6r att deltagarens tid hos oss ska bli s\u00e5 bra som m\u00f6jligt. L\u00e4s mer h\u00e4r:\u00a0 <strong><a href=\"https:\/\/www.svenskakyrkan.se\/mary\">https:\/\/www.svenskakyrkan.se\/mary<\/a><\/strong><\/p>\n<p>Det ska finnas m\u00f6jlighet f\u00f6r alla m\u00e4nniskor att vistas hos oss, oavsett hur livet ser ut. D\u00e4rf\u00f6r har vi en\u00a0<em>Vistelsefond\u00a0<\/em>som m\u00f6jligg\u00f6r det om\u00f6jliga f\u00f6r m\u00e4nniskor i olika \u00e5ldrar. Vi tar alltid tacksamt emot bidrag till v\u00e5r\u00a0<em>Vistelsefond<\/em>, fr\u00e5n den som vill g\u00f6ra en social insats.<\/p>\n<p><strong>ALKOHOLFRI MILJ\u00d6<\/strong><br \/>\nSom ett st\u00f6d f\u00f6r m\u00e4nniskor med alkoholrelaterade problem och med tanke p\u00e5 v\u00e5rt stora ungdomsarbete har vi valt att vara en alkoholfri milj\u00f6. Vi v\u00e4djar d\u00e4rf\u00f6r till dig som bes\u00f6ker oss att inte anv\u00e4nda alkohol p\u00e5 omr\u00e5det. Tack f\u00f6r att du visar h\u00e4nsyn!<\/p>\n<p><strong>\u00d6PPET F\u00d6R ALLA<\/strong><br \/>\nI Stiftsg\u00e5rdens id\u00e9 och profil ing\u00e5r att vara en \u00f6ppen milj\u00f6 d\u00e4r alla oavsett tro och livs\u00e5sk\u00e5dning skall k\u00e4nna sig v\u00e4lkomna \u2013 en m\u00f6tesplats till gl\u00e4dje f\u00f6r m\u00e5nga. H\u00e4r m\u00f6ts m\u00e4nniskor i olika \u00e5ldrar, i olika \u00e4renden och med olika bakgrund. Eller som v\u00e5r f\u00f6rest\u00e5ndare Nils-Hugo Ahlstedt som var p\u00e5 g\u00e5rden 1952-1975 formulerade det:<\/p>\n<p><em>&#8220;G\u00e5rden skall ligga som en \u00f6ppen famn ut emot v\u00e4rlden, m\u00e4nniskorna och Gud. Och i den famnen skall inrymmas alla sorters m\u00e4nniskor oberoende av religion, hudf\u00e4rg eller vilken politisk \u00e5sikt vi har. Alla \u00e4r vi av Gud skapta till m\u00e4nniskor med samma v\u00e4rde&#8221;<\/em><br \/>\n[\/av_textblock]<\/p>\n<p>[\/av_one_full]<\/p>\n","protected":false},"excerpt":{"rendered":"","protected":false},"author":1,"featured_media":0,"parent":0,"menu_order":0,"comment_status":"closed","ping_status":"closed","template":"","meta":{"footnotes":""},"class_list":["post-5671","page","type-page","status-publish","hentry"],"_links":{"self":[{"href":"https:\/\/www1.stiftsgardenrattvik.se\/index.php?rest_route=\/wp\/v2\/pages\/5671","targetHints":{"allow":["GET"]}}],"collection":[{"href":"https:\/\/www1.stiftsgardenrattvik.se\/index.php?rest_route=\/wp\/v2\/pages"}],"about":[{"href":"https:\/\/www1.stiftsgardenrattvik.se\/index.php?rest_route=\/wp\/v2\/types\/page"}],"author":[{"embeddable":true,"href":"https:\/\/www1.stiftsgardenrattvik.se\/index.php?rest_route=\/wp\/v2\/users\/1"}],"replies":[{"embeddable":true,"href":"https:\/\/www1.stiftsgardenrattvik.se\/index.php?rest_route=%2Fwp%2Fv2%2Fcomments&post=5671"}],"version-history":[{"count":7,"href":"https:\/\/www1.stiftsgardenrattvik.se\/index.php?rest_route=\/wp\/v2\/pages\/5671\/revisions"}],"predecessor-version":[{"id":14686,"href":"https:\/\/www1.stiftsgardenrattvik.se\/index.php?rest_route=\/wp\/v2\/pages\/5671\/revisions\/14686"}],"wp:attachment":[{"href":"https:\/\/www1.stiftsgardenrattvik.se\/index.php?rest_route=%2Fwp%2Fv2%2Fmedia&parent=5671"}],"curies":[{"name":"wp","href":"https:\/\/api.w.org\/{rel}","templated":true}]}}