{"id":5677,"date":"2016-10-07T23:14:42","date_gmt":"2016-10-07T21:14:42","guid":{"rendered":"http:\/\/stiftsgardenrattvik.se\/?page_id=5677"},"modified":"2021-11-16T15:26:37","modified_gmt":"2021-11-16T14:26:37","slug":"stiftsgardens-historia","status":"publish","type":"page","link":"https:\/\/www1.stiftsgardenrattvik.se\/?page_id=5677","title":{"rendered":"Stiftsg\u00e5rdens historia"},"content":{"rendered":"<p>[av_one_full first min_height=&#8221; vertical_alignment=&#8221; space=&#8221; custom_margin=&#8221; margin=&#8217;0px&#8217; padding=&#8217;0px&#8217; border=&#8221; border_color=&#8221; radius=&#8217;0px&#8217; background_color=&#8221; src=&#8221; background_position=&#8217;top left&#8217; background_repeat=&#8217;no-repeat&#8217; animation=&#8221;]<\/p>\n<p>[av_textblock size=&#8221; font_color=&#8221; color=&#8221;]<\/p>\n<h1 style=\"text-align: center;\">stiftsg\u00e5rdens historia<\/h1>\n<p>[\/av_textblock]<\/p>\n<p>[\/av_one_full][av_one_half first min_height=&#8221; vertical_alignment=&#8221; space=&#8221; custom_margin=&#8221; margin=&#8217;0px&#8217; padding=&#8217;0px&#8217; border=&#8221; border_color=&#8221; radius=&#8217;0px&#8217; background_color=&#8221; src=&#8221; background_position=&#8217;top left&#8217; background_repeat=&#8217;no-repeat&#8217; animation=&#8221;]<\/p>\n<p>[av_hr class=&#8217;invisible&#8217; height=&#8217;80&#8217; shadow=&#8217;no-shadow&#8217; position=&#8217;center&#8217; custom_border=&#8217;av-border-thin&#8217; custom_width=&#8217;50px&#8217; custom_border_color=&#8221; custom_margin_top=&#8217;30px&#8217; custom_margin_bottom=&#8217;30px&#8217; icon_select=&#8217;yes&#8217; custom_icon_color=&#8221; icon=&#8217;ue808&#8242; font=&#8217;entypo-fontello&#8217;]<\/p>\n<p>[av_textblock size=&#8221; font_color=&#8221; color=&#8221;]<\/p>\n<h6>I b\u00f6rjan av 1940-talet v\u00e4xte en vision om ett center f\u00f6r kyrkliga utbildningar, en trygg milj\u00f6 f\u00f6r barn och ungdomar och en vilsam plats f\u00f6r rekreation fram i V\u00e4ster\u00e5s stift.<\/h6>\n<p>Blickarna riktades mot Siljansbygden med sitt centrala l\u00e4ge i stiftet och dessutom med h\u00e4nf\u00f6rande milj\u00f6. Till en b\u00f6rjan uppl\u00e4ts f\u00f6rsamlingshemmet i R\u00e4ttviks gamla stationssamh\u00e4lle f\u00f6r verksamheten som drog ig\u00e5ng 1942. Ganska snart d\u00e4rp\u00e5 ins\u00e5g man att lokalerna inte r\u00e4ckte till och stiftet fick ist\u00e4llet \u00f6verta den gamla Klockarg\u00e5rden som l\u00e5g alldeles intill R\u00e4ttviks kyrka, vid Siljans strand. Det som fr\u00e5n b\u00f6rjan var ett f\u00e5tal bost\u00e4der, en sockenstuga och en skolsal ans\u00e5gs ha god potential att v\u00e4xa. Detta tack vare den stora strandtomt som h\u00f6rde till Klockarg\u00e5rden. Arbetet med att bygga den nya Stiftsg\u00e5rden kunde \u00e4ntligen b\u00f6rja och m\u00e5nga f\u00f6rsamlingar runtom i stiftet var engagerade och hj\u00e4lpte till. Den 5 april 1952 invigdes s\u00e5 den nya Stiftsg\u00e5rden av d\u00e5varande biskopen John Cullberg.<br \/>\n[\/av_textblock]<\/p>\n<p>[\/av_one_half][av_one_half min_height=&#8221; vertical_alignment=&#8221; space=&#8221; custom_margin=&#8221; margin=&#8217;0px&#8217; padding=&#8217;0px&#8217; border=&#8221; border_color=&#8221; radius=&#8217;0px&#8217; background_color=&#8221; src=&#8221; background_position=&#8217;top left&#8217; background_repeat=&#8217;no-repeat&#8217; animation=&#8221;]<\/p>\n<p>[av_hr class=&#8217;invisible&#8217; height=&#8217;30&#8217; shadow=&#8217;no-shadow&#8217; position=&#8217;center&#8217; custom_border=&#8217;av-border-thin&#8217; custom_width=&#8217;50px&#8217; custom_border_color=&#8221; custom_margin_top=&#8217;30px&#8217; custom_margin_bottom=&#8217;30px&#8217; icon_select=&#8217;yes&#8217; custom_icon_color=&#8221; icon=&#8217;ue808&#8242; font=&#8217;entypo-fontello&#8217;]<\/p>\n<p>[av_image src=&#8217;https:\/\/stiftsgardenrattvik.se\/wp-content\/uploads\/2020\/12\/Husen0008.jpg&#8217; attachment=&#8217;10544&#8242; attachment_size=&#8217;full&#8217; align=&#8217;center&#8217; styling=&#8221; hover=&#8221; link=&#8221; target=&#8221; caption=&#8221; font_size=&#8221; appearance=&#8221; overlay_opacity=&#8217;0.4&#8242; overlay_color=&#8217;#000000&#8242; overlay_text_color=&#8217;#ffffff&#8217; animation=&#8217;no-animation&#8217;][\/av_image]<\/p>\n<p>[\/av_one_half][av_one_full first min_height=&#8221; vertical_alignment=&#8221; space=&#8221; custom_margin=&#8221; margin=&#8217;0px&#8217; padding=&#8217;0px&#8217; border=&#8221; border_color=&#8221; radius=&#8217;0px&#8217; background_color=&#8221; src=&#8221; background_position=&#8217;top left&#8217; background_repeat=&#8217;no-repeat&#8217; animation=&#8221;]<br \/>\n[av_textblock size=&#8221; font_color=&#8221; color=&#8221;]<br \/>\nMed \u00e5ren har g\u00e5rden blivit en m\u00f6tesplats mellan m\u00e4nniskor i olika \u00e5ldrar, med olika bakgrund, olika \u00e5sikter, olika livs\u00e5sk\u00e5dningar och olika trosuppfattningar. Ungdomar har alltid haft en s\u00e4rskild plats p\u00e5 Stiftsg\u00e5rden R\u00e4ttvik och utg\u00f6r \u00e4n idag en klar majoritet av g\u00e5rdens totalt ca 30.000 \u00f6vernattningar per \u00e5r.<\/p>\n<p>Fastighetsbest\u00e5nd och verksamhet har vuxit genom \u00e5ren. Stiftsg\u00e5rden har idag ett modernt restaurangk\u00f6k som serverar frukost, lunch och middag n\u00e4stan varje dag \u00e5ret om. F\u00f6rdelat p\u00e5 flera olika matsalar finns plats f\u00f6r 250 matg\u00e4ster. Det g\u00e5r \u00e4ven att best\u00e4lla catering. Anl\u00e4ggningen kan ta emot 270 \u00f6vernattande g\u00e4ster &#8211; i hotellrum, l\u00e4genheter och l\u00e4gerg\u00e5rdar. Stiftsg\u00e5rden \u00e4r \u00e4ven en popul\u00e4r konferensg\u00e5rd med ett flertal konferensrum i olika storlekar. Den st\u00f6rsta med kapacitet f\u00f6r 150 sittande. Enhetens kapell som ocks\u00e5 tillh\u00f6r g\u00e5rden \u00e4r med sina 100 platser i dagligt bruk f\u00f6r andakt och m\u00e4ssa. Det \u00e4r ocks\u00e5 en stillsam plats f\u00f6r kontemplation och \u00e5terh\u00e4mtning. Ut\u00f6ver detta \u00e4r Stiftsg\u00e5rden v\u00e4lutrustad avseende fritids- och friluftsaktiviteter och erbjuder allt fr\u00e5n egen badstrand, kanoter, kajaker, volleybollplan, bastu, l\u00e5ngf\u00e4rdsskridskor, sparkar, lekplats till fotbollsplan och tipi-t\u00e4lt.<\/p>\n<p>\u201dG\u00e5rden vid stranden av Siljan i R\u00e4ttvik har varit en m\u00f6tesplats i mer \u00e4n ett halvt sekel. P\u00e5 den vackraste av platser och i en \u00f6ppen och till\u00e5tande milj\u00f6, med kapellet som centrum, har livsavg\u00f6rande erfarenheter gjorts av b\u00e5de unga och gamla. M\u00e5nga har m\u00f6tt levande Gud p\u00e5 ett avg\u00f6rande s\u00e4tt. M\u00e5nga har h\u00e4r ocks\u00e5 m\u00f6tt sin livskamrat f\u00f6r den fortsatta livsresan (s\u00e5 har det varit f\u00f6r mig i b\u00e5da dessa avseenden!). Stiftsg\u00e5rden har haft en ofantlig betydelse f\u00f6r otaliga m\u00e4nniskor, l\u00e5ngt utanf\u00f6r V\u00e4ster\u00e5s stifts gr\u00e4nser. Det \u00e4r en plats som sorlar av minnen, men som ocks\u00e5 frisk och vital \u00f6ppnar sig mot framtiden.\u201d S\u00e5 skriver Claes-Bertil Ytterberg, biskop emeritus i V\u00e4ster\u00e5s stift i f\u00f6rordet till boken<em> \u201dFr\u00e5n Klockarg\u00e5rd till Stiftsg\u00e5rd\u201d<\/em><br \/>\n[\/av_textblock]<br \/>\n[\/av_one_full]<\/p>\n","protected":false},"excerpt":{"rendered":"<p>[av_one_full first min_height=&#8221; vertical_alignment=&#8221; space=&#8221; custom_margin=&#8221; margin=&#8217;0px&#8217; padding=&#8217;0px&#8217; border=&#8221; border_color=&#8221; radius=&#8217;0px&#8217; background_color=&#8221; src=&#8221; background_position=&#8217;top left&#8217; background_repeat=&#8217;no-repeat&#8217; animation=&#8221;] [av_textblock size=&#8221; font_color=&#8221; color=&#8221;] stiftsg\u00e5rdens historia [\/av_textblock] [\/av_one_full][av_one_half first min_height=&#8221; vertical_alignment=&#8221; space=&#8221; custom_margin=&#8221; margin=&#8217;0px&#8217; padding=&#8217;0px&#8217; border=&#8221; border_color=&#8221; radius=&#8217;0px&#8217; background_color=&#8221; src=&#8221; background_position=&#8217;top left&#8217; background_repeat=&#8217;no-repeat&#8217; animation=&#8221;] [av_hr class=&#8217;invisible&#8217; height=&#8217;80&#8217; shadow=&#8217;no-shadow&#8217; position=&#8217;center&#8217; custom_border=&#8217;av-border-thin&#8217; custom_width=&#8217;50px&#8217; custom_border_color=&#8221; custom_margin_top=&#8217;30px&#8217; custom_margin_bottom=&#8217;30px&#8217; icon_select=&#8217;yes&#8217; custom_icon_color=&#8221; icon=&#8217;ue808&#8242; font=&#8217;entypo-fontello&#8217;] [&hellip;]<\/p>\n","protected":false},"author":1,"featured_media":0,"parent":0,"menu_order":0,"comment_status":"closed","ping_status":"closed","template":"","meta":{"footnotes":""},"class_list":["post-5677","page","type-page","status-publish","hentry"],"_links":{"self":[{"href":"https:\/\/www1.stiftsgardenrattvik.se\/index.php?rest_route=\/wp\/v2\/pages\/5677","targetHints":{"allow":["GET"]}}],"collection":[{"href":"https:\/\/www1.stiftsgardenrattvik.se\/index.php?rest_route=\/wp\/v2\/pages"}],"about":[{"href":"https:\/\/www1.stiftsgardenrattvik.se\/index.php?rest_route=\/wp\/v2\/types\/page"}],"author":[{"embeddable":true,"href":"https:\/\/www1.stiftsgardenrattvik.se\/index.php?rest_route=\/wp\/v2\/users\/1"}],"replies":[{"embeddable":true,"href":"https:\/\/www1.stiftsgardenrattvik.se\/index.php?rest_route=%2Fwp%2Fv2%2Fcomments&post=5677"}],"version-history":[{"count":13,"href":"https:\/\/www1.stiftsgardenrattvik.se\/index.php?rest_route=\/wp\/v2\/pages\/5677\/revisions"}],"predecessor-version":[{"id":11319,"href":"https:\/\/www1.stiftsgardenrattvik.se\/index.php?rest_route=\/wp\/v2\/pages\/5677\/revisions\/11319"}],"wp:attachment":[{"href":"https:\/\/www1.stiftsgardenrattvik.se\/index.php?rest_route=%2Fwp%2Fv2%2Fmedia&parent=5677"}],"curies":[{"name":"wp","href":"https:\/\/api.w.org\/{rel}","templated":true}]}}