{"id":5721,"date":"2016-10-08T22:46:41","date_gmt":"2016-10-08T20:46:41","guid":{"rendered":"http:\/\/stiftsgardenrattvik.se\/?page_id=5721"},"modified":"2025-08-01T13:01:29","modified_gmt":"2025-08-01T11:01:29","slug":"konfirmationslager","status":"publish","type":"page","link":"https:\/\/www1.stiftsgardenrattvik.se\/?page_id=5721","title":{"rendered":"Konfirmationsl\u00e4ger"},"content":{"rendered":"<p>[av_section min_height=&#8221; min_height_pc=&#8217;25&#8217; min_height_px=&#8217;500px&#8217; shadow=&#8217;no-border-styling&#8217; bottom_border=&#8217;no-border-styling&#8217; bottom_border_diagonal_color=&#8217;#333333&#8242; bottom_border_diagonal_direction=&#8221; bottom_border_style=&#8221; padding=&#8217;default&#8217; custom_margin=&#8217;0px&#8217; custom_margin_sync=&#8217;true&#8217; av-desktop-custom_margin=&#8221; av-desktop-custom_margin_sync=&#8217;true&#8217; av-medium-custom_margin=&#8221; av-medium-custom_margin_sync=&#8217;true&#8217; av-small-custom_margin=&#8221; av-small-custom_margin_sync=&#8217;true&#8217; av-mini-custom_margin=&#8221; av-mini-custom_margin_sync=&#8217;true&#8217; svg_div_top=&#8221; svg_div_top_color=&#8217;#333333&#8242; svg_div_top_width=&#8217;100&#8242; svg_div_top_height=&#8217;50&#8217; svg_div_top_max_height=&#8217;none&#8217; svg_div_top_opacity=&#8221; svg_div_bottom=&#8221; svg_div_bottom_color=&#8217;#333333&#8242; svg_div_bottom_width=&#8217;100&#8242; svg_div_bottom_height=&#8217;50&#8217; svg_div_bottom_max_height=&#8217;none&#8217; svg_div_bottom_opacity=&#8221; color=&#8217;main_color&#8217; background=&#8217;bg_color&#8217; custom_bg=&#8221; background_gradient_direction=&#8217;vertical&#8217; background_gradient_color1=&#8217;#000000&#8242; background_gradient_color2=&#8217;#ffffff&#8217; background_gradient_color3=&#8221; src=&#8221; attachment=&#8221; attachment_size=&#8221; attach=&#8217;parallax&#8217; position=&#8217;top left&#8217; repeat=&#8217;no-repeat&#8217; video=&#8221; video_ratio=&#8217;16:9&#8242; overlay_enable=&#8217;aviaTBoverlay_enable&#8217; overlay_opacity=&#8217;0.5&#8242; overlay_color=&#8221; overlay_pattern=&#8221; overlay_custom_pattern=&#8221; custom_arrow_bg=&#8221; css_position_z_index=&#8221; av-desktop-css_position_z_index=&#8221; av-medium-css_position_z_index=&#8221; av-small-css_position_z_index=&#8221; av-mini-css_position_z_index=&#8221; id=&#8221; custom_class=&#8221; template_class=&#8221; aria_label=&#8221; av_element_hidden_in_editor=&#8217;0&#8242; av_uid=&#8217;av-ld8oe0ca&#8217; sc_version=&#8217;1.0&#8242;]<\/p>\n<p>[av_one_full first min_height=&#8221; vertical_alignment=&#8217;av-align-top&#8217; space=&#8221; row_boxshadow_width=&#8217;10&#8217; row_boxshadow_color=&#8221; margin=&#8217;0px&#8217; margin_sync=&#8217;true&#8217; av-desktop-margin=&#8221; av-desktop-margin_sync=&#8217;true&#8217; av-medium-margin=&#8221; av-medium-margin_sync=&#8217;true&#8217; av-small-margin=&#8221; av-small-margin_sync=&#8217;true&#8217; av-mini-margin=&#8221; av-mini-margin_sync=&#8217;true&#8217; mobile_breaking=&#8221; mobile_column_order=&#8221; border=&#8221; border_style=&#8217;ridge&#8217; border_color=&#8217;rgba(204,51,51,0.9)&#8217; radius=&#8217;0px&#8217; radius_sync=&#8217;true&#8217; min_col_height=&#8221; padding=&#8217;5px&#8217; padding_sync=&#8217;true&#8217; av-desktop-padding=&#8221; av-desktop-padding_sync=&#8217;true&#8217; av-medium-padding=&#8221; av-medium-padding_sync=&#8217;true&#8217; av-small-padding=&#8221; av-small-padding_sync=&#8217;true&#8217; av-mini-padding=&#8221; av-mini-padding_sync=&#8217;true&#8217; svg_div_top=&#8221; svg_div_top_color=&#8217;#333333&#8242; svg_div_top_width=&#8217;100&#8242; svg_div_top_height=&#8217;50&#8217; svg_div_top_max_height=&#8217;none&#8217; svg_div_top_opacity=&#8221; svg_div_bottom=&#8221; svg_div_bottom_color=&#8217;#333333&#8242; svg_div_bottom_width=&#8217;100&#8242; svg_div_bottom_height=&#8217;50&#8217; svg_div_bottom_max_height=&#8217;none&#8217; svg_div_bottom_opacity=&#8221; column_boxshadow_width=&#8217;10&#8217; column_boxshadow_color=&#8217;#0a0a0a&#8217; background=&#8217;bg_color&#8217; background_color=&#8217;rgba(255,255,255,0.9)&#8217; background_gradient_direction=&#8217;vertical&#8217; background_gradient_color1=&#8217;#000000&#8242; background_gradient_color2=&#8217;#ffffff&#8217; background_gradient_color3=&#8221; src=&#8221; attachment=&#8221; attachment_size=&#8221; background_position=&#8217;top left&#8217; background_repeat=&#8217;no-repeat&#8217; highlight_size=&#8217;1.1&#8242; animation=&#8221; animation_duration=&#8221; animation_custom_bg_color=&#8221; animation_z_index_curtain=&#8217;100&#8242; parallax_parallax=&#8221; parallax_parallax_speed=&#8221; av-desktop-parallax_parallax=&#8221; av-desktop-parallax_parallax_speed=&#8221; av-medium-parallax_parallax=&#8221; av-medium-parallax_parallax_speed=&#8221; av-small-parallax_parallax=&#8221; av-small-parallax_parallax_speed=&#8221; av-mini-parallax_parallax=&#8221; av-mini-parallax_parallax_speed=&#8221; css_position=&#8221; css_position_location=&#8217;,,,&#8217; css_position_z_index=&#8221; av-desktop-css_position=&#8221; av-desktop-css_position_location=&#8217;,,,&#8217; av-desktop-css_position_z_index=&#8221; av-medium-css_position=&#8221; av-medium-css_position_location=&#8217;,,,&#8217; av-medium-css_position_z_index=&#8221; av-small-css_position=&#8221; av-small-css_position_location=&#8217;,,,&#8217; av-small-css_position_z_index=&#8221; av-mini-css_position=&#8221; av-mini-css_position_location=&#8217;,,,&#8217; av-mini-css_position_z_index=&#8221; link=&#8221; linktarget=&#8221; link_hover=&#8221; title_attr=&#8221; alt_attr=&#8221; mobile_display=&#8221; mobile_col_pos=&#8217;0&#8242; id=&#8221; custom_class=&#8221; template_class=&#8221; aria_label=&#8221; av_uid=&#8217;av-6xgqvt&#8217; sc_version=&#8217;1.0&#8242;]<\/p>\n<p>[av_textblock textblock_styling_align=&#8221; textblock_styling=&#8221; textblock_styling_gap=&#8221; textblock_styling_mobile=&#8221; size=&#8221; av-desktop-font-size=&#8221; av-medium-font-size=&#8221; av-small-font-size=&#8221; av-mini-font-size=&#8221; font_color=&#8221; color=&#8221; av-small-hide=&#8217;aviaTBav-small-hide&#8217; av-mini-hide=&#8217;aviaTBav-mini-hide&#8217; id=&#8221; custom_class=&#8221; template_class=&#8221; av_uid=&#8217;av-g9wl49&#8242; sc_version=&#8217;1.0&#8242; admin_preview_bg=&#8221;]<\/p>\n<h1 style=\"text-align: center;\">Konfirmationsl\u00e4ger<\/h1>\n<p>[\/av_textblock]<\/p>\n<p>[av_textblock textblock_styling_align=&#8221; textblock_styling=&#8221; textblock_styling_gap=&#8221; textblock_styling_mobile=&#8221; size=&#8221; av-desktop-font-size=&#8221; av-medium-font-size=&#8221; av-small-font-size=&#8221; av-mini-font-size=&#8221; font_color=&#8221; color=&#8221; id=&#8221; custom_class=&#8221; template_class=&#8221; av_uid=&#8217;av-5tmf2x&#8217; sc_version=&#8217;1.0&#8242; admin_preview_bg=&#8221;]<\/p>\n<h4>Konfirmationen<\/h4>\n<p style=\"text-align: left;\">Hos oss konfirmeras ungdomar i regel det \u00e5r de fyller 15 \u00e5r, ledare och konfirmander bor tillsammans p\u00e5 v\u00e5ra l\u00e4gerg\u00e5rdar.<br \/>\nDagarna brukar vara indelade s\u00e5 att lektioner \u00e4ger rum p\u00e5 f\u00f6rmiddagen medan det p\u00e5 eftermiddagen organiseras aktiviteter av olika slag. F\u00f6re konfirmationen anordnar Stiftsg\u00e5rden sommarl\u00e4ger dit alla som anm\u00e4lt sig till konfirmationsl\u00e4sning inbjuds fr\u00e5n det \u00e5r de fyller 11. Sommarveckan \u00e4r avsedd f\u00f6r att l\u00e4ra k\u00e4nna Stiftsg\u00e5rden och andra barn, d\u00e4r lek och allvar blandas i sk\u00f6n gemenskap tillsammans med ledare som ofta tidigare varit konfirmander p\u00e5 Stiftsg\u00e5rden. \u00c5ret f\u00f6re konfirmationen bjuds dessutom alla in till ett f\u00f6rl\u00e4ger.<\/p>\n<div id=\"maincontent\" style=\"text-align: left;\">\n<section class=\"c-article grid grid--one-col is-transparent\">\n<div class=\"article-container grid-container \"><\/div>\n<\/section>\n<\/div>\n<h4 style=\"text-align: left;\">Kontakt<\/h4>\n<p style=\"text-align: left;\">Hittar du inte svar p\u00e5 din fr\u00e5ga \u00e4r du alltid v\u00e4lkommen att kontakta v\u00e5r konfirmandadministrat\u00f6r<br \/>\nJenny Knapp p\u00e5 <a href=\"mailto:konfirmand@stiftsgardenrattvik.se\">konfirmand@stiftsgardenrattvik.se<\/a> eller telefon 010-160 80 75.<\/p>\n<h4 style=\"text-align: left;\">Anm\u00e4lan<\/h4>\n<p style=\"text-align: left;\">Anm\u00e4lan kan g\u00f6ras tidigast fr\u00e5n det \u00e5r barnet fyller 7 \u00e5r.<br \/>\nI februari \u00e5ret innan det \u00e4r dags f\u00f6r konfirmation skickas en inbjudan ut via e-post. Platsen avbokas per automatik om inget svar inkommer.<br \/>\nInloggning till &#8220;mina sidor&#8221;, <a href=\"http:\/\/www.konfirmand.stiftsgardenrattvik.se\">www.konfirmand.stiftsgardenrattvik.se<\/a><br \/>\n<strong>T\u00e4nk p\u00e5 att det \u00e4r viktigt att ni h\u00e5ller oss uppdaterade med r\u00e4tt kontaktuppgifter s\u00e5 att vi kan n\u00e5 er.<\/strong><\/p>\n<h4 style=\"text-align: left;\">Programblad<\/h4>\n<p style=\"text-align: left;\"><a href=\"https:\/\/stiftsgardenrattvik.se\/wp-content\/uploads\/2025\/08\/Konfirmationshogtid.pdf\"><strong>Program &#8211; Konfirmationsh\u00f6gtid<\/strong><\/a><\/p>\n<p>[\/av_textblock]<\/p>\n<p>[\/av_one_full][av_one_full first min_height=&#8221; vertical_alignment=&#8217;av-align-top&#8217; space=&#8221; row_boxshadow_width=&#8217;10&#8217; row_boxshadow_color=&#8221; margin=&#8217;0px&#8217; margin_sync=&#8217;true&#8217; av-desktop-margin=&#8221; av-desktop-margin_sync=&#8217;true&#8217; av-medium-margin=&#8221; av-medium-margin_sync=&#8217;true&#8217; av-small-margin=&#8221; av-small-margin_sync=&#8217;true&#8217; av-mini-margin=&#8221; av-mini-margin_sync=&#8217;true&#8217; mobile_breaking=&#8221; mobile_column_order=&#8221; border=&#8221; border_style=&#8217;solid&#8217; border_color=&#8221; radius=&#8217;0px&#8217; radius_sync=&#8217;true&#8217; min_col_height=&#8221; padding=&#8217;0px&#8217; padding_sync=&#8217;true&#8217; av-desktop-padding=&#8221; av-desktop-padding_sync=&#8217;true&#8217; av-medium-padding=&#8221; av-medium-padding_sync=&#8217;true&#8217; av-small-padding=&#8221; av-small-padding_sync=&#8217;true&#8217; av-mini-padding=&#8221; av-mini-padding_sync=&#8217;true&#8217; svg_div_top=&#8221; svg_div_top_color=&#8217;#333333&#8242; svg_div_top_width=&#8217;100&#8242; svg_div_top_height=&#8217;50&#8217; svg_div_top_max_height=&#8217;none&#8217; svg_div_top_opacity=&#8221; svg_div_bottom=&#8221; svg_div_bottom_color=&#8217;#333333&#8242; svg_div_bottom_width=&#8217;100&#8242; svg_div_bottom_height=&#8217;50&#8217; svg_div_bottom_max_height=&#8217;none&#8217; svg_div_bottom_opacity=&#8221; column_boxshadow_width=&#8217;10&#8217; column_boxshadow_color=&#8221; background=&#8217;bg_color&#8217; background_color=&#8221; background_gradient_direction=&#8217;vertical&#8217; background_gradient_color1=&#8217;#000000&#8242; background_gradient_color2=&#8217;#ffffff&#8217; background_gradient_color3=&#8221; src=&#8221; attachment=&#8221; attachment_size=&#8221; background_position=&#8217;top left&#8217; background_repeat=&#8217;no-repeat&#8217; highlight=&#8217;aviaTBhighlight&#8217; highlight_size=&#8217;1.3&#8242; animation=&#8221; animation_duration=&#8221; animation_custom_bg_color=&#8221; animation_z_index_curtain=&#8217;100&#8242; parallax_parallax=&#8221; parallax_parallax_speed=&#8221; av-desktop-parallax_parallax=&#8221; av-desktop-parallax_parallax_speed=&#8221; av-medium-parallax_parallax=&#8221; av-medium-parallax_parallax_speed=&#8221; av-small-parallax_parallax=&#8221; av-small-parallax_parallax_speed=&#8221; av-mini-parallax_parallax=&#8221; av-mini-parallax_parallax_speed=&#8221; css_position=&#8221; css_position_location=&#8217;,,,&#8217; css_position_z_index=&#8221; av-desktop-css_position=&#8221; av-desktop-css_position_location=&#8217;,,,&#8217; av-desktop-css_position_z_index=&#8221; av-medium-css_position=&#8221; av-medium-css_position_location=&#8217;,,,&#8217; av-medium-css_position_z_index=&#8221; av-small-css_position=&#8221; av-small-css_position_location=&#8217;,,,&#8217; av-small-css_position_z_index=&#8221; av-mini-css_position=&#8221; av-mini-css_position_location=&#8217;,,,&#8217; av-mini-css_position_z_index=&#8221; link=&#8221; linktarget=&#8221; link_hover=&#8221; title_attr=&#8221; alt_attr=&#8221; mobile_display=&#8221; mobile_col_pos=&#8217;0&#8242; id=&#8221; custom_class=&#8221; template_class=&#8221; aria_label=&#8221; av_uid=&#8217;av-3o5huh&#8217; sc_version=&#8217;1.0&#8242;]<\/p>\n<p>[av_button label=&#8217;ANM\u00c4LAN TILL KONFIRMATION!&#8217; icon_select=&#8217;no&#8217; icon=&#8217;ue80a&#8217; font=&#8217;entypo-fontello&#8217; link=&#8217;manually,http:\/\/www.konfirmand.stiftsgardenrattvik.se&#8217; link_target=&#8221; size=&#8217;x-large&#8217; position=&#8217;center&#8217; label_display=&#8221; title_attr=&#8221; size-text=&#8221; av-desktop-font-size-text=&#8221; av-medium-font-size-text=&#8221; av-small-font-size-text=&#8221; av-mini-font-size-text=&#8221; margin=&#8221; margin_sync=&#8217;true&#8217; padding=&#8221; padding_sync=&#8217;true&#8217; av-desktop-margin=&#8221; av-desktop-margin_sync=&#8217;true&#8217; av-desktop-padding=&#8221; av-desktop-padding_sync=&#8217;true&#8217; av-medium-margin=&#8221; av-medium-margin_sync=&#8217;true&#8217; av-medium-padding=&#8221; av-medium-padding_sync=&#8217;true&#8217; av-small-margin=&#8221; av-small-margin_sync=&#8217;true&#8217; av-small-padding=&#8221; av-small-padding_sync=&#8217;true&#8217; av-mini-margin=&#8221; av-mini-margin_sync=&#8217;true&#8217; av-mini-padding=&#8221; av-mini-padding_sync=&#8217;true&#8217; color_options=&#8221; color=&#8217;theme-color&#8217; custom_bg=&#8217;#444444&#8242; custom_font=&#8217;#ffffff&#8217; btn_color_bg=&#8217;theme-color&#8217; btn_custom_grad_direction=&#8217;vertical&#8217; btn_custom_grad_1=&#8217;#000000&#8242; btn_custom_grad_2=&#8217;#ffffff&#8217; btn_custom_grad_3=&#8221; btn_custom_grad_opacity=&#8217;0.7&#8242; btn_custom_bg=&#8217;#444444&#8242; btn_color_bg_hover=&#8217;theme-color-highlight&#8217; btn_custom_bg_hover=&#8217;#444444&#8242; btn_color_font=&#8217;theme-color&#8217; btn_custom_font=&#8217;#ffffff&#8217; btn_color_font_hover=&#8217;white&#8217; btn_custom_font_hover=&#8217;#ffffff&#8217; border=&#8221; border_width=&#8221; border_width_sync=&#8217;true&#8217; border_color=&#8221; border_radius=&#8221; border_radius_sync=&#8217;true&#8217; box_shadow=&#8217;outside&#8217; box_shadow_style=&#8217;2,2,2,2&#8242; box_shadow_color=&#8217;rgba(10,10,10,0.7)&#8217; animation=&#8221; animation_duration=&#8221; animation_custom_bg_color=&#8221; animation_z_index_curtain=&#8217;100&#8242; hover_opacity=&#8221; sonar_effect_effect=&#8217;shadow_hover_once&#8217; sonar_effect_color=&#8217;#0a0a0a&#8217; sonar_effect_duration=&#8221; sonar_effect_scale=&#8221; sonar_effect_opac=&#8217;0.5&#8242; css_position=&#8221; css_position_location=&#8217;,,,&#8217; css_position_z_index=&#8221; av-desktop-css_position=&#8221; av-desktop-css_position_location=&#8217;,,,&#8217; av-desktop-css_position_z_index=&#8221; av-medium-css_position=&#8221; av-medium-css_position_location=&#8217;,,,&#8217; av-medium-css_position_z_index=&#8221; av-small-css_position=&#8221; av-small-css_position_location=&#8217;,,,&#8217; av-small-css_position_z_index=&#8221; av-mini-css_position=&#8221; av-mini-css_position_location=&#8217;,,,&#8217; av-mini-css_position_z_index=&#8221; id=&#8221; custom_class=&#8221; template_class=&#8221; av_uid=&#8217;av-bj2op&#8217; sc_version=&#8217;1.0&#8242; admin_preview_bg=&#8221;]<\/p>\n<p>[\/av_one_full][av_one_half first min_height=&#8221; vertical_alignment=&#8217;av-align-top&#8217; space=&#8221; row_boxshadow_width=&#8217;10&#8217; row_boxshadow_color=&#8221; margin=&#8217;0px&#8217; margin_sync=&#8217;true&#8217; av-desktop-margin=&#8221; av-desktop-margin_sync=&#8217;true&#8217; av-medium-margin=&#8221; av-medium-margin_sync=&#8217;true&#8217; av-small-margin=&#8221; av-small-margin_sync=&#8217;true&#8217; av-mini-margin=&#8221; av-mini-margin_sync=&#8217;true&#8217; mobile_breaking=&#8221; mobile_column_order=&#8221; border=&#8221; border_style=&#8217;ridge&#8217; border_color=&#8217;rgba(204,51,51,0.9)&#8217; radius=&#8217;0px&#8217; radius_sync=&#8217;true&#8217; min_col_height=&#8221; padding=&#8217;5px&#8217; padding_sync=&#8217;true&#8217; av-desktop-padding=&#8221; av-desktop-padding_sync=&#8217;true&#8217; av-medium-padding=&#8221; av-medium-padding_sync=&#8217;true&#8217; av-small-padding=&#8221; av-small-padding_sync=&#8217;true&#8217; av-mini-padding=&#8221; av-mini-padding_sync=&#8217;true&#8217; svg_div_top=&#8221; svg_div_top_color=&#8217;#333333&#8242; svg_div_top_width=&#8217;100&#8242; svg_div_top_height=&#8217;50&#8217; svg_div_top_max_height=&#8217;none&#8217; svg_div_top_opacity=&#8221; svg_div_bottom=&#8221; svg_div_bottom_color=&#8217;#333333&#8242; svg_div_bottom_width=&#8217;100&#8242; svg_div_bottom_height=&#8217;50&#8217; svg_div_bottom_max_height=&#8217;none&#8217; svg_div_bottom_opacity=&#8221; column_boxshadow_width=&#8217;10&#8217; column_boxshadow_color=&#8217;#0a0a0a&#8217; background=&#8217;bg_color&#8217; background_color=&#8217;rgba(255,255,255,0.9)&#8217; background_gradient_direction=&#8217;vertical&#8217; background_gradient_color1=&#8217;#000000&#8242; background_gradient_color2=&#8217;#ffffff&#8217; background_gradient_color3=&#8221; src=&#8221; attachment=&#8221; attachment_size=&#8221; background_position=&#8217;top left&#8217; background_repeat=&#8217;no-repeat&#8217; highlight_size=&#8217;1.1&#8242; animation=&#8221; animation_duration=&#8221; animation_custom_bg_color=&#8221; animation_z_index_curtain=&#8217;100&#8242; parallax_parallax=&#8221; parallax_parallax_speed=&#8221; av-desktop-parallax_parallax=&#8221; av-desktop-parallax_parallax_speed=&#8221; av-medium-parallax_parallax=&#8221; av-medium-parallax_parallax_speed=&#8221; av-small-parallax_parallax=&#8221; av-small-parallax_parallax_speed=&#8221; av-mini-parallax_parallax=&#8221; av-mini-parallax_parallax_speed=&#8221; css_position=&#8221; css_position_location=&#8217;,,,&#8217; css_position_z_index=&#8221; av-desktop-css_position=&#8221; av-desktop-css_position_location=&#8217;,,,&#8217; av-desktop-css_position_z_index=&#8221; av-medium-css_position=&#8221; av-medium-css_position_location=&#8217;,,,&#8217; av-medium-css_position_z_index=&#8221; av-small-css_position=&#8221; av-small-css_position_location=&#8217;,,,&#8217; av-small-css_position_z_index=&#8221; av-mini-css_position=&#8221; av-mini-css_position_location=&#8217;,,,&#8217; av-mini-css_position_z_index=&#8221; link=&#8221; linktarget=&#8221; link_hover=&#8221; title_attr=&#8221; alt_attr=&#8221; mobile_display=&#8221; mobile_col_pos=&#8217;0&#8242; id=&#8221; custom_class=&#8221; template_class=&#8221; aria_label=&#8221; av_uid=&#8217;av-137ill&#8217; sc_version=&#8217;1.0&#8242;]<\/p>\n<p>[av_textblock textblock_styling_align=&#8221; textblock_styling=&#8221; textblock_styling_gap=&#8221; textblock_styling_mobile=&#8221; size=&#8221; av-desktop-font-size=&#8221; av-medium-font-size=&#8221; av-small-font-size=&#8221; av-mini-font-size=&#8221; font_color=&#8221; color=&#8221; id=&#8221; custom_class=&#8221; template_class=&#8221; av_uid=&#8217;av-8qfcp5&#8242; sc_version=&#8217;1.0&#8242; admin_preview_bg=&#8221;]<\/p>\n<h4>Stiftsg\u00e5rdskonfirmand<\/h4>\n<p style=\"text-align: left;\">V\u00e5ra konfirmationsl\u00e4ger \u00e4r mycket popul\u00e4ra och m\u00e5nga st\u00e5r i k\u00f6 fr\u00e5n ung \u00e5lder f\u00f6r att vara s\u00e4ker p\u00e5 att f\u00e5 en plats. Hos oss f\u00e5r konfirmandens liv st\u00e5 i centrum. Utifr\u00e5n egna livsfr\u00e5gor utforskar vi och pr\u00f6var kristen tro och kristna v\u00e4rderingar tillsammans med erfarna ledare och \u00e4ldre ungdomar. Vi varvar arbetspass och aktiviteter av olika slag. Konfirmationsl\u00e4gret \u00e4r totalt fyra veckor, en vecka \u00f6ver p\u00e5skhelgen och tre veckor p\u00e5 sommaren. Till det kommer en f\u00f6rtr\u00e4ff med b\u00e5de konfirmander och f\u00f6r\u00e4ldrar i januari och en \u00e5tertr\u00e4ff i september f\u00f6r alla som varit p\u00e5 g\u00e5rden under sommaren. Sj\u00e4lva konfirmationsgudstj\u00e4nsten \u00e4ger rum i R\u00e4ttviks kyrka som ligger intill Stiftsg\u00e5rden.<\/p>\n<p>[\/av_textblock]<\/p>\n<p>[\/av_one_half][av_one_half min_height=&#8221; vertical_alignment=&#8217;av-align-top&#8217; space=&#8221; row_boxshadow_width=&#8217;10&#8217; row_boxshadow_color=&#8221; margin=&#8217;0px&#8217; margin_sync=&#8217;true&#8217; av-desktop-margin=&#8221; av-desktop-margin_sync=&#8217;true&#8217; av-medium-margin=&#8221; av-medium-margin_sync=&#8217;true&#8217; av-small-margin=&#8221; av-small-margin_sync=&#8217;true&#8217; av-mini-margin=&#8221; av-mini-margin_sync=&#8217;true&#8217; mobile_breaking=&#8221; mobile_column_order=&#8221; border=&#8221; border_style=&#8217;ridge&#8217; border_color=&#8217;rgba(204,51,51,0.9)&#8217; radius=&#8217;0px&#8217; radius_sync=&#8217;true&#8217; min_col_height=&#8221; padding=&#8217;0px&#8217; padding_sync=&#8217;true&#8217; av-desktop-padding=&#8221; av-desktop-padding_sync=&#8217;true&#8217; av-medium-padding=&#8221; av-medium-padding_sync=&#8217;true&#8217; av-small-padding=&#8221; av-small-padding_sync=&#8217;true&#8217; av-mini-padding=&#8221; av-mini-padding_sync=&#8217;true&#8217; svg_div_top=&#8221; svg_div_top_color=&#8217;#333333&#8242; svg_div_top_width=&#8217;100&#8242; svg_div_top_height=&#8217;50&#8217; svg_div_top_max_height=&#8217;none&#8217; svg_div_top_opacity=&#8221; svg_div_bottom=&#8221; svg_div_bottom_color=&#8217;#333333&#8242; svg_div_bottom_width=&#8217;100&#8242; svg_div_bottom_height=&#8217;50&#8217; svg_div_bottom_max_height=&#8217;none&#8217; svg_div_bottom_opacity=&#8221; column_boxshadow_width=&#8217;10&#8217; column_boxshadow_color=&#8217;#0a0a0a&#8217; background=&#8217;bg_color&#8217; background_color=&#8221; background_gradient_direction=&#8217;vertical&#8217; background_gradient_color1=&#8217;#000000&#8242; background_gradient_color2=&#8217;#ffffff&#8217; background_gradient_color3=&#8221; src=&#8221; attachment=&#8221; attachment_size=&#8221; background_position=&#8217;top left&#8217; background_repeat=&#8217;no-repeat&#8217; highlight_size=&#8217;1.1&#8242; animation=&#8221; animation_duration=&#8221; animation_custom_bg_color=&#8221; animation_z_index_curtain=&#8217;100&#8242; parallax_parallax=&#8221; parallax_parallax_speed=&#8221; av-desktop-parallax_parallax=&#8221; av-desktop-parallax_parallax_speed=&#8221; av-medium-parallax_parallax=&#8221; av-medium-parallax_parallax_speed=&#8221; av-small-parallax_parallax=&#8221; av-small-parallax_parallax_speed=&#8221; av-mini-parallax_parallax=&#8221; av-mini-parallax_parallax_speed=&#8221; css_position=&#8221; css_position_location=&#8217;,,,&#8217; css_position_z_index=&#8221; av-desktop-css_position=&#8221; av-desktop-css_position_location=&#8217;,,,&#8217; av-desktop-css_position_z_index=&#8221; av-medium-css_position=&#8221; av-medium-css_position_location=&#8217;,,,&#8217; av-medium-css_position_z_index=&#8221; av-small-css_position=&#8221; av-small-css_position_location=&#8217;,,,&#8217; av-small-css_position_z_index=&#8221; av-mini-css_position=&#8221; av-mini-css_position_location=&#8217;,,,&#8217; av-mini-css_position_z_index=&#8221; link=&#8221; linktarget=&#8221; link_hover=&#8221; title_attr=&#8221; alt_attr=&#8221; mobile_display=&#8221; mobile_col_pos=&#8217;0&#8242; id=&#8221; custom_class=&#8221; template_class=&#8221; aria_label=&#8221; av_uid=&#8217;av-1cqvpl&#8217; sc_version=&#8217;1.0&#8242;]<\/p>\n<p>[av_image src=&#8217;https:\/\/stiftsgardenrattvik.se\/wp-content\/uploads\/2016\/10\/konfirmation2012-660-kopia.jpg&#8217; attachment=&#8217;5908&#8242; attachment_size=&#8217;full&#8217; align=&#8217;center&#8217; styling=&#8221; hover=&#8221; link=&#8221; target=&#8221; caption=&#8221; font_size=&#8221; appearance=&#8221; overlay_opacity=&#8217;0.4&#8242; overlay_color=&#8217;#000000&#8242; overlay_text_color=&#8217;#ffffff&#8217; animation=&#8217;no-animation&#8217; av_uid=&#8217;av-17bme1&#8242;][\/av_image]<\/p>\n<p>[\/av_one_half][\/av_section]<\/p>\n","protected":false},"excerpt":{"rendered":"","protected":false},"author":1,"featured_media":0,"parent":0,"menu_order":0,"comment_status":"closed","ping_status":"closed","template":"","meta":{"footnotes":""},"class_list":["post-5721","page","type-page","status-publish","hentry"],"_links":{"self":[{"href":"https:\/\/www1.stiftsgardenrattvik.se\/index.php?rest_route=\/wp\/v2\/pages\/5721","targetHints":{"allow":["GET"]}}],"collection":[{"href":"https:\/\/www1.stiftsgardenrattvik.se\/index.php?rest_route=\/wp\/v2\/pages"}],"about":[{"href":"https:\/\/www1.stiftsgardenrattvik.se\/index.php?rest_route=\/wp\/v2\/types\/page"}],"author":[{"embeddable":true,"href":"https:\/\/www1.stiftsgardenrattvik.se\/index.php?rest_route=\/wp\/v2\/users\/1"}],"replies":[{"embeddable":true,"href":"https:\/\/www1.stiftsgardenrattvik.se\/index.php?rest_route=%2Fwp%2Fv2%2Fcomments&post=5721"}],"version-history":[{"count":58,"href":"https:\/\/www1.stiftsgardenrattvik.se\/index.php?rest_route=\/wp\/v2\/pages\/5721\/revisions"}],"predecessor-version":[{"id":15681,"href":"https:\/\/www1.stiftsgardenrattvik.se\/index.php?rest_route=\/wp\/v2\/pages\/5721\/revisions\/15681"}],"wp:attachment":[{"href":"https:\/\/www1.stiftsgardenrattvik.se\/index.php?rest_route=%2Fwp%2Fv2%2Fmedia&parent=5721"}],"curies":[{"name":"wp","href":"https:\/\/api.w.org\/{rel}","templated":true}]}}