{"id":5759,"date":"2016-11-01T18:56:16","date_gmt":"2016-11-01T17:56:16","guid":{"rendered":"http:\/\/stiftsgardenrattvik.se\/?page_id=5759"},"modified":"2024-04-24T09:08:36","modified_gmt":"2024-04-24T07:08:36","slug":"sang-och-gang","status":"publish","type":"page","link":"https:\/\/www1.stiftsgardenrattvik.se\/?page_id=5759","title":{"rendered":"S\u00e5ng och g\u00e5ng"},"content":{"rendered":"<p>[av_one_full first min_height=&#8221; vertical_alignment=&#8221; space=&#8221; custom_margin=&#8221; margin=&#8217;0px&#8217; padding=&#8217;0px&#8217; border=&#8221; border_color=&#8221; radius=&#8217;0px&#8217; background_color=&#8221; src=&#8221; background_position=&#8217;top left&#8217; background_repeat=&#8217;no-repeat&#8217; animation=&#8221; av_uid=&#8217;av-vygvj3&#8242;]<\/p>\n<p>[av_textblock textblock_styling_align=&#8221; textblock_styling=&#8221; textblock_styling_gap=&#8221; textblock_styling_mobile=&#8221; size=&#8221; av-desktop-font-size=&#8221; av-medium-font-size=&#8221; av-small-font-size=&#8221; av-mini-font-size=&#8221; font_color=&#8221; color=&#8221; id=&#8221; custom_class=&#8221; template_class=&#8221; av_uid=&#8217;av-u5l20v&#8217; sc_version=&#8217;1.0&#8242; admin_preview_bg=&#8221;]<\/p>\n<h1 style=\"text-align: center;\"><strong>S\u00e5ng &amp; g\u00e5ng<\/strong><\/h1>\n<h3 style=\"text-align: center;\"><strong>med pilgrimsvandring<\/strong><\/h3>\n<p style=\"text-align: center;\"><b>Inst\u00e4llt<\/b><\/p>\n<p>[\/av_textblock]<\/p>\n<p>[\/av_one_full][av_one_full first min_height=&#8221; vertical_alignment=&#8221; space=&#8221; custom_margin=&#8221; margin=&#8217;0px&#8217; padding=&#8217;0px&#8217; border=&#8221; border_color=&#8221; radius=&#8217;0px&#8217; background_color=&#8221; src=&#8221; background_position=&#8217;top left&#8217; background_repeat=&#8217;no-repeat&#8217; animation=&#8221; av_uid=&#8217;av-tn76v3&#8242;]<\/p>\n<p>[av_textblock textblock_styling_align=&#8221; textblock_styling=&#8221; textblock_styling_gap=&#8221; textblock_styling_mobile=&#8221; size=&#8221; av-desktop-font-size=&#8221; av-medium-font-size=&#8221; av-small-font-size=&#8221; av-mini-font-size=&#8221; font_color=&#8221; color=&#8221; id=&#8221; custom_class=&#8221; template_class=&#8221; av_uid=&#8217;av-rvjyan&#8217; sc_version=&#8217;1.0&#8242; admin_preview_bg=&#8221;]<br \/>\n<strong><em>S\u00e5ng &amp; g\u00e5ng<\/em><\/strong><strong> under Anders Nybergs ledning \u00e4r ett koncept som d\u00e5 och d\u00e5 har \u00e5terkommit p\u00e5 Stiftsg\u00e5rden i \u00f6ver 20 \u00e5r. I \u00e5r k\u00f6r vi fullt ut och vi v\u00e4lkomnar dig till v\u00e5rt helhetskoncept med s\u00e5nggl\u00e4dje och vandringslust<\/strong>.<\/p>\n<p>F\u00f6r mer\u00a0<strong>info\u00a0<\/strong>om kursen kommer snart.<br \/>\nF\u00f6r\u00a0<strong>fr\u00e5gor<\/strong>\u00a0v\u00e4nligen kontakta oss p\u00e5\u00a0<a href=\"https:\/\/stiftsgardenrattvik.se\/kyrkvaktarfortbildning\/_wp_link_placeholder\">program@stiftsgardenrattvik.se\u00a0<\/a>eller 010-160 80 00.<br \/>\nF\u00f6r\u00a0<strong>bokning<\/strong>\u00a0v\u00e4nligen fyll i formul\u00e4ret nedan s\u00e5 \u00e5terkommer vi s\u00e5 snart som m\u00f6jligt med besked om du f\u00e5tt plats.<br \/>\n[\/av_textblock]<\/p>\n<p>[\/av_one_full]<\/p>\n","protected":false},"excerpt":{"rendered":"","protected":false},"author":1,"featured_media":0,"parent":0,"menu_order":0,"comment_status":"closed","ping_status":"closed","template":"","meta":{"footnotes":""},"class_list":["post-5759","page","type-page","status-publish","hentry"],"_links":{"self":[{"href":"https:\/\/www1.stiftsgardenrattvik.se\/index.php?rest_route=\/wp\/v2\/pages\/5759","targetHints":{"allow":["GET"]}}],"collection":[{"href":"https:\/\/www1.stiftsgardenrattvik.se\/index.php?rest_route=\/wp\/v2\/pages"}],"about":[{"href":"https:\/\/www1.stiftsgardenrattvik.se\/index.php?rest_route=\/wp\/v2\/types\/page"}],"author":[{"embeddable":true,"href":"https:\/\/www1.stiftsgardenrattvik.se\/index.php?rest_route=\/wp\/v2\/users\/1"}],"replies":[{"embeddable":true,"href":"https:\/\/www1.stiftsgardenrattvik.se\/index.php?rest_route=%2Fwp%2Fv2%2Fcomments&post=5759"}],"version-history":[{"count":36,"href":"https:\/\/www1.stiftsgardenrattvik.se\/index.php?rest_route=\/wp\/v2\/pages\/5759\/revisions"}],"predecessor-version":[{"id":14334,"href":"https:\/\/www1.stiftsgardenrattvik.se\/index.php?rest_route=\/wp\/v2\/pages\/5759\/revisions\/14334"}],"wp:attachment":[{"href":"https:\/\/www1.stiftsgardenrattvik.se\/index.php?rest_route=%2Fwp%2Fv2%2Fmedia&parent=5759"}],"curies":[{"name":"wp","href":"https:\/\/api.w.org\/{rel}","templated":true}]}}