{"id":5782,"date":"2016-11-20T20:41:55","date_gmt":"2016-11-20T19:41:55","guid":{"rendered":"http:\/\/stiftsgardenrattvik.se\/?page_id=5782"},"modified":"2025-01-30T10:34:15","modified_gmt":"2025-01-30T09:34:15","slug":"lagergardar","status":"publish","type":"page","link":"https:\/\/www1.stiftsgardenrattvik.se\/?page_id=5782","title":{"rendered":"L\u00e4gerg\u00e5rdar"},"content":{"rendered":"<p>[av_section min_height=&#8221; min_height_pc=&#8217;25&#8217; min_height_px=&#8217;500px&#8217; shadow=&#8217;no-border-styling&#8217; bottom_border=&#8217;no-border-styling&#8217; bottom_border_diagonal_color=&#8217;#333333&#8242; bottom_border_diagonal_direction=&#8221; bottom_border_style=&#8221; padding=&#8217;default&#8217; custom_margin=&#8217;0px&#8217; custom_margin_sync=&#8217;true&#8217; av-desktop-custom_margin=&#8221; av-desktop-custom_margin_sync=&#8217;true&#8217; av-medium-custom_margin=&#8221; av-medium-custom_margin_sync=&#8217;true&#8217; av-small-custom_margin=&#8221; av-small-custom_margin_sync=&#8217;true&#8217; av-mini-custom_margin=&#8221; av-mini-custom_margin_sync=&#8217;true&#8217; svg_div_top=&#8221; svg_div_top_color=&#8217;#333333&#8242; svg_div_top_width=&#8217;100&#8242; svg_div_top_height=&#8217;50&#8217; svg_div_top_max_height=&#8217;none&#8217; svg_div_top_opacity=&#8221; svg_div_bottom=&#8221; svg_div_bottom_color=&#8217;#333333&#8242; svg_div_bottom_width=&#8217;100&#8242; svg_div_bottom_height=&#8217;50&#8217; svg_div_bottom_max_height=&#8217;none&#8217; svg_div_bottom_opacity=&#8221; color=&#8217;main_color&#8217; background=&#8217;bg_color&#8217; custom_bg=&#8221; background_gradient_direction=&#8217;vertical&#8217; background_gradient_color1=&#8217;#000000&#8242; background_gradient_color2=&#8217;#ffffff&#8217; background_gradient_color3=&#8221; src=&#8221; attachment=&#8221; attachment_size=&#8221; attach=&#8217;parallax&#8217; position=&#8217;top left&#8217; repeat=&#8217;no-repeat&#8217; video=&#8221; video_ratio=&#8217;16:9&#8242; overlay_opacity=&#8217;0.5&#8242; overlay_color=&#8221; overlay_pattern=&#8221; overlay_custom_pattern=&#8221; custom_arrow_bg=&#8221; css_position_z_index=&#8221; av-desktop-css_position_z_index=&#8221; av-medium-css_position_z_index=&#8221; av-small-css_position_z_index=&#8221; av-mini-css_position_z_index=&#8221; id=&#8221; custom_class=&#8221; template_class=&#8221; aria_label=&#8221; av_element_hidden_in_editor=&#8217;0&#8242; av_uid=&#8217;av-ldabx1ic&#8217; sc_version=&#8217;1.0&#8242;]<\/p>\n<p>[av_one_full first min_height=&#8221; vertical_alignment=&#8221; space=&#8221; custom_margin=&#8221; margin=&#8217;0px&#8217; padding=&#8217;0px&#8217; border=&#8221; border_color=&#8221; radius=&#8217;0px&#8217; background_color=&#8221; src=&#8221; background_position=&#8217;top left&#8217; background_repeat=&#8217;no-repeat&#8217; animation=&#8221; av_uid=&#8217;av-aspe6e&#8217;]<\/p>\n<p>[av_textblock size=&#8221; font_color=&#8221; color=&#8221; av_uid=&#8217;av-9p12fa&#8217;]<\/p>\n<h1 style=\"text-align: center;\"><strong>Stiftsg\u00e5rden R\u00e4ttvik <\/strong><\/h1>\n<h3 style=\"text-align: center;\">En perfekt plats f\u00f6r l\u00e4ger!<\/h3>\n<p>[\/av_textblock]<\/p>\n<p>[av_buttonrow alignment=&#8217;center&#8217; button_spacing=&#8217;15&#8217; button_spacing_unit=&#8217;px&#8217; size-btn-text=&#8217;18&#8217; av-desktop-font-size-btn-text=&#8221; av-medium-font-size-btn-text=&#8221; av-small-font-size-btn-text=&#8221; av-mini-font-size-btn-text=&#8221; text-padding=&#8221; text-padding_sync=&#8217;true&#8217; av-desktop-text-padding=&#8221; av-desktop-text-padding_sync=&#8217;true&#8217; av-medium-text-padding=&#8221; av-medium-text-padding_sync=&#8217;true&#8217; av-small-text-padding=&#8221; av-small-text-padding_sync=&#8217;true&#8217; av-mini-text-padding=&#8221; av-mini-text-padding_sync=&#8217;true&#8217; alb_description=&#8221; id=&#8221; custom_class=&#8221; template_class=&#8221; av_uid=&#8217;av-d58qd2&#8242; sc_version=&#8217;1.0&#8242; admin_preview_bg=&#8221;]<br \/>\n[av_buttonrow_item label=&#8217;Boka l\u00e4ger&#8217; icon_select=&#8217;yes&#8217; icon=&#8217;ue889&#8242; font=&#8217;entypo-fontello&#8217; link=&#8217;page,5782&#8242; link_target=&#8221; size=&#8217;large&#8217; label_display=&#8221; title_attr=&#8221; size-text=&#8221; av-desktop-font-size-text=&#8221; av-medium-font-size-text=&#8221; av-small-font-size-text=&#8221; av-mini-font-size-text=&#8221; btn-padding=&#8221; btn-padding_sync=&#8217;true&#8217; av-desktop-btn-padding=&#8221; av-desktop-btn-padding_sync=&#8217;true&#8217; av-medium-btn-padding=&#8221; av-medium-btn-padding_sync=&#8217;true&#8217; av-small-btn-padding=&#8221; av-small-btn-padding_sync=&#8217;true&#8217; av-mini-btn-padding=&#8221; av-mini-btn-padding_sync=&#8217;true&#8217; color_options=&#8221; color=&#8217;theme-color&#8217; custom_bg=&#8217;#444444&#8242; custom_font=&#8217;#ffffff&#8217; btn_color_bg=&#8217;theme-color&#8217; btn_custom_grad_direction=&#8217;vertical&#8217; btn_custom_grad_1=&#8217;#000000&#8242; btn_custom_grad_2=&#8217;#ffffff&#8217; btn_custom_grad_3=&#8221; btn_custom_grad_opacity=&#8217;0.7&#8242; btn_custom_bg=&#8217;#444444&#8242; btn_color_bg_hover=&#8217;theme-color-highlight&#8217; btn_custom_bg_hover=&#8217;#444444&#8242; btn_color_font=&#8217;theme-color&#8217; btn_custom_font=&#8217;#ffffff&#8217; btn_color_font_hover=&#8217;white&#8217; btn_custom_font_hover=&#8217;#ffffff&#8217; border=&#8221; border_width=&#8221; border_width_sync=&#8217;true&#8217; border_color=&#8221; border_radius=&#8221; border_radius_sync=&#8217;true&#8217; box_shadow=&#8217;outside&#8217; box_shadow_style=&#8217;2px,2px,2px,2px&#8217; box_shadow_color=&#8217;rgba(10,10,10,0.7)&#8217; hover_opacity=&#8221; sonar_effect_effect=&#8221; sonar_effect_color=&#8221; sonar_effect_duration=&#8217;1&#8242; sonar_effect_scale=&#8221; sonar_effect_opac=&#8217;0.5&#8242; av_uid=&#8217;av-ao57om&#8217; sc_version=&#8217;1.0&#8242;]<br \/>\n[av_buttonrow_item label=&#8217;Helgare&#8217; icon_select=&#8217;no&#8217; icon=&#8217;4&#8242; font=&#8217;entypo-fontello&#8217; link=&#8217;page,6881&#8242; link_target=&#8221; size=&#8217;large&#8217; label_display=&#8221; title_attr=&#8221; size-text=&#8221; av-desktop-font-size-text=&#8221; av-medium-font-size-text=&#8221; av-small-font-size-text=&#8221; av-mini-font-size-text=&#8221; btn-padding=&#8221; btn-padding_sync=&#8217;true&#8217; av-desktop-btn-padding=&#8221; av-desktop-btn-padding_sync=&#8217;true&#8217; av-medium-btn-padding=&#8221; av-medium-btn-padding_sync=&#8217;true&#8217; av-small-btn-padding=&#8221; av-small-btn-padding_sync=&#8217;true&#8217; av-mini-btn-padding=&#8221; av-mini-btn-padding_sync=&#8217;true&#8217; color_options=&#8221; color=&#8217;theme-color&#8217; custom_bg=&#8217;#444444&#8242; custom_font=&#8217;#ffffff&#8217; btn_color_bg=&#8217;theme-color&#8217; btn_custom_grad_direction=&#8217;vertical&#8217; btn_custom_grad_1=&#8217;#000000&#8242; btn_custom_grad_2=&#8217;#ffffff&#8217; btn_custom_grad_3=&#8221; btn_custom_grad_opacity=&#8217;0.7&#8242; btn_custom_bg=&#8217;#444444&#8242; btn_color_bg_hover=&#8217;theme-color-highlight&#8217; btn_custom_bg_hover=&#8217;#444444&#8242; btn_color_font=&#8217;theme-color&#8217; btn_custom_font=&#8217;#ffffff&#8217; btn_color_font_hover=&#8217;white&#8217; btn_custom_font_hover=&#8217;#ffffff&#8217; border=&#8221; border_width=&#8221; border_width_sync=&#8217;true&#8217; border_color=&#8221; border_radius=&#8221; border_radius_sync=&#8217;true&#8217; box_shadow=&#8217;outside&#8217; box_shadow_style=&#8217;2px,2px,2px,2px&#8217; box_shadow_color=&#8217;rgba(10,10,10,0.7)&#8217; hover_opacity=&#8221; sonar_effect_effect=&#8221; sonar_effect_color=&#8221; sonar_effect_duration=&#8217;1&#8242; sonar_effect_scale=&#8221; sonar_effect_opac=&#8217;0.5&#8242; av_uid=&#8217;av-8k2vfq&#8217; sc_version=&#8217;1.0&#8242; icon_hover=&#8221;]<br \/>\n[av_buttonrow_item label=&#8217;Nyhetsbrev&#8217; icon_select=&#8217;no&#8217; icon=&#8217;5&#8242; font=&#8217;entypo-fontello&#8217; link=&#8217;page,11265&#8242; link_target=&#8221; size=&#8217;large&#8217; label_display=&#8221; title_attr=&#8221; size-text=&#8221; av-desktop-font-size-text=&#8221; av-medium-font-size-text=&#8221; av-small-font-size-text=&#8221; av-mini-font-size-text=&#8221; btn-padding=&#8221; btn-padding_sync=&#8217;true&#8217; av-desktop-btn-padding=&#8221; av-desktop-btn-padding_sync=&#8217;true&#8217; av-medium-btn-padding=&#8221; av-medium-btn-padding_sync=&#8217;true&#8217; av-small-btn-padding=&#8221; av-small-btn-padding_sync=&#8217;true&#8217; av-mini-btn-padding=&#8221; av-mini-btn-padding_sync=&#8217;true&#8217; color_options=&#8221; color=&#8217;theme-color&#8217; custom_bg=&#8217;#444444&#8242; custom_font=&#8217;#ffffff&#8217; btn_color_bg=&#8217;theme-color&#8217; btn_custom_grad_direction=&#8217;vertical&#8217; btn_custom_grad_1=&#8217;#000000&#8242; btn_custom_grad_2=&#8217;#ffffff&#8217; btn_custom_grad_3=&#8221; btn_custom_grad_opacity=&#8217;0.7&#8242; btn_custom_bg=&#8217;#444444&#8242; btn_color_bg_hover=&#8217;theme-color-highlight&#8217; btn_custom_bg_hover=&#8217;#444444&#8242; btn_color_font=&#8217;theme-color&#8217; btn_custom_font=&#8217;#ffffff&#8217; btn_color_font_hover=&#8217;white&#8217; btn_custom_font_hover=&#8217;#ffffff&#8217; border=&#8221; border_width=&#8221; border_width_sync=&#8217;true&#8217; border_color=&#8221; border_radius=&#8221; border_radius_sync=&#8217;true&#8217; box_shadow=&#8217;outside&#8217; box_shadow_style=&#8217;2px,2px,2px,2px&#8217; box_shadow_color=&#8217;rgba(10,10,10,0.7)&#8217; hover_opacity=&#8221; sonar_effect_effect=&#8221; sonar_effect_color=&#8221; sonar_effect_duration=&#8217;1&#8242; sonar_effect_scale=&#8221; sonar_effect_opac=&#8217;0.5&#8242; av_uid=&#8217;av-7e3tae&#8217; sc_version=&#8217;1.0&#8242; icon_hover=&#8221;]<br \/>\n[av_buttonrow_item label=&#8217;Sommar&#8217; icon_select=&#8217;no&#8217; icon=&#8217;6&#8242; font=&#8217;entypo-fontello&#8217; link=&#8217;page,6834&#8242; link_target=&#8221; size=&#8217;large&#8217; label_display=&#8221; title_attr=&#8221; size-text=&#8221; av-desktop-font-size-text=&#8221; av-medium-font-size-text=&#8221; av-small-font-size-text=&#8221; av-mini-font-size-text=&#8221; btn-padding=&#8221; btn-padding_sync=&#8217;true&#8217; av-desktop-btn-padding=&#8221; av-desktop-btn-padding_sync=&#8217;true&#8217; av-medium-btn-padding=&#8221; av-medium-btn-padding_sync=&#8217;true&#8217; av-small-btn-padding=&#8221; av-small-btn-padding_sync=&#8217;true&#8217; av-mini-btn-padding=&#8221; av-mini-btn-padding_sync=&#8217;true&#8217; color_options=&#8221; color=&#8217;theme-color&#8217; custom_bg=&#8217;#444444&#8242; custom_font=&#8217;#ffffff&#8217; btn_color_bg=&#8217;theme-color&#8217; btn_custom_grad_direction=&#8217;vertical&#8217; btn_custom_grad_1=&#8217;#000000&#8242; btn_custom_grad_2=&#8217;#ffffff&#8217; btn_custom_grad_3=&#8221; btn_custom_grad_opacity=&#8217;0.7&#8242; btn_custom_bg=&#8217;#444444&#8242; btn_color_bg_hover=&#8217;theme-color-highlight&#8217; btn_custom_bg_hover=&#8217;#444444&#8242; btn_color_font=&#8217;theme-color&#8217; btn_custom_font=&#8217;#ffffff&#8217; btn_color_font_hover=&#8217;white&#8217; btn_custom_font_hover=&#8217;#ffffff&#8217; border=&#8221; border_width=&#8221; border_width_sync=&#8217;true&#8217; border_color=&#8221; border_radius=&#8221; border_radius_sync=&#8217;true&#8217; box_shadow=&#8217;outside&#8217; box_shadow_style=&#8217;2px,2px,2px,2px&#8217; box_shadow_color=&#8217;rgba(10,10,10,0.7)&#8217; hover_opacity=&#8221; sonar_effect_effect=&#8221; sonar_effect_color=&#8221; sonar_effect_duration=&#8217;1&#8242; sonar_effect_scale=&#8221; sonar_effect_opac=&#8217;0.5&#8242; av_uid=&#8217;av-5wsg2e&#8217; sc_version=&#8217;1.0&#8242; icon_hover=&#8221;]<br \/>\n[av_buttonrow_item label=&#8217;Volont\u00e4r&#8217; icon_select=&#8217;no&#8217; icon=&#8217;ue800&#8242; font=&#8217;entypo-fontello&#8217; link=&#8217;page,6831&#8242; link_target=&#8221; size=&#8217;large&#8217; label_display=&#8221; title_attr=&#8221; size-text=&#8221; av-desktop-font-size-text=&#8221; av-medium-font-size-text=&#8221; av-small-font-size-text=&#8221; av-mini-font-size-text=&#8221; btn-padding=&#8221; btn-padding_sync=&#8217;true&#8217; av-desktop-btn-padding=&#8221; av-desktop-btn-padding_sync=&#8217;true&#8217; av-medium-btn-padding=&#8221; av-medium-btn-padding_sync=&#8217;true&#8217; av-small-btn-padding=&#8221; av-small-btn-padding_sync=&#8217;true&#8217; av-mini-btn-padding=&#8221; av-mini-btn-padding_sync=&#8217;true&#8217; color_options=&#8221; color=&#8217;theme-color&#8217; custom_bg=&#8217;#444444&#8242; custom_font=&#8217;#ffffff&#8217; btn_color_bg=&#8217;theme-color&#8217; btn_custom_grad_direction=&#8217;vertical&#8217; btn_custom_grad_1=&#8217;#000000&#8242; btn_custom_grad_2=&#8217;#ffffff&#8217; btn_custom_grad_3=&#8221; btn_custom_grad_opacity=&#8217;0.7&#8242; btn_custom_bg=&#8217;#444444&#8242; btn_color_bg_hover=&#8217;theme-color-highlight&#8217; btn_custom_bg_hover=&#8217;#444444&#8242; btn_color_font=&#8217;theme-color&#8217; btn_custom_font=&#8217;#ffffff&#8217; btn_color_font_hover=&#8217;white&#8217; btn_custom_font_hover=&#8217;#ffffff&#8217; border=&#8221; border_width=&#8221; border_width_sync=&#8217;true&#8217; border_color=&#8221; border_radius=&#8221; border_radius_sync=&#8217;true&#8217; box_shadow=&#8217;outside&#8217; box_shadow_style=&#8217;2px,2px,2px,2px&#8217; box_shadow_color=&#8217;rgba(10,10,10,0.7)&#8217; hover_opacity=&#8221; sonar_effect_effect=&#8221; sonar_effect_color=&#8221; sonar_effect_duration=&#8217;1&#8242; sonar_effect_scale=&#8221; sonar_effect_opac=&#8217;0.5&#8242; av_uid=&#8217;av-4gwqeu&#8217; sc_version=&#8217;1.0&#8242; icon_hover=&#8221;]<br \/>\n[av_buttonrow_item label=&#8217;V\u00e5ra l\u00e4ger&#8217; icon_select=&#8217;no&#8217; icon=&#8217;ue800&#8242; font=&#8217;entypo-fontello&#8217; link=&#8217;page,8300&#8242; link_target=&#8221; size=&#8217;large&#8217; label_display=&#8221; title_attr=&#8221; size-text=&#8221; av-desktop-font-size-text=&#8221; av-medium-font-size-text=&#8221; av-small-font-size-text=&#8221; av-mini-font-size-text=&#8221; btn-padding=&#8221; btn-padding_sync=&#8217;true&#8217; av-desktop-btn-padding=&#8221; av-desktop-btn-padding_sync=&#8217;true&#8217; av-medium-btn-padding=&#8221; av-medium-btn-padding_sync=&#8217;true&#8217; av-small-btn-padding=&#8221; av-small-btn-padding_sync=&#8217;true&#8217; av-mini-btn-padding=&#8221; av-mini-btn-padding_sync=&#8217;true&#8217; color_options=&#8221; color=&#8217;theme-color&#8217; custom_bg=&#8217;#444444&#8242; custom_font=&#8217;#ffffff&#8217; btn_color_bg=&#8217;theme-color&#8217; btn_custom_grad_direction=&#8217;vertical&#8217; btn_custom_grad_1=&#8217;#000000&#8242; btn_custom_grad_2=&#8217;#ffffff&#8217; btn_custom_grad_3=&#8221; btn_custom_grad_opacity=&#8217;0.7&#8242; btn_custom_bg=&#8217;#444444&#8242; btn_color_bg_hover=&#8217;theme-color-highlight&#8217; btn_custom_bg_hover=&#8217;#444444&#8242; btn_color_font=&#8217;theme-color&#8217; btn_custom_font=&#8217;#ffffff&#8217; btn_color_font_hover=&#8217;white&#8217; btn_custom_font_hover=&#8217;#ffffff&#8217; border=&#8221; border_width=&#8221; border_width_sync=&#8217;true&#8217; border_color=&#8221; border_radius=&#8221; border_radius_sync=&#8217;true&#8217; box_shadow=&#8217;outside&#8217; box_shadow_style=&#8217;2px,2px,2px,2px&#8217; box_shadow_color=&#8217;rgba(10,10,10,0.7)&#8217; hover_opacity=&#8221; sonar_effect_effect=&#8221; sonar_effect_color=&#8221; sonar_effect_duration=&#8217;1&#8242; sonar_effect_scale=&#8221; sonar_effect_opac=&#8217;0.5&#8242; av_uid=&#8217;av-9ghjq&#8217; sc_version=&#8217;1.0&#8242; icon_hover=&#8221;]<br \/>\n[\/av_buttonrow]<\/p>\n<p>[\/av_one_full][av_one_full first min_height=&#8221; vertical_alignment=&#8217;av-align-top&#8217; space=&#8221; row_boxshadow_width=&#8217;10&#8217; row_boxshadow_color=&#8221; margin=&#8217;0px&#8217; margin_sync=&#8217;true&#8217; av-desktop-margin=&#8221; av-desktop-margin_sync=&#8217;true&#8217; av-medium-margin=&#8221; av-medium-margin_sync=&#8217;true&#8217; av-small-margin=&#8221; av-small-margin_sync=&#8217;true&#8217; av-mini-margin=&#8221; av-mini-margin_sync=&#8217;true&#8217; mobile_breaking=&#8221; mobile_column_order=&#8221; border=&#8221; border_style=&#8217;ridge&#8217; border_color=&#8217;rgba(204,51,51,0.9)&#8217; radius=&#8217;0px&#8217; radius_sync=&#8217;true&#8217; min_col_height=&#8221; padding=&#8217;5px&#8217; padding_sync=&#8217;true&#8217; av-desktop-padding=&#8221; av-desktop-padding_sync=&#8217;true&#8217; av-medium-padding=&#8221; av-medium-padding_sync=&#8217;true&#8217; av-small-padding=&#8221; av-small-padding_sync=&#8217;true&#8217; av-mini-padding=&#8221; av-mini-padding_sync=&#8217;true&#8217; svg_div_top=&#8221; svg_div_top_color=&#8217;#333333&#8242; svg_div_top_width=&#8217;100&#8242; svg_div_top_height=&#8217;50&#8217; svg_div_top_max_height=&#8217;none&#8217; svg_div_top_opacity=&#8221; svg_div_bottom=&#8221; svg_div_bottom_color=&#8217;#333333&#8242; svg_div_bottom_width=&#8217;100&#8242; svg_div_bottom_height=&#8217;50&#8217; svg_div_bottom_max_height=&#8217;none&#8217; svg_div_bottom_opacity=&#8221; column_boxshadow_width=&#8217;10&#8217; column_boxshadow_color=&#8217;#0a0a0a&#8217; background=&#8217;bg_color&#8217; background_color=&#8217;rgba(255,255,255,0.9)&#8217; background_gradient_direction=&#8217;vertical&#8217; background_gradient_color1=&#8217;#000000&#8242; background_gradient_color2=&#8217;#ffffff&#8217; background_gradient_color3=&#8221; src=&#8221; attachment=&#8221; attachment_size=&#8221; background_position=&#8217;top left&#8217; background_repeat=&#8217;no-repeat&#8217; highlight_size=&#8217;1.1&#8242; animation=&#8221; animation_duration=&#8221; animation_custom_bg_color=&#8221; animation_z_index_curtain=&#8217;100&#8242; parallax_parallax=&#8221; parallax_parallax_speed=&#8221; av-desktop-parallax_parallax=&#8221; av-desktop-parallax_parallax_speed=&#8221; av-medium-parallax_parallax=&#8221; av-medium-parallax_parallax_speed=&#8221; av-small-parallax_parallax=&#8221; av-small-parallax_parallax_speed=&#8221; av-mini-parallax_parallax=&#8221; av-mini-parallax_parallax_speed=&#8221; css_position=&#8221; css_position_location=&#8217;,,,&#8217; css_position_z_index=&#8221; av-desktop-css_position=&#8221; av-desktop-css_position_location=&#8217;,,,&#8217; av-desktop-css_position_z_index=&#8221; av-medium-css_position=&#8221; av-medium-css_position_location=&#8217;,,,&#8217; av-medium-css_position_z_index=&#8221; av-small-css_position=&#8221; av-small-css_position_location=&#8217;,,,&#8217; av-small-css_position_z_index=&#8221; av-mini-css_position=&#8221; av-mini-css_position_location=&#8217;,,,&#8217; av-mini-css_position_z_index=&#8221; link=&#8221; linktarget=&#8221; link_hover=&#8221; title_attr=&#8221; alt_attr=&#8221; mobile_display=&#8221; mobile_col_pos=&#8217;0&#8242; id=&#8221; custom_class=&#8221; template_class=&#8221; aria_label=&#8221; av_uid=&#8217;av-88uf92&#8242; sc_version=&#8217;1.0&#8242;]<\/p>\n<p>[av_textblock textblock_styling_align=&#8221; textblock_styling=&#8221; textblock_styling_gap=&#8221; textblock_styling_mobile=&#8221; size=&#8221; av-desktop-font-size=&#8221; av-medium-font-size=&#8221; av-small-font-size=&#8221; av-mini-font-size=&#8221; font_color=&#8221; color=&#8221; id=&#8221; custom_class=&#8221; template_class=&#8221; av_uid=&#8217;av-5pvtg6&#8242; sc_version=&#8217;1.0&#8242; admin_preview_bg=&#8221;]<\/p>\n<p style=\"text-align: left;\">V\u00e5ra l\u00e4ger\/kursg\u00e5rdar ligger frist\u00e5ende inom omr\u00e5det och heter <strong>Vita<\/strong> respektive <strong>R\u00f6da l\u00e4gerg\u00e5rden<\/strong>. Dessa gruppf\u00f6rl\u00e4ggningar med totalt 140 s\u00e4ngplatser har flera gemensamma dusch &amp; WC-utrymmen. Vi har \u00e4ven tre matsalar med totalt 300 sittplatser. I Vita L\u00e4gerg\u00e5rdens k\u00e4llarplan finns en undervisningslokal. Ut\u00f6ver detta har vi ytterligare 12 konferensrum av olika storlek i v\u00e5r huvudbyggnad som kan bokas som tillval.<\/p>\n<p>Vi har egen badplats med brygga, stora gr\u00e4sytor med bland annat fotbollsplan, beachvolleybollplan, frisbeygolfbana, kanoter, danslokal, bastu, samarbets\u00f6vningsmaterial, n\u00e4rhet till fina naturmilj\u00f6er samt mycket annat som kan f\u00f6rgylla ert l\u00e4ger\/ kurs. Fr\u00e5ga oss g\u00e4rna om ni har n\u00e5gra funderingar eller id\u00e9er.<\/p>\n<h3>Kostnad<\/h3>\n<p>Helpension p\u00e5 l\u00e4gerg\u00e5rd per dygn. Kostnad: 695 kr inkl. frukost, lunch, middag, kv\u00e4llsfika, kurslokal, AV material och 1 aktivitet.<\/p>\n<p>S\u00f6ndag-fredag p\u00e5 l\u00e4gerg\u00e5rd per dygn. Kostnad: 570 kr inkl. frukost, lunch, middag, kv\u00e4llsfika, kurslokal, AV material och 1 aktivitet. Detta g\u00e4ller perioden september-maj.<\/p>\n<p>F\u00f6r <strong>fr\u00e5gor<\/strong> v\u00e4nligen kontakta oss p\u00e5 <a href=\"mailto:program@stiftsgardenrattvik.se\">program@stiftsgardenrattvik.se<\/a><br \/>\neller 010-160 80 00.<br \/>\nF\u00f6r <strong>bokning<\/strong> v\u00e4nligen kontakta oss p\u00e5 <a href=\"mailto:jenny.knapp@stiftsgardenrattvik.se\">jenny.knapp@stiftsgardenrattvik.se<\/a><br \/>\neller 010-160 80 01.<\/p>\n<h4>V\u00e4lkommen att boka ert n\u00e4sta l\u00e4ger hos oss!<\/h4>\n<p>[\/av_textblock]<\/p>\n<p>[\/av_one_full][av_hr class=&#8217;invisible&#8217; icon_select=&#8217;yes&#8217; icon=&#8217;ue808&#8242; font=&#8217;entypo-fontello&#8217; position=&#8217;center&#8217; shadow=&#8217;no-shadow&#8217; height=&#8217;200&#8242; custom_border=&#8217;av-border-thin&#8217; custom_width=&#8217;50px&#8217; custom_margin_top=&#8217;30px&#8217; custom_margin_bottom=&#8217;30px&#8217; custom_border_color=&#8221; custom_icon_color=&#8221; id=&#8221; custom_class=&#8221; template_class=&#8221; av_uid=&#8217;av-ldbfadlz&#8217; sc_version=&#8217;1.0&#8242; admin_preview_bg=&#8221;]<\/p>\n<p>[\/av_section]<\/p>\n","protected":false},"excerpt":{"rendered":"","protected":false},"author":1,"featured_media":0,"parent":0,"menu_order":0,"comment_status":"closed","ping_status":"closed","template":"","meta":{"footnotes":""},"class_list":["post-5782","page","type-page","status-publish","hentry"],"_links":{"self":[{"href":"https:\/\/www1.stiftsgardenrattvik.se\/index.php?rest_route=\/wp\/v2\/pages\/5782","targetHints":{"allow":["GET"]}}],"collection":[{"href":"https:\/\/www1.stiftsgardenrattvik.se\/index.php?rest_route=\/wp\/v2\/pages"}],"about":[{"href":"https:\/\/www1.stiftsgardenrattvik.se\/index.php?rest_route=\/wp\/v2\/types\/page"}],"author":[{"embeddable":true,"href":"https:\/\/www1.stiftsgardenrattvik.se\/index.php?rest_route=\/wp\/v2\/users\/1"}],"replies":[{"embeddable":true,"href":"https:\/\/www1.stiftsgardenrattvik.se\/index.php?rest_route=%2Fwp%2Fv2%2Fcomments&post=5782"}],"version-history":[{"count":40,"href":"https:\/\/www1.stiftsgardenrattvik.se\/index.php?rest_route=\/wp\/v2\/pages\/5782\/revisions"}],"predecessor-version":[{"id":15262,"href":"https:\/\/www1.stiftsgardenrattvik.se\/index.php?rest_route=\/wp\/v2\/pages\/5782\/revisions\/15262"}],"wp:attachment":[{"href":"https:\/\/www1.stiftsgardenrattvik.se\/index.php?rest_route=%2Fwp%2Fv2%2Fmedia&parent=5782"}],"curies":[{"name":"wp","href":"https:\/\/api.w.org\/{rel}","templated":true}]}}