{"id":5871,"date":"2016-12-23T11:05:25","date_gmt":"2016-12-23T10:05:25","guid":{"rendered":"http:\/\/stiftsgardenrattvik.se\/?page_id=5871"},"modified":"2023-10-18T09:43:19","modified_gmt":"2023-10-18T07:43:19","slug":"sommarlager","status":"publish","type":"page","link":"https:\/\/www1.stiftsgardenrattvik.se\/?page_id=5871","title":{"rendered":"Sommarl\u00e4ger"},"content":{"rendered":"<p>[av_one_full first min_height=&#8221; vertical_alignment=&#8221; space=&#8221; custom_margin=&#8221; margin=&#8217;0px&#8217; padding=&#8217;0px&#8217; border=&#8221; border_color=&#8221; radius=&#8217;0px&#8217; background_color=&#8221; src=&#8221; background_position=&#8217;top left&#8217; background_repeat=&#8217;no-repeat&#8217; animation=&#8221; av_uid=&#8217;av-cpi8wv&#8217;]<br \/>\n[av_textblock size=&#8221; font_color=&#8221; color=&#8221; av_uid=&#8217;av-atnh3j&#8217;]<\/p>\n<h1 style=\"text-align: center;\">Sommarl\u00e4ger<\/h1>\n<h3 style=\"text-align: center;\"><em>F\u00f6r dig fr\u00e5n 11 till 13 \u00e5r!<\/em><\/h3>\n<p>[\/av_textblock]<\/p>\n<p>[av_hr class=&#8217;invisible&#8217; height=&#8217;-20&#8242; shadow=&#8217;no-shadow&#8217; position=&#8217;center&#8217; custom_border=&#8217;av-border-thin&#8217; custom_width=&#8217;50px&#8217; custom_border_color=&#8221; custom_margin_top=&#8217;30px&#8217; custom_margin_bottom=&#8217;30px&#8217; icon_select=&#8217;yes&#8217; custom_icon_color=&#8221; icon=&#8217;ue808&#8242; font=&#8217;entypo-fontello&#8217; av_uid=&#8217;av-9tt6hb&#8217;]<br \/>\n[\/av_one_full]<\/p>\n<p>[av_one_half first min_height=&#8221; vertical_alignment=&#8221; space=&#8221; custom_margin=&#8221; margin=&#8217;0px&#8217; padding=&#8217;0px&#8217; border=&#8221; border_color=&#8221; radius=&#8217;0px&#8217; background_color=&#8221; src=&#8221; background_position=&#8217;top left&#8217; background_repeat=&#8217;no-repeat&#8217; animation=&#8221; av_uid=&#8217;av-7lr0rj&#8217;]<br \/>\n[av_image src=&#8217;https:\/\/stiftsgardenrattvik.se\/wp-content\/uploads\/2020\/01\/SOMMARL\u00c4GER.jpg&#8217; attachment=&#8217;9470&#8242; attachment_size=&#8217;full&#8217; align=&#8217;center&#8217; styling=&#8221; hover=&#8217;av-hover-grow&#8217; link=&#8221; target=&#8221; caption=&#8221; font_size=&#8221; appearance=&#8221; overlay_opacity=&#8217;0.4&#8242; overlay_color=&#8217;#000000&#8242; overlay_text_color=&#8217;#ffffff&#8217; animation=&#8217;no-animation&#8217; av_uid=&#8217;av-5ugffz&#8217;][\/av_image]<br \/>\n[\/av_one_half]<\/p>\n<p>[av_one_half min_height=&#8221; vertical_alignment=&#8221; space=&#8221; custom_margin=&#8221; margin=&#8217;0px&#8217; padding=&#8217;0px&#8217; border=&#8221; border_color=&#8221; radius=&#8217;0px&#8217; background_color=&#8221; src=&#8221; background_position=&#8217;top left&#8217; background_repeat=&#8217;no-repeat&#8217; animation=&#8221; av_uid=&#8217;av-3vxujz&#8217;]<\/p>\n<p>[av_textblock textblock_styling_align=&#8221; textblock_styling=&#8221; textblock_styling_gap=&#8221; textblock_styling_mobile=&#8221; size=&#8221; av-desktop-font-size=&#8221; av-medium-font-size=&#8221; av-small-font-size=&#8221; av-mini-font-size=&#8221; font_color=&#8221; color=&#8221; id=&#8221; custom_class=&#8221; template_class=&#8221; av_uid=&#8217;av-2a1nov&#8217; sc_version=&#8217;1.0&#8242; admin_preview_bg=&#8221;]<br \/>\nV\u00e5ra sommarl\u00e4ger \u00e4r fem dagar l\u00e5nga l\u00e4ger f\u00f6r dig fr\u00e5n 11-13 \u00e5r. H\u00e4r f\u00e5r du l\u00e4ra k\u00e4nna Stiftsg\u00e5rden och v\u00e5r fina milj\u00f6 p\u00e5 ett lekfullt s\u00e4tt.<br \/>\nVi pratar om Gud och tro, relationer och livsfr\u00e5gor samtidigt som vi leker, g\u00e5r p\u00e5 andakt, badar eller spelar fotboll tillsammans med alla andra ungdomar p\u00e5 g\u00e5rden.<br \/>\nP\u00e5 kv\u00e4llarna myser vi och grillar korv vid brasan eller dansar oss tr\u00f6tta p\u00e5 disco. F\u00f6r m\u00e5nga \u00e4r sommarl\u00e4gret den f\u00f6rsta kontakten med Stiftsg\u00e5rden och alla som \u00e4r h\u00e4r sommartid s\u00e5 mycket fokus ligger p\u00e5 att l\u00e4ra k\u00e4nna varandra och omgivningarna.<\/p>\n<p>V\u00e5ra sommarl\u00e4ger \u00e4r \u00f6ppna f\u00f6r alla barn mellan 11-13 \u00e5r.<br \/>\nF\u00f6r mer information om sommarl\u00e4ger v\u00e4nligen kontakta oss p\u00e5 010-160 80 01 eller <a href=\"mailto:konfirmand@stiftsgardenrattvik.se\">konfirmand@stiftsgardenrattvik.se<\/a>.<\/p>\n<p><em>V\u00e4lkommen till gemenskapen p\u00e5 Stiftsg\u00e5rden!<\/em><br \/>\n[\/av_textblock]<\/p>\n<p>[\/av_one_half]<\/p>\n","protected":false},"excerpt":{"rendered":"","protected":false},"author":1,"featured_media":0,"parent":0,"menu_order":0,"comment_status":"closed","ping_status":"closed","template":"","meta":{"footnotes":""},"class_list":["post-5871","page","type-page","status-publish","hentry"],"_links":{"self":[{"href":"https:\/\/www1.stiftsgardenrattvik.se\/index.php?rest_route=\/wp\/v2\/pages\/5871","targetHints":{"allow":["GET"]}}],"collection":[{"href":"https:\/\/www1.stiftsgardenrattvik.se\/index.php?rest_route=\/wp\/v2\/pages"}],"about":[{"href":"https:\/\/www1.stiftsgardenrattvik.se\/index.php?rest_route=\/wp\/v2\/types\/page"}],"author":[{"embeddable":true,"href":"https:\/\/www1.stiftsgardenrattvik.se\/index.php?rest_route=\/wp\/v2\/users\/1"}],"replies":[{"embeddable":true,"href":"https:\/\/www1.stiftsgardenrattvik.se\/index.php?rest_route=%2Fwp%2Fv2%2Fcomments&post=5871"}],"version-history":[{"count":38,"href":"https:\/\/www1.stiftsgardenrattvik.se\/index.php?rest_route=\/wp\/v2\/pages\/5871\/revisions"}],"predecessor-version":[{"id":13756,"href":"https:\/\/www1.stiftsgardenrattvik.se\/index.php?rest_route=\/wp\/v2\/pages\/5871\/revisions\/13756"}],"wp:attachment":[{"href":"https:\/\/www1.stiftsgardenrattvik.se\/index.php?rest_route=%2Fwp%2Fv2%2Fmedia&parent=5871"}],"curies":[{"name":"wp","href":"https:\/\/api.w.org\/{rel}","templated":true}]}}