{"id":5874,"date":"2016-12-23T11:10:58","date_gmt":"2016-12-23T10:10:58","guid":{"rendered":"http:\/\/stiftsgardenrattvik.se\/?page_id=5874"},"modified":"2021-11-13T18:55:01","modified_gmt":"2021-11-13T17:55:01","slug":"forlager","status":"publish","type":"page","link":"https:\/\/www1.stiftsgardenrattvik.se\/?page_id=5874","title":{"rendered":"F\u00f6rl\u00e4ger"},"content":{"rendered":"<p>[av_one_full first min_height=&#8221; vertical_alignment=&#8221; space=&#8221; custom_margin=&#8221; margin=&#8217;0px&#8217; padding=&#8217;0px&#8217; border=&#8221; border_color=&#8221; radius=&#8217;0px&#8217; background_color=&#8221; src=&#8221; background_position=&#8217;top left&#8217; background_repeat=&#8217;no-repeat&#8217; animation=&#8221;]<br \/>\n[av_textblock size=&#8221; font_color=&#8221; color=&#8221;]<\/p>\n<h1 style=\"text-align: center;\">F\u00d6RL\u00c4GER<\/h1>\n<h4 style=\"text-align: center;\"><em>\u00c5ret f\u00f6re konfirmationen<\/em><\/h4>\n<p>[\/av_textblock]<br \/>\n[\/av_one_full]<\/p>\n<p>[av_one_half first min_height=&#8221; vertical_alignment=&#8221; space=&#8221; custom_margin=&#8221; margin=&#8217;0px&#8217; padding=&#8217;0px&#8217; border=&#8221; border_color=&#8221; radius=&#8217;0px&#8217; background_color=&#8221; src=&#8221; background_position=&#8217;top left&#8217; background_repeat=&#8217;no-repeat&#8217; animation=&#8221;]<\/p>\n<p>[av_image src=&#8217;https:\/\/stiftsgardenrattvik.se\/wp-content\/uploads\/2016\/12\/IMG_26361.jpg&#8217; attachment=&#8217;6172&#8242; attachment_size=&#8217;full&#8217; align=&#8217;center&#8217; styling=&#8221; hover=&#8217;av-hover-grow&#8217; link=&#8221; target=&#8221; caption=&#8221; font_size=&#8221; appearance=&#8221; overlay_opacity=&#8217;0.4&#8242; overlay_color=&#8217;#000000&#8242; overlay_text_color=&#8217;#ffffff&#8217; animation=&#8217;no-animation&#8217;][\/av_image]<\/p>\n<p>[\/av_one_half][av_one_half min_height=&#8221; vertical_alignment=&#8221; space=&#8221; custom_margin=&#8221; margin=&#8217;0px&#8217; padding=&#8217;0px&#8217; border=&#8221; border_color=&#8221; radius=&#8217;0px&#8217; background_color=&#8221; src=&#8221; background_position=&#8217;top left&#8217; background_repeat=&#8217;no-repeat&#8217; animation=&#8221;]<br \/>\n[av_textblock size=&#8221; font_color=&#8221; color=&#8221;]<br \/>\nF\u00f6rl\u00e4ger \u00e4r ett l\u00e4ger som erbjuds dig som \u00e4r blivande Stiftsg\u00e5rdskonfirmand. Sommaren innan det \u00e4r dags f\u00f6r konfirmationsl\u00e4ger har du m\u00f6jlighet att vara med p\u00e5 v\u00e5ra f\u00f6rl\u00e4ger. Ett sex dagar l\u00e5ngt l\u00e4ger d\u00e4r du har m\u00f6jlighet att l\u00e4ra k\u00e4nna dina blivande konfirmationskompisar lite b\u00e4ttre och se vad som v\u00e4ntar dig n\u00e4sta sommar d\u00e5 du sj\u00e4lv \u00e4r konfirmand. Bad och lek blandas med samtal b\u00e5de i gruppen och med de som \u00e4r konfirmander. L\u00e4gret avslutas med att du f\u00e5r f\u00f6lja \u00e5rets konfirmander under deras konfirmationsh\u00f6gtid f\u00f6r att f\u00e5 lite f\u00f6rsmak p\u00e5 vad som v\u00e4ntar dig.<\/p>\n<p>En inbjudan till f\u00f6rl\u00e4ger skickas ut till dig som f\u00e5tt en bekr\u00e4ftad plats p\u00e5 n\u00e5got av v\u00e5ra konfirmationsl\u00e4ger. Observera att inbjudan inte s\u00e4kerst\u00e4ller att du har en plats p\u00e5 f\u00f6rl\u00e4gret, det \u00e4r fortfarande bokning och f\u00f6rst till kvarn som g\u00e4ller. Har du n\u00e5gra fr\u00e5gor \u00e4r du v\u00e4lkommen att kontakta oss p\u00e5 010-160 80 00.<\/p>\n<h4>V\u00e4lkommen till oss p\u00e5 Stiftsg\u00e5rden!<\/h4>\n<p>[\/av_textblock]<br \/>\n[\/av_one_half]<\/p>\n","protected":false},"excerpt":{"rendered":"<p>[av_one_full first min_height=&#8221; vertical_alignment=&#8221; space=&#8221; custom_margin=&#8221; margin=&#8217;0px&#8217; padding=&#8217;0px&#8217; border=&#8221; border_color=&#8221; radius=&#8217;0px&#8217; background_color=&#8221; src=&#8221; background_position=&#8217;top left&#8217; background_repeat=&#8217;no-repeat&#8217; animation=&#8221;] [av_textblock size=&#8221; font_color=&#8221; color=&#8221;] F\u00d6RL\u00c4GER \u00c5ret f\u00f6re konfirmationen [\/av_textblock] [\/av_one_full] [av_one_half first min_height=&#8221; vertical_alignment=&#8221; space=&#8221; custom_margin=&#8221; margin=&#8217;0px&#8217; padding=&#8217;0px&#8217; border=&#8221; border_color=&#8221; radius=&#8217;0px&#8217; background_color=&#8221; src=&#8221; background_position=&#8217;top left&#8217; background_repeat=&#8217;no-repeat&#8217; animation=&#8221;] [av_image src=&#8217;https:\/\/stiftsgardenrattvik.se\/wp-content\/uploads\/2016\/12\/IMG_26361.jpg&#8217; attachment=&#8217;6172&#8242; attachment_size=&#8217;full&#8217; align=&#8217;center&#8217; styling=&#8221; hover=&#8217;av-hover-grow&#8217; link=&#8221; target=&#8221; caption=&#8221; font_size=&#8221; [&hellip;]<\/p>\n","protected":false},"author":1,"featured_media":0,"parent":0,"menu_order":0,"comment_status":"closed","ping_status":"closed","template":"","meta":{"footnotes":""},"class_list":["post-5874","page","type-page","status-publish","hentry"],"_links":{"self":[{"href":"https:\/\/www1.stiftsgardenrattvik.se\/index.php?rest_route=\/wp\/v2\/pages\/5874","targetHints":{"allow":["GET"]}}],"collection":[{"href":"https:\/\/www1.stiftsgardenrattvik.se\/index.php?rest_route=\/wp\/v2\/pages"}],"about":[{"href":"https:\/\/www1.stiftsgardenrattvik.se\/index.php?rest_route=\/wp\/v2\/types\/page"}],"author":[{"embeddable":true,"href":"https:\/\/www1.stiftsgardenrattvik.se\/index.php?rest_route=\/wp\/v2\/users\/1"}],"replies":[{"embeddable":true,"href":"https:\/\/www1.stiftsgardenrattvik.se\/index.php?rest_route=%2Fwp%2Fv2%2Fcomments&post=5874"}],"version-history":[{"count":22,"href":"https:\/\/www1.stiftsgardenrattvik.se\/index.php?rest_route=\/wp\/v2\/pages\/5874\/revisions"}],"predecessor-version":[{"id":11249,"href":"https:\/\/www1.stiftsgardenrattvik.se\/index.php?rest_route=\/wp\/v2\/pages\/5874\/revisions\/11249"}],"wp:attachment":[{"href":"https:\/\/www1.stiftsgardenrattvik.se\/index.php?rest_route=%2Fwp%2Fv2%2Fmedia&parent=5874"}],"curies":[{"name":"wp","href":"https:\/\/api.w.org\/{rel}","templated":true}]}}