{"id":6014,"date":"2017-01-11T08:24:01","date_gmt":"2017-01-11T07:24:01","guid":{"rendered":"http:\/\/stiftsgardenrattvik.se\/?page_id=6014"},"modified":"2017-01-26T07:46:26","modified_gmt":"2017-01-26T06:46:26","slug":"pilgrim-station-1-andlighet","status":"publish","type":"page","link":"https:\/\/www1.stiftsgardenrattvik.se\/?page_id=6014","title":{"rendered":"Pilgrim station 1 andlighet"},"content":{"rendered":"<p>[av_one_full first min_height=&#8221; vertical_alignment=&#8221; space=&#8221; custom_margin=&#8221; margin=&#8217;0px&#8217; padding=&#8217;0px&#8217; border=&#8221; border_color=&#8221; radius=&#8217;0px&#8217; background_color=&#8221; src=&#8221; background_position=&#8217;top left&#8217; background_repeat=&#8217;no-repeat&#8217; animation=&#8221;]<br \/>\n[av_image src=&#8217;https:\/\/stiftsgardenrattvik.se\/wp-content\/uploads\/2016\/04\/Landm\u00e4rken-m\u00f6ten.jpg&#8217; attachment=&#8217;5999&#8242; attachment_size=&#8217;full&#8217; align=&#8217;center&#8217; styling=&#8221; hover=&#8221; link=&#8221; target=&#8221; caption=&#8221; font_size=&#8221; appearance=&#8221; overlay_opacity=&#8217;0.4&#8242; overlay_color=&#8217;#000000&#8242; overlay_text_color=&#8217;#ffffff&#8217; animation=&#8217;no-animation&#8217;][\/av_image]<br \/>\n[\/av_one_full]<\/p>\n<p>[av_one_full first min_height=&#8221; vertical_alignment=&#8221; space=&#8221; custom_margin=&#8221; margin=&#8217;0px&#8217; padding=&#8217;0px&#8217; border=&#8221; border_color=&#8221; radius=&#8217;0px&#8217; background_color=&#8221; src=&#8221; background_position=&#8217;top left&#8217; background_repeat=&#8217;no-repeat&#8217; animation=&#8221;]<br \/>\n[av_textblock size=&#8221; font_color=&#8221; color=&#8221;]<\/p>\n<h1 style=\"text-align: center;\">Andlighet<\/h1>\n<p>[\/av_textblock]<br \/>\n[\/av_one_full]<\/p>\n<p>[av_one_full first min_height=&#8221; vertical_alignment=&#8221; space=&#8221; custom_margin=&#8221; margin=&#8217;0px&#8217; padding=&#8217;0px&#8217; border=&#8221; border_color=&#8221; radius=&#8217;0px&#8217; background_color=&#8221; src=&#8221; background_position=&#8217;top left&#8217; background_repeat=&#8217;no-repeat&#8217; animation=&#8221;]<br \/>\n[av_textblock size=&#8221; font_color=&#8221; color=&#8221;]<br \/>\nI hallen utanf\u00f6r kapellet b\u00f6rjar v\u00e5r pilgrimsmediationsvandring. H\u00e4r kan du sitta ned och l\u00e5ta dig finna stillhet och inspiration inf\u00f6r vandringen. Bilden heter &#8220;Plats f\u00f6r m\u00e4nskliga m\u00f6ten&#8221;<\/p>\n<h3>Psalmer<\/h3>\n<p>Trosbek\u00e4nnelsen  Sv Ps 766<\/p>\n<audio class=\"wp-audio-shortcode\" id=\"audio-6014-1\" preload=\"none\" style=\"width: 100%;\" controls=\"controls\"><source type=\"audio\/mpeg\" src=\"https:\/\/stiftsgardenrattvik.se\/wp-content\/uploads\/2016\/04\/766-Trosbek\u00e4nnelsen.mp3?_=1\" \/><a href=\"https:\/\/stiftsgardenrattvik.se\/wp-content\/uploads\/2016\/04\/766-Trosbek\u00e4nnelsen.mp3\">https:\/\/stiftsgardenrattvik.se\/wp-content\/uploads\/2016\/04\/766-Trosbek\u00e4nnelsen.mp3<\/a><\/audio>\n<p>H\u00e4r en k\u00e4lla rinner Sv Ps 246<\/p>\n<audio class=\"wp-audio-shortcode\" id=\"audio-6014-2\" preload=\"none\" style=\"width: 100%;\" controls=\"controls\"><source type=\"audio\/mpeg\" src=\"https:\/\/stiftsgardenrattvik.se\/wp-content\/uploads\/2016\/04\/246-H\u00e4r-en-k\u00e4lla-rinner.mp3?_=2\" \/><a href=\"https:\/\/stiftsgardenrattvik.se\/wp-content\/uploads\/2016\/04\/246-H\u00e4r-en-k\u00e4lla-rinner.mp3\">https:\/\/stiftsgardenrattvik.se\/wp-content\/uploads\/2016\/04\/246-H\u00e4r-en-k\u00e4lla-rinner.mp3<\/a><\/audio>\n<h3><\/h3>\n<h3><\/h3>\n<h3><\/h3>\n<h3><\/h3>\n<p>[\/av_textblock]<br \/>\n[\/av_one_full]<\/p>\n<p>[av_hr class=&#8217;invisible&#8217; height=&#8217;25&#8217; shadow=&#8217;no-shadow&#8217; position=&#8217;center&#8217; custom_border=&#8217;av-border-thin&#8217; custom_width=&#8217;50px&#8217; custom_border_color=&#8221; custom_margin_top=&#8217;30px&#8217; custom_margin_bottom=&#8217;30px&#8217; icon_select=&#8217;yes&#8217; custom_icon_color=&#8221; icon=&#8217;ue808&#8242; font=&#8217;entypo-fontello&#8217;]<\/p>\n<p>[av_one_full first min_height=&#8221; vertical_alignment=&#8221; space=&#8221; custom_margin=&#8221; margin=&#8217;0px&#8217; padding=&#8217;0px&#8217; border=&#8221; border_color=&#8221; radius=&#8217;0px&#8217; background_color=&#8221; src=&#8221; background_position=&#8217;top left&#8217; background_repeat=&#8217;no-repeat&#8217; animation=&#8221;]<\/p>\n<p>[av_textblock size=&#8221; font_color=&#8221; color=&#8221;]<\/p>\n<h3>Filmer p\u00e5 teckenspr\u00e5k<\/h3>\n<p>Nedan finns l\u00e4nkar och QR-koder till filmer p\u00e5 teckenspr\u00e5k. Du kan antingen klicka p\u00e5 l\u00e4nken f\u00f6r att komma direkt till filmen eller scanna QR-koden med din smarta telefon s\u00e5 f\u00e5r du upp filmen i din telefon.<br \/>\n[\/av_textblock]<\/p>\n<p>[\/av_one_full][av_two_fifth first min_height=&#8221; vertical_alignment=&#8221; space=&#8221; custom_margin=&#8221; margin=&#8217;0px&#8217; padding=&#8217;0px&#8217; border=&#8221; border_color=&#8221; radius=&#8217;0px&#8217; background_color=&#8221; src=&#8221; background_position=&#8217;top left&#8217; background_repeat=&#8217;no-repeat&#8217; animation=&#8221;]<br \/>\n[av_textblock size=&#8221; font_color=&#8221; color=&#8221;]<\/p>\n<p style=\"text-align: center;\"><strong><a href=\"https:\/\/youtu.be\/uFc0tWHdj60\" target=\"_blank\">Andlighet<\/a><\/strong><\/p>\n<p>[\/av_textblock]<br \/>\n[\/av_two_fifth]<\/p>\n<p>[av_two_fifth min_height=&#8221; vertical_alignment=&#8221; space=&#8221; custom_margin=&#8221; margin=&#8217;0px&#8217; padding=&#8217;0px&#8217; border=&#8221; border_color=&#8221; radius=&#8217;0px&#8217; background_color=&#8221; src=&#8221; background_position=&#8217;top left&#8217; background_repeat=&#8217;no-repeat&#8217; animation=&#8221;]<br \/>\n[av_textblock size=&#8221; font_color=&#8221; color=&#8221;]<\/p>\n<p style=\"text-align: center;\"><strong><a href=\"https:\/\/youtu.be\/5d4KCWhTf-g\" target=\"_blank\">Tid f\u00f6r m\u00e4nskliga m\u00f6ten<\/a><\/strong><\/p>\n<p>[\/av_textblock]<br \/>\n[\/av_two_fifth]<\/p>\n<p>[av_two_fifth first min_height=&#8221; vertical_alignment=&#8221; space=&#8221; custom_margin=&#8221; margin=&#8217;0px&#8217; padding=&#8217;0px&#8217; border=&#8221; border_color=&#8221; radius=&#8217;0px&#8217; background_color=&#8221; src=&#8221; background_position=&#8217;top left&#8217; background_repeat=&#8217;no-repeat&#8217; animation=&#8221;]<br \/>\n[av_image src=&#8217;https:\/\/stiftsgardenrattvik.se\/wp-content\/uploads\/2017\/01\/Andlighet.png&#8217; attachment=&#8217;6075&#8242; attachment_size=&#8217;full&#8217; align=&#8217;center&#8217; styling=&#8221; hover=&#8221; link=&#8221; target=&#8221; caption=&#8221; font_size=&#8221; appearance=&#8221; overlay_opacity=&#8217;0.4&#8242; overlay_color=&#8217;#000000&#8242; overlay_text_color=&#8217;#ffffff&#8217; animation=&#8217;no-animation&#8217;][\/av_image]<br \/>\n[\/av_two_fifth]<\/p>\n<p>[av_two_fifth min_height=&#8221; vertical_alignment=&#8221; space=&#8221; custom_margin=&#8221; margin=&#8217;0px&#8217; padding=&#8217;0px&#8217; border=&#8221; border_color=&#8221; radius=&#8217;0px&#8217; background_color=&#8221; src=&#8221; background_position=&#8217;top left&#8217; background_repeat=&#8217;no-repeat&#8217; animation=&#8221;]<br \/>\n[av_image src=&#8217;https:\/\/stiftsgardenrattvik.se\/wp-content\/uploads\/2017\/01\/Tid-f\u00f6r-m\u00e4nskliga-m\u00f6ten.png&#8217; attachment=&#8217;6074&#8242; attachment_size=&#8217;full&#8217; align=&#8217;center&#8217; styling=&#8221; hover=&#8221; link=&#8221; target=&#8221; caption=&#8221; font_size=&#8221; appearance=&#8221; overlay_opacity=&#8217;0.4&#8242; overlay_color=&#8217;#000000&#8242; overlay_text_color=&#8217;#ffffff&#8217; animation=&#8217;no-animation&#8217;][\/av_image]<br \/>\n[\/av_two_fifth]<\/p>\n","protected":false},"excerpt":{"rendered":"<p>[av_one_full first min_height=&#8221; vertical_alignment=&#8221; space=&#8221; custom_margin=&#8221; margin=&#8217;0px&#8217; padding=&#8217;0px&#8217; border=&#8221; border_color=&#8221; radius=&#8217;0px&#8217; background_color=&#8221; src=&#8221; background_position=&#8217;top left&#8217; background_repeat=&#8217;no-repeat&#8217; animation=&#8221;] [av_image src=&#8217;https:\/\/stiftsgardenrattvik.se\/wp-content\/uploads\/2016\/04\/Landm\u00e4rken-m\u00f6ten.jpg&#8217; attachment=&#8217;5999&#8242; attachment_size=&#8217;full&#8217; align=&#8217;center&#8217; styling=&#8221; hover=&#8221; link=&#8221; target=&#8221; caption=&#8221; font_size=&#8221; appearance=&#8221; overlay_opacity=&#8217;0.4&#8242; overlay_color=&#8217;#000000&#8242; overlay_text_color=&#8217;#ffffff&#8217; animation=&#8217;no-animation&#8217;][\/av_image] [\/av_one_full] [av_one_full first min_height=&#8221; vertical_alignment=&#8221; space=&#8221; custom_margin=&#8221; margin=&#8217;0px&#8217; padding=&#8217;0px&#8217; border=&#8221; border_color=&#8221; radius=&#8217;0px&#8217; background_color=&#8221; src=&#8221; background_position=&#8217;top left&#8217; background_repeat=&#8217;no-repeat&#8217; animation=&#8221;] [av_textblock size=&#8221; font_color=&#8221; color=&#8221;] [&hellip;]<\/p>\n","protected":false},"author":1,"featured_media":0,"parent":0,"menu_order":0,"comment_status":"closed","ping_status":"closed","template":"","meta":{"footnotes":""},"class_list":["post-6014","page","type-page","status-publish","hentry"],"_links":{"self":[{"href":"https:\/\/www1.stiftsgardenrattvik.se\/index.php?rest_route=\/wp\/v2\/pages\/6014","targetHints":{"allow":["GET"]}}],"collection":[{"href":"https:\/\/www1.stiftsgardenrattvik.se\/index.php?rest_route=\/wp\/v2\/pages"}],"about":[{"href":"https:\/\/www1.stiftsgardenrattvik.se\/index.php?rest_route=\/wp\/v2\/types\/page"}],"author":[{"embeddable":true,"href":"https:\/\/www1.stiftsgardenrattvik.se\/index.php?rest_route=\/wp\/v2\/users\/1"}],"replies":[{"embeddable":true,"href":"https:\/\/www1.stiftsgardenrattvik.se\/index.php?rest_route=%2Fwp%2Fv2%2Fcomments&post=6014"}],"version-history":[{"count":16,"href":"https:\/\/www1.stiftsgardenrattvik.se\/index.php?rest_route=\/wp\/v2\/pages\/6014\/revisions"}],"predecessor-version":[{"id":6162,"href":"https:\/\/www1.stiftsgardenrattvik.se\/index.php?rest_route=\/wp\/v2\/pages\/6014\/revisions\/6162"}],"wp:attachment":[{"href":"https:\/\/www1.stiftsgardenrattvik.se\/index.php?rest_route=%2Fwp%2Fv2%2Fmedia&parent=6014"}],"curies":[{"name":"wp","href":"https:\/\/api.w.org\/{rel}","templated":true}]}}